{"id":88,"date":"2024-11-21T13:41:54","date_gmt":"2024-11-21T05:41:54","guid":{"rendered":"https:\/\/pingheng.globaldeepsea.site\/?post_type=product&#038;p=88"},"modified":"2024-11-21T13:43:26","modified_gmt":"2024-11-21T05:43:26","slug":"stainless-steel-chamber-body-produced-by-precision-casting","status":"publish","type":"product","link":"https:\/\/www.thecasting-factory.com\/vi\/product\/stainless-steel-chamber-body-produced-by-precision-casting\/","title":{"rendered":"Th\u00e2n m\u00e1y b\u1eb1ng th\u00e9p kh\u00f4ng g\u1ec9 \u0111\u01b0\u1ee3c s\u1ea3n xu\u1ea5t b\u1edfi vi\u1ec7c \u0111\u00fac ch\u00ednh x\u00e1c"},"content":{"rendered":"<h3><strong>M\u00f4 t\u1ea3 s\u1ea3n ph\u1ea9m<\/strong><\/h3>\n<p>This is a part used in the automobile exhaust system-EGR cooler, the name is called outlet chamber.<\/p>\n<p>It is made of stainless steel 304 material, which has the advantages of high temperature resistance, corrosion resistance, etc. It is widely used in the field of precision casting parts for automobiles, food machinery, valve bodies, pumps and other precision casting parts.<\/p>\n<h3><strong>T\u00ednh n\u0103ng s\u1ea3n ph\u1ea9m<\/strong><\/h3>\n<p>1.Thin-walled, complex structure, easy to produce deformation in the casting process<br \/>\n2.Products with sealing requirements, for casting defects in the control of higher requirements<br \/>\n3.The processing surface (external sealing surface, mounting holes, cooler welding surface) between the existence of high positional requirements, so for the development of high requirements for the development of processing tooling<br \/>\nIn the early development process, from time to time, the processing size is not allowed, the position of the eccentricity is serious, we through the increase of blank shaping, auxiliary inspection fixtures, processing and adjustment of tooling, and ultimately, on schedule to complete the development of the customer&#8217;s requirements of each development node;<br \/>\nS\u1ea3n ph\u1ea9m \u0111\u01b0\u1ee3c ph\u00e1t tri\u1ec3n v\u00e0o gi\u1eefa n\u0103m 2020 v\u00e0 s\u1ea3n xu\u1ea5t h\u00e0ng lo\u1ea1t \u0111\u00e3 \u0111\u01b0\u1ee3c th\u1ef1c hi\u1ec7n v\u00e0o n\u0103m 2021, v\u00e0 hi\u1ec7n \u0111ang \u1edf trong t\u00ecnh tr\u1ea1ng cung c\u1ea5p \u1ed5n \u0111\u1ecbnh, v\u1edbi ngu\u1ed3n cung h\u00e0ng n\u0103m l\u00e0 100.000 m\u1ea3nh;<br \/>\nOur company has a strong technical development team, with the ability to develop a variety of shaped parts in the field of precision casting, and provide integrated services from casting to machining; excellence, to provide customers with efficient, high-quality products and services has always been our adhering to the concept.<\/p>\n<h3><strong>PRODUCT DISPLAYS<\/strong><\/h3>\n<p><img fetchpriority=\"high\" decoding=\"async\" class=\"alignnone wp-image-90\" src=\"https:\/\/pingheng.globaldeepsea.site\/wp-content\/uploads\/2024\/11\/Stainless-steel-chamber-body-produced-by-precision-casting1-300x225.webp\" alt=\"\" width=\"300\" height=\"225\" srcset=\"https:\/\/www.thecasting-factory.com\/wp-content\/uploads\/2024\/11\/Stainless-steel-chamber-body-produced-by-precision-casting1-300x225.webp 300w, https:\/\/www.thecasting-factory.com\/wp-content\/uploads\/2024\/11\/Stainless-steel-chamber-body-produced-by-precision-casting1.webp 600w\" sizes=\"(max-width: 300px) 100vw, 300px\" \/>\u00a0<img decoding=\"async\" class=\"alignnone size-medium wp-image-91\" src=\"https:\/\/pingheng.globaldeepsea.site\/wp-content\/uploads\/2024\/11\/Stainless-steel-chamber-body-produced-by-precision-casting2-300x225.webp\" alt=\"\" width=\"300\" height=\"225\" srcset=\"https:\/\/www.thecasting-factory.com\/wp-content\/uploads\/2024\/11\/Stainless-steel-chamber-body-produced-by-precision-casting2-300x225.webp 300w, https:\/\/www.thecasting-factory.com\/wp-content\/uploads\/2024\/11\/Stainless-steel-chamber-body-produced-by-precision-casting2-1024x768.webp 1024w, https:\/\/www.thecasting-factory.com\/wp-content\/uploads\/2024\/11\/Stainless-steel-chamber-body-produced-by-precision-casting2-768x576.webp 768w, https:\/\/www.thecasting-factory.com\/wp-content\/uploads\/2024\/11\/Stainless-steel-chamber-body-produced-by-precision-casting2-1536x1152.webp 1536w, https:\/\/www.thecasting-factory.com\/wp-content\/uploads\/2024\/11\/Stainless-steel-chamber-body-produced-by-precision-casting2-600x450.webp 600w, https:\/\/www.thecasting-factory.com\/wp-content\/uploads\/2024\/11\/Stainless-steel-chamber-body-produced-by-precision-casting2.webp 1706w\" sizes=\"(max-width: 300px) 100vw, 300px\" \/><img decoding=\"async\" class=\"alignnone size-medium wp-image-92\" src=\"https:\/\/pingheng.globaldeepsea.site\/wp-content\/uploads\/2024\/11\/Stainless-steel-chamber-body-produced-by-precision-casting3-300x225.webp\" alt=\"\" width=\"300\" height=\"225\" srcset=\"https:\/\/www.thecasting-factory.com\/wp-content\/uploads\/2024\/11\/Stainless-steel-chamber-body-produced-by-precision-casting3-300x225.webp 300w, https:\/\/www.thecasting-factory.com\/wp-content\/uploads\/2024\/11\/Stainless-steel-chamber-body-produced-by-precision-casting3-1024x768.webp 1024w, https:\/\/www.thecasting-factory.com\/wp-content\/uploads\/2024\/11\/Stainless-steel-chamber-body-produced-by-precision-casting3-768x576.webp 768w, https:\/\/www.thecasting-factory.com\/wp-content\/uploads\/2024\/11\/Stainless-steel-chamber-body-produced-by-precision-casting3-1536x1152.webp 1536w, https:\/\/www.thecasting-factory.com\/wp-content\/uploads\/2024\/11\/Stainless-steel-chamber-body-produced-by-precision-casting3-600x450.webp 600w, https:\/\/www.thecasting-factory.com\/wp-content\/uploads\/2024\/11\/Stainless-steel-chamber-body-produced-by-precision-casting3.webp 1706w\" sizes=\"(max-width: 300px) 100vw, 300px\" \/><img loading=\"lazy\" decoding=\"async\" class=\"alignnone size-medium wp-image-93\" src=\"https:\/\/pingheng.globaldeepsea.site\/wp-content\/uploads\/2024\/11\/Stainless-steel-chamber-body-produced-by-precision-casting4-300x225.webp\" alt=\"\" width=\"300\" height=\"225\" srcset=\"https:\/\/www.thecasting-factory.com\/wp-content\/uploads\/2024\/11\/Stainless-steel-chamber-body-produced-by-precision-casting4-300x225.webp 300w, https:\/\/www.thecasting-factory.com\/wp-content\/uploads\/2024\/11\/Stainless-steel-chamber-body-produced-by-precision-casting4-1024x768.webp 1024w, https:\/\/www.thecasting-factory.com\/wp-content\/uploads\/2024\/11\/Stainless-steel-chamber-body-produced-by-precision-casting4-768x576.webp 768w, https:\/\/www.thecasting-factory.com\/wp-content\/uploads\/2024\/11\/Stainless-steel-chamber-body-produced-by-precision-casting4-1536x1152.webp 1536w, https:\/\/www.thecasting-factory.com\/wp-content\/uploads\/2024\/11\/Stainless-steel-chamber-body-produced-by-precision-casting4-600x450.webp 600w, https:\/\/www.thecasting-factory.com\/wp-content\/uploads\/2024\/11\/Stainless-steel-chamber-body-produced-by-precision-casting4.webp 1706w\" sizes=\"(max-width: 300px) 100vw, 300px\" \/><\/p>","protected":false},"excerpt":{"rendered":"<p>\u0110\u00e2y l\u00e0 m\u1ed9t ph\u1ea7n \u0111\u01b0\u1ee3c s\u1eed d\u1ee5ng trong h\u1ec7 th\u1ed1ng x\u1eed l\u00fd kh\u00ed th\u1ea3i \u00f4 t\u00f4, m\u00e1y l\u00e0m m\u00e1t EGR.<\/p>\n<p><strong>\u0110\u1eb7c \u0111i\u1ec3m k\u1ef9 thu\u1eadt c\u1ee7a ph\u1ea7n l\u00e0 LXWXH:<\/strong>132mmx55mmx85mm, wall thickness:2.5mm, weight:351g.<\/p>\n<p><strong>V\u1eadt li\u1ec7u:<\/strong>Th\u00e9p kh\u00f4ng g\u1ec9 304.<\/p>\n<p><strong>Y\u00eau c\u1ea7u ki\u1ec3m tra s\u1ea3n ph\u1ea9m:<\/strong> Th\u1eed nghi\u1ec7m kh\u00f4ng kh\u00ed, kh\u00f4ng kh\u00ed n\u00e9n 500kPa, gi\u1eef \u00e1p su\u1ea5t cho 1 ph\u00fat, kh\u00f4ng r\u00f2 r\u1ec9.<\/p>","protected":false},"featured_media":89,"template":"","meta":[],"product_cat":[17],"product_tag":[48,58,46,28,27,55,59,60],"class_list":{"0":"post-88","1":"product","2":"type-product","3":"status-publish","4":"has-post-thumbnail","6":"product_cat-stainless-steel","7":"product_tag-304-stainless-steel-precision-castings","8":"product_tag-customized-stainless-steel-precision-castings","9":"product_tag-egr-stainless-steel-castings","10":"product_tag-investment-casting","11":"product_tag-precision-casting","12":"product_tag-precision-casting-factory","13":"product_tag-stainless-steel-casting-blanks","14":"product_tag-stainless-steel-casting-with-machined-finished-product","16":"first","17":"instock","18":"shipping-taxable","19":"product-type-simple"},"_links":{"self":[{"href":"https:\/\/www.thecasting-factory.com\/vi\/wp-json\/wp\/v2\/product\/88","targetHints":{"allow":["GET"]}}],"collection":[{"href":"https:\/\/www.thecasting-factory.com\/vi\/wp-json\/wp\/v2\/product"}],"about":[{"href":"https:\/\/www.thecasting-factory.com\/vi\/wp-json\/wp\/v2\/types\/product"}],"version-history":[{"count":1,"href":"https:\/\/www.thecasting-factory.com\/vi\/wp-json\/wp\/v2\/product\/88\/revisions"}],"predecessor-version":[{"id":94,"href":"https:\/\/www.thecasting-factory.com\/vi\/wp-json\/wp\/v2\/product\/88\/revisions\/94"}],"wp:featuredmedia":[{"embeddable":true,"href":"https:\/\/www.thecasting-factory.com\/vi\/wp-json\/wp\/v2\/media\/89"}],"wp:attachment":[{"href":"https:\/\/www.thecasting-factory.com\/vi\/wp-json\/wp\/v2\/media?parent=88"}],"wp:term":[{"taxonomy":"product_cat","embeddable":true,"href":"https:\/\/www.thecasting-factory.com\/vi\/wp-json\/wp\/v2\/product_cat?post=88"},{"taxonomy":"product_tag","embeddable":true,"href":"https:\/\/www.thecasting-factory.com\/vi\/wp-json\/wp\/v2\/product_tag?post=88"}],"curies":[{"name":"wp","href":"https:\/\/api.w.org\/{rel}","templated":true}]}}