{"id":83,"date":"2024-11-21T13:35:53","date_gmt":"2024-11-21T05:35:53","guid":{"rendered":"https:\/\/pingheng.globaldeepsea.site\/?post_type=product&#038;p=83"},"modified":"2024-11-21T13:35:53","modified_gmt":"2024-11-21T05:35:53","slug":"egr-outlet-chamber-stainless-steel-precision-castings","status":"publish","type":"product","link":"https:\/\/www.thecasting-factory.com\/vi\/product\/egr-outlet-chamber-stainless-steel-precision-castings\/","title":{"rendered":"Ph\u00f2ng Outlet EGR - \u0110\u00f3ng g\u1ec9 ch\u00ednh x\u00e1c b\u1eb1ng th\u00e9p kh\u00f4ng g\u1ec9"},"content":{"rendered":"<h3><strong>M\u00f4 t\u1ea3 s\u1ea3n ph\u1ea9m<\/strong><\/h3>\n<p>This is a part used in China&#8217;s well-known car companies, automobile exhaust system &#8211; EGR cooler in the parts, the name is called the outlet chamber.<br \/>\nThe material used to make it is stainless steel 304, which has benefits like high temperature resistance and corrosion resistance. It finds extensive application in the precision casting industry for valve bodies, pumps, food machinery, cars, and other precision casting components.<\/p>\n<h3><strong>T\u00ednh n\u0103ng s\u1ea3n ph\u1ea9m<\/strong><\/h3>\n<p>1. thin-walled, intricate construction that is prone to distortion during casting<br \/>\n2. Goods that must be sealed in order to prevent casting flaws from exceeding specifications<br \/>\n3.the processing surface (external sealing surface, mounting holes, cooler welding surface) between the existence of high positional requirements, so the development of high requirements for the development of processing equipment<br \/>\nBecause the product wall is thin and long, resulting in casting out of the blank deformation is serious, which in turn affects the processing of the qualification rate, resulting in the development of the early stage of exceptionally difficult, through the efforts of our team, we finally overcame these difficulties, as scheduled to complete the development of the customer&#8217;s requirements of the node;<br \/>\nThe product was developed in 2022, and mass production was realized at the end of 2023, and is currently in a stable supply state, with an annual supply of 150,000 pieces;<br \/>\nOur company has a strong technical development team, with the ability to develop a variety of shaped parts in the field of precision casting, striving for excellence, to provide customers with efficient, high-quality products and services has been our adhering to the concept.<\/p>\n<h3><strong>PRODUCT DISPLATYS<\/strong><\/h3>\n<p><img fetchpriority=\"high\" decoding=\"async\" class=\"alignnone wp-image-84\" src=\"https:\/\/pingheng.globaldeepsea.site\/wp-content\/uploads\/2024\/11\/EGR-outlet-chamber-Stainless-steel-precision-castings-300x300.webp\" alt=\"\" width=\"225\" height=\"225\" srcset=\"https:\/\/www.thecasting-factory.com\/wp-content\/uploads\/2024\/11\/EGR-outlet-chamber-Stainless-steel-precision-castings-300x300.webp 300w, https:\/\/www.thecasting-factory.com\/wp-content\/uploads\/2024\/11\/EGR-outlet-chamber-Stainless-steel-precision-castings-150x150.webp 150w, https:\/\/www.thecasting-factory.com\/wp-content\/uploads\/2024\/11\/EGR-outlet-chamber-Stainless-steel-precision-castings-768x768.webp 768w, https:\/\/www.thecasting-factory.com\/wp-content\/uploads\/2024\/11\/EGR-outlet-chamber-Stainless-steel-precision-castings-600x600.webp 600w, https:\/\/www.thecasting-factory.com\/wp-content\/uploads\/2024\/11\/EGR-outlet-chamber-Stainless-steel-precision-castings-100x100.webp 100w, https:\/\/www.thecasting-factory.com\/wp-content\/uploads\/2024\/11\/EGR-outlet-chamber-Stainless-steel-precision-castings.webp 1000w\" sizes=\"(max-width: 225px) 100vw, 225px\" \/><img decoding=\"async\" class=\"alignnone wp-image-85\" src=\"https:\/\/pingheng.globaldeepsea.site\/wp-content\/uploads\/2024\/11\/EGR-outlet-chamber-Stainless-steel-precision-castings1-300x300.webp\" alt=\"\" width=\"225\" height=\"225\" srcset=\"https:\/\/www.thecasting-factory.com\/wp-content\/uploads\/2024\/11\/EGR-outlet-chamber-Stainless-steel-precision-castings1-300x300.webp 300w, https:\/\/www.thecasting-factory.com\/wp-content\/uploads\/2024\/11\/EGR-outlet-chamber-Stainless-steel-precision-castings1-150x150.webp 150w, https:\/\/www.thecasting-factory.com\/wp-content\/uploads\/2024\/11\/EGR-outlet-chamber-Stainless-steel-precision-castings1-100x100.webp 100w, https:\/\/www.thecasting-factory.com\/wp-content\/uploads\/2024\/11\/EGR-outlet-chamber-Stainless-steel-precision-castings1.webp 600w\" sizes=\"(max-width: 225px) 100vw, 225px\" \/><img decoding=\"async\" class=\"alignnone wp-image-86\" src=\"https:\/\/pingheng.globaldeepsea.site\/wp-content\/uploads\/2024\/11\/EGR-outlet-chamber-Stainless-steel-precision-castings2-300x300.webp\" alt=\"\" width=\"225\" height=\"225\" srcset=\"https:\/\/www.thecasting-factory.com\/wp-content\/uploads\/2024\/11\/EGR-outlet-chamber-Stainless-steel-precision-castings2-300x300.webp 300w, https:\/\/www.thecasting-factory.com\/wp-content\/uploads\/2024\/11\/EGR-outlet-chamber-Stainless-steel-precision-castings2-150x150.webp 150w, https:\/\/www.thecasting-factory.com\/wp-content\/uploads\/2024\/11\/EGR-outlet-chamber-Stainless-steel-precision-castings2-100x100.webp 100w, https:\/\/www.thecasting-factory.com\/wp-content\/uploads\/2024\/11\/EGR-outlet-chamber-Stainless-steel-precision-castings2.webp 600w\" sizes=\"(max-width: 225px) 100vw, 225px\" \/><img loading=\"lazy\" decoding=\"async\" class=\"alignnone wp-image-87\" src=\"https:\/\/pingheng.globaldeepsea.site\/wp-content\/uploads\/2024\/11\/EGR-outlet-chamber-Stainless-steel-precision-castings3-300x300.webp\" alt=\"\" width=\"200\" height=\"200\" srcset=\"https:\/\/www.thecasting-factory.com\/wp-content\/uploads\/2024\/11\/EGR-outlet-chamber-Stainless-steel-precision-castings3-300x300.webp 300w, https:\/\/www.thecasting-factory.com\/wp-content\/uploads\/2024\/11\/EGR-outlet-chamber-Stainless-steel-precision-castings3-150x150.webp 150w, https:\/\/www.thecasting-factory.com\/wp-content\/uploads\/2024\/11\/EGR-outlet-chamber-Stainless-steel-precision-castings3-100x100.webp 100w, https:\/\/www.thecasting-factory.com\/wp-content\/uploads\/2024\/11\/EGR-outlet-chamber-Stainless-steel-precision-castings3.webp 600w\" sizes=\"(max-width: 200px) 100vw, 200px\" \/><\/p>","protected":false},"excerpt":{"rendered":"<p>\u0110\u00e2y l\u00e0 m\u1ed9t ph\u1ea7n \u0111\u01b0\u1ee3c s\u1eed d\u1ee5ng trong h\u1ec7 th\u1ed1ng x\u1eed l\u00fd kh\u00ed th\u1ea3i \u00f4 t\u00f4, m\u00e1y l\u00e0m m\u00e1t EGR.<\/p>\n<p><strong>\u0110\u1eb7c \u0111i\u1ec3m k\u1ef9 thu\u1eadt c\u1ee7a ph\u1ea7n l\u00e0 LXWXH:<\/strong>58mmx34mmx120mm, wall thickness:2.5mm, weight:\uff1a452g.<\/p>\n<p><strong>V\u1eadt li\u1ec7u:<\/strong>Th\u00e9p kh\u00f4ng g\u1ec9 304.<\/p>\n<p><strong>Y\u00eau c\u1ea7u ki\u1ec3m tra s\u1ea3n ph\u1ea9m:<\/strong> Th\u1eed nghi\u1ec7m kh\u00f4ng kh\u00ed, kh\u00f4ng kh\u00ed n\u00e9n 500kPa, gi\u1eef \u00e1p su\u1ea5t cho 1 ph\u00fat, kh\u00f4ng r\u00f2 r\u1ec9.<\/p>","protected":false},"featured_media":84,"template":"","meta":[],"product_cat":[17],"product_tag":[48,58,46,28,27,55,59,60],"class_list":{"0":"post-83","1":"product","2":"type-product","3":"status-publish","4":"has-post-thumbnail","6":"product_cat-stainless-steel","7":"product_tag-304-stainless-steel-precision-castings","8":"product_tag-customized-stainless-steel-precision-castings","9":"product_tag-egr-stainless-steel-castings","10":"product_tag-investment-casting","11":"product_tag-precision-casting","12":"product_tag-precision-casting-factory","13":"product_tag-stainless-steel-casting-blanks","14":"product_tag-stainless-steel-casting-with-machined-finished-product","16":"first","17":"instock","18":"shipping-taxable","19":"product-type-simple"},"_links":{"self":[{"href":"https:\/\/www.thecasting-factory.com\/vi\/wp-json\/wp\/v2\/product\/83","targetHints":{"allow":["GET"]}}],"collection":[{"href":"https:\/\/www.thecasting-factory.com\/vi\/wp-json\/wp\/v2\/product"}],"about":[{"href":"https:\/\/www.thecasting-factory.com\/vi\/wp-json\/wp\/v2\/types\/product"}],"version-history":[{"count":0,"href":"https:\/\/www.thecasting-factory.com\/vi\/wp-json\/wp\/v2\/product\/83\/revisions"}],"wp:featuredmedia":[{"embeddable":true,"href":"https:\/\/www.thecasting-factory.com\/vi\/wp-json\/wp\/v2\/media\/84"}],"wp:attachment":[{"href":"https:\/\/www.thecasting-factory.com\/vi\/wp-json\/wp\/v2\/media?parent=83"}],"wp:term":[{"taxonomy":"product_cat","embeddable":true,"href":"https:\/\/www.thecasting-factory.com\/vi\/wp-json\/wp\/v2\/product_cat?post=83"},{"taxonomy":"product_tag","embeddable":true,"href":"https:\/\/www.thecasting-factory.com\/vi\/wp-json\/wp\/v2\/product_tag?post=83"}],"curies":[{"name":"wp","href":"https:\/\/api.w.org\/{rel}","templated":true}]}}