{"id":47,"date":"2024-11-21T11:31:59","date_gmt":"2024-11-21T03:31:59","guid":{"rendered":"https:\/\/pingheng.globaldeepsea.site\/?post_type=product&#038;p=47"},"modified":"2024-11-21T11:32:38","modified_gmt":"2024-11-21T03:32:38","slug":"egr-gas-chamber-stainless-steel-precision-casting","status":"publish","type":"product","link":"https:\/\/www.thecasting-factory.com\/vi\/product\/egr-gas-chamber-stainless-steel-precision-casting\/","title":{"rendered":"Agr gas bu\u1ed3ng kh\u00f4ng ng\u1eaft b\u1eb1ng th\u00e9p kh\u00f4ng ch\u00ednh x\u00e1c"},"content":{"rendered":"<h3><strong>M\u00f4 t\u1ea3 s\u1ea3n ph\u1ea9m<\/strong><\/h3>\n<p>This is a part used in China&#8217;s famous diesel engine factory, the engine exhaust system &#8211; EGR cooler in the parts, the name is called gas chamber.<br \/>\nIt is made of stainless steel 304 material, which has the advantages of high temperature resistance, corrosion resistance, etc. It is widely used in the field of precision casting parts for automobiles, food machinery, valve bodies, pumps and other precision casting parts;<\/p>\n<h3><strong>T\u00ednh n\u0103ng s\u1ea3n ph\u1ea9m<\/strong><\/h3>\n<p>1, thin-walled, complex structure, easy to produce deformation in the casting process<br \/>\n2, the product has a sealing requirement, for casting defects in the control of higher requirements<br \/>\n3, there are high positional requirements between the processing surface, especially the EGR valve mounting surface is very high precision, so the development of high requirements for the development of processing equipment<br \/>\nThe structure of the product is called complex, and then the pre-development, the sealing test does not pass, resulting in a high rate of scrap, through the efforts of our team, and finally overcome the casting defects, reduce the leakage rate and achieve mass production;<\/p>\n<h3><strong>PRODUCT HISTORY<\/strong><\/h3>\n<p>This product is our mature products, mass production began in 2017, currently in a stable supply state, annual supply in 2W +;<br \/>\nOur company has a strong technology development team, with the ability to develop a variety of shaped parts in the field of precision casting, and provide integrated services from blank to machining; strive for excellence, to provide customers with efficient, high-quality products and services has always been our adhering to the concept.<\/p>","protected":false},"excerpt":{"rendered":"<p>This is a part used in automobile exhaust gas treatment system,EGR cooler.<\/p>\n<p><strong>\u0110\u1eb7c \u0111i\u1ec3m k\u1ef9 thu\u1eadt c\u1ee7a ph\u1ea7n l\u00e0 LXWXH:<\/strong>60mmx60mmx100mm, wall thickness:2.5mm, weight:0.72Kg;<\/p>\n<p><strong>V\u1eadt li\u1ec7u:<\/strong>stainless steel 304<\/p>\n<p><strong>Y\u00eau c\u1ea7u ki\u1ec3m tra s\u1ea3n ph\u1ea9m:<\/strong> air tightness test, pass 500kPa compressed air, hold pressure for 1min, no leakage;<\/p>","protected":false},"featured_media":48,"template":"","meta":[],"product_cat":[17],"product_tag":[47,48,46,28,27,49],"class_list":{"0":"post-47","1":"product","2":"type-product","3":"status-publish","4":"has-post-thumbnail","6":"product_cat-stainless-steel","7":"product_tag-304-stainless-steel-castings","8":"product_tag-304-stainless-steel-precision-castings","9":"product_tag-egr-stainless-steel-castings","10":"product_tag-investment-casting","11":"product_tag-precision-casting","12":"product_tag-silica-sol-process-castings","14":"first","15":"instock","16":"shipping-taxable","17":"product-type-simple"},"_links":{"self":[{"href":"https:\/\/www.thecasting-factory.com\/vi\/wp-json\/wp\/v2\/product\/47","targetHints":{"allow":["GET"]}}],"collection":[{"href":"https:\/\/www.thecasting-factory.com\/vi\/wp-json\/wp\/v2\/product"}],"about":[{"href":"https:\/\/www.thecasting-factory.com\/vi\/wp-json\/wp\/v2\/types\/product"}],"version-history":[{"count":0,"href":"https:\/\/www.thecasting-factory.com\/vi\/wp-json\/wp\/v2\/product\/47\/revisions"}],"wp:featuredmedia":[{"embeddable":true,"href":"https:\/\/www.thecasting-factory.com\/vi\/wp-json\/wp\/v2\/media\/48"}],"wp:attachment":[{"href":"https:\/\/www.thecasting-factory.com\/vi\/wp-json\/wp\/v2\/media?parent=47"}],"wp:term":[{"taxonomy":"product_cat","embeddable":true,"href":"https:\/\/www.thecasting-factory.com\/vi\/wp-json\/wp\/v2\/product_cat?post=47"},{"taxonomy":"product_tag","embeddable":true,"href":"https:\/\/www.thecasting-factory.com\/vi\/wp-json\/wp\/v2\/product_tag?post=47"}],"curies":[{"name":"wp","href":"https:\/\/api.w.org\/{rel}","templated":true}]}}