{"id":41,"date":"2024-11-21T11:18:38","date_gmt":"2024-11-21T03:18:38","guid":{"rendered":"https:\/\/pingheng.globaldeepsea.site\/?post_type=product&#038;p=41"},"modified":"2024-11-21T11:18:38","modified_gmt":"2024-11-21T03:18:38","slug":"pull-ring-brass-precision-casting","status":"publish","type":"product","link":"https:\/\/www.thecasting-factory.com\/vi\/product\/pull-ring-brass-precision-casting\/","title":{"rendered":"Pull ring-Brass precision casting"},"content":{"rendered":"<h3><strong>M\u00f4 t\u1ea3 s\u1ea3n ph\u1ea9m<\/strong><\/h3>\n<p>This is an electrical accessory, the name is pull ring.<br \/>\nSilicon Bronze is a kind of copper with good mechanical properties, corrosion resistance, processing performance, so it is widely used in the machinery manufacturing industry, shipbuilding industry, power industry, construction industry.<br \/>\nCopper precision casting process difficulties:<br \/>\nMelting temperature control: the melting point of copper is high, need to strictly control the melting temperature, to avoid overheating or overcooling resulting in a decline in material properties.<br \/>\nLiquid metal fluidity: copper in the liquid state of the liquid state of the fluidity is better, but also easy to lead to uneven flow of liquid metal in the mould, the need to ensure that the material is fully filled with details of the mould through the design of a reasonable pouring system and pressure to ensure that the details of the mould.<br \/>\nOxidation problem: Copper is susceptible to oxidation, it is necessary to reduce the impact of oxidation on the quality of castings through a reasonable design of the pouring system as well as the control of the pouring temperature and pouring speed.<\/p>\n<h3>\n<strong>DEVELOPMENT HISTORY<\/strong><\/h3>\n<p>The product in the trial sample stage, from time to time casting cracks, resulting in a low pass rate; our technical team through many rounds of trial sample verification, and finally solved the problem, and finally meet the conditions of mass production.<br \/>\nThis product is a mature product of our company, and has been in stable batch supply since mass production started in 2017;<br \/>\nC\u00f4ng ty ch\u00fang t\u00f4i c\u00f3 m\u1ed9t nh\u00f3m ph\u00e1t tri\u1ec3n k\u1ef9 thu\u1eadt m\u1ea1nh m\u1ebd, v\u1edbi kh\u1ea3 n\u0103ng ph\u00e1t tri\u1ec3n nhi\u1ec1u b\u1ed9 ph\u1eadn c\u00f3 h\u00ecnh d\u1ea1ng trong l\u0129nh v\u1ef1c \u0111\u00fac ch\u00ednh x\u00e1c, ph\u1ea5n \u0111\u1ea5u cho s\u1ef1 xu\u1ea5t s\u1eafc, \u0111\u1ec3 cung c\u1ea5p cho kh\u00e1ch h\u00e0ng c\u00e1c s\u1ea3n ph\u1ea9m v\u00e0 d\u1ecbch v\u1ee5 ch\u1ea5t l\u01b0\u1ee3ng cao, hi\u1ec7u qu\u1ea3 lu\u00f4n lu\u00f4n tu\u00e2n th\u1ee7 kh\u00e1i ni\u1ec7m n\u00e0y.<\/p>","protected":false},"excerpt":{"rendered":"<p>This is a power electrical fitting<\/p>\n<p><strong>Specification of the part LxWxH:<\/strong>79mmx96mmx18mm, wall thickness:10mm, weight:240g.<\/p>\n<p><strong>V\u1eadt li\u1ec7u:<\/strong> Silicon Bronze<\/p>","protected":false},"featured_media":42,"template":"","meta":[],"product_cat":[16],"product_tag":[32,30,29,28,39,27,44,45],"class_list":{"0":"post-41","1":"product","2":"type-product","3":"status-publish","4":"has-post-thumbnail","6":"product_cat-copper-alloy","7":"product_tag-copper-alloy-investment-castings","8":"product_tag-copper-alloy-precision-castings","9":"product_tag-copper-castings","10":"product_tag-investment-casting","11":"product_tag-medium-temperature-wax-process-copper-castings","12":"product_tag-precision-casting","13":"product_tag-silicon-bronze-precision-castings","14":"product_tag-silicone-sol-process-copper-castingsgs","16":"first","17":"instock","18":"shipping-taxable","19":"product-type-simple"},"_links":{"self":[{"href":"https:\/\/www.thecasting-factory.com\/vi\/wp-json\/wp\/v2\/product\/41","targetHints":{"allow":["GET"]}}],"collection":[{"href":"https:\/\/www.thecasting-factory.com\/vi\/wp-json\/wp\/v2\/product"}],"about":[{"href":"https:\/\/www.thecasting-factory.com\/vi\/wp-json\/wp\/v2\/types\/product"}],"version-history":[{"count":0,"href":"https:\/\/www.thecasting-factory.com\/vi\/wp-json\/wp\/v2\/product\/41\/revisions"}],"wp:featuredmedia":[{"embeddable":true,"href":"https:\/\/www.thecasting-factory.com\/vi\/wp-json\/wp\/v2\/media\/42"}],"wp:attachment":[{"href":"https:\/\/www.thecasting-factory.com\/vi\/wp-json\/wp\/v2\/media?parent=41"}],"wp:term":[{"taxonomy":"product_cat","embeddable":true,"href":"https:\/\/www.thecasting-factory.com\/vi\/wp-json\/wp\/v2\/product_cat?post=41"},{"taxonomy":"product_tag","embeddable":true,"href":"https:\/\/www.thecasting-factory.com\/vi\/wp-json\/wp\/v2\/product_tag?post=41"}],"curies":[{"name":"wp","href":"https:\/\/api.w.org\/{rel}","templated":true}]}}