{"id":64,"date":"2024-11-21T13:12:04","date_gmt":"2024-11-21T05:12:04","guid":{"rendered":"https:\/\/pingheng.globaldeepsea.site\/?post_type=product&#038;p=64"},"modified":"2024-11-21T13:12:04","modified_gmt":"2024-11-21T05:12:04","slug":"heat-exchanger-water-tube-stainless-steel-investment-castings-2","status":"publish","type":"product","link":"https:\/\/www.thecasting-factory.com\/tr\/product\/heat-exchanger-water-tube-stainless-steel-investment-castings-2\/","title":{"rendered":"Is\u0131 E\u015fanj\u00f6r\u00fc Su T\u00fcp\u00fc - Paslanmaz \u00c7elik Yat\u0131r\u0131m D\u00f6k\u00fcmleri"},"content":{"rendered":"<h3><strong>\u00dcR\u00dcN A\u00c7IKLAMASI<\/strong><\/h3>\n<p>Bu, ticari ara\u00e7lar\u0131n \u0131s\u0131 de\u011fi\u015fim sisteminde kullan\u0131lan bir k\u0131s\u0131md\u0131r, ad\u0131 su borusudur.<br \/>\nY\u00fcksek s\u0131cakl\u0131k direnci, korozyon direnci vb. Avantajlar\u0131na sahip paslanmaz \u00e7elik 304 malzemeden yap\u0131lm\u0131\u015ft\u0131r. Otomobil, g\u0131da makineleri, valf g\u00f6vdesi ve pompa gibi hassas d\u00f6k\u00fcm par\u00e7alar\u0131 alan\u0131nda yayg\u0131n olarak kullan\u0131lmaktad\u0131r.<\/p>\n<h3><strong>\u00dcr\u00fcn \u00f6zellikleri<\/strong><\/h3>\n<p>1. duvarl\u0131, b\u00fcy\u00fck boyut ve balmumu kal\u0131plar\u0131 ve d\u00f6k\u00fcm \u00fcretimi i\u00e7in \u00e7ok y\u00f6nl\u00fc b\u00fck\u00fclmenin varl\u0131\u011f\u0131 daha y\u00fcksek gereksinimlere sahiptir<br \/>\n2. \u00dcr\u00fcn\u00fcn, y\u00fcksek gereksinimlerin kontrol\u00fcnde kusurlar\u0131 d\u00f6kmek i\u00e7in bir s\u0131zd\u0131rmazl\u0131k gereksinimleri vard\u0131r.<br \/>\n\u015eekil 2, \u015eekil 3, harici aray\u00fcz i\u00e7in s\u0131ras\u0131yla, \u015eekil 2 gibi, contay\u0131 sa\u011flamak i\u00e7in sert ba\u011flant\u0131n\u0131n boyutunu sa\u011flamak i\u00e7in i\u015fleme kullanma; \u015eekil 3 Kau\u00e7uk t\u00fcp\u00fcn ucuna ba\u011fl\u0131, b\u00f6ylece nispeten d\u00fc\u015f\u00fck gereksinimlerin boyutu<br \/>\n\u015eekil 4, b\u00f6ylece ba\u011flant\u0131 y\u00fczeyinin sonu i\u015flenmez, bu nedenle performans gereksinimlerini kar\u015f\u0131lamak i\u00e7in \u00fcr\u00fcn yuvarlakl\u0131\u011f\u0131n\u0131n sa\u011flamak i\u00e7in \u015fekillendirmeyi kullan\u0131r\u0131z.<br \/>\nBu \u00fcr\u00fcn \u015firketimizin olgun bir \u00fcr\u00fcn\u00fcd\u00fcr ve y\u0131llarca toplu olarak tedarik edilmi\u015ftir, \u015fu ana kadar y\u0131ll\u0131k miktar yakla\u015f\u0131k 20.000 adettir.<br \/>\n\u015eirketimiz, m\u00fc\u015fterilere verimli, y\u00fcksek kaliteli \u00fcr\u00fcnler ve hizmetler sunmak i\u00e7in hassas d\u00f6k\u00fcm, m\u00fckemmellik alan\u0131nda \u00e7e\u015fitli \u015fekilli par\u00e7alar geli\u015ftirme yetene\u011fine sahip g\u00fc\u00e7l\u00fc bir teknik geli\u015ftirme ekibine sahiptir.<\/p>\n<p><img fetchpriority=\"high\" decoding=\"async\" class=\"alignnone wp-image-66\" src=\"https:\/\/pingheng.globaldeepsea.site\/wp-content\/uploads\/2024\/11\/Heat-Exchanger-Water-Tube-Stainless-Steel-Investment-Castings1-1-300x300.webp\" alt=\"\" width=\"225\" height=\"225\" srcset=\"https:\/\/www.thecasting-factory.com\/wp-content\/uploads\/2024\/11\/Heat-Exchanger-Water-Tube-Stainless-Steel-Investment-Castings1-1-300x300.webp 300w, https:\/\/www.thecasting-factory.com\/wp-content\/uploads\/2024\/11\/Heat-Exchanger-Water-Tube-Stainless-Steel-Investment-Castings1-1-150x150.webp 150w, https:\/\/www.thecasting-factory.com\/wp-content\/uploads\/2024\/11\/Heat-Exchanger-Water-Tube-Stainless-Steel-Investment-Castings1-1-768x768.webp 768w, https:\/\/www.thecasting-factory.com\/wp-content\/uploads\/2024\/11\/Heat-Exchanger-Water-Tube-Stainless-Steel-Investment-Castings1-1-600x600.webp 600w, https:\/\/www.thecasting-factory.com\/wp-content\/uploads\/2024\/11\/Heat-Exchanger-Water-Tube-Stainless-Steel-Investment-Castings1-1-100x100.webp 100w, https:\/\/www.thecasting-factory.com\/wp-content\/uploads\/2024\/11\/Heat-Exchanger-Water-Tube-Stainless-Steel-Investment-Castings1-1.webp 1000w\" sizes=\"(max-width: 225px) 100vw, 225px\" \/><img decoding=\"async\" class=\"alignnone wp-image-67\" src=\"https:\/\/pingheng.globaldeepsea.site\/wp-content\/uploads\/2024\/11\/Water-Tube-Stainless-Steel-Investment-Castings-300x300.webp\" alt=\"\" width=\"225\" height=\"225\" srcset=\"https:\/\/www.thecasting-factory.com\/wp-content\/uploads\/2024\/11\/Water-Tube-Stainless-Steel-Investment-Castings-300x300.webp 300w, https:\/\/www.thecasting-factory.com\/wp-content\/uploads\/2024\/11\/Water-Tube-Stainless-Steel-Investment-Castings-150x150.webp 150w, https:\/\/www.thecasting-factory.com\/wp-content\/uploads\/2024\/11\/Water-Tube-Stainless-Steel-Investment-Castings-768x768.webp 768w, https:\/\/www.thecasting-factory.com\/wp-content\/uploads\/2024\/11\/Water-Tube-Stainless-Steel-Investment-Castings-600x600.webp 600w, https:\/\/www.thecasting-factory.com\/wp-content\/uploads\/2024\/11\/Water-Tube-Stainless-Steel-Investment-Castings-100x100.webp 100w, https:\/\/www.thecasting-factory.com\/wp-content\/uploads\/2024\/11\/Water-Tube-Stainless-Steel-Investment-Castings.webp 1000w\" sizes=\"(max-width: 225px) 100vw, 225px\" \/><img decoding=\"async\" class=\"alignnone wp-image-68\" src=\"https:\/\/pingheng.globaldeepsea.site\/wp-content\/uploads\/2024\/11\/Stainless-Steel-Investment-Castings-300x300.webp\" alt=\"\" width=\"225\" height=\"225\" srcset=\"https:\/\/www.thecasting-factory.com\/wp-content\/uploads\/2024\/11\/Stainless-Steel-Investment-Castings-300x300.webp 300w, https:\/\/www.thecasting-factory.com\/wp-content\/uploads\/2024\/11\/Stainless-Steel-Investment-Castings-150x150.webp 150w, https:\/\/www.thecasting-factory.com\/wp-content\/uploads\/2024\/11\/Stainless-Steel-Investment-Castings-768x768.webp 768w, https:\/\/www.thecasting-factory.com\/wp-content\/uploads\/2024\/11\/Stainless-Steel-Investment-Castings-600x600.webp 600w, https:\/\/www.thecasting-factory.com\/wp-content\/uploads\/2024\/11\/Stainless-Steel-Investment-Castings-100x100.webp 100w, https:\/\/www.thecasting-factory.com\/wp-content\/uploads\/2024\/11\/Stainless-Steel-Investment-Castings.webp 1000w\" sizes=\"(max-width: 225px) 100vw, 225px\" \/><img loading=\"lazy\" decoding=\"async\" class=\"alignnone wp-image-69\" src=\"https:\/\/pingheng.globaldeepsea.site\/wp-content\/uploads\/2024\/11\/Investment-Castings-300x300.webp\" alt=\"\" width=\"200\" height=\"200\" srcset=\"https:\/\/www.thecasting-factory.com\/wp-content\/uploads\/2024\/11\/Investment-Castings-300x300.webp 300w, https:\/\/www.thecasting-factory.com\/wp-content\/uploads\/2024\/11\/Investment-Castings-150x150.webp 150w, https:\/\/www.thecasting-factory.com\/wp-content\/uploads\/2024\/11\/Investment-Castings-768x768.webp 768w, https:\/\/www.thecasting-factory.com\/wp-content\/uploads\/2024\/11\/Investment-Castings-600x600.webp 600w, https:\/\/www.thecasting-factory.com\/wp-content\/uploads\/2024\/11\/Investment-Castings-100x100.webp 100w, https:\/\/www.thecasting-factory.com\/wp-content\/uploads\/2024\/11\/Investment-Castings.webp 1000w\" sizes=\"(max-width: 200px) 100vw, 200px\" \/><\/p>","protected":false},"excerpt":{"rendered":"<p>Bu, ticari ara\u00e7lar\u0131n \u0131s\u0131 de\u011fi\u015fim sisteminde kullan\u0131lan bir k\u0131s\u0131md\u0131r.<\/p>\n<p><strong>Par\u00e7an\u0131n spesifikasyonu lxwxh:<\/strong>262mmx60mmx164mm, duvar kal\u0131nl\u0131\u011f\u0131: 2.5mm, a\u011f\u0131rl\u0131k: 1.3kg.<\/p>\n<p><strong>Malzeme:<\/strong>Paslanmaz \u00e7elik 304.<\/p>\n<p><strong>\u00dcr\u00fcn Test Gereksinimleri:<\/strong> Hava Kaput Testi, 500KPA bas\u0131n\u00e7l\u0131 hava, 1 dakika boyunca bas\u0131n\u00e7 tutma, s\u0131z\u0131nt\u0131 yok.<\/p>","protected":false},"featured_media":65,"template":"","meta":[],"product_cat":[17],"product_tag":[53,48,28,27,55,50,51],"class_list":{"0":"post-64","1":"product","2":"type-product","3":"status-publish","4":"has-post-thumbnail","6":"product_cat-stainless-steel","7":"product_tag-304-stainless-steel-investment-castings","8":"product_tag-304-stainless-steel-precision-castings","9":"product_tag-investment-casting","10":"product_tag-precision-casting","11":"product_tag-precision-casting-factory","12":"product_tag-stainless-steel-castings","13":"product_tag-stainless-steel-precision-castings-for-water-pipes","15":"first","16":"instock","17":"shipping-taxable","18":"product-type-simple"},"_links":{"self":[{"href":"https:\/\/www.thecasting-factory.com\/tr\/wp-json\/wp\/v2\/product\/64","targetHints":{"allow":["GET"]}}],"collection":[{"href":"https:\/\/www.thecasting-factory.com\/tr\/wp-json\/wp\/v2\/product"}],"about":[{"href":"https:\/\/www.thecasting-factory.com\/tr\/wp-json\/wp\/v2\/types\/product"}],"version-history":[{"count":0,"href":"https:\/\/www.thecasting-factory.com\/tr\/wp-json\/wp\/v2\/product\/64\/revisions"}],"wp:featuredmedia":[{"embeddable":true,"href":"https:\/\/www.thecasting-factory.com\/tr\/wp-json\/wp\/v2\/media\/65"}],"wp:attachment":[{"href":"https:\/\/www.thecasting-factory.com\/tr\/wp-json\/wp\/v2\/media?parent=64"}],"wp:term":[{"taxonomy":"product_cat","embeddable":true,"href":"https:\/\/www.thecasting-factory.com\/tr\/wp-json\/wp\/v2\/product_cat?post=64"},{"taxonomy":"product_tag","embeddable":true,"href":"https:\/\/www.thecasting-factory.com\/tr\/wp-json\/wp\/v2\/product_tag?post=64"}],"curies":[{"name":"wp","href":"https:\/\/api.w.org\/{rel}","templated":true}]}}