{"id":88,"date":"2024-11-21T13:41:54","date_gmt":"2024-11-21T05:41:54","guid":{"rendered":"https:\/\/pingheng.globaldeepsea.site\/?post_type=product&#038;p=88"},"modified":"2024-11-21T13:43:26","modified_gmt":"2024-11-21T05:43:26","slug":"stainless-steel-chamber-body-produced-by-precision-casting","status":"publish","type":"product","link":"https:\/\/www.thecasting-factory.com\/pt\/product\/stainless-steel-chamber-body-produced-by-precision-casting\/","title":{"rendered":"Corpo de c\u00e2mara de a\u00e7o inoxid\u00e1vel produzido por fundi\u00e7\u00e3o de precis\u00e3o"},"content":{"rendered":"<h3><strong>DESCRI\u00c7\u00c3O DO PRODUTO<\/strong><\/h3>\n<p>This is a part used in the automobile exhaust system-EGR cooler, the name is called outlet chamber.<\/p>\n<p>It is made of stainless steel 304 material, which has the advantages of high temperature resistance, corrosion resistance, etc. It is widely used in the field of precision casting parts for automobiles, food machinery, valve bodies, pumps and other precision casting parts.<\/p>\n<h3><strong>Recursos do produto<\/strong><\/h3>\n<p>1.Thin-walled, complex structure, easy to produce deformation in the casting process<br \/>\n2.Products with sealing requirements, for casting defects in the control of higher requirements<br \/>\n3.The processing surface (external sealing surface, mounting holes, cooler welding surface) between the existence of high positional requirements, so for the development of high requirements for the development of processing tooling<br \/>\nIn the early development process, from time to time, the processing size is not allowed, the position of the eccentricity is serious, we through the increase of blank shaping, auxiliary inspection fixtures, processing and adjustment of tooling, and ultimately, on schedule to complete the development of the customer&#8217;s requirements of each development node;<br \/>\nThe product was developed in the middle of 2020, and mass production was realized in 2021, and is now in a stable supply state, with an annual supply of 100,000 pieces;<br \/>\nOur company has a strong technical development team, with the ability to develop a variety of shaped parts in the field of precision casting, and provide integrated services from casting to machining; excellence, to provide customers with efficient, high-quality products and services has always been our adhering to the concept.<\/p>\n<h3><strong>Displays de produtos<\/strong><\/h3>\n<p><img fetchpriority=\"high\" decoding=\"async\" class=\"alignnone wp-image-90\" src=\"https:\/\/pingheng.globaldeepsea.site\/wp-content\/uploads\/2024\/11\/Stainless-steel-chamber-body-produced-by-precision-casting1-300x225.webp\" alt=\"\" width=\"300\" height=\"225\" srcset=\"https:\/\/www.thecasting-factory.com\/wp-content\/uploads\/2024\/11\/Stainless-steel-chamber-body-produced-by-precision-casting1-300x225.webp 300w, https:\/\/www.thecasting-factory.com\/wp-content\/uploads\/2024\/11\/Stainless-steel-chamber-body-produced-by-precision-casting1.webp 600w\" sizes=\"(max-width: 300px) 100vw, 300px\" \/>\u00a0<img decoding=\"async\" class=\"alignnone size-medium wp-image-91\" src=\"https:\/\/pingheng.globaldeepsea.site\/wp-content\/uploads\/2024\/11\/Stainless-steel-chamber-body-produced-by-precision-casting2-300x225.webp\" alt=\"\" width=\"300\" height=\"225\" srcset=\"https:\/\/www.thecasting-factory.com\/wp-content\/uploads\/2024\/11\/Stainless-steel-chamber-body-produced-by-precision-casting2-300x225.webp 300w, https:\/\/www.thecasting-factory.com\/wp-content\/uploads\/2024\/11\/Stainless-steel-chamber-body-produced-by-precision-casting2-1024x768.webp 1024w, https:\/\/www.thecasting-factory.com\/wp-content\/uploads\/2024\/11\/Stainless-steel-chamber-body-produced-by-precision-casting2-768x576.webp 768w, https:\/\/www.thecasting-factory.com\/wp-content\/uploads\/2024\/11\/Stainless-steel-chamber-body-produced-by-precision-casting2-1536x1152.webp 1536w, https:\/\/www.thecasting-factory.com\/wp-content\/uploads\/2024\/11\/Stainless-steel-chamber-body-produced-by-precision-casting2-600x450.webp 600w, https:\/\/www.thecasting-factory.com\/wp-content\/uploads\/2024\/11\/Stainless-steel-chamber-body-produced-by-precision-casting2.webp 1706w\" sizes=\"(max-width: 300px) 100vw, 300px\" \/><img decoding=\"async\" class=\"alignnone size-medium wp-image-92\" src=\"https:\/\/pingheng.globaldeepsea.site\/wp-content\/uploads\/2024\/11\/Stainless-steel-chamber-body-produced-by-precision-casting3-300x225.webp\" alt=\"\" width=\"300\" height=\"225\" srcset=\"https:\/\/www.thecasting-factory.com\/wp-content\/uploads\/2024\/11\/Stainless-steel-chamber-body-produced-by-precision-casting3-300x225.webp 300w, https:\/\/www.thecasting-factory.com\/wp-content\/uploads\/2024\/11\/Stainless-steel-chamber-body-produced-by-precision-casting3-1024x768.webp 1024w, https:\/\/www.thecasting-factory.com\/wp-content\/uploads\/2024\/11\/Stainless-steel-chamber-body-produced-by-precision-casting3-768x576.webp 768w, https:\/\/www.thecasting-factory.com\/wp-content\/uploads\/2024\/11\/Stainless-steel-chamber-body-produced-by-precision-casting3-1536x1152.webp 1536w, https:\/\/www.thecasting-factory.com\/wp-content\/uploads\/2024\/11\/Stainless-steel-chamber-body-produced-by-precision-casting3-600x450.webp 600w, https:\/\/www.thecasting-factory.com\/wp-content\/uploads\/2024\/11\/Stainless-steel-chamber-body-produced-by-precision-casting3.webp 1706w\" sizes=\"(max-width: 300px) 100vw, 300px\" \/><img loading=\"lazy\" decoding=\"async\" class=\"alignnone size-medium wp-image-93\" src=\"https:\/\/pingheng.globaldeepsea.site\/wp-content\/uploads\/2024\/11\/Stainless-steel-chamber-body-produced-by-precision-casting4-300x225.webp\" alt=\"\" width=\"300\" height=\"225\" srcset=\"https:\/\/www.thecasting-factory.com\/wp-content\/uploads\/2024\/11\/Stainless-steel-chamber-body-produced-by-precision-casting4-300x225.webp 300w, https:\/\/www.thecasting-factory.com\/wp-content\/uploads\/2024\/11\/Stainless-steel-chamber-body-produced-by-precision-casting4-1024x768.webp 1024w, https:\/\/www.thecasting-factory.com\/wp-content\/uploads\/2024\/11\/Stainless-steel-chamber-body-produced-by-precision-casting4-768x576.webp 768w, https:\/\/www.thecasting-factory.com\/wp-content\/uploads\/2024\/11\/Stainless-steel-chamber-body-produced-by-precision-casting4-1536x1152.webp 1536w, https:\/\/www.thecasting-factory.com\/wp-content\/uploads\/2024\/11\/Stainless-steel-chamber-body-produced-by-precision-casting4-600x450.webp 600w, https:\/\/www.thecasting-factory.com\/wp-content\/uploads\/2024\/11\/Stainless-steel-chamber-body-produced-by-precision-casting4.webp 1706w\" sizes=\"(max-width: 300px) 100vw, 300px\" \/><\/p>","protected":false},"excerpt":{"rendered":"<p>Esta \u00e9 uma parte usada no sistema de tratamento de gases de exaust\u00e3o de autom\u00f3veis, eGR Cooler.<\/p>\n<p><strong>A especifica\u00e7\u00e3o da pe\u00e7a \u00e9 lxwxh:<\/strong>132mmx55mmx85mm, wall thickness:2.5mm, weight:351g.<\/p>\n<p><strong>Material:<\/strong>A\u00e7o inoxid\u00e1vel 304.<\/p>\n<p><strong>Requisitos de teste de produto:<\/strong> Teste de herbeira, ar comprimido de 500kpa, press\u00e3o de preens\u00e3o por 1min, sem vazamento.<\/p>","protected":false},"featured_media":89,"template":"","meta":[],"product_cat":[17],"product_tag":[48,58,46,28,27,55,59,60],"class_list":{"0":"post-88","1":"product","2":"type-product","3":"status-publish","4":"has-post-thumbnail","6":"product_cat-stainless-steel","7":"product_tag-304-stainless-steel-precision-castings","8":"product_tag-customized-stainless-steel-precision-castings","9":"product_tag-egr-stainless-steel-castings","10":"product_tag-investment-casting","11":"product_tag-precision-casting","12":"product_tag-precision-casting-factory","13":"product_tag-stainless-steel-casting-blanks","14":"product_tag-stainless-steel-casting-with-machined-finished-product","16":"first","17":"instock","18":"shipping-taxable","19":"product-type-simple"},"_links":{"self":[{"href":"https:\/\/www.thecasting-factory.com\/pt\/wp-json\/wp\/v2\/product\/88","targetHints":{"allow":["GET"]}}],"collection":[{"href":"https:\/\/www.thecasting-factory.com\/pt\/wp-json\/wp\/v2\/product"}],"about":[{"href":"https:\/\/www.thecasting-factory.com\/pt\/wp-json\/wp\/v2\/types\/product"}],"version-history":[{"count":1,"href":"https:\/\/www.thecasting-factory.com\/pt\/wp-json\/wp\/v2\/product\/88\/revisions"}],"predecessor-version":[{"id":94,"href":"https:\/\/www.thecasting-factory.com\/pt\/wp-json\/wp\/v2\/product\/88\/revisions\/94"}],"wp:featuredmedia":[{"embeddable":true,"href":"https:\/\/www.thecasting-factory.com\/pt\/wp-json\/wp\/v2\/media\/89"}],"wp:attachment":[{"href":"https:\/\/www.thecasting-factory.com\/pt\/wp-json\/wp\/v2\/media?parent=88"}],"wp:term":[{"taxonomy":"product_cat","embeddable":true,"href":"https:\/\/www.thecasting-factory.com\/pt\/wp-json\/wp\/v2\/product_cat?post=88"},{"taxonomy":"product_tag","embeddable":true,"href":"https:\/\/www.thecasting-factory.com\/pt\/wp-json\/wp\/v2\/product_tag?post=88"}],"curies":[{"name":"wp","href":"https:\/\/api.w.org\/{rel}","templated":true}]}}