{"id":83,"date":"2024-11-21T13:35:53","date_gmt":"2024-11-21T05:35:53","guid":{"rendered":"https:\/\/pingheng.globaldeepsea.site\/?post_type=product&#038;p=83"},"modified":"2024-11-21T13:35:53","modified_gmt":"2024-11-21T05:35:53","slug":"egr-outlet-chamber-stainless-steel-precision-castings","status":"publish","type":"product","link":"https:\/\/www.thecasting-factory.com\/pt\/product\/egr-outlet-chamber-stainless-steel-precision-castings\/","title":{"rendered":"C\u00e2mara de sa\u00edda EGR - pe\u00e7as de precis\u00e3o de a\u00e7o inoxid\u00e1vel"},"content":{"rendered":"<h3><strong>DESCRI\u00c7\u00c3O DO PRODUTO<\/strong><\/h3>\n<p>Esta \u00e9 uma parte usada nas conhecidas empresas de autom\u00f3veis da China, sistema de exaust\u00e3o de autom\u00f3veis-egr mais refrigerado nas pe\u00e7as, o nome \u00e9 chamado de c\u00e2mara de sa\u00edda.<br \/>\nO material usado para torn\u00e1 -lo \u00e9 de a\u00e7o inoxid\u00e1vel 304, que traz benef\u00edcios como resist\u00eancia a alta temperatura e resist\u00eancia \u00e0 corros\u00e3o. Ele encontra aplica\u00e7\u00e3o extensa na ind\u00fastria de fundi\u00e7\u00e3o de precis\u00e3o para corpos de v\u00e1lvulas, bombas, m\u00e1quinas de alimentos, carros e outros componentes de fundi\u00e7\u00e3o de precis\u00e3o.<\/p>\n<h3><strong>Recursos do produto<\/strong><\/h3>\n<p>1. Constru\u00e7\u00e3o intrincada de paredes finas que \u00e9 propensa a distor\u00e7\u00e3o durante o elenco<br \/>\n2. Os bens que devem ser selados para impedir que as falhas de fundi\u00e7\u00e3o excedam as especifica\u00e7\u00f5es<br \/>\n3.A superf\u00edcie do processamento (superf\u00edcie de veda\u00e7\u00e3o externa, orif\u00edcios de montagem, superf\u00edcie de soldagem mais fria) entre a exist\u00eancia de altos requisitos posicionais; portanto, o desenvolvimento de altos requisitos para o desenvolvimento de equipamentos de processamento<br \/>\nComo a parede do produto \u00e9 fina e longa, resultando em expulsar a deforma\u00e7\u00e3o em branco \u00e9 grave, o que, por sua vez, afeta o processamento da taxa de qualifica\u00e7\u00e3o, resultando no desenvolvimento do est\u00e1gio inicial de excepcionalmente dif\u00edcil, atrav\u00e9s dos esfor\u00e7os de nossa equipe, finalmente superamos essas dificuldades, conforme programado para concluir o desenvolvimento dos requisitos do cliente;<br \/>\nO produto foi desenvolvido em 2022 e a produ\u00e7\u00e3o em massa foi realizada no final de 2023 e est\u00e1 atualmente em um estado de suprimento est\u00e1vel, com um suprimento anual de 150.000 pe\u00e7as;<br \/>\nNossa empresa possui uma forte equipe de desenvolvimento t\u00e9cnico, com a capacidade de desenvolver uma variedade de pe\u00e7as moldadas no campo de fundi\u00e7\u00e3o de precis\u00e3o, buscando a excel\u00eancia, para fornecer aos clientes produtos e servi\u00e7os eficientes e de alta qualidade, tem sido a nossa ades\u00e3o ao conceito.<\/p>\n<h3><strong>Introdu\u00e7\u00e3o do produto<\/strong><\/h3>\n<p><img fetchpriority=\"high\" decoding=\"async\" class=\"alignnone wp-image-84\" src=\"https:\/\/pingheng.globaldeepsea.site\/wp-content\/uploads\/2024\/11\/EGR-outlet-chamber-Stainless-steel-precision-castings-300x300.webp\" alt=\"\" width=\"225\" height=\"225\" srcset=\"https:\/\/www.thecasting-factory.com\/wp-content\/uploads\/2024\/11\/EGR-outlet-chamber-Stainless-steel-precision-castings-300x300.webp 300w, https:\/\/www.thecasting-factory.com\/wp-content\/uploads\/2024\/11\/EGR-outlet-chamber-Stainless-steel-precision-castings-150x150.webp 150w, https:\/\/www.thecasting-factory.com\/wp-content\/uploads\/2024\/11\/EGR-outlet-chamber-Stainless-steel-precision-castings-768x768.webp 768w, https:\/\/www.thecasting-factory.com\/wp-content\/uploads\/2024\/11\/EGR-outlet-chamber-Stainless-steel-precision-castings-600x600.webp 600w, https:\/\/www.thecasting-factory.com\/wp-content\/uploads\/2024\/11\/EGR-outlet-chamber-Stainless-steel-precision-castings-100x100.webp 100w, https:\/\/www.thecasting-factory.com\/wp-content\/uploads\/2024\/11\/EGR-outlet-chamber-Stainless-steel-precision-castings.webp 1000w\" sizes=\"(max-width: 225px) 100vw, 225px\" \/><img decoding=\"async\" class=\"alignnone wp-image-85\" src=\"https:\/\/pingheng.globaldeepsea.site\/wp-content\/uploads\/2024\/11\/EGR-outlet-chamber-Stainless-steel-precision-castings1-300x300.webp\" alt=\"\" width=\"225\" height=\"225\" srcset=\"https:\/\/www.thecasting-factory.com\/wp-content\/uploads\/2024\/11\/EGR-outlet-chamber-Stainless-steel-precision-castings1-300x300.webp 300w, https:\/\/www.thecasting-factory.com\/wp-content\/uploads\/2024\/11\/EGR-outlet-chamber-Stainless-steel-precision-castings1-150x150.webp 150w, https:\/\/www.thecasting-factory.com\/wp-content\/uploads\/2024\/11\/EGR-outlet-chamber-Stainless-steel-precision-castings1-100x100.webp 100w, https:\/\/www.thecasting-factory.com\/wp-content\/uploads\/2024\/11\/EGR-outlet-chamber-Stainless-steel-precision-castings1.webp 600w\" sizes=\"(max-width: 225px) 100vw, 225px\" \/><img decoding=\"async\" class=\"alignnone wp-image-86\" src=\"https:\/\/pingheng.globaldeepsea.site\/wp-content\/uploads\/2024\/11\/EGR-outlet-chamber-Stainless-steel-precision-castings2-300x300.webp\" alt=\"\" width=\"225\" height=\"225\" srcset=\"https:\/\/www.thecasting-factory.com\/wp-content\/uploads\/2024\/11\/EGR-outlet-chamber-Stainless-steel-precision-castings2-300x300.webp 300w, https:\/\/www.thecasting-factory.com\/wp-content\/uploads\/2024\/11\/EGR-outlet-chamber-Stainless-steel-precision-castings2-150x150.webp 150w, https:\/\/www.thecasting-factory.com\/wp-content\/uploads\/2024\/11\/EGR-outlet-chamber-Stainless-steel-precision-castings2-100x100.webp 100w, https:\/\/www.thecasting-factory.com\/wp-content\/uploads\/2024\/11\/EGR-outlet-chamber-Stainless-steel-precision-castings2.webp 600w\" sizes=\"(max-width: 225px) 100vw, 225px\" \/><img loading=\"lazy\" decoding=\"async\" class=\"alignnone wp-image-87\" src=\"https:\/\/pingheng.globaldeepsea.site\/wp-content\/uploads\/2024\/11\/EGR-outlet-chamber-Stainless-steel-precision-castings3-300x300.webp\" alt=\"\" width=\"200\" height=\"200\" srcset=\"https:\/\/www.thecasting-factory.com\/wp-content\/uploads\/2024\/11\/EGR-outlet-chamber-Stainless-steel-precision-castings3-300x300.webp 300w, https:\/\/www.thecasting-factory.com\/wp-content\/uploads\/2024\/11\/EGR-outlet-chamber-Stainless-steel-precision-castings3-150x150.webp 150w, https:\/\/www.thecasting-factory.com\/wp-content\/uploads\/2024\/11\/EGR-outlet-chamber-Stainless-steel-precision-castings3-100x100.webp 100w, https:\/\/www.thecasting-factory.com\/wp-content\/uploads\/2024\/11\/EGR-outlet-chamber-Stainless-steel-precision-castings3.webp 600w\" sizes=\"(max-width: 200px) 100vw, 200px\" \/><\/p>","protected":false},"excerpt":{"rendered":"<p>Esta \u00e9 uma parte usada no sistema de tratamento de gases de exaust\u00e3o de autom\u00f3veis, eGR Cooler.<\/p>\n<p><strong>A especifica\u00e7\u00e3o da pe\u00e7a \u00e9 lxwxh:<\/strong>58mmx34mmx120mm, espessura da parede: 2,5 mm, peso :: 452g.<\/p>\n<p><strong>Material:<\/strong>A\u00e7o inoxid\u00e1vel 304.<\/p>\n<p><strong>Requisitos de teste de produto:<\/strong> Teste de herbeira, ar comprimido de 500kpa, press\u00e3o de preens\u00e3o por 1min, sem vazamento.<\/p>","protected":false},"featured_media":84,"template":"","meta":[],"product_cat":[17],"product_tag":[48,58,46,28,27,55,59,60],"class_list":{"0":"post-83","1":"product","2":"type-product","3":"status-publish","4":"has-post-thumbnail","6":"product_cat-stainless-steel","7":"product_tag-304-stainless-steel-precision-castings","8":"product_tag-customized-stainless-steel-precision-castings","9":"product_tag-egr-stainless-steel-castings","10":"product_tag-investment-casting","11":"product_tag-precision-casting","12":"product_tag-precision-casting-factory","13":"product_tag-stainless-steel-casting-blanks","14":"product_tag-stainless-steel-casting-with-machined-finished-product","16":"first","17":"instock","18":"shipping-taxable","19":"product-type-simple"},"_links":{"self":[{"href":"https:\/\/www.thecasting-factory.com\/pt\/wp-json\/wp\/v2\/product\/83","targetHints":{"allow":["GET"]}}],"collection":[{"href":"https:\/\/www.thecasting-factory.com\/pt\/wp-json\/wp\/v2\/product"}],"about":[{"href":"https:\/\/www.thecasting-factory.com\/pt\/wp-json\/wp\/v2\/types\/product"}],"version-history":[{"count":0,"href":"https:\/\/www.thecasting-factory.com\/pt\/wp-json\/wp\/v2\/product\/83\/revisions"}],"wp:featuredmedia":[{"embeddable":true,"href":"https:\/\/www.thecasting-factory.com\/pt\/wp-json\/wp\/v2\/media\/84"}],"wp:attachment":[{"href":"https:\/\/www.thecasting-factory.com\/pt\/wp-json\/wp\/v2\/media?parent=83"}],"wp:term":[{"taxonomy":"product_cat","embeddable":true,"href":"https:\/\/www.thecasting-factory.com\/pt\/wp-json\/wp\/v2\/product_cat?post=83"},{"taxonomy":"product_tag","embeddable":true,"href":"https:\/\/www.thecasting-factory.com\/pt\/wp-json\/wp\/v2\/product_tag?post=83"}],"curies":[{"name":"wp","href":"https:\/\/api.w.org\/{rel}","templated":true}]}}