{"id":77,"date":"2024-11-21T13:29:56","date_gmt":"2024-11-21T05:29:56","guid":{"rendered":"https:\/\/pingheng.globaldeepsea.site\/?post_type=product&#038;p=77"},"modified":"2024-11-21T13:29:56","modified_gmt":"2024-11-21T05:29:56","slug":"egr-intake-chamber-stainless-steel-precision-castings","status":"publish","type":"product","link":"https:\/\/www.thecasting-factory.com\/pt\/product\/egr-intake-chamber-stainless-steel-precision-castings\/","title":{"rendered":"C\u00e2mara de admiss\u00e3o EGR - Cast\u00f5es de precis\u00e3o de a\u00e7o inoxid\u00e1vel"},"content":{"rendered":"<h3><strong>DESCRI\u00c7\u00c3O DO PRODUTO<\/strong><\/h3>\n<p>This is a part used in the automobile exhaust system-EGR cooler, the name is intake chamber.<br \/>\nIt is made of stainless steel 304 material, which has the advantages of high temperature resistance, corrosion resistance, etc. It is widely used in the field of precision casting parts for automobiles, food machinery, valve bodies, pumps and so on.<\/p>\n<h3><strong>Recursos do produto<\/strong><\/h3>\n<p>1.thin-walled, complex structure, easy to produce deformation in the casting process<br \/>\n2. the product has a sealing requirement, for casting defects control requirements are high<br \/>\nFigure 2 shows the flange surface of the parts, this surface is connected to the external air intake sealing flange surface, so there are flatness and roughness requirements; face of the notch is to prevent the installation of interference with the choice of avoiding the air.<br \/>\nFigure 3 shows the machining of the square port, the role of processing here is to meet the needs of the drawing tolerance \u00b1 0.05mm, for brazing with the EGR shell fit, the size of the conformity determines the pass rate of brazing;<br \/>\nFigure 4 shows the waist-shaped mounting holes, here the role of the EGR cooler and the body of the role of the connection, the waist-shaped holes have the advantage of improving the adjustment space during installation;<br \/>\nThe product was developed in the middle of 2020, and mass production was realized in 2021, and is now in a stable supply state, with an annual supply of 100,000 pieces;<br \/>\nNossa empresa possui uma forte equipe de desenvolvimento t\u00e9cnico, com a capacidade de desenvolver uma variedade de pe\u00e7as moldadas no campo de fundi\u00e7\u00e3o de precis\u00e3o, buscando a excel\u00eancia, para fornecer aos clientes produtos e servi\u00e7os eficientes e de alta qualidade sempre foram a nossa ades\u00e3o ao conceito.<\/p>\n<p><img fetchpriority=\"high\" decoding=\"async\" class=\"alignnone wp-image-79\" src=\"https:\/\/pingheng.globaldeepsea.site\/wp-content\/uploads\/2024\/11\/EGR-Intake-Chamber-Stainless-Steel-Precision-Castings1-300x300.webp\" alt=\"\" width=\"225\" height=\"225\" srcset=\"https:\/\/www.thecasting-factory.com\/wp-content\/uploads\/2024\/11\/EGR-Intake-Chamber-Stainless-Steel-Precision-Castings1-300x300.webp 300w, https:\/\/www.thecasting-factory.com\/wp-content\/uploads\/2024\/11\/EGR-Intake-Chamber-Stainless-Steel-Precision-Castings1-150x150.webp 150w, https:\/\/www.thecasting-factory.com\/wp-content\/uploads\/2024\/11\/EGR-Intake-Chamber-Stainless-Steel-Precision-Castings1-100x100.webp 100w, https:\/\/www.thecasting-factory.com\/wp-content\/uploads\/2024\/11\/EGR-Intake-Chamber-Stainless-Steel-Precision-Castings1.webp 600w\" sizes=\"(max-width: 225px) 100vw, 225px\" \/><img decoding=\"async\" class=\"alignnone wp-image-80\" src=\"https:\/\/pingheng.globaldeepsea.site\/wp-content\/uploads\/2024\/11\/EGR-Intake-Chamber-Stainless-Steel-Precision-Castings2-300x300.webp\" alt=\"\" width=\"225\" height=\"225\" srcset=\"https:\/\/www.thecasting-factory.com\/wp-content\/uploads\/2024\/11\/EGR-Intake-Chamber-Stainless-Steel-Precision-Castings2-300x300.webp 300w, https:\/\/www.thecasting-factory.com\/wp-content\/uploads\/2024\/11\/EGR-Intake-Chamber-Stainless-Steel-Precision-Castings2-150x150.webp 150w, https:\/\/www.thecasting-factory.com\/wp-content\/uploads\/2024\/11\/EGR-Intake-Chamber-Stainless-Steel-Precision-Castings2-768x768.webp 768w, https:\/\/www.thecasting-factory.com\/wp-content\/uploads\/2024\/11\/EGR-Intake-Chamber-Stainless-Steel-Precision-Castings2-600x600.webp 600w, https:\/\/www.thecasting-factory.com\/wp-content\/uploads\/2024\/11\/EGR-Intake-Chamber-Stainless-Steel-Precision-Castings2-100x100.webp 100w, https:\/\/www.thecasting-factory.com\/wp-content\/uploads\/2024\/11\/EGR-Intake-Chamber-Stainless-Steel-Precision-Castings2.webp 1000w\" sizes=\"(max-width: 225px) 100vw, 225px\" \/><img decoding=\"async\" class=\"alignnone wp-image-81\" src=\"https:\/\/pingheng.globaldeepsea.site\/wp-content\/uploads\/2024\/11\/EGR-Intake-Chamber-Stainless-Steel-Precision-Castings3-300x300.webp\" alt=\"\" width=\"225\" height=\"225\" srcset=\"https:\/\/www.thecasting-factory.com\/wp-content\/uploads\/2024\/11\/EGR-Intake-Chamber-Stainless-Steel-Precision-Castings3-300x300.webp 300w, https:\/\/www.thecasting-factory.com\/wp-content\/uploads\/2024\/11\/EGR-Intake-Chamber-Stainless-Steel-Precision-Castings3-150x150.webp 150w, https:\/\/www.thecasting-factory.com\/wp-content\/uploads\/2024\/11\/EGR-Intake-Chamber-Stainless-Steel-Precision-Castings3-768x768.webp 768w, https:\/\/www.thecasting-factory.com\/wp-content\/uploads\/2024\/11\/EGR-Intake-Chamber-Stainless-Steel-Precision-Castings3-600x600.webp 600w, https:\/\/www.thecasting-factory.com\/wp-content\/uploads\/2024\/11\/EGR-Intake-Chamber-Stainless-Steel-Precision-Castings3-100x100.webp 100w, https:\/\/www.thecasting-factory.com\/wp-content\/uploads\/2024\/11\/EGR-Intake-Chamber-Stainless-Steel-Precision-Castings3.webp 1000w\" sizes=\"(max-width: 225px) 100vw, 225px\" \/><img loading=\"lazy\" decoding=\"async\" class=\"alignnone wp-image-82\" src=\"https:\/\/pingheng.globaldeepsea.site\/wp-content\/uploads\/2024\/11\/EGR-Intake-Chamber-Stainless-Steel-Precision-Castings4-300x300.webp\" alt=\"\" width=\"200\" height=\"200\" srcset=\"https:\/\/www.thecasting-factory.com\/wp-content\/uploads\/2024\/11\/EGR-Intake-Chamber-Stainless-Steel-Precision-Castings4-300x300.webp 300w, https:\/\/www.thecasting-factory.com\/wp-content\/uploads\/2024\/11\/EGR-Intake-Chamber-Stainless-Steel-Precision-Castings4-150x150.webp 150w, https:\/\/www.thecasting-factory.com\/wp-content\/uploads\/2024\/11\/EGR-Intake-Chamber-Stainless-Steel-Precision-Castings4-768x768.webp 768w, https:\/\/www.thecasting-factory.com\/wp-content\/uploads\/2024\/11\/EGR-Intake-Chamber-Stainless-Steel-Precision-Castings4-600x600.webp 600w, https:\/\/www.thecasting-factory.com\/wp-content\/uploads\/2024\/11\/EGR-Intake-Chamber-Stainless-Steel-Precision-Castings4-100x100.webp 100w, https:\/\/www.thecasting-factory.com\/wp-content\/uploads\/2024\/11\/EGR-Intake-Chamber-Stainless-Steel-Precision-Castings4.webp 1000w\" sizes=\"(max-width: 200px) 100vw, 200px\" \/><\/p>","protected":false},"excerpt":{"rendered":"<p>Esta \u00e9 uma parte usada no sistema de tratamento de gases de exaust\u00e3o de autom\u00f3veis, eGR Cooler.<\/p>\n<p><strong>A especifica\u00e7\u00e3o da pe\u00e7a \u00e9 lxwxh:<\/strong>80mmx70mmx48mm, wall thickness:2.5mm, weight:\uff1a296g.<\/p>\n<p><strong>Material:<\/strong>A\u00e7o inoxid\u00e1vel 304.<\/p>\n<p><strong>Requisitos de teste de produto:<\/strong> Teste de herbeira, ar comprimido de 500kpa, press\u00e3o de preens\u00e3o por 1min, sem vazamento.<\/p>","protected":false},"featured_media":78,"template":"","meta":[],"product_cat":[17],"product_tag":[53,48,58,46,28,27,55,50],"class_list":{"0":"post-77","1":"product","2":"type-product","3":"status-publish","4":"has-post-thumbnail","6":"product_cat-stainless-steel","7":"product_tag-304-stainless-steel-investment-castings","8":"product_tag-304-stainless-steel-precision-castings","9":"product_tag-customized-stainless-steel-precision-castings","10":"product_tag-egr-stainless-steel-castings","11":"product_tag-investment-casting","12":"product_tag-precision-casting","13":"product_tag-precision-casting-factory","14":"product_tag-stainless-steel-castings","16":"first","17":"instock","18":"shipping-taxable","19":"product-type-simple"},"_links":{"self":[{"href":"https:\/\/www.thecasting-factory.com\/pt\/wp-json\/wp\/v2\/product\/77","targetHints":{"allow":["GET"]}}],"collection":[{"href":"https:\/\/www.thecasting-factory.com\/pt\/wp-json\/wp\/v2\/product"}],"about":[{"href":"https:\/\/www.thecasting-factory.com\/pt\/wp-json\/wp\/v2\/types\/product"}],"version-history":[{"count":0,"href":"https:\/\/www.thecasting-factory.com\/pt\/wp-json\/wp\/v2\/product\/77\/revisions"}],"wp:featuredmedia":[{"embeddable":true,"href":"https:\/\/www.thecasting-factory.com\/pt\/wp-json\/wp\/v2\/media\/78"}],"wp:attachment":[{"href":"https:\/\/www.thecasting-factory.com\/pt\/wp-json\/wp\/v2\/media?parent=77"}],"wp:term":[{"taxonomy":"product_cat","embeddable":true,"href":"https:\/\/www.thecasting-factory.com\/pt\/wp-json\/wp\/v2\/product_cat?post=77"},{"taxonomy":"product_tag","embeddable":true,"href":"https:\/\/www.thecasting-factory.com\/pt\/wp-json\/wp\/v2\/product_tag?post=77"}],"curies":[{"name":"wp","href":"https:\/\/api.w.org\/{rel}","templated":true}]}}