{"id":70,"date":"2024-11-21T13:18:38","date_gmt":"2024-11-21T05:18:38","guid":{"rendered":"https:\/\/pingheng.globaldeepsea.site\/?post_type=product&#038;p=70"},"modified":"2024-11-21T13:19:27","modified_gmt":"2024-11-21T05:19:27","slug":"egr-water-chamber-stainless-steel-precision-castings","status":"publish","type":"product","link":"https:\/\/www.thecasting-factory.com\/pt\/product\/egr-water-chamber-stainless-steel-precision-castings\/","title":{"rendered":"C\u00e2mara de \u00e1gua EGR - pe\u00e7as de precis\u00e3o de a\u00e7o inoxid\u00e1vel"},"content":{"rendered":"<h3><strong>DESCRI\u00c7\u00c3O DO PRODUTO<\/strong><\/h3>\n<p>This is a part used in the automobile exhaust system-EGR cooler, the name is water chamber.<br \/>\nIt is made of stainless steel 304 material, which has the advantages of high temperature resistance, corrosion resistance, etc. It is widely used in the field of precision casting parts for automobiles, food machinery, valve bodies, pumps and so on.<\/p>\n<h3><strong>Recursos do produto<\/strong><\/h3>\n<p>1.thin-walled, complex structure, easy to produce deformation in the casting process<br \/>\n2.the product has a sealing requirements, for casting defects in the control of higher requirements<br \/>\nFigure 2 position, for the position of the external water pipe, the use of O-ring radial seal, so for the processing precision requirements, high.<br \/>\nFigure 3 position, for the welding surface and EGR shell welding, in order to ensure that the brazing pass rate, so for the processing of the flatness has certain requirements;<br \/>\nFigure 4 position for the external small water pipe, due to the use of brazed sealing between the parts, the precision requirements are higher.<br \/>\nThis type of structure seems simple, but in the development process, easy to structural hot joints, our company is in the customer communication, to obtain customer consent, optimize the appearance of the product, and with the beginning of mass production in 2018, and so far continued to supply about 50,000 pieces per year;<br \/>\nNossa empresa possui uma forte equipe de desenvolvimento t\u00e9cnico, com a capacidade de desenvolver uma variedade de pe\u00e7as moldadas no campo de fundi\u00e7\u00e3o de precis\u00e3o e fornecer servi\u00e7os integrados, desde o elenco \u00e0 usinagem, buscando a excel\u00eancia, para fornecer aos clientes produtos e servi\u00e7os eficientes e de alta qualidade, sempre foram a nossa ades\u00e3o ao conceito.<\/p>\n<p><img fetchpriority=\"high\" decoding=\"async\" class=\"alignnone wp-image-71\" src=\"https:\/\/pingheng.globaldeepsea.site\/wp-content\/uploads\/2024\/11\/EGR-Water-Chamber-Stainless-Steel-Precision-Castings-300x300.webp\" alt=\"\" width=\"225\" height=\"225\" srcset=\"https:\/\/www.thecasting-factory.com\/wp-content\/uploads\/2024\/11\/EGR-Water-Chamber-Stainless-Steel-Precision-Castings-300x300.webp 300w, https:\/\/www.thecasting-factory.com\/wp-content\/uploads\/2024\/11\/EGR-Water-Chamber-Stainless-Steel-Precision-Castings-150x150.webp 150w, https:\/\/www.thecasting-factory.com\/wp-content\/uploads\/2024\/11\/EGR-Water-Chamber-Stainless-Steel-Precision-Castings-768x768.webp 768w, https:\/\/www.thecasting-factory.com\/wp-content\/uploads\/2024\/11\/EGR-Water-Chamber-Stainless-Steel-Precision-Castings-600x600.webp 600w, https:\/\/www.thecasting-factory.com\/wp-content\/uploads\/2024\/11\/EGR-Water-Chamber-Stainless-Steel-Precision-Castings-100x100.webp 100w, https:\/\/www.thecasting-factory.com\/wp-content\/uploads\/2024\/11\/EGR-Water-Chamber-Stainless-Steel-Precision-Castings.webp 1000w\" sizes=\"(max-width: 225px) 100vw, 225px\" \/><img decoding=\"async\" class=\"alignnone wp-image-72\" src=\"https:\/\/pingheng.globaldeepsea.site\/wp-content\/uploads\/2024\/11\/Stainless-Steel-Precision-Castings-300x300.webp\" alt=\"\" width=\"225\" height=\"225\" srcset=\"https:\/\/www.thecasting-factory.com\/wp-content\/uploads\/2024\/11\/Stainless-Steel-Precision-Castings-300x300.webp 300w, https:\/\/www.thecasting-factory.com\/wp-content\/uploads\/2024\/11\/Stainless-Steel-Precision-Castings-150x150.webp 150w, https:\/\/www.thecasting-factory.com\/wp-content\/uploads\/2024\/11\/Stainless-Steel-Precision-Castings-768x768.webp 768w, https:\/\/www.thecasting-factory.com\/wp-content\/uploads\/2024\/11\/Stainless-Steel-Precision-Castings-600x600.webp 600w, https:\/\/www.thecasting-factory.com\/wp-content\/uploads\/2024\/11\/Stainless-Steel-Precision-Castings-100x100.webp 100w, https:\/\/www.thecasting-factory.com\/wp-content\/uploads\/2024\/11\/Stainless-Steel-Precision-Castings.webp 1000w\" sizes=\"(max-width: 225px) 100vw, 225px\" \/><img decoding=\"async\" class=\"alignnone wp-image-73\" src=\"https:\/\/pingheng.globaldeepsea.site\/wp-content\/uploads\/2024\/11\/Water-Chamber-Stainless-Steel-Precision-Castings-300x300.webp\" alt=\"\" width=\"225\" height=\"225\" srcset=\"https:\/\/www.thecasting-factory.com\/wp-content\/uploads\/2024\/11\/Water-Chamber-Stainless-Steel-Precision-Castings-300x300.webp 300w, https:\/\/www.thecasting-factory.com\/wp-content\/uploads\/2024\/11\/Water-Chamber-Stainless-Steel-Precision-Castings-150x150.webp 150w, https:\/\/www.thecasting-factory.com\/wp-content\/uploads\/2024\/11\/Water-Chamber-Stainless-Steel-Precision-Castings-768x768.webp 768w, https:\/\/www.thecasting-factory.com\/wp-content\/uploads\/2024\/11\/Water-Chamber-Stainless-Steel-Precision-Castings-600x600.webp 600w, https:\/\/www.thecasting-factory.com\/wp-content\/uploads\/2024\/11\/Water-Chamber-Stainless-Steel-Precision-Castings-100x100.webp 100w, https:\/\/www.thecasting-factory.com\/wp-content\/uploads\/2024\/11\/Water-Chamber-Stainless-Steel-Precision-Castings.webp 1000w\" sizes=\"(max-width: 225px) 100vw, 225px\" \/><img loading=\"lazy\" decoding=\"async\" class=\"alignnone wp-image-74\" src=\"https:\/\/pingheng.globaldeepsea.site\/wp-content\/uploads\/2024\/11\/PRECISION-300x300.webp\" alt=\"\" width=\"225\" height=\"225\" srcset=\"https:\/\/www.thecasting-factory.com\/wp-content\/uploads\/2024\/11\/PRECISION-300x300.webp 300w, https:\/\/www.thecasting-factory.com\/wp-content\/uploads\/2024\/11\/PRECISION-150x150.webp 150w, https:\/\/www.thecasting-factory.com\/wp-content\/uploads\/2024\/11\/PRECISION-768x768.webp 768w, https:\/\/www.thecasting-factory.com\/wp-content\/uploads\/2024\/11\/PRECISION-600x600.webp 600w, https:\/\/www.thecasting-factory.com\/wp-content\/uploads\/2024\/11\/PRECISION-100x100.webp 100w, https:\/\/www.thecasting-factory.com\/wp-content\/uploads\/2024\/11\/PRECISION.webp 1000w\" sizes=\"(max-width: 225px) 100vw, 225px\" \/><\/p>","protected":false},"excerpt":{"rendered":"<p>Esta \u00e9 uma parte usada no sistema de tratamento de gases de exaust\u00e3o de autom\u00f3veis, eGR Cooler.<\/p>\n<p><strong>A especifica\u00e7\u00e3o da pe\u00e7a \u00e9 lxwxh:<\/strong>62mmx46mmx37mm, wall thickness:2.5mm, weight:113g.<\/p>\n<p><strong>Material:<\/strong>A\u00e7o inoxid\u00e1vel 304.<\/p>\n<p><strong>Requisitos de teste de produto:<\/strong> air tightness test, pass 500kPa compressed air, hold pressure for 1min, no leakage.<\/p>","protected":false},"featured_media":71,"template":"","meta":[],"product_cat":[17],"product_tag":[53,48,46,28,27,55,50],"class_list":{"0":"post-70","1":"product","2":"type-product","3":"status-publish","4":"has-post-thumbnail","6":"product_cat-stainless-steel","7":"product_tag-304-stainless-steel-investment-castings","8":"product_tag-304-stainless-steel-precision-castings","9":"product_tag-egr-stainless-steel-castings","10":"product_tag-investment-casting","11":"product_tag-precision-casting","12":"product_tag-precision-casting-factory","13":"product_tag-stainless-steel-castings","15":"first","16":"instock","17":"shipping-taxable","18":"product-type-simple"},"_links":{"self":[{"href":"https:\/\/www.thecasting-factory.com\/pt\/wp-json\/wp\/v2\/product\/70","targetHints":{"allow":["GET"]}}],"collection":[{"href":"https:\/\/www.thecasting-factory.com\/pt\/wp-json\/wp\/v2\/product"}],"about":[{"href":"https:\/\/www.thecasting-factory.com\/pt\/wp-json\/wp\/v2\/types\/product"}],"version-history":[{"count":0,"href":"https:\/\/www.thecasting-factory.com\/pt\/wp-json\/wp\/v2\/product\/70\/revisions"}],"wp:featuredmedia":[{"embeddable":true,"href":"https:\/\/www.thecasting-factory.com\/pt\/wp-json\/wp\/v2\/media\/71"}],"wp:attachment":[{"href":"https:\/\/www.thecasting-factory.com\/pt\/wp-json\/wp\/v2\/media?parent=70"}],"wp:term":[{"taxonomy":"product_cat","embeddable":true,"href":"https:\/\/www.thecasting-factory.com\/pt\/wp-json\/wp\/v2\/product_cat?post=70"},{"taxonomy":"product_tag","embeddable":true,"href":"https:\/\/www.thecasting-factory.com\/pt\/wp-json\/wp\/v2\/product_tag?post=70"}],"curies":[{"name":"wp","href":"https:\/\/api.w.org\/{rel}","templated":true}]}}