{"id":64,"date":"2024-11-21T13:12:04","date_gmt":"2024-11-21T05:12:04","guid":{"rendered":"https:\/\/pingheng.globaldeepsea.site\/?post_type=product&#038;p=64"},"modified":"2024-11-21T13:12:04","modified_gmt":"2024-11-21T05:12:04","slug":"heat-exchanger-water-tube-stainless-steel-investment-castings-2","status":"publish","type":"product","link":"https:\/\/www.thecasting-factory.com\/pt\/product\/heat-exchanger-water-tube-stainless-steel-investment-castings-2\/","title":{"rendered":"Tubo de \u00e1gua do trocador de calor - pe\u00e7as fundidas de investimento em a\u00e7o inoxid\u00e1vel"},"content":{"rendered":"<h3><strong>DESCRI\u00c7\u00c3O DO PRODUTO<\/strong><\/h3>\n<p>Esta \u00e9 uma parte usada no sistema de troca de calor de ve\u00edculos comerciais, o nome \u00e9 o tubo de \u00e1gua.<br \/>\n\u00c9 feito de material 304 de a\u00e7o inoxid\u00e1vel, que tem as vantagens de resist\u00eancia a alta temperatura, resist\u00eancia \u00e0 corros\u00e3o etc. \u00c9 amplamente utilizado no campo de pe\u00e7as de fundi\u00e7\u00e3o de precis\u00e3o, como autom\u00f3vel, m\u00e1quinas de alimentos, corpo da v\u00e1lvula e bomba.<\/p>\n<h3><strong>Recursos do produto<\/strong><\/h3>\n<p>1. Tamanho grande, com paredes, e a exist\u00eancia de flex\u00e3o multidirecional, para a produ\u00e7\u00e3o de moldes de cera e fundi\u00e7\u00e3o, t\u00eam requisitos mais altos<br \/>\n2.O produto possui requisitos de veda\u00e7\u00e3o, para defeitos de fundi\u00e7\u00e3o no controle de requisitos altos<br \/>\nComo a Figura 2, Figura 3, respectivamente, para a interface externa, Figura 2 usando o processamento para garantir que o tamanho da conex\u00e3o r\u00edgida para garantir que o selo; Figura 3 conectado ao final do tubo de borracha, de modo que o tamanho dos requisitos relativamente baixos<br \/>\nA Figura 4, portanto, o final da superf\u00edcie da conex\u00e3o n\u00e3o \u00e9 processado; portanto, usamos a modelagem para garantir que a redondeza do produto, para atender aos requisitos de desempenho.<br \/>\nEste produto \u00e9 um produto maduro da nossa empresa e \u00e9 fornecido a granel por muitos anos, at\u00e9 agora a quantidade anual \u00e9 de cerca de 20.000 pe\u00e7as.<br \/>\nNossa empresa possui uma forte equipe de desenvolvimento t\u00e9cnico, com a capacidade de desenvolver uma variedade de pe\u00e7as moldadas no campo de elenco de precis\u00e3o, a excel\u00eancia, para fornecer aos clientes produtos e servi\u00e7os eficientes e de alta qualidade sempre foi nossa filosofia.<\/p>\n<p><img fetchpriority=\"high\" decoding=\"async\" class=\"alignnone wp-image-66\" src=\"https:\/\/pingheng.globaldeepsea.site\/wp-content\/uploads\/2024\/11\/Heat-Exchanger-Water-Tube-Stainless-Steel-Investment-Castings1-1-300x300.webp\" alt=\"\" width=\"225\" height=\"225\" srcset=\"https:\/\/www.thecasting-factory.com\/wp-content\/uploads\/2024\/11\/Heat-Exchanger-Water-Tube-Stainless-Steel-Investment-Castings1-1-300x300.webp 300w, https:\/\/www.thecasting-factory.com\/wp-content\/uploads\/2024\/11\/Heat-Exchanger-Water-Tube-Stainless-Steel-Investment-Castings1-1-150x150.webp 150w, https:\/\/www.thecasting-factory.com\/wp-content\/uploads\/2024\/11\/Heat-Exchanger-Water-Tube-Stainless-Steel-Investment-Castings1-1-768x768.webp 768w, https:\/\/www.thecasting-factory.com\/wp-content\/uploads\/2024\/11\/Heat-Exchanger-Water-Tube-Stainless-Steel-Investment-Castings1-1-600x600.webp 600w, https:\/\/www.thecasting-factory.com\/wp-content\/uploads\/2024\/11\/Heat-Exchanger-Water-Tube-Stainless-Steel-Investment-Castings1-1-100x100.webp 100w, https:\/\/www.thecasting-factory.com\/wp-content\/uploads\/2024\/11\/Heat-Exchanger-Water-Tube-Stainless-Steel-Investment-Castings1-1.webp 1000w\" sizes=\"(max-width: 225px) 100vw, 225px\" \/><img decoding=\"async\" class=\"alignnone wp-image-67\" src=\"https:\/\/pingheng.globaldeepsea.site\/wp-content\/uploads\/2024\/11\/Water-Tube-Stainless-Steel-Investment-Castings-300x300.webp\" alt=\"\" width=\"225\" height=\"225\" srcset=\"https:\/\/www.thecasting-factory.com\/wp-content\/uploads\/2024\/11\/Water-Tube-Stainless-Steel-Investment-Castings-300x300.webp 300w, https:\/\/www.thecasting-factory.com\/wp-content\/uploads\/2024\/11\/Water-Tube-Stainless-Steel-Investment-Castings-150x150.webp 150w, https:\/\/www.thecasting-factory.com\/wp-content\/uploads\/2024\/11\/Water-Tube-Stainless-Steel-Investment-Castings-768x768.webp 768w, https:\/\/www.thecasting-factory.com\/wp-content\/uploads\/2024\/11\/Water-Tube-Stainless-Steel-Investment-Castings-600x600.webp 600w, https:\/\/www.thecasting-factory.com\/wp-content\/uploads\/2024\/11\/Water-Tube-Stainless-Steel-Investment-Castings-100x100.webp 100w, https:\/\/www.thecasting-factory.com\/wp-content\/uploads\/2024\/11\/Water-Tube-Stainless-Steel-Investment-Castings.webp 1000w\" sizes=\"(max-width: 225px) 100vw, 225px\" \/><img decoding=\"async\" class=\"alignnone wp-image-68\" src=\"https:\/\/pingheng.globaldeepsea.site\/wp-content\/uploads\/2024\/11\/Stainless-Steel-Investment-Castings-300x300.webp\" alt=\"\" width=\"225\" height=\"225\" srcset=\"https:\/\/www.thecasting-factory.com\/wp-content\/uploads\/2024\/11\/Stainless-Steel-Investment-Castings-300x300.webp 300w, https:\/\/www.thecasting-factory.com\/wp-content\/uploads\/2024\/11\/Stainless-Steel-Investment-Castings-150x150.webp 150w, https:\/\/www.thecasting-factory.com\/wp-content\/uploads\/2024\/11\/Stainless-Steel-Investment-Castings-768x768.webp 768w, https:\/\/www.thecasting-factory.com\/wp-content\/uploads\/2024\/11\/Stainless-Steel-Investment-Castings-600x600.webp 600w, https:\/\/www.thecasting-factory.com\/wp-content\/uploads\/2024\/11\/Stainless-Steel-Investment-Castings-100x100.webp 100w, https:\/\/www.thecasting-factory.com\/wp-content\/uploads\/2024\/11\/Stainless-Steel-Investment-Castings.webp 1000w\" sizes=\"(max-width: 225px) 100vw, 225px\" \/><img loading=\"lazy\" decoding=\"async\" class=\"alignnone wp-image-69\" src=\"https:\/\/pingheng.globaldeepsea.site\/wp-content\/uploads\/2024\/11\/Investment-Castings-300x300.webp\" alt=\"\" width=\"200\" height=\"200\" srcset=\"https:\/\/www.thecasting-factory.com\/wp-content\/uploads\/2024\/11\/Investment-Castings-300x300.webp 300w, https:\/\/www.thecasting-factory.com\/wp-content\/uploads\/2024\/11\/Investment-Castings-150x150.webp 150w, https:\/\/www.thecasting-factory.com\/wp-content\/uploads\/2024\/11\/Investment-Castings-768x768.webp 768w, https:\/\/www.thecasting-factory.com\/wp-content\/uploads\/2024\/11\/Investment-Castings-600x600.webp 600w, https:\/\/www.thecasting-factory.com\/wp-content\/uploads\/2024\/11\/Investment-Castings-100x100.webp 100w, https:\/\/www.thecasting-factory.com\/wp-content\/uploads\/2024\/11\/Investment-Castings.webp 1000w\" sizes=\"(max-width: 200px) 100vw, 200px\" \/><\/p>","protected":false},"excerpt":{"rendered":"<p>Esta \u00e9 uma parte usada no sistema de troca de calor de ve\u00edculos comerciais.<\/p>\n<p><strong>A especifica\u00e7\u00e3o da pe\u00e7a \u00e9 lxwxh:<\/strong>262mmx60mmx164mm, espessura da parede: 2,5 mm, peso: 1,3 kg.<\/p>\n<p><strong>Material:<\/strong>A\u00e7o inoxid\u00e1vel 304.<\/p>\n<p><strong>Requisitos de teste de produto:<\/strong> Teste de aperto de ar, passe 500kpa de ar comprimido, mantendo press\u00e3o por 1min, sem vazamento.<\/p>","protected":false},"featured_media":65,"template":"","meta":[],"product_cat":[17],"product_tag":[53,48,28,27,55,50,51],"class_list":{"0":"post-64","1":"product","2":"type-product","3":"status-publish","4":"has-post-thumbnail","6":"product_cat-stainless-steel","7":"product_tag-304-stainless-steel-investment-castings","8":"product_tag-304-stainless-steel-precision-castings","9":"product_tag-investment-casting","10":"product_tag-precision-casting","11":"product_tag-precision-casting-factory","12":"product_tag-stainless-steel-castings","13":"product_tag-stainless-steel-precision-castings-for-water-pipes","15":"first","16":"instock","17":"shipping-taxable","18":"product-type-simple"},"_links":{"self":[{"href":"https:\/\/www.thecasting-factory.com\/pt\/wp-json\/wp\/v2\/product\/64","targetHints":{"allow":["GET"]}}],"collection":[{"href":"https:\/\/www.thecasting-factory.com\/pt\/wp-json\/wp\/v2\/product"}],"about":[{"href":"https:\/\/www.thecasting-factory.com\/pt\/wp-json\/wp\/v2\/types\/product"}],"version-history":[{"count":0,"href":"https:\/\/www.thecasting-factory.com\/pt\/wp-json\/wp\/v2\/product\/64\/revisions"}],"wp:featuredmedia":[{"embeddable":true,"href":"https:\/\/www.thecasting-factory.com\/pt\/wp-json\/wp\/v2\/media\/65"}],"wp:attachment":[{"href":"https:\/\/www.thecasting-factory.com\/pt\/wp-json\/wp\/v2\/media?parent=64"}],"wp:term":[{"taxonomy":"product_cat","embeddable":true,"href":"https:\/\/www.thecasting-factory.com\/pt\/wp-json\/wp\/v2\/product_cat?post=64"},{"taxonomy":"product_tag","embeddable":true,"href":"https:\/\/www.thecasting-factory.com\/pt\/wp-json\/wp\/v2\/product_tag?post=64"}],"curies":[{"name":"wp","href":"https:\/\/api.w.org\/{rel}","templated":true}]}}