{"id":43,"date":"2024-11-21T11:25:06","date_gmt":"2024-11-21T03:25:06","guid":{"rendered":"https:\/\/pingheng.globaldeepsea.site\/?post_type=product&#038;p=43"},"modified":"2024-11-21T11:25:53","modified_gmt":"2024-11-21T03:25:53","slug":"inlet-and-outlet-end-caps-brass-precision-castings-2","status":"publish","type":"product","link":"https:\/\/www.thecasting-factory.com\/pt\/product\/inlet-and-outlet-end-caps-brass-precision-castings-2\/","title":{"rendered":"Cascas de precis\u00e3o de goma de entrada e sa\u00edda de entrada e sa\u00edda"},"content":{"rendered":"<h3><strong>DESCRI\u00c7\u00c3O DO PRODUTO<\/strong><\/h3>\n<p>Esta \u00e9 uma parte usada nos componentes do vaso marinho, sistema de trocador de calor de \u00e1gua fresca e de \u00e1gua doce, o nome \u00e9 a tampa final de entrada e sa\u00edda<br \/>\nO bronze de estanho, que usa o ZCUSN12 como mat\u00e9ria-prima, \u00e9 uma liga de metal n\u00e3o ferrosa com a menor quantidade de encolhimento de fundi\u00e7\u00e3o, tornando-o ideal para pe\u00e7as fundidas com projetos complexos e contornos distintos. Como o bronze de lata resiste \u00e0 corros\u00e3o no vapor, \u00e1gua doce, atmosfera e \u00e1gua do mar, encontra aplica\u00e7\u00e3o extensa em caldeiras a vapor e partes dos navios do mar.<\/p>\n<h3><strong>Recursos do produto<\/strong><\/h3>\n<p>1. Como o fundamento de investimento em Silicone Sol \u00e9 uma \u00e1rea que produz enormes produtos com requisitos de veda\u00e7\u00e3o, existem requisitos estritos de controle para o processo de fundi\u00e7\u00e3o.<br \/>\n2. O cobre tem um ponto de fus\u00e3o mais baixo que o a\u00e7o quando fundido, e liquefiando em um n\u00edvel de fluidez relativamente decente. No entanto, isso pode resultar facilmente em fluxo desigual do metal l\u00edquido no molde.<br \/>\n3. Os problemas de oxida\u00e7\u00e3o s\u00e3o facilmente causados por cobre durante o processo de fundi\u00e7\u00e3o.<br \/>\nA baixa taxa de qualifica\u00e7\u00e3o da fundi\u00e7\u00e3o de precis\u00e3o de cobre pode ser atribu\u00edda \u00e0s caracter\u00edsticas mencionadas.<br \/>\nA partir do recebimento do projeto, nossa equipe t\u00e9cnica trabalhou noite e dia para superar as dificuldades, atrav\u00e9s da otimiza\u00e7\u00e3o cont\u00ednua do sistema de vazamento, controle da temperatura de vazamento e taxa de fluxo e, finalmente, o projeto foi desenvolvido com sucesso e formado em produ\u00e7\u00e3o em massa;<br \/>\nEste produto est\u00e1 em produ\u00e7\u00e3o em massa desde 2012 e est\u00e1 em suprimento est\u00e1vel h\u00e1 12 anos, o que deu \u00e0 nossa empresa muita experi\u00eancia no campo do elenco de cobre;<br \/>\nNossa empresa possui uma forte equipe de desenvolvimento t\u00e9cnico, com o desenvolvimento de elenco de precis\u00e3o de uma variedade de pe\u00e7as moldadas no campo da capacidade e para fornecer servi\u00e7os integrados, desde o elenco \u00e0 usinagem; A excel\u00eancia, para fornecer aos clientes produtos e servi\u00e7os eficientes e de alta qualidade, sempre foi a nossa ades\u00e3o ao conceito.<\/p>\n<h3><strong>Displays de produtos<\/strong><\/h3>\n<p><img fetchpriority=\"high\" decoding=\"async\" class=\"alignnone size-medium wp-image-44\" src=\"https:\/\/pingheng.globaldeepsea.site\/wp-content\/uploads\/2024\/11\/Inlet-and-outlet-end-caps-Brass-precision-castings-300x300.webp\" alt=\"\" width=\"300\" height=\"300\" srcset=\"https:\/\/www.thecasting-factory.com\/wp-content\/uploads\/2024\/11\/Inlet-and-outlet-end-caps-Brass-precision-castings-300x300.webp 300w, https:\/\/www.thecasting-factory.com\/wp-content\/uploads\/2024\/11\/Inlet-and-outlet-end-caps-Brass-precision-castings-150x150.webp 150w, https:\/\/www.thecasting-factory.com\/wp-content\/uploads\/2024\/11\/Inlet-and-outlet-end-caps-Brass-precision-castings-768x768.webp 768w, https:\/\/www.thecasting-factory.com\/wp-content\/uploads\/2024\/11\/Inlet-and-outlet-end-caps-Brass-precision-castings-600x600.webp 600w, https:\/\/www.thecasting-factory.com\/wp-content\/uploads\/2024\/11\/Inlet-and-outlet-end-caps-Brass-precision-castings-100x100.webp 100w, https:\/\/www.thecasting-factory.com\/wp-content\/uploads\/2024\/11\/Inlet-and-outlet-end-caps-Brass-precision-castings.webp 1000w\" sizes=\"(max-width: 300px) 100vw, 300px\" \/><img decoding=\"async\" class=\"alignnone size-medium wp-image-45\" src=\"https:\/\/pingheng.globaldeepsea.site\/wp-content\/uploads\/2024\/11\/caps-Brass-precision-castings-300x300.webp\" alt=\"\" width=\"300\" height=\"300\" srcset=\"https:\/\/www.thecasting-factory.com\/wp-content\/uploads\/2024\/11\/caps-Brass-precision-castings-300x300.webp 300w, https:\/\/www.thecasting-factory.com\/wp-content\/uploads\/2024\/11\/caps-Brass-precision-castings-150x150.webp 150w, https:\/\/www.thecasting-factory.com\/wp-content\/uploads\/2024\/11\/caps-Brass-precision-castings-100x100.webp 100w, https:\/\/www.thecasting-factory.com\/wp-content\/uploads\/2024\/11\/caps-Brass-precision-castings.webp 600w\" sizes=\"(max-width: 300px) 100vw, 300px\" \/><img decoding=\"async\" class=\"alignnone size-medium wp-image-46\" src=\"https:\/\/pingheng.globaldeepsea.site\/wp-content\/uploads\/2024\/11\/Brass-precision-castings-300x300.webp\" alt=\"\" width=\"300\" height=\"300\" srcset=\"https:\/\/www.thecasting-factory.com\/wp-content\/uploads\/2024\/11\/Brass-precision-castings-300x300.webp 300w, https:\/\/www.thecasting-factory.com\/wp-content\/uploads\/2024\/11\/Brass-precision-castings-150x150.webp 150w, https:\/\/www.thecasting-factory.com\/wp-content\/uploads\/2024\/11\/Brass-precision-castings-768x768.webp 768w, https:\/\/www.thecasting-factory.com\/wp-content\/uploads\/2024\/11\/Brass-precision-castings-600x600.webp 600w, https:\/\/www.thecasting-factory.com\/wp-content\/uploads\/2024\/11\/Brass-precision-castings-100x100.webp 100w, https:\/\/www.thecasting-factory.com\/wp-content\/uploads\/2024\/11\/Brass-precision-castings.webp 1000w\" sizes=\"(max-width: 300px) 100vw, 300px\" \/><\/p>","protected":false},"excerpt":{"rendered":"<p>Esta \u00e9 uma parte usada em componentes da embarca\u00e7\u00e3o marinha, sistema de trocador de calor de \u00e1gua fresca do mar<\/p>\n<p><strong>A especifica\u00e7\u00e3o da pe\u00e7a \u00e9 lxwxh:<\/strong>264mmx268mmx100mm, espessura da parede: 7mm, peso: 11,62 kg.<\/p>\n<p><strong>Material:<\/strong> ZCuSn12.<\/p>\n<p><strong>Requisitos de teste do produto:<\/strong> Teste de aperto de ar, passe 0,9MPa de ar comprimido, mant\u00e9m press\u00e3o por 30 minutos, sem vazamento.<\/p>","protected":false},"featured_media":44,"template":"","meta":[],"product_cat":[16],"product_tag":[31,32,30,29,43,28,35,27,42],"class_list":{"0":"post-43","1":"product","2":"type-product","3":"status-publish","4":"has-post-thumbnail","6":"product_cat-copper-alloy","7":"product_tag-copper-alloy-castings","8":"product_tag-copper-alloy-investment-castings","9":"product_tag-copper-alloy-precision-castings","10":"product_tag-copper-castings","11":"product_tag-copper-castings-for-fresh-and-sea-water-heat-exchangers","12":"product_tag-investment-casting","13":"product_tag-marine-copper-castings","14":"product_tag-precision-casting","15":"product_tag-zcusn12-material-copper-casting","17":"first","18":"instock","19":"shipping-taxable","20":"product-type-simple"},"_links":{"self":[{"href":"https:\/\/www.thecasting-factory.com\/pt\/wp-json\/wp\/v2\/product\/43","targetHints":{"allow":["GET"]}}],"collection":[{"href":"https:\/\/www.thecasting-factory.com\/pt\/wp-json\/wp\/v2\/product"}],"about":[{"href":"https:\/\/www.thecasting-factory.com\/pt\/wp-json\/wp\/v2\/types\/product"}],"version-history":[{"count":0,"href":"https:\/\/www.thecasting-factory.com\/pt\/wp-json\/wp\/v2\/product\/43\/revisions"}],"wp:featuredmedia":[{"embeddable":true,"href":"https:\/\/www.thecasting-factory.com\/pt\/wp-json\/wp\/v2\/media\/44"}],"wp:attachment":[{"href":"https:\/\/www.thecasting-factory.com\/pt\/wp-json\/wp\/v2\/media?parent=43"}],"wp:term":[{"taxonomy":"product_cat","embeddable":true,"href":"https:\/\/www.thecasting-factory.com\/pt\/wp-json\/wp\/v2\/product_cat?post=43"},{"taxonomy":"product_tag","embeddable":true,"href":"https:\/\/www.thecasting-factory.com\/pt\/wp-json\/wp\/v2\/product_tag?post=43"}],"curies":[{"name":"wp","href":"https:\/\/api.w.org\/{rel}","templated":true}]}}