{"id":41,"date":"2024-11-21T11:18:38","date_gmt":"2024-11-21T03:18:38","guid":{"rendered":"https:\/\/pingheng.globaldeepsea.site\/?post_type=product&#038;p=41"},"modified":"2024-11-21T11:18:38","modified_gmt":"2024-11-21T03:18:38","slug":"pull-ring-brass-precision-casting","status":"publish","type":"product","link":"https:\/\/www.thecasting-factory.com\/pt\/product\/pull-ring-brass-precision-casting\/","title":{"rendered":"Pull Ring-Brass Precision Casting"},"content":{"rendered":"<h3><strong>DESCRI\u00c7\u00c3O DO PRODUTO<\/strong><\/h3>\n<p>Este \u00e9 um acess\u00f3rio el\u00e9trico, o nome \u00e9 o anel de tra\u00e7\u00e3o.<br \/>\nO bronze de sil\u00edcio \u00e9 um tipo de cobre com boas propriedades mec\u00e2nicas, resist\u00eancia \u00e0 corros\u00e3o, desempenho de processamento, por isso \u00e9 amplamente utilizado na ind\u00fastria de fabrica\u00e7\u00e3o de m\u00e1quinas, ind\u00fastria de constru\u00e7\u00e3o naval, ind\u00fastria de energia, ind\u00fastria da constru\u00e7\u00e3o.<br \/>\nDificuldades do processo de fundi\u00e7\u00e3o de precis\u00e3o de cobre:<br \/>\nControle de temperatura de fus\u00e3o: O ponto de fus\u00e3o do cobre \u00e9 alto, \u00e9 necess\u00e1rio controlar estritamente a temperatura de fus\u00e3o, para evitar superaquecimento ou superolora\u00e7\u00e3o, resultando em um decl\u00ednio nas propriedades do material.<br \/>\nFluidez de metal l\u00edquido: O cobre no estado l\u00edquido do estado l\u00edquido da fluidez \u00e9 melhor, mas tamb\u00e9m \u00e9 f\u00e1cil levar ao fluxo desigual de metal l\u00edquido no molde, a necessidade de garantir que o material seja totalmente preenchido com detalhes do molde atrav\u00e9s do design de um sistema de vazamento razo\u00e1vel e press\u00e3o para garantir que os detalhes do molde.<br \/>\nProblema de oxida\u00e7\u00e3o: o cobre \u00e9 suscet\u00edvel \u00e0 oxida\u00e7\u00e3o, \u00e9 necess\u00e1rio reduzir o impacto da oxida\u00e7\u00e3o na qualidade das pe\u00e7as fundidas atrav\u00e9s de um projeto razo\u00e1vel do sistema de vazamento, bem como o controle da temperatura de vazamento e velocidade de vazamento.<\/p>\n<h3>\n<strong>Hist\u00f3ria do desenvolvimento<\/strong><\/h3>\n<p>O produto na fase de amostra de teste, de tempos em tempos, lan\u00e7ando rachaduras, resultando em uma baixa taxa de passagem; Nossa equipe t\u00e9cnica atrav\u00e9s de muitas rodadas de verifica\u00e7\u00e3o de amostras de teste e, finalmente, resolveu o problema e, finalmente, atende \u00e0s condi\u00e7\u00f5es da produ\u00e7\u00e3o em massa.<br \/>\nEste produto \u00e9 um produto maduro da nossa empresa e est\u00e1 em suprimento de lotes est\u00e1veis desde o in\u00edcio da produ\u00e7\u00e3o em massa em 2017;<br \/>\nNossa empresa possui uma forte equipe de desenvolvimento t\u00e9cnico, com a capacidade de desenvolver uma variedade de pe\u00e7as moldadas no campo de fundi\u00e7\u00e3o de precis\u00e3o, buscando a excel\u00eancia, para fornecer aos clientes produtos e servi\u00e7os eficientes e de alta qualidade sempre foram a nossa ades\u00e3o ao conceito.<\/p>","protected":false},"excerpt":{"rendered":"<p>Este \u00e9 um acess\u00f3rio el\u00e9trico de energia<\/p>\n<p><strong>Especifica\u00e7\u00e3o da parte lxwxh:<\/strong>79mmx96mmx18mm, espessura da parede: 10mm, peso: 240g.<\/p>\n<p><strong>Material:<\/strong> Bronze de sil\u00edcio<\/p>","protected":false},"featured_media":42,"template":"","meta":[],"product_cat":[16],"product_tag":[32,30,29,28,39,27,44,45],"class_list":{"0":"post-41","1":"product","2":"type-product","3":"status-publish","4":"has-post-thumbnail","6":"product_cat-copper-alloy","7":"product_tag-copper-alloy-investment-castings","8":"product_tag-copper-alloy-precision-castings","9":"product_tag-copper-castings","10":"product_tag-investment-casting","11":"product_tag-medium-temperature-wax-process-copper-castings","12":"product_tag-precision-casting","13":"product_tag-silicon-bronze-precision-castings","14":"product_tag-silicone-sol-process-copper-castingsgs","16":"first","17":"instock","18":"shipping-taxable","19":"product-type-simple"},"_links":{"self":[{"href":"https:\/\/www.thecasting-factory.com\/pt\/wp-json\/wp\/v2\/product\/41","targetHints":{"allow":["GET"]}}],"collection":[{"href":"https:\/\/www.thecasting-factory.com\/pt\/wp-json\/wp\/v2\/product"}],"about":[{"href":"https:\/\/www.thecasting-factory.com\/pt\/wp-json\/wp\/v2\/types\/product"}],"version-history":[{"count":0,"href":"https:\/\/www.thecasting-factory.com\/pt\/wp-json\/wp\/v2\/product\/41\/revisions"}],"wp:featuredmedia":[{"embeddable":true,"href":"https:\/\/www.thecasting-factory.com\/pt\/wp-json\/wp\/v2\/media\/42"}],"wp:attachment":[{"href":"https:\/\/www.thecasting-factory.com\/pt\/wp-json\/wp\/v2\/media?parent=41"}],"wp:term":[{"taxonomy":"product_cat","embeddable":true,"href":"https:\/\/www.thecasting-factory.com\/pt\/wp-json\/wp\/v2\/product_cat?post=41"},{"taxonomy":"product_tag","embeddable":true,"href":"https:\/\/www.thecasting-factory.com\/pt\/wp-json\/wp\/v2\/product_tag?post=41"}],"curies":[{"name":"wp","href":"https:\/\/api.w.org\/{rel}","templated":true}]}}