{"id":37,"date":"2024-11-21T11:13:49","date_gmt":"2024-11-21T03:13:49","guid":{"rendered":"https:\/\/pingheng.globaldeepsea.site\/?post_type=product&#038;p=37"},"modified":"2024-11-21T11:13:49","modified_gmt":"2024-11-21T03:13:49","slug":"inlet-and-outlet-chambers-copper-precision-castings","status":"publish","type":"product","link":"https:\/\/www.thecasting-factory.com\/pt\/product\/inlet-and-outlet-chambers-copper-precision-castings\/","title":{"rendered":"Cascas de precis\u00e3o de entrada e sa\u00edda de entrada e sa\u00edda"},"content":{"rendered":"<h3><strong>DESCRI\u00c7\u00c3O DO PRODUTO<\/strong><\/h3>\n<p>Esta \u00e9 uma parte usada nos componentes dos vasos marinhos, sistema de trocador de calor de \u00e1gua fresca e de \u00e1gua doce, o nome \u00e9 uma c\u00e2mara de entrada e sa\u00edda de \u00e1gua<br \/>\nO ZCUSN12 \u00e9 a mat\u00e9ria-prima usada para fazer bronze de lata, uma liga de metal n\u00e3o ferrosa que tem o menor grau de encolhimento durante a fundi\u00e7\u00e3o, o que o torna perfeito para pe\u00e7as fundidas com padr\u00f5es complexos e caracter\u00edsticas n\u00edtidas. O bronze de lata \u00e9 amplamente utilizado em caldeiras a vapor e em se\u00e7\u00f5es de navios mar\u00edtimos devido \u00e0 sua resist\u00eancia \u00e0 corros\u00e3o no vapor, \u00e1gua doce, meio ambiente e \u00e1gua do mar.<\/p>\n<h3>\n<strong>Recursos do produto<\/strong><\/h3>\n<p>1. Devido aos requisitos de veda\u00e7\u00e3o deste produto, existem requisitos r\u00edgidos de controle para o processo de fundi\u00e7\u00e3o.<br \/>\n2. Quando fundido, o cobre derrete em um ponto de fus\u00e3o mais baixo do que o a\u00e7o e as liquefias com um bom grau de fluidez. Mas isso pode facilmente causar o l\u00edquido de metal no molde fluir de forma desigual.<br \/>\n3. O cobre durante o processo de fundi\u00e7\u00e3o pode levar rapidamente a problemas de oxida\u00e7\u00e3o.<br \/>\nEssas caracter\u00edsticas explicam a baixa taxa de certifica\u00e7\u00e3o de fundi\u00e7\u00e3o de precis\u00e3o de cobre.<br \/>\nA partir do recebimento do projeto, nossa equipe t\u00e9cnica trabalhou noite e dia para superar as dificuldades e, atrav\u00e9s da otimiza\u00e7\u00e3o cont\u00ednua do sistema de vazamento, controle da temperatura de vazamento e taxa de fluxo, o projeto foi finalmente desenvolvido com sucesso e formado em produ\u00e7\u00e3o em massa.<br \/>\nNossa empresa tem muita experi\u00eancia no campo do elenco de cobre porque este produto est\u00e1 em fornecimento constante h\u00e1 11 anos e est\u00e1 em produ\u00e7\u00e3o em massa desde 2013;<br \/>\nNossa empresa possui uma forte equipe de desenvolvimento t\u00e9cnico, com o desenvolvimento de elenco de precis\u00e3o de v\u00e1rias pe\u00e7as moldadas no campo da capacidade e para fornecer servi\u00e7os integrados, desde o elenco \u00e0 usinagem, buscando a excel\u00eancia, para fornecer aos clientes produtos e servi\u00e7os eficientes e de alta qualidade sempre foram adquiridos ao conceito.<\/p>\n<p><img fetchpriority=\"high\" decoding=\"async\" class=\"alignnone size-medium wp-image-38\" src=\"https:\/\/pingheng.globaldeepsea.site\/wp-content\/uploads\/2024\/11\/Inlet-and-outlet-chambers-copper-precision-castings-300x300.webp\" alt=\"\" width=\"300\" height=\"300\" srcset=\"https:\/\/www.thecasting-factory.com\/wp-content\/uploads\/2024\/11\/Inlet-and-outlet-chambers-copper-precision-castings-300x300.webp 300w, https:\/\/www.thecasting-factory.com\/wp-content\/uploads\/2024\/11\/Inlet-and-outlet-chambers-copper-precision-castings-150x150.webp 150w, https:\/\/www.thecasting-factory.com\/wp-content\/uploads\/2024\/11\/Inlet-and-outlet-chambers-copper-precision-castings-768x768.webp 768w, https:\/\/www.thecasting-factory.com\/wp-content\/uploads\/2024\/11\/Inlet-and-outlet-chambers-copper-precision-castings-600x600.webp 600w, https:\/\/www.thecasting-factory.com\/wp-content\/uploads\/2024\/11\/Inlet-and-outlet-chambers-copper-precision-castings-100x100.webp 100w, https:\/\/www.thecasting-factory.com\/wp-content\/uploads\/2024\/11\/Inlet-and-outlet-chambers-copper-precision-castings.webp 1000w\" sizes=\"(max-width: 300px) 100vw, 300px\" \/><img decoding=\"async\" class=\"alignnone size-medium wp-image-39\" src=\"https:\/\/pingheng.globaldeepsea.site\/wp-content\/uploads\/2024\/11\/precision-castings-300x300.webp\" alt=\"\" width=\"300\" height=\"300\" srcset=\"https:\/\/www.thecasting-factory.com\/wp-content\/uploads\/2024\/11\/precision-castings-300x300.webp 300w, https:\/\/www.thecasting-factory.com\/wp-content\/uploads\/2024\/11\/precision-castings-150x150.webp 150w, https:\/\/www.thecasting-factory.com\/wp-content\/uploads\/2024\/11\/precision-castings-768x768.webp 768w, https:\/\/www.thecasting-factory.com\/wp-content\/uploads\/2024\/11\/precision-castings-600x600.webp 600w, https:\/\/www.thecasting-factory.com\/wp-content\/uploads\/2024\/11\/precision-castings-100x100.webp 100w, https:\/\/www.thecasting-factory.com\/wp-content\/uploads\/2024\/11\/precision-castings.webp 1000w\" sizes=\"(max-width: 300px) 100vw, 300px\" \/><img decoding=\"async\" class=\"alignnone size-medium wp-image-40\" src=\"https:\/\/pingheng.globaldeepsea.site\/wp-content\/uploads\/2024\/11\/COPPER-precision-castings-300x300.webp\" alt=\"\" width=\"300\" height=\"300\" srcset=\"https:\/\/www.thecasting-factory.com\/wp-content\/uploads\/2024\/11\/COPPER-precision-castings-300x300.webp 300w, https:\/\/www.thecasting-factory.com\/wp-content\/uploads\/2024\/11\/COPPER-precision-castings-150x150.webp 150w, https:\/\/www.thecasting-factory.com\/wp-content\/uploads\/2024\/11\/COPPER-precision-castings-768x768.webp 768w, https:\/\/www.thecasting-factory.com\/wp-content\/uploads\/2024\/11\/COPPER-precision-castings-600x600.webp 600w, https:\/\/www.thecasting-factory.com\/wp-content\/uploads\/2024\/11\/COPPER-precision-castings-100x100.webp 100w, https:\/\/www.thecasting-factory.com\/wp-content\/uploads\/2024\/11\/COPPER-precision-castings.webp 1000w\" sizes=\"(max-width: 300px) 100vw, 300px\" \/><\/p>","protected":false},"excerpt":{"rendered":"<p>Esta \u00e9 uma parte usada em componentes da embarca\u00e7\u00e3o marinha, sistema de trocador de calor de \u00e1gua fresca do mar.<\/p>\n<p><strong>A especifica\u00e7\u00e3o da pe\u00e7a \u00e9 lxwxh:<\/strong>235mmx232mmx100mm, espessura da parede: 6mm, peso: 6,52 kg.<\/p>\n<p><strong>Material:<\/strong>ZCuSn12.<\/p>\n<p><strong>Requisitos de teste do produto:<\/strong> Teste de aperto de ar, passe 0,5MPa de ar comprimido, mant\u00e9m press\u00e3o por 1min, sem vazamento.<\/p>","protected":false},"featured_media":38,"template":"","meta":[],"product_cat":[16],"product_tag":[31,32,30,29,43,28,35,27,42],"class_list":{"0":"post-37","1":"product","2":"type-product","3":"status-publish","4":"has-post-thumbnail","6":"product_cat-copper-alloy","7":"product_tag-copper-alloy-castings","8":"product_tag-copper-alloy-investment-castings","9":"product_tag-copper-alloy-precision-castings","10":"product_tag-copper-castings","11":"product_tag-copper-castings-for-fresh-and-sea-water-heat-exchangers","12":"product_tag-investment-casting","13":"product_tag-marine-copper-castings","14":"product_tag-precision-casting","15":"product_tag-zcusn12-material-copper-casting","17":"first","18":"instock","19":"shipping-taxable","20":"product-type-simple"},"_links":{"self":[{"href":"https:\/\/www.thecasting-factory.com\/pt\/wp-json\/wp\/v2\/product\/37","targetHints":{"allow":["GET"]}}],"collection":[{"href":"https:\/\/www.thecasting-factory.com\/pt\/wp-json\/wp\/v2\/product"}],"about":[{"href":"https:\/\/www.thecasting-factory.com\/pt\/wp-json\/wp\/v2\/types\/product"}],"version-history":[{"count":0,"href":"https:\/\/www.thecasting-factory.com\/pt\/wp-json\/wp\/v2\/product\/37\/revisions"}],"wp:featuredmedia":[{"embeddable":true,"href":"https:\/\/www.thecasting-factory.com\/pt\/wp-json\/wp\/v2\/media\/38"}],"wp:attachment":[{"href":"https:\/\/www.thecasting-factory.com\/pt\/wp-json\/wp\/v2\/media?parent=37"}],"wp:term":[{"taxonomy":"product_cat","embeddable":true,"href":"https:\/\/www.thecasting-factory.com\/pt\/wp-json\/wp\/v2\/product_cat?post=37"},{"taxonomy":"product_tag","embeddable":true,"href":"https:\/\/www.thecasting-factory.com\/pt\/wp-json\/wp\/v2\/product_tag?post=37"}],"curies":[{"name":"wp","href":"https:\/\/api.w.org\/{rel}","templated":true}]}}