{"id":33,"date":"2024-11-21T11:08:17","date_gmt":"2024-11-21T03:08:17","guid":{"rendered":"https:\/\/pingheng.globaldeepsea.site\/?post_type=product&#038;p=33"},"modified":"2024-11-21T11:08:18","modified_gmt":"2024-11-21T03:08:18","slug":"hingelower-precision-casting-for-elf-fus","status":"publish","type":"product","link":"https:\/\/www.thecasting-factory.com\/pt\/product\/hingelower-precision-casting-for-elf-fus\/","title":{"rendered":"dobradi\u00e7a: fundi\u00e7\u00e3o de precis\u00e3o mais baixa para fus de elfo"},"content":{"rendered":"<h3><strong>DESCRI\u00c7\u00c3O DO PRODUTO<\/strong><\/h3>\n<p>Este \u00e9 um acess\u00f3rio el\u00e9trico de energia, o nome \u00e9 dobradi\u00e7a<br \/>\nBrass vermelha C83600 \u00e9 uma boa propriedade mec\u00e2nica, resist\u00eancia \u00e0 corros\u00e3o, desempenho de processamento, por isso \u00e9 amplamente utilizado na fabrica\u00e7\u00e3o de acess\u00f3rios el\u00e9tricos de energia el\u00e9trica, v\u00e1lvulas, tubos, acess\u00f3rios, corpo da bomba e pe\u00e7as decorativas.<br \/>\nAs dificuldades do processo de fundi\u00e7\u00e3o de precis\u00e3o de cobre:<br \/>\nControle de temperatura de fus\u00e3o: o ponto de fus\u00e3o do cobre \u00e9 alto, a necessidade de controlar estritamente a temperatura de fus\u00e3o, para evitar superaquecimento ou sobrecria\u00e7\u00e3o, resultando em um decl\u00ednio nas propriedades do material.<br \/>\nMobilidade de metal l\u00edquido: o cobre no estado l\u00edquido de mobilidade \u00e9 melhor, mas tamb\u00e9m \u00e9 f\u00e1cil levar ao fluxo desigual de metal l\u00edquido no molde, voc\u00ea precisa garantir que o material seja totalmente preenchido com detalhes do molde atrav\u00e9s do design razo\u00e1vel do sistema de vazamento e da press\u00e3o para garantir que o material.<br \/>\nProblema de oxida\u00e7\u00e3o: o cobre \u00e9 suscet\u00edvel \u00e0 oxida\u00e7\u00e3o, \u00e9 necess\u00e1rio reduzir o impacto da oxida\u00e7\u00e3o na qualidade das pe\u00e7as fundidas atrav\u00e9s de um projeto razo\u00e1vel do sistema de vazamento, bem como o controle da temperatura de vazamento e velocidade de vazamento.<\/p>\n<h3>\n<strong>Hist\u00f3ria do desenvolvimento\u00a0<\/strong><\/h3>\n<p>Este projeto come\u00e7ou a partir do ponto fixo, a demanda do cliente pelo ciclo de entrega \u00e9 muito curta, nossas amostras de teste uma vez, podem atender ao tempo de entrega do cliente no prazo e, em um curto per\u00edodo de tempo, para formar uma produ\u00e7\u00e3o em massa, atualmente, o produto para nossa empresa ordena um dos maiores produtos, o fornecimento anual de at\u00e9 200.000 pe\u00e7as;<br \/>\nNossa empresa possui uma forte equipe de desenvolvimento t\u00e9cnico, com a capacidade de desenvolver uma variedade de pe\u00e7as moldadas no campo da fundi\u00e7\u00e3o de precis\u00e3o, e tem uma vasta experi\u00eancia no elenco de precis\u00e3o de cobre, para fornecer um servi\u00e7o integrado da fundi\u00e7\u00e3o \u00e0 usinagem; Esforce-se por excel\u00eancia, para fornecer aos clientes produtos e servi\u00e7os eficientes e de alta qualidade, sempre foi a nossa ades\u00e3o ao conceito.<\/p>\n<h3>\n<strong>Displays de produtos\u00a0<\/strong><\/h3>\n<p><img fetchpriority=\"high\" decoding=\"async\" class=\"alignnone size-medium wp-image-35\" src=\"https:\/\/pingheng.globaldeepsea.site\/wp-content\/uploads\/2024\/11\/lower-precision-casting-for-elf-fus-1-300x300.webp\" alt=\"\" width=\"300\" height=\"300\" srcset=\"https:\/\/www.thecasting-factory.com\/wp-content\/uploads\/2024\/11\/lower-precision-casting-for-elf-fus-1-300x300.webp 300w, https:\/\/www.thecasting-factory.com\/wp-content\/uploads\/2024\/11\/lower-precision-casting-for-elf-fus-1-150x150.webp 150w, https:\/\/www.thecasting-factory.com\/wp-content\/uploads\/2024\/11\/lower-precision-casting-for-elf-fus-1-768x768.webp 768w, https:\/\/www.thecasting-factory.com\/wp-content\/uploads\/2024\/11\/lower-precision-casting-for-elf-fus-1-600x600.webp 600w, https:\/\/www.thecasting-factory.com\/wp-content\/uploads\/2024\/11\/lower-precision-casting-for-elf-fus-1-100x100.webp 100w, https:\/\/www.thecasting-factory.com\/wp-content\/uploads\/2024\/11\/lower-precision-casting-for-elf-fus-1.webp 1000w\" sizes=\"(max-width: 300px) 100vw, 300px\" \/><img decoding=\"async\" class=\"alignnone size-medium wp-image-36\" src=\"https:\/\/pingheng.globaldeepsea.site\/wp-content\/uploads\/2024\/11\/lower-precision-casting-300x300.webp\" alt=\"\" width=\"300\" height=\"300\" srcset=\"https:\/\/www.thecasting-factory.com\/wp-content\/uploads\/2024\/11\/lower-precision-casting-300x300.webp 300w, https:\/\/www.thecasting-factory.com\/wp-content\/uploads\/2024\/11\/lower-precision-casting-150x150.webp 150w, https:\/\/www.thecasting-factory.com\/wp-content\/uploads\/2024\/11\/lower-precision-casting-768x768.webp 768w, https:\/\/www.thecasting-factory.com\/wp-content\/uploads\/2024\/11\/lower-precision-casting-600x600.webp 600w, https:\/\/www.thecasting-factory.com\/wp-content\/uploads\/2024\/11\/lower-precision-casting-100x100.webp 100w, https:\/\/www.thecasting-factory.com\/wp-content\/uploads\/2024\/11\/lower-precision-casting.webp 1000w\" sizes=\"(max-width: 300px) 100vw, 300px\" \/><\/p>","protected":false},"excerpt":{"rendered":"<p>Esta \u00e9 uma pe\u00e7a el\u00e9trica de energia<\/p>\n<p><strong>Especifica\u00e7\u00e3o da parte lxwxh:<\/strong>76mmx80mmx28mm, espessura da parede 4mm: Peso: 250g.<\/p>\n<p><strong>Material:<\/strong> Brass vermelha C83600<\/p>","protected":false},"featured_media":34,"template":"","meta":[],"product_cat":[16],"product_tag":[31,32,30,29,41,28,27,40],"class_list":{"0":"post-33","1":"product","2":"type-product","3":"status-publish","4":"has-post-thumbnail","6":"product_cat-copper-alloy","7":"product_tag-copper-alloy-castings","8":"product_tag-copper-alloy-investment-castings","9":"product_tag-copper-alloy-precision-castings","10":"product_tag-copper-castings","11":"product_tag-copper-castings-for-electric-power-and-electric-appliances","12":"product_tag-investment-casting","13":"product_tag-precision-casting","14":"product_tag-red-brass-c83600-material-copper-casting","16":"first","17":"instock","18":"shipping-taxable","19":"product-type-simple"},"_links":{"self":[{"href":"https:\/\/www.thecasting-factory.com\/pt\/wp-json\/wp\/v2\/product\/33","targetHints":{"allow":["GET"]}}],"collection":[{"href":"https:\/\/www.thecasting-factory.com\/pt\/wp-json\/wp\/v2\/product"}],"about":[{"href":"https:\/\/www.thecasting-factory.com\/pt\/wp-json\/wp\/v2\/types\/product"}],"version-history":[{"count":0,"href":"https:\/\/www.thecasting-factory.com\/pt\/wp-json\/wp\/v2\/product\/33\/revisions"}],"wp:featuredmedia":[{"embeddable":true,"href":"https:\/\/www.thecasting-factory.com\/pt\/wp-json\/wp\/v2\/media\/34"}],"wp:attachment":[{"href":"https:\/\/www.thecasting-factory.com\/pt\/wp-json\/wp\/v2\/media?parent=33"}],"wp:term":[{"taxonomy":"product_cat","embeddable":true,"href":"https:\/\/www.thecasting-factory.com\/pt\/wp-json\/wp\/v2\/product_cat?post=33"},{"taxonomy":"product_tag","embeddable":true,"href":"https:\/\/www.thecasting-factory.com\/pt\/wp-json\/wp\/v2\/product_tag?post=33"}],"curies":[{"name":"wp","href":"https:\/\/api.w.org\/{rel}","templated":true}]}}