{"id":31,"date":"2024-11-21T11:01:41","date_gmt":"2024-11-21T03:01:41","guid":{"rendered":"https:\/\/pingheng.globaldeepsea.site\/?post_type=product&#038;p=31"},"modified":"2024-11-21T11:01:42","modified_gmt":"2024-11-21T03:01:42","slug":"brake-ringcopper-precision-casting-parts","status":"publish","type":"product","link":"https:\/\/www.thecasting-factory.com\/pt\/product\/brake-ringcopper-precision-casting-parts\/","title":{"rendered":"Anel de freio: pe\u00e7as de fundi\u00e7\u00e3o de precis\u00e3o de cobre"},"content":{"rendered":"<h3><strong>DESCRI\u00c7\u00c3O DO PRODUTO<\/strong><\/h3>\n<p>Este \u00e9 um acess\u00f3rio el\u00e9trico de energia, usado em produtos de uma empresa de renome internacional acima dos acess\u00f3rios, o anel de freio de nome<br \/>\nO bronze possui boa resist\u00eancia \u00e0 corros\u00e3o, alta resist\u00eancia, boa condutividade t\u00e9rmica, bom desempenho de processamento, por isso \u00e9 amplamente utilizado na fabrica\u00e7\u00e3o de acess\u00f3rios de energia el\u00e9trica, v\u00e1lvulas, tubula\u00e7\u00f5es, acess\u00f3rios para tubos, bombas e pe\u00e7as decorativas.<br \/>\nDificuldades do processo de fundi\u00e7\u00e3o de precis\u00e3o de cobre:<br \/>\nControle da temperatura de fus\u00e3o: como o cobre possui um alto ponto de fus\u00e3o, \u00e9 importante regular cuidadosamente a temperatura de fus\u00e3o para impedir que as qualidades do material diminuam devido ao superaquecimento ou superolora\u00e7\u00e3o.<br \/>\nMobilidade de metal l\u00edquido: O cobre \u00e9 mais m\u00f3vel quando \u00e9 l\u00edquido, mas isso tamb\u00e9m pode resultar em um fluxo desigual de metal l\u00edquido dentro do molde. Para evitar isso, verifique se o material est\u00e1 totalmente preenchido com detalhes do molde usando um projeto de sistema de vazamento razo\u00e1vel e aplicando press\u00e3o.<br \/>\nProblema de oxida\u00e7\u00e3o: Como o cobre \u00e9 oxidativo, \u00e9 importante controlar a temperatura de vazamento e projetar o sistema de vazamento de uma maneira que minimize os efeitos negativos da oxida\u00e7\u00e3o na qualidade da fundi\u00e7\u00e3o.<\/p>\n<h3>\n<strong>Hist\u00f3ria do desenvolvimento<\/strong><\/h3>\n<p>Este projeto come\u00e7ou a partir do ponto fixo, a demanda do cliente por um curto ciclo de entrega, nossas amostras de avalia\u00e7\u00e3o uma vez, pode atender ao tempo de entrega do cliente no prazo e, em um curto per\u00edodo de tempo, para formar uma produ\u00e7\u00e3o em massa, atualmente, o produto para nossa empresa ordena um dos maiores produtos, o fornecimento anual de 10W +;<br \/>\nNossa empresa busca a excel\u00eancia, para fornecer aos clientes produtos e servi\u00e7os eficientes e de alta qualidade, sempre foi nossa ades\u00e3o ao conceito. Temos uma forte equipe de desenvolvimento t\u00e9cnico que pode desenvolver uma variedade de pe\u00e7as moldadas no campo de elenco de precis\u00e3o e uma riqueza de experi\u00eancia no elenco de precis\u00e3o de cobre.<\/p>","protected":false},"excerpt":{"rendered":"<p>Este \u00e9 um acess\u00f3rio el\u00e9trico de energia el\u00e9trica<\/p>\n<p><strong>Especifica\u00e7\u00e3o da parte lxwxh:<\/strong>80mmx80mmx10mm, peso: 190g.<\/p>\n<p><strong>Material:<\/strong> BRONZE<\/p>","protected":false},"featured_media":32,"template":"","meta":[],"product_cat":[16],"product_tag":[31,32,30,29,28,39,27,38,37],"class_list":{"0":"post-31","1":"product","2":"type-product","3":"status-publish","4":"has-post-thumbnail","6":"product_cat-copper-alloy","7":"product_tag-copper-alloy-castings","8":"product_tag-copper-alloy-investment-castings","9":"product_tag-copper-alloy-precision-castings","10":"product_tag-copper-castings","11":"product_tag-investment-casting","12":"product_tag-medium-temperature-wax-process-copper-castings","13":"product_tag-precision-casting","14":"product_tag-precision-casting-of-bronze-materials","15":"product_tag-silicone-sol-process-copper-castings","17":"first","18":"instock","19":"shipping-taxable","20":"product-type-simple"},"_links":{"self":[{"href":"https:\/\/www.thecasting-factory.com\/pt\/wp-json\/wp\/v2\/product\/31","targetHints":{"allow":["GET"]}}],"collection":[{"href":"https:\/\/www.thecasting-factory.com\/pt\/wp-json\/wp\/v2\/product"}],"about":[{"href":"https:\/\/www.thecasting-factory.com\/pt\/wp-json\/wp\/v2\/types\/product"}],"version-history":[{"count":0,"href":"https:\/\/www.thecasting-factory.com\/pt\/wp-json\/wp\/v2\/product\/31\/revisions"}],"wp:featuredmedia":[{"embeddable":true,"href":"https:\/\/www.thecasting-factory.com\/pt\/wp-json\/wp\/v2\/media\/32"}],"wp:attachment":[{"href":"https:\/\/www.thecasting-factory.com\/pt\/wp-json\/wp\/v2\/media?parent=31"}],"wp:term":[{"taxonomy":"product_cat","embeddable":true,"href":"https:\/\/www.thecasting-factory.com\/pt\/wp-json\/wp\/v2\/product_cat?post=31"},{"taxonomy":"product_tag","embeddable":true,"href":"https:\/\/www.thecasting-factory.com\/pt\/wp-json\/wp\/v2\/product_tag?post=31"}],"curies":[{"name":"wp","href":"https:\/\/api.w.org\/{rel}","templated":true}]}}