{"id":27,"date":"2024-11-21T10:48:18","date_gmt":"2024-11-21T02:48:18","guid":{"rendered":"https:\/\/pingheng.globaldeepsea.site\/?post_type=product&#038;p=27"},"modified":"2024-11-21T10:52:53","modified_gmt":"2024-11-21T02:52:53","slug":"inlet-and-outlet-end-caps-brass-precision-castings","status":"publish","type":"product","link":"https:\/\/www.thecasting-factory.com\/pt\/product\/inlet-and-outlet-end-caps-brass-precision-castings\/","title":{"rendered":"Cascas de precis\u00e3o de goma de entrada e sa\u00edda de entrada e sa\u00edda"},"content":{"rendered":"<h3><strong>DESCRI\u00c7\u00c3O DO PRODUTO<\/strong><\/h3>\n<p>Esta \u00e9 uma parte usada nas pe\u00e7as do navio marinho, sistema de trocador de calor de \u00e1gua doce, o nome \u00e9 chamado de entrada de entrada e sa\u00edda<br \/>\nO ZCUZN16SI4 \u00e9 um material de liga de cobre de fundi\u00e7\u00e3o com altas propriedades mec\u00e2nicas e boa resist\u00eancia \u00e0 corros\u00e3o, bom desempenho de fundi\u00e7\u00e3o, alta mobilidade, amplamente utilizada em acess\u00f3rios de tubula\u00e7\u00e3o que trabalham em contato com \u00e1gua do mar, al\u00e9m de mais bombas, impelidores, plugues e pe\u00e7as fundidas em \u00e1gua fresca, petr\u00f3leo, excelente ou melhor press\u00e3o.<\/p>\n<h3><strong>Recursos de Producti<\/strong><\/h3>\n<p>1. No campo da fundi\u00e7\u00e3o de precis\u00e3o de silicone sol, que \u00e9 considerada um grande produto, e o produto possui os requisitos de veda\u00e7\u00e3o; portanto, para os requisitos de controle de processo de fundi\u00e7\u00e3o s\u00e3o altos<br \/>\n2. Comparado com o elenco de a\u00e7o, o ponto de fus\u00e3o de cobre \u00e9 relativamente baixo, liquefeito quando a mobilidade \u00e9 relativamente boa, mas tamb\u00e9m \u00e9 f\u00e1cil levar ao metal l\u00edquido no molde, fluxo desigual<br \/>\n3.Copper no processo de fundi\u00e7\u00e3o \u00e9 f\u00e1cil de produzir problemas de oxida\u00e7\u00e3o<br \/>\nAs caracter\u00edsticas acima levam \u00e0 baixa taxa de qualifica\u00e7\u00e3o da fundi\u00e7\u00e3o de precis\u00e3o de cobre.<\/p>\n<h3><strong>Hist\u00f3ria do produto<\/strong><\/h3>\n<p>A partir do recebimento do projeto, nossa equipe t\u00e9cnica trabalhou noite e dia para superar as dificuldades e, atrav\u00e9s da otimiza\u00e7\u00e3o cont\u00ednua do sistema de vazamento, controle da temperatura de vazamento e taxa de fluxo, o projeto foi finalmente desenvolvido com sucesso e formou a produ\u00e7\u00e3o em massa;<br \/>\nEste produto est\u00e1 em produ\u00e7\u00e3o em massa desde 2013 e est\u00e1 em suprimento est\u00e1vel h\u00e1 11 anos, o que nos deu muita experi\u00eancia no campo do elenco de cobre;<br \/>\nNossa empresa possui uma forte equipe de desenvolvimento t\u00e9cnico, com o desenvolvimento de elenco de precis\u00e3o de v\u00e1rias pe\u00e7as moldadas no campo da capacidade e para fornecer servi\u00e7os integrados, desde o elenco \u00e0 usinagem, buscando a excel\u00eancia, para fornecer aos clientes produtos e servi\u00e7os eficientes e de alta qualidade sempre foram adquiridos ao conceito.<\/p>\n<h3><strong>Displays de produtos<\/strong><\/h3>\n<p><img fetchpriority=\"high\" decoding=\"async\" class=\"alignnone size-medium wp-image-29\" src=\"https:\/\/pingheng.globaldeepsea.site\/wp-content\/uploads\/2024\/11\/castings-300x300.webp\" alt=\"\" width=\"300\" height=\"300\" srcset=\"https:\/\/www.thecasting-factory.com\/wp-content\/uploads\/2024\/11\/castings-300x300.webp 300w, https:\/\/www.thecasting-factory.com\/wp-content\/uploads\/2024\/11\/castings-150x150.webp 150w, https:\/\/www.thecasting-factory.com\/wp-content\/uploads\/2024\/11\/castings-768x768.webp 768w, https:\/\/www.thecasting-factory.com\/wp-content\/uploads\/2024\/11\/castings-600x600.webp 600w, https:\/\/www.thecasting-factory.com\/wp-content\/uploads\/2024\/11\/castings-100x100.webp 100w, https:\/\/www.thecasting-factory.com\/wp-content\/uploads\/2024\/11\/castings.webp 1000w\" sizes=\"(max-width: 300px) 100vw, 300px\" \/><img decoding=\"async\" class=\"alignnone size-medium wp-image-28\" src=\"https:\/\/pingheng.globaldeepsea.site\/wp-content\/uploads\/2024\/11\/CAPS-BRASS-300x300.webp\" alt=\"\" width=\"300\" height=\"300\" srcset=\"https:\/\/www.thecasting-factory.com\/wp-content\/uploads\/2024\/11\/CAPS-BRASS-300x300.webp 300w, https:\/\/www.thecasting-factory.com\/wp-content\/uploads\/2024\/11\/CAPS-BRASS-150x150.webp 150w, https:\/\/www.thecasting-factory.com\/wp-content\/uploads\/2024\/11\/CAPS-BRASS-768x768.webp 768w, https:\/\/www.thecasting-factory.com\/wp-content\/uploads\/2024\/11\/CAPS-BRASS-600x600.webp 600w, https:\/\/www.thecasting-factory.com\/wp-content\/uploads\/2024\/11\/CAPS-BRASS-100x100.webp 100w, https:\/\/www.thecasting-factory.com\/wp-content\/uploads\/2024\/11\/CAPS-BRASS.webp 1000w\" sizes=\"(max-width: 300px) 100vw, 300px\" \/><\/p>","protected":false},"excerpt":{"rendered":"<p>Esta \u00e9 uma parte usada em componentes da embarca\u00e7\u00e3o marinha, sistema de trocador de calor de \u00e1gua fresca do mar.<\/p>\n<p><strong>A especifica\u00e7\u00e3o da parte \u00e9<\/strong> <strong>LXWXH<\/strong>:264mmx268mmx90mm, espessura da parede: 7mm, peso: 9,81kg.<\/p>\n<p><strong>Material<\/strong>:ZCuZn16Si4.<\/p>\n<p><strong>Requisitos de teste de produto<\/strong>: Teste de aperto de ar, passe 0,9MPa de ar comprimido, mantendo press\u00e3o por 30 minutos, sem vazamento.<\/p>","protected":false},"featured_media":28,"template":"","meta":[],"product_cat":[16],"product_tag":[31,32,30,29,28,35,27,37,36],"class_list":{"0":"post-27","1":"product","2":"type-product","3":"status-publish","4":"has-post-thumbnail","6":"product_cat-copper-alloy","7":"product_tag-copper-alloy-castings","8":"product_tag-copper-alloy-investment-castings","9":"product_tag-copper-alloy-precision-castings","10":"product_tag-copper-castings","11":"product_tag-investment-casting","12":"product_tag-marine-copper-castings","13":"product_tag-precision-casting","14":"product_tag-silicone-sol-process-copper-castings","15":"product_tag-zcuzn16si4-material-precision-castings","17":"first","18":"instock","19":"shipping-taxable","20":"product-type-simple"},"_links":{"self":[{"href":"https:\/\/www.thecasting-factory.com\/pt\/wp-json\/wp\/v2\/product\/27","targetHints":{"allow":["GET"]}}],"collection":[{"href":"https:\/\/www.thecasting-factory.com\/pt\/wp-json\/wp\/v2\/product"}],"about":[{"href":"https:\/\/www.thecasting-factory.com\/pt\/wp-json\/wp\/v2\/types\/product"}],"version-history":[{"count":1,"href":"https:\/\/www.thecasting-factory.com\/pt\/wp-json\/wp\/v2\/product\/27\/revisions"}],"predecessor-version":[{"id":30,"href":"https:\/\/www.thecasting-factory.com\/pt\/wp-json\/wp\/v2\/product\/27\/revisions\/30"}],"wp:featuredmedia":[{"embeddable":true,"href":"https:\/\/www.thecasting-factory.com\/pt\/wp-json\/wp\/v2\/media\/28"}],"wp:attachment":[{"href":"https:\/\/www.thecasting-factory.com\/pt\/wp-json\/wp\/v2\/media?parent=27"}],"wp:term":[{"taxonomy":"product_cat","embeddable":true,"href":"https:\/\/www.thecasting-factory.com\/pt\/wp-json\/wp\/v2\/product_cat?post=27"},{"taxonomy":"product_tag","embeddable":true,"href":"https:\/\/www.thecasting-factory.com\/pt\/wp-json\/wp\/v2\/product_tag?post=27"}],"curies":[{"name":"wp","href":"https:\/\/api.w.org\/{rel}","templated":true}]}}