{"id":20,"date":"2024-11-21T10:34:40","date_gmt":"2024-11-21T02:34:40","guid":{"rendered":"https:\/\/pingheng.globaldeepsea.site\/?post_type=product&#038;p=20"},"modified":"2024-11-21T10:57:05","modified_gmt":"2024-11-21T02:57:05","slug":"end-caps-copper-precision-castings","status":"publish","type":"product","link":"https:\/\/www.thecasting-factory.com\/pt\/product\/end-caps-copper-precision-castings\/","title":{"rendered":"End Caps-Copper Precision Castings"},"content":{"rendered":"<h3><strong>DESCRI\u00c7\u00c3O DO PRODUTO<\/strong><\/h3>\n<p>Esta \u00e9 uma parte usada em componentes do vaso marinho, sistema de trocador de calor do mar e \u00e1gua doce, o nome \u00e9 o limite final<br \/>\nAdotando o ZCUSN12 como material, o bronze de estanho \u00e9 uma liga de metal n\u00e3o ferrosa com o menor encolhimento de fundi\u00e7\u00e3o, que pode ser usado para produzir pe\u00e7as fundidas com formas complexas e contornos claros; O bronze de lata \u00e9 muito resistente \u00e0 corros\u00e3o na atmosfera, \u00e1gua do mar, \u00e1gua doce e vapor, por isso \u00e9 amplamente utilizada em caldeiras a vapor e pe\u00e7as de navio do mar;<\/p>\n<h3><strong>Recursos do produto<\/strong><\/h3>\n<p>1, no campo do elenco de investimento de Silicone Sol, que \u00e9 considerado um grande produto, e o produto possui os requisitos de veda\u00e7\u00e3o; portanto, para os requisitos de controle do processo de fundi\u00e7\u00e3o s\u00e3o altos<br \/>\n2, em compara\u00e7\u00e3o com a fundi\u00e7\u00e3o do a\u00e7o, o ponto de fus\u00e3o de cobre \u00e9 relativamente baixo, liquefeito quando a mobilidade \u00e9 relativamente boa, mas tamb\u00e9m \u00e9 f\u00e1cil levar ao metal l\u00edquido no fluxo desigual do molde<br \/>\n3, cobre no processo de fundi\u00e7\u00e3o \u00e9 f\u00e1cil de produzir problemas de oxida\u00e7\u00e3o<br \/>\nAs caracter\u00edsticas acima levam \u00e0 baixa taxa de qualifica\u00e7\u00e3o da fundi\u00e7\u00e3o de precis\u00e3o de cobre.<\/p>\n<h3><strong>Hist\u00f3ria do produto<\/strong><\/h3>\n<p>Nossa empresa tem rica experi\u00eancia t\u00e9cnica no desenvolvimento de pe\u00e7as fundidas de cobre, o produto da ordem para a produ\u00e7\u00e3o em massa \u00e9 relativamente suave;<br \/>\nProdu\u00e7\u00e3o desenvolvida e em massa a partir de 2012, suprimento cont\u00ednuo e est\u00e1vel.<br \/>\nNossa empresa possui uma forte equipe de desenvolvimento t\u00e9cnico, com a capacidade de desenvolver uma variedade de pe\u00e7as moldadas no campo de fundi\u00e7\u00e3o de precis\u00e3o e fornecer servi\u00e7os integrados, desde o elenco \u00e0 usinagem, buscando a excel\u00eancia, para fornecer aos clientes produtos e servi\u00e7os eficientes e de alta qualidade, sempre foram a nossa ades\u00e3o ao conceito.<\/p>\n<h3><strong>Displays de produtos<\/strong><\/h3>\n<p><img fetchpriority=\"high\" decoding=\"async\" class=\"alignnone size-medium wp-image-22\" src=\"https:\/\/pingheng.globaldeepsea.site\/wp-content\/uploads\/2024\/11\/casting-300x300.webp\" alt=\"\" width=\"300\" height=\"300\" srcset=\"https:\/\/www.thecasting-factory.com\/wp-content\/uploads\/2024\/11\/casting-300x300.webp 300w, https:\/\/www.thecasting-factory.com\/wp-content\/uploads\/2024\/11\/casting-150x150.webp 150w, https:\/\/www.thecasting-factory.com\/wp-content\/uploads\/2024\/11\/casting-768x768.webp 768w, https:\/\/www.thecasting-factory.com\/wp-content\/uploads\/2024\/11\/casting-600x600.webp 600w, https:\/\/www.thecasting-factory.com\/wp-content\/uploads\/2024\/11\/casting-100x100.webp 100w, https:\/\/www.thecasting-factory.com\/wp-content\/uploads\/2024\/11\/casting.webp 1000w\" sizes=\"(max-width: 300px) 100vw, 300px\" \/><img decoding=\"async\" class=\"alignnone size-medium wp-image-21\" src=\"https:\/\/pingheng.globaldeepsea.site\/wp-content\/uploads\/2024\/11\/plixu-300x300.webp\" alt=\"\" width=\"300\" height=\"300\" srcset=\"https:\/\/www.thecasting-factory.com\/wp-content\/uploads\/2024\/11\/plixu-300x300.webp 300w, https:\/\/www.thecasting-factory.com\/wp-content\/uploads\/2024\/11\/plixu-150x150.webp 150w, https:\/\/www.thecasting-factory.com\/wp-content\/uploads\/2024\/11\/plixu-768x768.webp 768w, https:\/\/www.thecasting-factory.com\/wp-content\/uploads\/2024\/11\/plixu-600x600.webp 600w, https:\/\/www.thecasting-factory.com\/wp-content\/uploads\/2024\/11\/plixu-100x100.webp 100w, https:\/\/www.thecasting-factory.com\/wp-content\/uploads\/2024\/11\/plixu.webp 1000w\" sizes=\"(max-width: 300px) 100vw, 300px\" \/><\/p>","protected":false},"excerpt":{"rendered":"<p>Esta \u00e9 uma parte usada em componentes da embarca\u00e7\u00e3o marinha, sistema de trocador de calor de \u00e1gua fresca do mar.<\/p>\n<p><strong>A especifica\u00e7\u00e3o da pe\u00e7a \u00e9 lxwxh<\/strong>:232mmx232mmx68mm, espessura da parede: 7mm, peso: 3,25kg.<\/p>\n<p><strong>Material<\/strong>:ZCuSn12.<\/p>\n<p><strong>Requisitos de teste do produto<\/strong>: Teste de aperto de ar, passe 0,5MPa de ar comprimido, mant\u00e9m press\u00e3o por 1min, sem vazamento.<\/p>","protected":false},"featured_media":25,"template":"","meta":[],"product_cat":[16],"product_tag":[31,32,30,29,34,28,35,27,33],"class_list":{"0":"post-20","1":"product","2":"type-product","3":"status-publish","4":"has-post-thumbnail","6":"product_cat-copper-alloy","7":"product_tag-copper-alloy-castings","8":"product_tag-copper-alloy-investment-castings","9":"product_tag-copper-alloy-precision-castings","10":"product_tag-copper-castings","11":"product_tag-copper-castings-for-heat-exchanger-field","12":"product_tag-investment-casting","13":"product_tag-marine-copper-castings","14":"product_tag-precision-casting","15":"product_tag-zcusn12-material-precision-castings","17":"first","18":"instock","19":"shipping-taxable","20":"product-type-simple"},"_links":{"self":[{"href":"https:\/\/www.thecasting-factory.com\/pt\/wp-json\/wp\/v2\/product\/20","targetHints":{"allow":["GET"]}}],"collection":[{"href":"https:\/\/www.thecasting-factory.com\/pt\/wp-json\/wp\/v2\/product"}],"about":[{"href":"https:\/\/www.thecasting-factory.com\/pt\/wp-json\/wp\/v2\/types\/product"}],"version-history":[{"count":1,"href":"https:\/\/www.thecasting-factory.com\/pt\/wp-json\/wp\/v2\/product\/20\/revisions"}],"predecessor-version":[{"id":26,"href":"https:\/\/www.thecasting-factory.com\/pt\/wp-json\/wp\/v2\/product\/20\/revisions\/26"}],"wp:featuredmedia":[{"embeddable":true,"href":"https:\/\/www.thecasting-factory.com\/pt\/wp-json\/wp\/v2\/media\/25"}],"wp:attachment":[{"href":"https:\/\/www.thecasting-factory.com\/pt\/wp-json\/wp\/v2\/media?parent=20"}],"wp:term":[{"taxonomy":"product_cat","embeddable":true,"href":"https:\/\/www.thecasting-factory.com\/pt\/wp-json\/wp\/v2\/product_cat?post=20"},{"taxonomy":"product_tag","embeddable":true,"href":"https:\/\/www.thecasting-factory.com\/pt\/wp-json\/wp\/v2\/product_tag?post=20"}],"curies":[{"name":"wp","href":"https:\/\/api.w.org\/{rel}","templated":true}]}}