{"id":17,"date":"2024-11-21T10:22:48","date_gmt":"2024-11-21T02:22:48","guid":{"rendered":"https:\/\/pingheng.globaldeepsea.site\/?post_type=product&#038;p=17"},"modified":"2024-11-21T10:54:30","modified_gmt":"2024-11-21T02:54:30","slug":"flange-bearing-housing-silica-sol-precision-cast-copper-alloy-casting","status":"publish","type":"product","link":"https:\/\/www.thecasting-factory.com\/pt\/product\/flange-bearing-housing-silica-sol-precision-cast-copper-alloy-casting\/","title":{"rendered":"Flange rolamento Housing S\u00edlica Sol Precision Fast Copper Light Casting"},"content":{"rendered":"<h3><strong>DESCRI\u00c7\u00c3O DO PRODUTO<\/strong><\/h3>\n<p>Esta \u00e9 uma parte usada em carros tradicionais de motor de combust\u00edvel, bombas de \u00f3leo, seu nome \u00e9 chamado assento de rolamento de flange; Requisitos t\u00e9cnicos de pe\u00e7as:<br \/>\n1. Propriedades -mec\u00e2nicas GB\/T 1176, haste de teste fundido \u00fanico, resist\u00eancia \u00e0 tra\u00e7\u00e3o \u2265220MPa, for\u00e7a de flex\u00e3o \u2265130MPa, alongamento \u22653%, dureza Brinell \u226580HBW;<br \/>\n2.A toler\u00e2ncia \u00e0 fundi\u00e7\u00e3o deve ser GB\/T 6414-DCTG6-GCTG7, a rugosidade da superf\u00edcie externa RA 6.3, o Convexo residual de corredor e limite deve estar dentro da faixa de toler\u00e2ncia em branco, o PITs n\u00e3o afetar\u00e1 a avalia\u00e7\u00e3o de tamanho da m\u00e1quina e n\u00e3o deve n\u00e3o haver defeitos de fundi\u00e7\u00e3o que afetam a fun\u00e7\u00e3o de uso.<br \/>\n3. Low Power Requisitos: A superf\u00edcie da fundi\u00e7\u00e3o n\u00e3o pode ter rachaduras, poros, cristais de penas; \uf0b7 N\u00e3o s\u00e3o permitidas pequenas inclus\u00f5es de superf\u00edcie, grandes inclus\u00f5es superficiais n\u00e3o s\u00e3o permitidas maiores que 0,5 mm\u00b2; \uf0b7 Tamanho e porosidade do gr\u00e3o \u22643 grau;<br \/>\n4. Depois de adicionar a m\u00e1quina de orif\u00edcio de refer\u00eancia (depois de cortar sobre IMM), n\u00e3o s\u00e3o permitidos orif\u00edcios soltos que o IMM '.<br \/>\n5, as subst\u00e2ncias usadas atendem aos requisitos dos regulamentos GB\/T 30512 e CE ROHS2.0.<\/p>\n<h3><strong>Antecedentes de desenvolvimento<\/strong><\/h3>\n<p>1.Este \u00e9 um novo cliente e a primeira vez que desenvolvemos essas partes<br \/>\n2. Depois da investiga\u00e7\u00e3o de ambas as partes, assinamos o \"Contrato de Desenvolvimento de Moldes\", \"Contrato de Produ\u00e7\u00e3o de Estudos de Produto\" e \"Contrato de Integridade de Fornecedores\" antes do desenvolvimento.<br \/>\n3.O ciclo de desenvolvimento deste produto \u00e9 curto, o primeiro tempo de entrega de amostra \u00e9 de 40 dias, o processamento do produto \u00e9 dif\u00edcil, a toler\u00e2ncia ao orif\u00edcio de montagem \u00e9 de \u00b1 0,012 mm, desde o in\u00edcio do recebimento do aviso de desenvolvimento, fomos liderados pelo departamento de projeto e participamos pessoalmente do chefe. Ap\u00f3s v\u00e1rias rodadas de avalia\u00e7\u00e3o de reuni\u00f5es e verifica\u00e7\u00e3o no local, investimos novos equipamentos de processamento e finalmente conclu\u00edmos os requisitos do cliente ao enviar amostras pela segunda vez.<br \/>\nNossa empresa possui uma forte equipe de desenvolvimento t\u00e9cnico, com a capacidade de desenvolver pe\u00e7as de OEM no campo da fundi\u00e7\u00e3o de precis\u00e3o, e fornecer servi\u00e7os integrados, de branco \u00e0 usinagem; A excel\u00eancia, para fornecer aos clientes que produtos e servi\u00e7os de qualidade eficientes t\u00eam sido nossa filosofia.<\/p>","protected":false},"excerpt":{"rendered":"<p>Este \u00e9 um componente usado em bombas de \u00f3leo;<\/p>\n<p><strong>Especifica\u00e7\u00f5es de pe\u00e7a comprimento x largura x altura<\/strong> :\u03c6128mmx38.5mm, peso: 1,42 kg;<\/p>\n<p><strong>Material<\/strong> \uff1a ZCUSN10P1<\/p>","protected":false},"featured_media":18,"template":"","meta":[],"product_cat":[16],"product_tag":[26,21,19,24,22,25,23,20],"class_list":{"0":"post-17","1":"product","2":"type-product","3":"status-publish","4":"has-post-thumbnail","6":"product_cat-copper-alloy","7":"product_tag-copper-alloy-casting-foundry","8":"product_tag-copper-alloy-flange-bearing-housing","9":"product_tag-flange-bearing-housing-copper-alloy-casting","10":"product_tag-flange-bearing-housing-manufacturer","11":"product_tag-precision-cast-copper-bearing-housing","12":"product_tag-precision-casting-supplier","13":"product_tag-silica-sol-copper-alloy-casting","14":"product_tag-silica-sol-precision-casting","16":"first","17":"instock","18":"shipping-taxable","19":"product-type-simple"},"_links":{"self":[{"href":"https:\/\/www.thecasting-factory.com\/pt\/wp-json\/wp\/v2\/product\/17","targetHints":{"allow":["GET"]}}],"collection":[{"href":"https:\/\/www.thecasting-factory.com\/pt\/wp-json\/wp\/v2\/product"}],"about":[{"href":"https:\/\/www.thecasting-factory.com\/pt\/wp-json\/wp\/v2\/types\/product"}],"version-history":[{"count":0,"href":"https:\/\/www.thecasting-factory.com\/pt\/wp-json\/wp\/v2\/product\/17\/revisions"}],"wp:featuredmedia":[{"embeddable":true,"href":"https:\/\/www.thecasting-factory.com\/pt\/wp-json\/wp\/v2\/media\/18"}],"wp:attachment":[{"href":"https:\/\/www.thecasting-factory.com\/pt\/wp-json\/wp\/v2\/media?parent=17"}],"wp:term":[{"taxonomy":"product_cat","embeddable":true,"href":"https:\/\/www.thecasting-factory.com\/pt\/wp-json\/wp\/v2\/product_cat?post=17"},{"taxonomy":"product_tag","embeddable":true,"href":"https:\/\/www.thecasting-factory.com\/pt\/wp-json\/wp\/v2\/product_tag?post=17"}],"curies":[{"name":"wp","href":"https:\/\/api.w.org\/{rel}","templated":true}]}}