{"id":64,"date":"2024-11-21T13:12:04","date_gmt":"2024-11-21T05:12:04","guid":{"rendered":"https:\/\/pingheng.globaldeepsea.site\/?post_type=product&#038;p=64"},"modified":"2024-11-21T13:12:04","modified_gmt":"2024-11-21T05:12:04","slug":"heat-exchanger-water-tube-stainless-steel-investment-castings-2","status":"publish","type":"product","link":"https:\/\/www.thecasting-factory.com\/pl\/product\/heat-exchanger-water-tube-stainless-steel-investment-castings-2\/","title":{"rendered":"Rurka wodna wymiennik ciep\u0142a - odlewy inwestycyjne ze stali nierdzewnej"},"content":{"rendered":"<h3><strong>Opis produktu<\/strong><\/h3>\n<p>Jest to cz\u0119\u015b\u0107 u\u017cywana w systemie wymiany ciep\u0142a pojazd\u00f3w u\u017cytkowych, nazwa to rura wodna.<br \/>\nWykonany jest z materia\u0142u 304 ze stali nierdzewnej, kt\u00f3ry ma zalety oporno\u015bci w wysokiej temperaturze, odporno\u015bci na korozj\u0119 itp. Jest szeroko stosowany w dziedzinie precyzyjnych cz\u0119\u015bci odlewniczych, takich jak samoch\u00f3d, maszyny \u017cywno\u015bciowe, korpus zaworu i pompa.<\/p>\n<h3><strong>Funkcje produktu<\/strong><\/h3>\n<p>1. cienki, du\u017cy rozmiar i istnienie wielokierunkowego zginania, do produkcji form woskowych i odlew\u00f3w maj\u0105 wy\u017csze wymagania<br \/>\n2. Produkt ma wymagania dotycz\u0105ce uszczelnienia dla wad odlewu w kontroli wysokich wymaga\u0144<br \/>\nTakie jak Rysunek 2, odpowiednio, dla interfejsu zewn\u0119trznego, Rysunek 2 przy u\u017cyciu przetwarzania w celu zapewnienia rozmiaru twardego po\u0142\u0105czenia, aby zapewni\u0107 uszczelnienie; Rysunek 3 pod\u0142\u0105czony do ko\u0144ca gumowej rurki, wi\u0119c rozmiar stosunkowo niskich wymaga\u0144<br \/>\nRycina 4, wi\u0119c koniec powierzchni po\u0142\u0105czenia nie jest przetwarzany, dlatego u\u017cywamy kszta\u0142towania, aby zapewni\u0107 okr\u0105g\u0142o\u015b\u0107 produktu, aby spe\u0142ni\u0107 wymagania dotycz\u0105ce wydajno\u015bci.<br \/>\nTen produkt jest dojrza\u0142ym produktem naszej firmy i jest dostarczany luzem od wielu lat, jak dot\u0105d roczna ilo\u015b\u0107 wynosi oko\u0142o 20 000 sztuk.<br \/>\nNasza firma ma silny zesp\u00f3\u0142 ds. Rozwoju technicznego, z mo\u017cliwo\u015bci\u0105 opracowywania r\u00f3\u017cnych kszta\u0142t\u00f3w w dziedzinie precyzyjnej castingu, doskona\u0142o\u015bci, aby zapewni\u0107 klientom wydajne, wysokiej jako\u015bci produkty i us\u0142ugi, zawsze by\u0142a nasz\u0105 filozofi\u0105.<\/p>\n<p><img fetchpriority=\"high\" decoding=\"async\" class=\"alignnone wp-image-66\" src=\"https:\/\/pingheng.globaldeepsea.site\/wp-content\/uploads\/2024\/11\/Heat-Exchanger-Water-Tube-Stainless-Steel-Investment-Castings1-1-300x300.webp\" alt=\"\" width=\"225\" height=\"225\" srcset=\"https:\/\/www.thecasting-factory.com\/wp-content\/uploads\/2024\/11\/Heat-Exchanger-Water-Tube-Stainless-Steel-Investment-Castings1-1-300x300.webp 300w, https:\/\/www.thecasting-factory.com\/wp-content\/uploads\/2024\/11\/Heat-Exchanger-Water-Tube-Stainless-Steel-Investment-Castings1-1-150x150.webp 150w, https:\/\/www.thecasting-factory.com\/wp-content\/uploads\/2024\/11\/Heat-Exchanger-Water-Tube-Stainless-Steel-Investment-Castings1-1-768x768.webp 768w, https:\/\/www.thecasting-factory.com\/wp-content\/uploads\/2024\/11\/Heat-Exchanger-Water-Tube-Stainless-Steel-Investment-Castings1-1-600x600.webp 600w, https:\/\/www.thecasting-factory.com\/wp-content\/uploads\/2024\/11\/Heat-Exchanger-Water-Tube-Stainless-Steel-Investment-Castings1-1-100x100.webp 100w, https:\/\/www.thecasting-factory.com\/wp-content\/uploads\/2024\/11\/Heat-Exchanger-Water-Tube-Stainless-Steel-Investment-Castings1-1.webp 1000w\" sizes=\"(max-width: 225px) 100vw, 225px\" \/><img decoding=\"async\" class=\"alignnone wp-image-67\" src=\"https:\/\/pingheng.globaldeepsea.site\/wp-content\/uploads\/2024\/11\/Water-Tube-Stainless-Steel-Investment-Castings-300x300.webp\" alt=\"\" width=\"225\" height=\"225\" srcset=\"https:\/\/www.thecasting-factory.com\/wp-content\/uploads\/2024\/11\/Water-Tube-Stainless-Steel-Investment-Castings-300x300.webp 300w, https:\/\/www.thecasting-factory.com\/wp-content\/uploads\/2024\/11\/Water-Tube-Stainless-Steel-Investment-Castings-150x150.webp 150w, https:\/\/www.thecasting-factory.com\/wp-content\/uploads\/2024\/11\/Water-Tube-Stainless-Steel-Investment-Castings-768x768.webp 768w, https:\/\/www.thecasting-factory.com\/wp-content\/uploads\/2024\/11\/Water-Tube-Stainless-Steel-Investment-Castings-600x600.webp 600w, https:\/\/www.thecasting-factory.com\/wp-content\/uploads\/2024\/11\/Water-Tube-Stainless-Steel-Investment-Castings-100x100.webp 100w, https:\/\/www.thecasting-factory.com\/wp-content\/uploads\/2024\/11\/Water-Tube-Stainless-Steel-Investment-Castings.webp 1000w\" sizes=\"(max-width: 225px) 100vw, 225px\" \/><img decoding=\"async\" class=\"alignnone wp-image-68\" src=\"https:\/\/pingheng.globaldeepsea.site\/wp-content\/uploads\/2024\/11\/Stainless-Steel-Investment-Castings-300x300.webp\" alt=\"\" width=\"225\" height=\"225\" srcset=\"https:\/\/www.thecasting-factory.com\/wp-content\/uploads\/2024\/11\/Stainless-Steel-Investment-Castings-300x300.webp 300w, https:\/\/www.thecasting-factory.com\/wp-content\/uploads\/2024\/11\/Stainless-Steel-Investment-Castings-150x150.webp 150w, https:\/\/www.thecasting-factory.com\/wp-content\/uploads\/2024\/11\/Stainless-Steel-Investment-Castings-768x768.webp 768w, https:\/\/www.thecasting-factory.com\/wp-content\/uploads\/2024\/11\/Stainless-Steel-Investment-Castings-600x600.webp 600w, https:\/\/www.thecasting-factory.com\/wp-content\/uploads\/2024\/11\/Stainless-Steel-Investment-Castings-100x100.webp 100w, https:\/\/www.thecasting-factory.com\/wp-content\/uploads\/2024\/11\/Stainless-Steel-Investment-Castings.webp 1000w\" sizes=\"(max-width: 225px) 100vw, 225px\" \/><img loading=\"lazy\" decoding=\"async\" class=\"alignnone wp-image-69\" src=\"https:\/\/pingheng.globaldeepsea.site\/wp-content\/uploads\/2024\/11\/Investment-Castings-300x300.webp\" alt=\"\" width=\"200\" height=\"200\" srcset=\"https:\/\/www.thecasting-factory.com\/wp-content\/uploads\/2024\/11\/Investment-Castings-300x300.webp 300w, https:\/\/www.thecasting-factory.com\/wp-content\/uploads\/2024\/11\/Investment-Castings-150x150.webp 150w, https:\/\/www.thecasting-factory.com\/wp-content\/uploads\/2024\/11\/Investment-Castings-768x768.webp 768w, https:\/\/www.thecasting-factory.com\/wp-content\/uploads\/2024\/11\/Investment-Castings-600x600.webp 600w, https:\/\/www.thecasting-factory.com\/wp-content\/uploads\/2024\/11\/Investment-Castings-100x100.webp 100w, https:\/\/www.thecasting-factory.com\/wp-content\/uploads\/2024\/11\/Investment-Castings.webp 1000w\" sizes=\"(max-width: 200px) 100vw, 200px\" \/><\/p>","protected":false},"excerpt":{"rendered":"<p>Jest to cz\u0119\u015b\u0107 u\u017cywana w systemie wymiany ciep\u0142a pojazd\u00f3w u\u017cytkowych.<\/p>\n<p><strong>Specyfikacja cz\u0119\u015bci to lxwxh:<\/strong>262 mmx60mmx164 mm, grubo\u015b\u0107 \u015bciany: 2,5 mm, waga: 1,3 kg.<\/p>\n<p><strong>Tworzywo:<\/strong>stal nierdzewna 304.<\/p>\n<p><strong>Wymagania dotycz\u0105ce testowania produktu:<\/strong> Test szczelno\u015bci powietrza, spr\u0119\u017cone powietrze 500 kPa, utrzymuj\u0105ce ci\u015bnienie przez 1 minut\u0119, bez wycieku.<\/p>","protected":false},"featured_media":65,"template":"","meta":[],"product_cat":[17],"product_tag":[53,48,28,27,55,50,51],"class_list":{"0":"post-64","1":"product","2":"type-product","3":"status-publish","4":"has-post-thumbnail","6":"product_cat-stainless-steel","7":"product_tag-304-stainless-steel-investment-castings","8":"product_tag-304-stainless-steel-precision-castings","9":"product_tag-investment-casting","10":"product_tag-precision-casting","11":"product_tag-precision-casting-factory","12":"product_tag-stainless-steel-castings","13":"product_tag-stainless-steel-precision-castings-for-water-pipes","15":"first","16":"instock","17":"shipping-taxable","18":"product-type-simple"},"_links":{"self":[{"href":"https:\/\/www.thecasting-factory.com\/pl\/wp-json\/wp\/v2\/product\/64","targetHints":{"allow":["GET"]}}],"collection":[{"href":"https:\/\/www.thecasting-factory.com\/pl\/wp-json\/wp\/v2\/product"}],"about":[{"href":"https:\/\/www.thecasting-factory.com\/pl\/wp-json\/wp\/v2\/types\/product"}],"version-history":[{"count":0,"href":"https:\/\/www.thecasting-factory.com\/pl\/wp-json\/wp\/v2\/product\/64\/revisions"}],"wp:featuredmedia":[{"embeddable":true,"href":"https:\/\/www.thecasting-factory.com\/pl\/wp-json\/wp\/v2\/media\/65"}],"wp:attachment":[{"href":"https:\/\/www.thecasting-factory.com\/pl\/wp-json\/wp\/v2\/media?parent=64"}],"wp:term":[{"taxonomy":"product_cat","embeddable":true,"href":"https:\/\/www.thecasting-factory.com\/pl\/wp-json\/wp\/v2\/product_cat?post=64"},{"taxonomy":"product_tag","embeddable":true,"href":"https:\/\/www.thecasting-factory.com\/pl\/wp-json\/wp\/v2\/product_tag?post=64"}],"curies":[{"name":"wp","href":"https:\/\/api.w.org\/{rel}","templated":true}]}}