{"id":43,"date":"2024-11-21T11:25:06","date_gmt":"2024-11-21T03:25:06","guid":{"rendered":"https:\/\/pingheng.globaldeepsea.site\/?post_type=product&#038;p=43"},"modified":"2024-11-21T11:25:53","modified_gmt":"2024-11-21T03:25:53","slug":"inlet-and-outlet-end-caps-brass-precision-castings-2","status":"publish","type":"product","link":"https:\/\/www.thecasting-factory.com\/pl\/product\/inlet-and-outlet-end-caps-brass-precision-castings-2\/","title":{"rendered":"Precyzyjne odlewy wlotowe i wylotowe"},"content":{"rendered":"<h3><strong>Opis produktu<\/strong><\/h3>\n<p>Jest to cz\u0119\u015b\u0107 u\u017cywana w komponentach naczynia morskiego, systemie wymiennika ciep\u0142a morskiego i s\u0142odkiej wody, nazwa to pokrywa ko\u0144cowa wlotowa i wylotowa<br \/>\nBr\u0105zowy br\u0105z, kt\u00f3ry wykorzystuje ZCUSN12 jako jego surowce, jest nie\u017celaznym stopem metalu o najmniejszej ilo\u015bci kurczenia, co czyni go idealnym do odlewa\u0144 o skomplikowanych wzorach i wyra\u017anych konturach. Poniewa\u017c br\u0105z blaszany odpowiada korozji w pary, s\u0142odkiej wodzie, atmosferze i wodzie morskiej, znajduje si\u0119 szerokie zastosowanie w kot\u0142ach parowych i cz\u0119\u015bciach statk\u00f3w morskich.<\/p>\n<h3><strong>Funkcje produktu<\/strong><\/h3>\n<p>1. Poniewa\u017c odlewanie silikonowych SOL Investment jest obszarem, kt\u00f3ry produkuje ogromne produkty z wymaganiami dotycz\u0105cymi uszczelnienia, istniej\u0105 \u015bcis\u0142e wymagania kontroli procesu odlewania.<br \/>\n2. Mied\u017a ma ni\u017csz\u0105 temperatur\u0119 topnienia ni\u017c stal po rzuceniu, i up\u0142ynnie na stosunkowo przyzwoitym poziomie p\u0142ynno\u015bci. Mo\u017ce to jednak \u0142atwo spowodowa\u0107 nier\u00f3wnomierny przep\u0142yw ciek\u0142ego metalu w formie.<br \/>\n3. Kwestie utleniania s\u0105 \u0142atwo spowodowane przez mied\u017a podczas procesu odlewania.<br \/>\nNiski wska\u017anik kwalifikacji odlewu miedzianego mo\u017cna przypisa\u0107 wspomnianym cechom.<br \/>\nPo otrzymaniu projektu nasz zesp\u00f3\u0142 techniczny pracowa\u0142 w nocy i dzie\u0144, aby przezwyci\u0119\u017cy\u0107 trudno\u015bci, poprzez ci\u0105g\u0142\u0105 optymalizacj\u0119 uk\u0142adu nalewania, kontrol\u0119 temperatury i szybko\u015bci przep\u0142ywu, a wreszcie projekt zosta\u0142 pomy\u015blnie opracowany i utworzony do masowej produkcji;<br \/>\nTen produkt jest w masowej produkcji od 2012 roku i od 12 lat jest w stabilnej dostawie, co da\u0142o naszej firmie du\u017ce do\u015bwiadczenie w dziedzinie castingu miedzi;<br \/>\nNasza firma ma silny zesp\u00f3\u0142 ds. Rozwoju technicznego, z opracowywaniem precyzyjnego rzucania r\u00f3\u017cnych kszta\u0142t\u00f3w w dziedzinie zdolno\u015bci oraz do \u015bwiadczenia zintegrowanych us\u0142ug od odlewania do obr\u00f3bki; Doskona\u0142o\u015b\u0107, aby zapewni\u0107 klientom wydajne, wysokiej jako\u015bci produkty i us\u0142ugi, zawsze by\u0142a nasz\u0105 koncepcj\u0105.<\/p>\n<h3><strong>Wy\u015bwietlacze produktu<\/strong><\/h3>\n<p><img fetchpriority=\"high\" decoding=\"async\" class=\"alignnone size-medium wp-image-44\" src=\"https:\/\/pingheng.globaldeepsea.site\/wp-content\/uploads\/2024\/11\/Inlet-and-outlet-end-caps-Brass-precision-castings-300x300.webp\" alt=\"\" width=\"300\" height=\"300\" srcset=\"https:\/\/www.thecasting-factory.com\/wp-content\/uploads\/2024\/11\/Inlet-and-outlet-end-caps-Brass-precision-castings-300x300.webp 300w, https:\/\/www.thecasting-factory.com\/wp-content\/uploads\/2024\/11\/Inlet-and-outlet-end-caps-Brass-precision-castings-150x150.webp 150w, https:\/\/www.thecasting-factory.com\/wp-content\/uploads\/2024\/11\/Inlet-and-outlet-end-caps-Brass-precision-castings-768x768.webp 768w, https:\/\/www.thecasting-factory.com\/wp-content\/uploads\/2024\/11\/Inlet-and-outlet-end-caps-Brass-precision-castings-600x600.webp 600w, https:\/\/www.thecasting-factory.com\/wp-content\/uploads\/2024\/11\/Inlet-and-outlet-end-caps-Brass-precision-castings-100x100.webp 100w, https:\/\/www.thecasting-factory.com\/wp-content\/uploads\/2024\/11\/Inlet-and-outlet-end-caps-Brass-precision-castings.webp 1000w\" sizes=\"(max-width: 300px) 100vw, 300px\" \/><img decoding=\"async\" class=\"alignnone size-medium wp-image-45\" src=\"https:\/\/pingheng.globaldeepsea.site\/wp-content\/uploads\/2024\/11\/caps-Brass-precision-castings-300x300.webp\" alt=\"\" width=\"300\" height=\"300\" srcset=\"https:\/\/www.thecasting-factory.com\/wp-content\/uploads\/2024\/11\/caps-Brass-precision-castings-300x300.webp 300w, https:\/\/www.thecasting-factory.com\/wp-content\/uploads\/2024\/11\/caps-Brass-precision-castings-150x150.webp 150w, https:\/\/www.thecasting-factory.com\/wp-content\/uploads\/2024\/11\/caps-Brass-precision-castings-100x100.webp 100w, https:\/\/www.thecasting-factory.com\/wp-content\/uploads\/2024\/11\/caps-Brass-precision-castings.webp 600w\" sizes=\"(max-width: 300px) 100vw, 300px\" \/><img decoding=\"async\" class=\"alignnone size-medium wp-image-46\" src=\"https:\/\/pingheng.globaldeepsea.site\/wp-content\/uploads\/2024\/11\/Brass-precision-castings-300x300.webp\" alt=\"\" width=\"300\" height=\"300\" srcset=\"https:\/\/www.thecasting-factory.com\/wp-content\/uploads\/2024\/11\/Brass-precision-castings-300x300.webp 300w, https:\/\/www.thecasting-factory.com\/wp-content\/uploads\/2024\/11\/Brass-precision-castings-150x150.webp 150w, https:\/\/www.thecasting-factory.com\/wp-content\/uploads\/2024\/11\/Brass-precision-castings-768x768.webp 768w, https:\/\/www.thecasting-factory.com\/wp-content\/uploads\/2024\/11\/Brass-precision-castings-600x600.webp 600w, https:\/\/www.thecasting-factory.com\/wp-content\/uploads\/2024\/11\/Brass-precision-castings-100x100.webp 100w, https:\/\/www.thecasting-factory.com\/wp-content\/uploads\/2024\/11\/Brass-precision-castings.webp 1000w\" sizes=\"(max-width: 300px) 100vw, 300px\" \/><\/p>","protected":false},"excerpt":{"rendered":"<p>Jest to cz\u0119\u015b\u0107 stosowana w sk\u0142adnikach naczy\u0144 morskich, systemie wymiennika ciep\u0142a s\u0142odkiej wody morskiej<\/p>\n<p><strong>Specyfikacja cz\u0119\u015bci to lxwxh:<\/strong>264 mmx268mmx100 mm, grubo\u015b\u0107 \u015bciany: 7 mm, waga: 11,62 kg.<\/p>\n<p><strong>Tworzywo:<\/strong> ZCuSn12.<\/p>\n<p><strong>Wymagania dotycz\u0105ce testowania produktu:<\/strong> Test szczelno\u015bci powietrza, spr\u0119\u017cone powietrze o 0,9 MPa, wytrzymaj ci\u015bnienie przez 30 minut, bez wycieku.<\/p>","protected":false},"featured_media":44,"template":"","meta":[],"product_cat":[16],"product_tag":[31,32,30,29,43,28,35,27,42],"class_list":{"0":"post-43","1":"product","2":"type-product","3":"status-publish","4":"has-post-thumbnail","6":"product_cat-copper-alloy","7":"product_tag-copper-alloy-castings","8":"product_tag-copper-alloy-investment-castings","9":"product_tag-copper-alloy-precision-castings","10":"product_tag-copper-castings","11":"product_tag-copper-castings-for-fresh-and-sea-water-heat-exchangers","12":"product_tag-investment-casting","13":"product_tag-marine-copper-castings","14":"product_tag-precision-casting","15":"product_tag-zcusn12-material-copper-casting","17":"first","18":"instock","19":"shipping-taxable","20":"product-type-simple"},"_links":{"self":[{"href":"https:\/\/www.thecasting-factory.com\/pl\/wp-json\/wp\/v2\/product\/43","targetHints":{"allow":["GET"]}}],"collection":[{"href":"https:\/\/www.thecasting-factory.com\/pl\/wp-json\/wp\/v2\/product"}],"about":[{"href":"https:\/\/www.thecasting-factory.com\/pl\/wp-json\/wp\/v2\/types\/product"}],"version-history":[{"count":0,"href":"https:\/\/www.thecasting-factory.com\/pl\/wp-json\/wp\/v2\/product\/43\/revisions"}],"wp:featuredmedia":[{"embeddable":true,"href":"https:\/\/www.thecasting-factory.com\/pl\/wp-json\/wp\/v2\/media\/44"}],"wp:attachment":[{"href":"https:\/\/www.thecasting-factory.com\/pl\/wp-json\/wp\/v2\/media?parent=43"}],"wp:term":[{"taxonomy":"product_cat","embeddable":true,"href":"https:\/\/www.thecasting-factory.com\/pl\/wp-json\/wp\/v2\/product_cat?post=43"},{"taxonomy":"product_tag","embeddable":true,"href":"https:\/\/www.thecasting-factory.com\/pl\/wp-json\/wp\/v2\/product_tag?post=43"}],"curies":[{"name":"wp","href":"https:\/\/api.w.org\/{rel}","templated":true}]}}