{"id":41,"date":"2024-11-21T11:18:38","date_gmt":"2024-11-21T03:18:38","guid":{"rendered":"https:\/\/pingheng.globaldeepsea.site\/?post_type=product&#038;p=41"},"modified":"2024-11-21T11:18:38","modified_gmt":"2024-11-21T03:18:38","slug":"pull-ring-brass-precision-casting","status":"publish","type":"product","link":"https:\/\/www.thecasting-factory.com\/pl\/product\/pull-ring-brass-precision-casting\/","title":{"rendered":"Precyzyjne odlewanie pier\u015bcienia"},"content":{"rendered":"<h3><strong>Opis produktu<\/strong><\/h3>\n<p>To jest akcesorium elektryczne, nazwa to Pull Ring.<br \/>\nBr\u0105z krzemowy jest rodzajem miedzi o dobrych w\u0142a\u015bciwo\u015bciach mechanicznych, odporno\u015bci na korozj\u0119, wydajno\u015bci przetwarzania, wi\u0119c jest szeroko stosowany w bran\u017cy produkcji maszyn, bran\u017cy stoczniowej, bran\u017cy energetycznej, bran\u017cy budowlanej.<br \/>\nTrudno\u015bci w procesie odlewania miedzi:<br \/>\nKontrola temperatury topnienia: temperatura topnienia miedzi jest wysoka, nale\u017cy \u015bci\u015ble kontrolowa\u0107 temperatur\u0119 topnienia, aby unikn\u0105\u0107 przegrzania lub nadmiernego ogrodu, co powoduje spadek w\u0142a\u015bciwo\u015bci materia\u0142u.<br \/>\nP\u0142ynno\u015b\u0107 metalu ciek\u0142ego: mied\u017a w stanie ciek\u0142ym stanu p\u0142ynno\u015bci p\u0142ynno\u015bci jest lepsza, ale tak\u017ce \u0142atwa do prowadzenia do nier\u00f3wnomiernego przep\u0142ywu ciek\u0142ego metalu w formie, potrzeba zapewnienia, \u017ce materia\u0142 jest w pe\u0142ni wype\u0142niony szczeg\u00f3\u0142ami formy poprzez projekt rozs\u0105dnego systemu nalewania i ci\u015bnienia, aby zapewni\u0107 szczeg\u00f3\u0142y formy.<br \/>\nProblem utleniania: Mied\u017a jest podatna na utlenianie, konieczne jest zmniejszenie wp\u0142ywu utleniania na jako\u015b\u0107 odlewa\u0144 poprzez rozs\u0105dny projekt uk\u0142adu nalewania, a tak\u017ce kontrol\u0119 temperatury wylewania i pr\u0119dko\u015bci nalewania.<\/p>\n<h3>\n<strong>Historia rozwoju<\/strong><\/h3>\n<p>Produkt w stadium pr\u00f3bki pr\u00f3bnej, od czasu do czasu rzucanie p\u0119kni\u0119\u0107, co powoduje nisk\u0105 szybko\u015b\u0107 przepustki; Nasz zesp\u00f3\u0142 techniczny w wielu rundach weryfikacji pr\u00f3bki pr\u00f3bki i ostatecznie rozwi\u0105za\u0142 problem, a na koniec spe\u0142ni\u0142 warunki masowej produkcji.<br \/>\nTen produkt jest dojrza\u0142ym produktem naszej firmy i jest w stabilnym dostawie partii od czasu rozpocz\u0119cia masowej produkcji w 2017 r.;<br \/>\nNasza firma ma silny zesp\u00f3\u0142 ds. Rozwoju technicznego, z mo\u017cliwo\u015bci\u0105 rozwijania r\u00f3\u017cnych kszta\u0142t\u00f3w w dziedzinie precyzyjnego odlewania, d\u0105\u017cenia do doskona\u0142o\u015bci, zapewnienia klientom wydajnych, wysokiej jako\u015bci produkt\u00f3w i us\u0142ug zawsze by\u0142a nasza koncepcja.<\/p>","protected":false},"excerpt":{"rendered":"<p>To jest dopasowanie elektryczne energii<\/p>\n<p><strong>Specyfikacja cz\u0119\u015bci LXWXH:<\/strong>79 mmx96mmx18mm, grubo\u015b\u0107 \u015bciany: 10 mm, waga: 240 g.<\/p>\n<p><strong>Tworzywo:<\/strong> Krzemowy br\u0105z<\/p>","protected":false},"featured_media":42,"template":"","meta":[],"product_cat":[16],"product_tag":[32,30,29,28,39,27,44,45],"class_list":{"0":"post-41","1":"product","2":"type-product","3":"status-publish","4":"has-post-thumbnail","6":"product_cat-copper-alloy","7":"product_tag-copper-alloy-investment-castings","8":"product_tag-copper-alloy-precision-castings","9":"product_tag-copper-castings","10":"product_tag-investment-casting","11":"product_tag-medium-temperature-wax-process-copper-castings","12":"product_tag-precision-casting","13":"product_tag-silicon-bronze-precision-castings","14":"product_tag-silicone-sol-process-copper-castingsgs","16":"first","17":"instock","18":"shipping-taxable","19":"product-type-simple"},"_links":{"self":[{"href":"https:\/\/www.thecasting-factory.com\/pl\/wp-json\/wp\/v2\/product\/41","targetHints":{"allow":["GET"]}}],"collection":[{"href":"https:\/\/www.thecasting-factory.com\/pl\/wp-json\/wp\/v2\/product"}],"about":[{"href":"https:\/\/www.thecasting-factory.com\/pl\/wp-json\/wp\/v2\/types\/product"}],"version-history":[{"count":0,"href":"https:\/\/www.thecasting-factory.com\/pl\/wp-json\/wp\/v2\/product\/41\/revisions"}],"wp:featuredmedia":[{"embeddable":true,"href":"https:\/\/www.thecasting-factory.com\/pl\/wp-json\/wp\/v2\/media\/42"}],"wp:attachment":[{"href":"https:\/\/www.thecasting-factory.com\/pl\/wp-json\/wp\/v2\/media?parent=41"}],"wp:term":[{"taxonomy":"product_cat","embeddable":true,"href":"https:\/\/www.thecasting-factory.com\/pl\/wp-json\/wp\/v2\/product_cat?post=41"},{"taxonomy":"product_tag","embeddable":true,"href":"https:\/\/www.thecasting-factory.com\/pl\/wp-json\/wp\/v2\/product_tag?post=41"}],"curies":[{"name":"wp","href":"https:\/\/api.w.org\/{rel}","templated":true}]}}