{"id":37,"date":"2024-11-21T11:13:49","date_gmt":"2024-11-21T03:13:49","guid":{"rendered":"https:\/\/pingheng.globaldeepsea.site\/?post_type=product&#038;p=37"},"modified":"2024-11-21T11:13:49","modified_gmt":"2024-11-21T03:13:49","slug":"inlet-and-outlet-chambers-copper-precision-castings","status":"publish","type":"product","link":"https:\/\/www.thecasting-factory.com\/pl\/product\/inlet-and-outlet-chambers-copper-precision-castings\/","title":{"rendered":"Precyzyjne odlewy komory wlotowej i wylotowej"},"content":{"rendered":"<h3><strong>Opis produktu<\/strong><\/h3>\n<p>Jest to cz\u0119\u015b\u0107 u\u017cywana w elementach naczynia morskiego, systemie wymiennika ciep\u0142a morskiego i s\u0142odkiej wody, nazwa to komora wodna i wylotowa<br \/>\nZCUSN12 to surowiec u\u017cywany do wytwarzania br\u0105zu cynowego, nie\u017celaznego stopu metalu, kt\u00f3ry ma najmniejszy stopie\u0144 kurczenia si\u0119 podczas odlewania, co czyni go idealnym do odlewa\u0144 o z\u0142o\u017conych wzorach i ostrych cechach. Br\u0105zowy br\u0105z jest szeroko stosowany w kot\u0142ach parowych i na odcinkach statk\u00f3w morskich ze wzgl\u0119du na jego odporno\u015b\u0107 na korozj\u0119 w pary, s\u0142odkiej wodzie, \u015brodowisku i wodzie morskiej.<\/p>\n<h3>\n<strong>Funkcje produktu<\/strong><\/h3>\n<p>1. Ze wzgl\u0119du na wymogi uszczelnienia tego produktu istniej\u0105 \u015bcis\u0142e wymagania kontroli procesu odlewu.<br \/>\n2. Po rzuceniu mied\u017a topi si\u0119 w ni\u017cszym temperaturze topnienia ni\u017c stal i up\u0142ynnienie o do\u015b\u0107 dobrym stopniu p\u0142ynno\u015bci. Ale mo\u017ce to z \u0142atwo\u015bci\u0105 spowodowa\u0107, \u017ce ciek\u0142y metal w formie przep\u0142yn\u0105\u0142 nier\u00f3wnomiernie.<br \/>\n3. Mied\u017a podczas procesu odlewania mo\u017ce szybko prowadzi\u0107 do problem\u00f3w utleniania.<br \/>\nTe cechy wyja\u015bniaj\u0105 niski wska\u017anik certyfikacji odlewu miedzianego.<br \/>\nPo otrzymaniu projektu nasz zesp\u00f3\u0142 techniczny pracowa\u0142 w nocy i dzie\u0144, aby przezwyci\u0119\u017cy\u0107 trudno\u015bci, a poprzez ci\u0105g\u0142\u0105 optymalizacj\u0119 systemu nalewania, kontrol\u0119 temperatury i szybko\u015bci przep\u0142ywu, projekt zosta\u0142 ostatecznie opracowany i uformowany do masowej produkcji.<br \/>\nNasza firma ma du\u017ce do\u015bwiadczenie w dziedzinie castingu miedzi, poniewa\u017c ten produkt jest w sta\u0142ym dostawie od 11 lat i jest w masowej produkcji od 2013 roku;<br \/>\nNasza firma ma silny zesp\u00f3\u0142 ds. Rozwoju technicznego, z opracowywaniem precyzyjnego rzucania r\u00f3\u017cnych kszta\u0142towych cz\u0119\u015bci w dziedzinie umiej\u0119tno\u015bci, a \u015bwiadczenie zintegrowanych us\u0142ug od castingu po obr\u00f3bk\u0119, d\u0105\u017cenie do doskona\u0142o\u015bci, zapewnienie klientom wydajnych produkt\u00f3w i us\u0142ug wysokiej jako\u015bci zawsze przestrzegano tej koncepcji.<\/p>\n<p><img fetchpriority=\"high\" decoding=\"async\" class=\"alignnone size-medium wp-image-38\" src=\"https:\/\/pingheng.globaldeepsea.site\/wp-content\/uploads\/2024\/11\/Inlet-and-outlet-chambers-copper-precision-castings-300x300.webp\" alt=\"\" width=\"300\" height=\"300\" srcset=\"https:\/\/www.thecasting-factory.com\/wp-content\/uploads\/2024\/11\/Inlet-and-outlet-chambers-copper-precision-castings-300x300.webp 300w, https:\/\/www.thecasting-factory.com\/wp-content\/uploads\/2024\/11\/Inlet-and-outlet-chambers-copper-precision-castings-150x150.webp 150w, https:\/\/www.thecasting-factory.com\/wp-content\/uploads\/2024\/11\/Inlet-and-outlet-chambers-copper-precision-castings-768x768.webp 768w, https:\/\/www.thecasting-factory.com\/wp-content\/uploads\/2024\/11\/Inlet-and-outlet-chambers-copper-precision-castings-600x600.webp 600w, https:\/\/www.thecasting-factory.com\/wp-content\/uploads\/2024\/11\/Inlet-and-outlet-chambers-copper-precision-castings-100x100.webp 100w, https:\/\/www.thecasting-factory.com\/wp-content\/uploads\/2024\/11\/Inlet-and-outlet-chambers-copper-precision-castings.webp 1000w\" sizes=\"(max-width: 300px) 100vw, 300px\" \/><img decoding=\"async\" class=\"alignnone size-medium wp-image-39\" src=\"https:\/\/pingheng.globaldeepsea.site\/wp-content\/uploads\/2024\/11\/precision-castings-300x300.webp\" alt=\"\" width=\"300\" height=\"300\" srcset=\"https:\/\/www.thecasting-factory.com\/wp-content\/uploads\/2024\/11\/precision-castings-300x300.webp 300w, https:\/\/www.thecasting-factory.com\/wp-content\/uploads\/2024\/11\/precision-castings-150x150.webp 150w, https:\/\/www.thecasting-factory.com\/wp-content\/uploads\/2024\/11\/precision-castings-768x768.webp 768w, https:\/\/www.thecasting-factory.com\/wp-content\/uploads\/2024\/11\/precision-castings-600x600.webp 600w, https:\/\/www.thecasting-factory.com\/wp-content\/uploads\/2024\/11\/precision-castings-100x100.webp 100w, https:\/\/www.thecasting-factory.com\/wp-content\/uploads\/2024\/11\/precision-castings.webp 1000w\" sizes=\"(max-width: 300px) 100vw, 300px\" \/><img decoding=\"async\" class=\"alignnone size-medium wp-image-40\" src=\"https:\/\/pingheng.globaldeepsea.site\/wp-content\/uploads\/2024\/11\/COPPER-precision-castings-300x300.webp\" alt=\"\" width=\"300\" height=\"300\" srcset=\"https:\/\/www.thecasting-factory.com\/wp-content\/uploads\/2024\/11\/COPPER-precision-castings-300x300.webp 300w, https:\/\/www.thecasting-factory.com\/wp-content\/uploads\/2024\/11\/COPPER-precision-castings-150x150.webp 150w, https:\/\/www.thecasting-factory.com\/wp-content\/uploads\/2024\/11\/COPPER-precision-castings-768x768.webp 768w, https:\/\/www.thecasting-factory.com\/wp-content\/uploads\/2024\/11\/COPPER-precision-castings-600x600.webp 600w, https:\/\/www.thecasting-factory.com\/wp-content\/uploads\/2024\/11\/COPPER-precision-castings-100x100.webp 100w, https:\/\/www.thecasting-factory.com\/wp-content\/uploads\/2024\/11\/COPPER-precision-castings.webp 1000w\" sizes=\"(max-width: 300px) 100vw, 300px\" \/><\/p>","protected":false},"excerpt":{"rendered":"<p>This is a part used in marine vessel components, sea fresh water heat exchanger system.<\/p>\n<p><strong>Specyfikacja cz\u0119\u015bci to lxwxh:<\/strong>235mmx232mmx100mm, wall thickness:6mm, weight:6.52Kg.<\/p>\n<p><strong>Tworzywo:<\/strong>ZCuSn12.<\/p>\n<p><strong>Wymagania dotycz\u0105ce testowania produktu:<\/strong> air tightness test, pass 0.5MPa compressed air, hold pressure for 1min, no leakage.<\/p>","protected":false},"featured_media":38,"template":"","meta":[],"product_cat":[16],"product_tag":[31,32,30,29,43,28,35,27,42],"class_list":{"0":"post-37","1":"product","2":"type-product","3":"status-publish","4":"has-post-thumbnail","6":"product_cat-copper-alloy","7":"product_tag-copper-alloy-castings","8":"product_tag-copper-alloy-investment-castings","9":"product_tag-copper-alloy-precision-castings","10":"product_tag-copper-castings","11":"product_tag-copper-castings-for-fresh-and-sea-water-heat-exchangers","12":"product_tag-investment-casting","13":"product_tag-marine-copper-castings","14":"product_tag-precision-casting","15":"product_tag-zcusn12-material-copper-casting","17":"first","18":"instock","19":"shipping-taxable","20":"product-type-simple"},"_links":{"self":[{"href":"https:\/\/www.thecasting-factory.com\/pl\/wp-json\/wp\/v2\/product\/37","targetHints":{"allow":["GET"]}}],"collection":[{"href":"https:\/\/www.thecasting-factory.com\/pl\/wp-json\/wp\/v2\/product"}],"about":[{"href":"https:\/\/www.thecasting-factory.com\/pl\/wp-json\/wp\/v2\/types\/product"}],"version-history":[{"count":0,"href":"https:\/\/www.thecasting-factory.com\/pl\/wp-json\/wp\/v2\/product\/37\/revisions"}],"wp:featuredmedia":[{"embeddable":true,"href":"https:\/\/www.thecasting-factory.com\/pl\/wp-json\/wp\/v2\/media\/38"}],"wp:attachment":[{"href":"https:\/\/www.thecasting-factory.com\/pl\/wp-json\/wp\/v2\/media?parent=37"}],"wp:term":[{"taxonomy":"product_cat","embeddable":true,"href":"https:\/\/www.thecasting-factory.com\/pl\/wp-json\/wp\/v2\/product_cat?post=37"},{"taxonomy":"product_tag","embeddable":true,"href":"https:\/\/www.thecasting-factory.com\/pl\/wp-json\/wp\/v2\/product_tag?post=37"}],"curies":[{"name":"wp","href":"https:\/\/api.w.org\/{rel}","templated":true}]}}