{"id":33,"date":"2024-11-21T11:08:17","date_gmt":"2024-11-21T03:08:17","guid":{"rendered":"https:\/\/pingheng.globaldeepsea.site\/?post_type=product&#038;p=33"},"modified":"2024-11-21T11:08:18","modified_gmt":"2024-11-21T03:08:18","slug":"hingelower-precision-casting-for-elf-fus","status":"publish","type":"product","link":"https:\/\/www.thecasting-factory.com\/pl\/product\/hingelower-precision-casting-for-elf-fus\/","title":{"rendered":"zawias: ni\u017cszy precyzyjnie odlewanie elfa FUS"},"content":{"rendered":"<h3><strong>Opis produktu<\/strong><\/h3>\n<p>To jest wyposa\u017cenie elektryczne, nazwa jest zawias<br \/>\nCzerwony mosi\u0105dz C83600 to dobre w\u0142a\u015bciwo\u015bci mechaniczne, odporno\u015b\u0107 na korozj\u0119, wydajno\u015b\u0107 przetwarzania, wi\u0119c jest szeroko stosowany w produkcji elektrycznych z\u0142\u0105czek elektrycznych, zawor\u00f3w, rur, wyposa\u017cenia, pompy i cz\u0119\u015bci dekoracyjnych.<br \/>\nTrudno\u015bci w odlewie miedzianej:<br \/>\nKontrola temperatury topnienia: temperatura topnienia miedzi jest wysoka, potrzeba \u015bcis\u0142ej kontroli temperatury topnienia, aby unikn\u0105\u0107 przegrzania lub nadmiernego ogrodu, co powoduje spadek w\u0142a\u015bciwo\u015bci materia\u0142u.<br \/>\nMobilno\u015b\u0107 ciek\u0142ej metali: mied\u017a w ciek\u0142ym stanie mobilno\u015bci jest lepsza, ale \u0142atwo jest prowadzi\u0107 do nier\u00f3wnomiernego przep\u0142ywu ciek\u0142ego metalu w formie, musisz upewni\u0107 si\u0119, \u017ce materia\u0142 jest w pe\u0142ni wype\u0142niony szczeg\u00f3\u0142ami formy poprzez rozs\u0105dn\u0105 konstrukcj\u0119 uk\u0142adu nalewania i ci\u015bnienia, aby zapewni\u0107 materia\u0142.<br \/>\nProblem utleniania: Mied\u017a jest podatna na utlenianie, konieczne jest zmniejszenie wp\u0142ywu utleniania na jako\u015b\u0107 odlewa\u0144 poprzez rozs\u0105dny projekt uk\u0142adu nalewania, a tak\u017ce kontrol\u0119 temperatury wylewania i pr\u0119dko\u015bci nalewania.<\/p>\n<h3>\n<strong>Historia rozwoju\u00a0<\/strong><\/h3>\n<p>Projekt rozpocz\u0105\u0142 si\u0119 od sta\u0142ego punktu, popyt na klienta na cykl dostawy jest bardzo kr\u00f3tki, nasze pr\u00f3bki pr\u00f3bne raz przez raz, mo\u017ce sprosta\u0107 czasu dostawy klienta na czas, aw kr\u00f3tkim czasie, aby utworzy\u0107 masow\u0105 produkcj\u0119, produkt dla naszej firmy zamierza jeden z najwi\u0119kszych produkt\u00f3w, roczn\u0105 poda\u017c do 200 000 sztuk;<br \/>\nNasza firma ma silny zesp\u00f3\u0142 ds. Rozwoju technicznego, z mo\u017cliwo\u015bci\u0105 opracowywania r\u00f3\u017cnych kszta\u0142t\u00f3w w dziedzinie precyzyjnego odlewu i ma bogate do\u015bwiadczenie w odlewie miedzianej, aby zapewni\u0107 zintegrowan\u0105 us\u0142ug\u0119 od castingu do obr\u00f3bki; D\u0105\u017c do doskona\u0142o\u015bci, aby zapewni\u0107 klientom wydajne, wysokiej jako\u015bci produkty i us\u0142ugi, zawsze by\u0142o nasz\u0105 koncepcj\u0105.<\/p>\n<h3>\n<strong>Wy\u015bwietlacze produktu\u00a0<\/strong><\/h3>\n<p><img fetchpriority=\"high\" decoding=\"async\" class=\"alignnone size-medium wp-image-35\" src=\"https:\/\/pingheng.globaldeepsea.site\/wp-content\/uploads\/2024\/11\/lower-precision-casting-for-elf-fus-1-300x300.webp\" alt=\"\" width=\"300\" height=\"300\" srcset=\"https:\/\/www.thecasting-factory.com\/wp-content\/uploads\/2024\/11\/lower-precision-casting-for-elf-fus-1-300x300.webp 300w, https:\/\/www.thecasting-factory.com\/wp-content\/uploads\/2024\/11\/lower-precision-casting-for-elf-fus-1-150x150.webp 150w, https:\/\/www.thecasting-factory.com\/wp-content\/uploads\/2024\/11\/lower-precision-casting-for-elf-fus-1-768x768.webp 768w, https:\/\/www.thecasting-factory.com\/wp-content\/uploads\/2024\/11\/lower-precision-casting-for-elf-fus-1-600x600.webp 600w, https:\/\/www.thecasting-factory.com\/wp-content\/uploads\/2024\/11\/lower-precision-casting-for-elf-fus-1-100x100.webp 100w, https:\/\/www.thecasting-factory.com\/wp-content\/uploads\/2024\/11\/lower-precision-casting-for-elf-fus-1.webp 1000w\" sizes=\"(max-width: 300px) 100vw, 300px\" \/><img decoding=\"async\" class=\"alignnone size-medium wp-image-36\" src=\"https:\/\/pingheng.globaldeepsea.site\/wp-content\/uploads\/2024\/11\/lower-precision-casting-300x300.webp\" alt=\"\" width=\"300\" height=\"300\" srcset=\"https:\/\/www.thecasting-factory.com\/wp-content\/uploads\/2024\/11\/lower-precision-casting-300x300.webp 300w, https:\/\/www.thecasting-factory.com\/wp-content\/uploads\/2024\/11\/lower-precision-casting-150x150.webp 150w, https:\/\/www.thecasting-factory.com\/wp-content\/uploads\/2024\/11\/lower-precision-casting-768x768.webp 768w, https:\/\/www.thecasting-factory.com\/wp-content\/uploads\/2024\/11\/lower-precision-casting-600x600.webp 600w, https:\/\/www.thecasting-factory.com\/wp-content\/uploads\/2024\/11\/lower-precision-casting-100x100.webp 100w, https:\/\/www.thecasting-factory.com\/wp-content\/uploads\/2024\/11\/lower-precision-casting.webp 1000w\" sizes=\"(max-width: 300px) 100vw, 300px\" \/><\/p>","protected":false},"excerpt":{"rendered":"<p>To s\u0105 cz\u0119\u015bci elektryczne elektryczne<\/p>\n<p><strong>Specyfikacja cz\u0119\u015bci LXWXH:<\/strong>76mmx80mmx28mm, grubo\u015b\u0107 \u015bciany 4 mm: waga: 250 g.<\/p>\n<p><strong>Tworzywo:<\/strong> Czerwony mosi\u0105dz C83600<\/p>","protected":false},"featured_media":34,"template":"","meta":[],"product_cat":[16],"product_tag":[31,32,30,29,41,28,27,40],"class_list":{"0":"post-33","1":"product","2":"type-product","3":"status-publish","4":"has-post-thumbnail","6":"product_cat-copper-alloy","7":"product_tag-copper-alloy-castings","8":"product_tag-copper-alloy-investment-castings","9":"product_tag-copper-alloy-precision-castings","10":"product_tag-copper-castings","11":"product_tag-copper-castings-for-electric-power-and-electric-appliances","12":"product_tag-investment-casting","13":"product_tag-precision-casting","14":"product_tag-red-brass-c83600-material-copper-casting","16":"first","17":"instock","18":"shipping-taxable","19":"product-type-simple"},"_links":{"self":[{"href":"https:\/\/www.thecasting-factory.com\/pl\/wp-json\/wp\/v2\/product\/33","targetHints":{"allow":["GET"]}}],"collection":[{"href":"https:\/\/www.thecasting-factory.com\/pl\/wp-json\/wp\/v2\/product"}],"about":[{"href":"https:\/\/www.thecasting-factory.com\/pl\/wp-json\/wp\/v2\/types\/product"}],"version-history":[{"count":0,"href":"https:\/\/www.thecasting-factory.com\/pl\/wp-json\/wp\/v2\/product\/33\/revisions"}],"wp:featuredmedia":[{"embeddable":true,"href":"https:\/\/www.thecasting-factory.com\/pl\/wp-json\/wp\/v2\/media\/34"}],"wp:attachment":[{"href":"https:\/\/www.thecasting-factory.com\/pl\/wp-json\/wp\/v2\/media?parent=33"}],"wp:term":[{"taxonomy":"product_cat","embeddable":true,"href":"https:\/\/www.thecasting-factory.com\/pl\/wp-json\/wp\/v2\/product_cat?post=33"},{"taxonomy":"product_tag","embeddable":true,"href":"https:\/\/www.thecasting-factory.com\/pl\/wp-json\/wp\/v2\/product_tag?post=33"}],"curies":[{"name":"wp","href":"https:\/\/api.w.org\/{rel}","templated":true}]}}