{"id":31,"date":"2024-11-21T11:01:41","date_gmt":"2024-11-21T03:01:41","guid":{"rendered":"https:\/\/pingheng.globaldeepsea.site\/?post_type=product&#038;p=31"},"modified":"2024-11-21T11:01:42","modified_gmt":"2024-11-21T03:01:42","slug":"brake-ringcopper-precision-casting-parts","status":"publish","type":"product","link":"https:\/\/www.thecasting-factory.com\/pl\/product\/brake-ringcopper-precision-casting-parts\/","title":{"rendered":"Pier\u015bcie\u0144 hamulca: miedziane cz\u0119\u015bci odlewaj\u0105ce"},"content":{"rendered":"<h3><strong>Opis produktu<\/strong><\/h3>\n<p>To jest wyposa\u017cenie elektryczne, u\u017cywane w produktach renomowanych na arenie mi\u0119dzynarodowej nad wyposa\u017ceniem, nazwy pier\u015bcienia hamulca<br \/>\nBr\u0105z ma dobr\u0105 odporno\u015b\u0107 na korozj\u0119, wysok\u0105 wytrzyma\u0142o\u015b\u0107, dobr\u0105 przewodno\u015b\u0107 ciepln\u0105, dobr\u0105 wydajno\u015b\u0107 przetwarzania, wi\u0119c jest szeroko stosowany do produkcji elektrycznych z\u0142\u0105czek, zawor\u00f3w, ruroci\u0105g\u00f3w, wyposa\u017cenia rur, pomp i cz\u0119\u015bci dekoracyjnych.<br \/>\nTrudno\u015bci w procesie odlewania miedzi:<br \/>\nKontrola temperatury topnienia: Poniewa\u017c mied\u017a ma wysok\u0105 temperatur\u0119 topnienia, wa\u017cne jest staranne regulowanie temperatury topnienia, aby zapobiec spadkowi w\u0142a\u015bciwo\u015bci materia\u0142u z powodu przegrzania lub nadmiernego ogrodu.<br \/>\nMobilno\u015b\u0107 p\u0142yn\u00f3w: mied\u017a jest bardziej mobilna, gdy jest p\u0142ynna, ale mo\u017ce to r\u00f3wnie\u017c spowodowa\u0107 nier\u00f3wny przep\u0142yw ciek\u0142ego metalu w formie. Aby temu zapobiec, upewnij si\u0119, \u017ce materia\u0142 jest w pe\u0142ni wype\u0142niony szczeg\u00f3\u0142ami formy, stosuj\u0105c rozs\u0105dn\u0105 konstrukcj\u0119 systemu wylewania i stosowanie ci\u015bnienia.<br \/>\nProblem utleniania: Poniewa\u017c mied\u017a jest oksydacyjna, wa\u017cne jest, aby kontrolowa\u0107 temperatur\u0119 nalewania i zaprojektowa\u0107 uk\u0142ad nalewania w spos\u00f3b, kt\u00f3ry minimalizuje negatywny wp\u0142yw utleniania na jako\u015b\u0107 rzucania.<\/p>\n<h3>\n<strong>Historia rozwoju<\/strong><\/h3>\n<p>Projekt rozpocz\u0105\u0142 si\u0119 od sta\u0142ego punktu, popyt na kr\u00f3tki cykl dostawy, nasze pr\u00f3bki pr\u00f3bne raz przez raz, mo\u017ce sprosta\u0107 czasowi dostawy klienta na czas, aw kr\u00f3tkim czasie, aby utworzy\u0107 masow\u0105 produkcj\u0119, produkt dla naszej firmy zleca jedn\u0105 z najwi\u0119kszych produkt\u00f3w, roczn\u0105 poda\u017c 10 W +;<br \/>\nNasza firma d\u0105\u017cy do doskona\u0142o\u015bci, aby zapewni\u0107 klientom wydajne, wysokiej jako\u015bci produkty i us\u0142ugi, zawsze by\u0142o naszym przestrzeganiem tej koncepcji. Mamy silny zesp\u00f3\u0142 techniczny, kt\u00f3ry mo\u017ce rozwin\u0105\u0107 r\u00f3\u017cne kszta\u0142towe cz\u0119\u015bci w dziedzinie precyzyjnego odlewu i bogactwa do\u015bwiadczenia w odlewie miedzianej.<\/p>","protected":false},"excerpt":{"rendered":"<p>This is an electric power electrical accessory<\/p>\n<p><strong>Specyfikacja cz\u0119\u015bci LXWXH:<\/strong>80mmx80mmx10mm, weight:190g.<\/p>\n<p><strong>Tworzywo:<\/strong> BRONZE<\/p>","protected":false},"featured_media":32,"template":"","meta":[],"product_cat":[16],"product_tag":[31,32,30,29,28,39,27,38,37],"class_list":{"0":"post-31","1":"product","2":"type-product","3":"status-publish","4":"has-post-thumbnail","6":"product_cat-copper-alloy","7":"product_tag-copper-alloy-castings","8":"product_tag-copper-alloy-investment-castings","9":"product_tag-copper-alloy-precision-castings","10":"product_tag-copper-castings","11":"product_tag-investment-casting","12":"product_tag-medium-temperature-wax-process-copper-castings","13":"product_tag-precision-casting","14":"product_tag-precision-casting-of-bronze-materials","15":"product_tag-silicone-sol-process-copper-castings","17":"first","18":"instock","19":"shipping-taxable","20":"product-type-simple"},"_links":{"self":[{"href":"https:\/\/www.thecasting-factory.com\/pl\/wp-json\/wp\/v2\/product\/31","targetHints":{"allow":["GET"]}}],"collection":[{"href":"https:\/\/www.thecasting-factory.com\/pl\/wp-json\/wp\/v2\/product"}],"about":[{"href":"https:\/\/www.thecasting-factory.com\/pl\/wp-json\/wp\/v2\/types\/product"}],"version-history":[{"count":0,"href":"https:\/\/www.thecasting-factory.com\/pl\/wp-json\/wp\/v2\/product\/31\/revisions"}],"wp:featuredmedia":[{"embeddable":true,"href":"https:\/\/www.thecasting-factory.com\/pl\/wp-json\/wp\/v2\/media\/32"}],"wp:attachment":[{"href":"https:\/\/www.thecasting-factory.com\/pl\/wp-json\/wp\/v2\/media?parent=31"}],"wp:term":[{"taxonomy":"product_cat","embeddable":true,"href":"https:\/\/www.thecasting-factory.com\/pl\/wp-json\/wp\/v2\/product_cat?post=31"},{"taxonomy":"product_tag","embeddable":true,"href":"https:\/\/www.thecasting-factory.com\/pl\/wp-json\/wp\/v2\/product_tag?post=31"}],"curies":[{"name":"wp","href":"https:\/\/api.w.org\/{rel}","templated":true}]}}