{"id":27,"date":"2024-11-21T10:48:18","date_gmt":"2024-11-21T02:48:18","guid":{"rendered":"https:\/\/pingheng.globaldeepsea.site\/?post_type=product&#038;p=27"},"modified":"2024-11-21T10:52:53","modified_gmt":"2024-11-21T02:52:53","slug":"inlet-and-outlet-end-caps-brass-precision-castings","status":"publish","type":"product","link":"https:\/\/www.thecasting-factory.com\/pl\/product\/inlet-and-outlet-end-caps-brass-precision-castings\/","title":{"rendered":"Precyzyjne odlewy wlotowe i wylotowe"},"content":{"rendered":"<h3><strong>Opis produktu<\/strong><\/h3>\n<p>Jest to cz\u0119\u015b\u0107 u\u017cywana w cz\u0119\u015bciach morskich, system wymiennika ciep\u0142a morskiej, nazwa nazywa<br \/>\nZCUZN16SI4 to odlewany materia\u0142 ze stopu miedzi o wysokiej w\u0142a\u015bciwo\u015bciach mechanicznych i dobr\u0105 odporno\u015b\u0107 na korozj\u0119, dobr\u0105 wydajno\u015b\u0107 odlewania, wysoka mobilno\u015b\u0107, szeroko stosowana w z\u0142\u0105cznikach rurowych w kontakcie z wod\u0105 morsk\u0105, a tak\u017ce pompami, impellerami, wtyczkami i odlewami pracuj\u0105cymi w powietrzu, \u015bwie\u017cej wodzie, oleju, oleju, paliwa, paliwa, a tak\u017ce pracy pracy w pracy 4,5 mPa i w parie.<\/p>\n<h3><strong>Funkcje produktu<\/strong><\/h3>\n<p>1. W polu odlewu silikonowego Sol Precision, kt\u00f3ry jest uwa\u017cany za du\u017cy produkt, a produkt ma wymagania dotycz\u0105ce uszczelnienia, wi\u0119c dla wymaga\u0144 kontroli procesu odlewania s\u0105 wysokie<br \/>\n2. Komponowany z odlewaniem stali, temperatura topnienia miedzi jest stosunkowo niska, skroplona, gdy ruchliwo\u015b\u0107 jest stosunkowo dobra, ale tak\u017ce \u0142atwa do prowadzenia do ciek\u0142ego metalu w formie nier\u00f3wnomierny przep\u0142yw<br \/>\n3. Kopper w procesie odlewu jest \u0142atwy do wywo\u0142ania problem\u00f3w utleniania<br \/>\nPowy\u017csze cechy prowadz\u0105 do niskiego wska\u017anika kwalifikacji odlewu miedzianego.<\/p>\n<h3><strong>Historia produktu<\/strong><\/h3>\n<p>Po otrzymaniu projektu nasz zesp\u00f3\u0142 techniczny pracowa\u0142 w nocy i dzie\u0144, aby pokona\u0107 trudno\u015bci, a poprzez ci\u0105g\u0142\u0105 optymalizacj\u0119 uk\u0142adu nalewania, kontrol\u0119 temperatury i szybko\u015bci przep\u0142ywu, projekt zosta\u0142 ostatecznie pomy\u015blnie opracowany i utworzy\u0142 masow\u0105 produkcj\u0119;<br \/>\nTen produkt jest w masowej produkcji od 2013 roku i od 11 lat jest w stabilnym dostawie, co da\u0142o nam wiele do\u015bwiadczenia w dziedzinie castingu miedzi;<br \/>\nNasza firma ma silny zesp\u00f3\u0142 ds. Rozwoju technicznego, z opracowywaniem precyzyjnego rzucania r\u00f3\u017cnych kszta\u0142towych cz\u0119\u015bci w dziedzinie umiej\u0119tno\u015bci, a \u015bwiadczenie zintegrowanych us\u0142ug od castingu po obr\u00f3bk\u0119, d\u0105\u017cenie do doskona\u0142o\u015bci, zapewnienie klientom wydajnych produkt\u00f3w i us\u0142ug wysokiej jako\u015bci zawsze przestrzegano tej koncepcji.<\/p>\n<h3><strong>Wy\u015bwietlacze produktu<\/strong><\/h3>\n<p><img fetchpriority=\"high\" decoding=\"async\" class=\"alignnone size-medium wp-image-29\" src=\"https:\/\/pingheng.globaldeepsea.site\/wp-content\/uploads\/2024\/11\/castings-300x300.webp\" alt=\"\" width=\"300\" height=\"300\" srcset=\"https:\/\/www.thecasting-factory.com\/wp-content\/uploads\/2024\/11\/castings-300x300.webp 300w, https:\/\/www.thecasting-factory.com\/wp-content\/uploads\/2024\/11\/castings-150x150.webp 150w, https:\/\/www.thecasting-factory.com\/wp-content\/uploads\/2024\/11\/castings-768x768.webp 768w, https:\/\/www.thecasting-factory.com\/wp-content\/uploads\/2024\/11\/castings-600x600.webp 600w, https:\/\/www.thecasting-factory.com\/wp-content\/uploads\/2024\/11\/castings-100x100.webp 100w, https:\/\/www.thecasting-factory.com\/wp-content\/uploads\/2024\/11\/castings.webp 1000w\" sizes=\"(max-width: 300px) 100vw, 300px\" \/><img decoding=\"async\" class=\"alignnone size-medium wp-image-28\" src=\"https:\/\/pingheng.globaldeepsea.site\/wp-content\/uploads\/2024\/11\/CAPS-BRASS-300x300.webp\" alt=\"\" width=\"300\" height=\"300\" srcset=\"https:\/\/www.thecasting-factory.com\/wp-content\/uploads\/2024\/11\/CAPS-BRASS-300x300.webp 300w, https:\/\/www.thecasting-factory.com\/wp-content\/uploads\/2024\/11\/CAPS-BRASS-150x150.webp 150w, https:\/\/www.thecasting-factory.com\/wp-content\/uploads\/2024\/11\/CAPS-BRASS-768x768.webp 768w, https:\/\/www.thecasting-factory.com\/wp-content\/uploads\/2024\/11\/CAPS-BRASS-600x600.webp 600w, https:\/\/www.thecasting-factory.com\/wp-content\/uploads\/2024\/11\/CAPS-BRASS-100x100.webp 100w, https:\/\/www.thecasting-factory.com\/wp-content\/uploads\/2024\/11\/CAPS-BRASS.webp 1000w\" sizes=\"(max-width: 300px) 100vw, 300px\" \/><\/p>","protected":false},"excerpt":{"rendered":"<p>This is a part used in marine vessel components, sea fresh water heat exchanger system.<\/p>\n<p><strong>Specyfikacja cz\u0119\u015bci to<\/strong> <strong>Lxwxh<\/strong>:264mmx268mmx90 mm, grubo\u015b\u0107 \u015bciany: 7 mm, waga: 9,81 kg.<\/p>\n<p><strong>Tworzywo<\/strong>:ZCuZn16Si4.<\/p>\n<p><strong>Wymagania dotycz\u0105ce testowania produktu<\/strong>: Test szczelno\u015bci powietrza, prze\u0142\u00f3\u017c 0,9 MPa spr\u0119\u017cone powietrze, utrzymuj\u0105c ci\u015bnienie przez 30 minut, bez wycieku.<\/p>","protected":false},"featured_media":28,"template":"","meta":[],"product_cat":[16],"product_tag":[31,32,30,29,28,35,27,37,36],"class_list":{"0":"post-27","1":"product","2":"type-product","3":"status-publish","4":"has-post-thumbnail","6":"product_cat-copper-alloy","7":"product_tag-copper-alloy-castings","8":"product_tag-copper-alloy-investment-castings","9":"product_tag-copper-alloy-precision-castings","10":"product_tag-copper-castings","11":"product_tag-investment-casting","12":"product_tag-marine-copper-castings","13":"product_tag-precision-casting","14":"product_tag-silicone-sol-process-copper-castings","15":"product_tag-zcuzn16si4-material-precision-castings","17":"first","18":"instock","19":"shipping-taxable","20":"product-type-simple"},"_links":{"self":[{"href":"https:\/\/www.thecasting-factory.com\/pl\/wp-json\/wp\/v2\/product\/27","targetHints":{"allow":["GET"]}}],"collection":[{"href":"https:\/\/www.thecasting-factory.com\/pl\/wp-json\/wp\/v2\/product"}],"about":[{"href":"https:\/\/www.thecasting-factory.com\/pl\/wp-json\/wp\/v2\/types\/product"}],"version-history":[{"count":1,"href":"https:\/\/www.thecasting-factory.com\/pl\/wp-json\/wp\/v2\/product\/27\/revisions"}],"predecessor-version":[{"id":30,"href":"https:\/\/www.thecasting-factory.com\/pl\/wp-json\/wp\/v2\/product\/27\/revisions\/30"}],"wp:featuredmedia":[{"embeddable":true,"href":"https:\/\/www.thecasting-factory.com\/pl\/wp-json\/wp\/v2\/media\/28"}],"wp:attachment":[{"href":"https:\/\/www.thecasting-factory.com\/pl\/wp-json\/wp\/v2\/media?parent=27"}],"wp:term":[{"taxonomy":"product_cat","embeddable":true,"href":"https:\/\/www.thecasting-factory.com\/pl\/wp-json\/wp\/v2\/product_cat?post=27"},{"taxonomy":"product_tag","embeddable":true,"href":"https:\/\/www.thecasting-factory.com\/pl\/wp-json\/wp\/v2\/product_tag?post=27"}],"curies":[{"name":"wp","href":"https:\/\/api.w.org\/{rel}","templated":true}]}}