{"id":20,"date":"2024-11-21T10:34:40","date_gmt":"2024-11-21T02:34:40","guid":{"rendered":"https:\/\/pingheng.globaldeepsea.site\/?post_type=product&#038;p=20"},"modified":"2024-11-21T10:57:05","modified_gmt":"2024-11-21T02:57:05","slug":"end-caps-copper-precision-castings","status":"publish","type":"product","link":"https:\/\/www.thecasting-factory.com\/pl\/product\/end-caps-copper-precision-castings\/","title":{"rendered":"End Caps-Copper Precision Castings"},"content":{"rendered":"<h3><strong>Opis produktu<\/strong><\/h3>\n<p>Jest to cz\u0119\u015b\u0107 u\u017cywana w komponentach naczy\u0144 morskich, systemie wymiennika ciep\u0142a morskiego i s\u0142odkiej wody<br \/>\nPrzyjmuj\u0105c ZCUSN12 jako materia\u0142, br\u0105z, nie\u017celazny stop metalowy z najmniejszym skurczem odlewu, kt\u00f3ry mo\u017cna wykorzysta\u0107 do wytwarzania odlew\u00f3w o z\u0142o\u017conych kszta\u0142tach i wyra\u017anych konturach; Br\u0105zowy br\u0105z jest bardzo odporny na korozj\u0119 w atmosferze, wodzie morskiej, s\u0142odkiej wody i pary, wi\u0119c jest szeroko stosowany w kot\u0142ach parowych i cz\u0119\u015bciach statk\u00f3w morskich;<\/p>\n<h3><strong>Funkcje produktu<\/strong><\/h3>\n<p>1, w dziedzinie odlewu Sol Sol, kt\u00f3ry jest uwa\u017cany za du\u017cy produkt, a produkt ma wymagania dotycz\u0105ce uszczelnienia, wi\u0119c dla wymaga\u0144 kontroli procesu odlewania s\u0105 wysokie<br \/>\n2, w por\u00f3wnaniu z odlewaniem stali, temperatura topnienia miedzi jest stosunkowo niska, up\u0142ynnia, gdy ruchliwo\u015b\u0107 jest stosunkowo dobra, ale tak\u017ce \u0142atwa do prowadzenia do ciek\u0142ego metalu w formie nier\u00f3wnomierny przep\u0142yw<br \/>\n3, mied\u017a w procesie odlewania jest \u0142atwa do wywo\u0142ania problem\u00f3w utleniania<br \/>\nPowy\u017csze cechy prowadz\u0105 do niskiego wska\u017anika kwalifikacji odlewu miedzianego.<\/p>\n<h3><strong>Historia produktu<\/strong><\/h3>\n<p>Nasza firma ma bogate do\u015bwiadczenie techniczne w rozwoju odlewa\u0144 miedzi, produkt od zam\u00f3wienia do masowej produkcji jest stosunkowo g\u0142adki;<br \/>\nOpracowana i masowa produkcja z 2012 r., Ci\u0105g\u0142a i stabilna dostawa.<br \/>\nNasza firma ma silny zesp\u00f3\u0142 ds. Rozwoju technicznego, z mo\u017cliwo\u015bci\u0105 opracowywania r\u00f3\u017cnych kszta\u0142t\u00f3w w dziedzinie precyzyjnego odlewania i \u015bwiadczenia zintegrowanych us\u0142ug od castingu po obr\u00f3bk\u0119, d\u0105\u017cenie do doskona\u0142o\u015bci, zapewnienie klientom wydajnych produkt\u00f3w i us\u0142ug wysokiej jako\u015bci zawsze by\u0142y nasz\u0105 koncepcj\u0105.<\/p>\n<h3><strong>Wy\u015bwietlacze produktu<\/strong><\/h3>\n<p><img fetchpriority=\"high\" decoding=\"async\" class=\"alignnone size-medium wp-image-22\" src=\"https:\/\/pingheng.globaldeepsea.site\/wp-content\/uploads\/2024\/11\/casting-300x300.webp\" alt=\"\" width=\"300\" height=\"300\" srcset=\"https:\/\/www.thecasting-factory.com\/wp-content\/uploads\/2024\/11\/casting-300x300.webp 300w, https:\/\/www.thecasting-factory.com\/wp-content\/uploads\/2024\/11\/casting-150x150.webp 150w, https:\/\/www.thecasting-factory.com\/wp-content\/uploads\/2024\/11\/casting-768x768.webp 768w, https:\/\/www.thecasting-factory.com\/wp-content\/uploads\/2024\/11\/casting-600x600.webp 600w, https:\/\/www.thecasting-factory.com\/wp-content\/uploads\/2024\/11\/casting-100x100.webp 100w, https:\/\/www.thecasting-factory.com\/wp-content\/uploads\/2024\/11\/casting.webp 1000w\" sizes=\"(max-width: 300px) 100vw, 300px\" \/><img decoding=\"async\" class=\"alignnone size-medium wp-image-21\" src=\"https:\/\/pingheng.globaldeepsea.site\/wp-content\/uploads\/2024\/11\/plixu-300x300.webp\" alt=\"\" width=\"300\" height=\"300\" srcset=\"https:\/\/www.thecasting-factory.com\/wp-content\/uploads\/2024\/11\/plixu-300x300.webp 300w, https:\/\/www.thecasting-factory.com\/wp-content\/uploads\/2024\/11\/plixu-150x150.webp 150w, https:\/\/www.thecasting-factory.com\/wp-content\/uploads\/2024\/11\/plixu-768x768.webp 768w, https:\/\/www.thecasting-factory.com\/wp-content\/uploads\/2024\/11\/plixu-600x600.webp 600w, https:\/\/www.thecasting-factory.com\/wp-content\/uploads\/2024\/11\/plixu-100x100.webp 100w, https:\/\/www.thecasting-factory.com\/wp-content\/uploads\/2024\/11\/plixu.webp 1000w\" sizes=\"(max-width: 300px) 100vw, 300px\" \/><\/p>","protected":false},"excerpt":{"rendered":"<p>This is a part used in marine vessel components, sea fresh water heat exchanger system.<\/p>\n<p><strong>Specyfikacja cz\u0119\u015bci to lxwxh<\/strong>:232mmx232mmx68mm, grubo\u015b\u0107 \u015bciany: 7 mm, waga: 3,25 kg.<\/p>\n<p><strong>Tworzywo<\/strong>:ZCuSn12.<\/p>\n<p><strong>Wymagania dotycz\u0105ce testowania produktu<\/strong>: Test szczelno\u015bci powietrza, spr\u0119\u017cone powietrze 0,5 MPa, wytrzymaj ci\u015bnienie przez 1 minut\u0119, bez wycieku.<\/p>","protected":false},"featured_media":25,"template":"","meta":[],"product_cat":[16],"product_tag":[31,32,30,29,34,28,35,27,33],"class_list":{"0":"post-20","1":"product","2":"type-product","3":"status-publish","4":"has-post-thumbnail","6":"product_cat-copper-alloy","7":"product_tag-copper-alloy-castings","8":"product_tag-copper-alloy-investment-castings","9":"product_tag-copper-alloy-precision-castings","10":"product_tag-copper-castings","11":"product_tag-copper-castings-for-heat-exchanger-field","12":"product_tag-investment-casting","13":"product_tag-marine-copper-castings","14":"product_tag-precision-casting","15":"product_tag-zcusn12-material-precision-castings","17":"first","18":"instock","19":"shipping-taxable","20":"product-type-simple"},"_links":{"self":[{"href":"https:\/\/www.thecasting-factory.com\/pl\/wp-json\/wp\/v2\/product\/20","targetHints":{"allow":["GET"]}}],"collection":[{"href":"https:\/\/www.thecasting-factory.com\/pl\/wp-json\/wp\/v2\/product"}],"about":[{"href":"https:\/\/www.thecasting-factory.com\/pl\/wp-json\/wp\/v2\/types\/product"}],"version-history":[{"count":1,"href":"https:\/\/www.thecasting-factory.com\/pl\/wp-json\/wp\/v2\/product\/20\/revisions"}],"predecessor-version":[{"id":26,"href":"https:\/\/www.thecasting-factory.com\/pl\/wp-json\/wp\/v2\/product\/20\/revisions\/26"}],"wp:featuredmedia":[{"embeddable":true,"href":"https:\/\/www.thecasting-factory.com\/pl\/wp-json\/wp\/v2\/media\/25"}],"wp:attachment":[{"href":"https:\/\/www.thecasting-factory.com\/pl\/wp-json\/wp\/v2\/media?parent=20"}],"wp:term":[{"taxonomy":"product_cat","embeddable":true,"href":"https:\/\/www.thecasting-factory.com\/pl\/wp-json\/wp\/v2\/product_cat?post=20"},{"taxonomy":"product_tag","embeddable":true,"href":"https:\/\/www.thecasting-factory.com\/pl\/wp-json\/wp\/v2\/product_tag?post=20"}],"curies":[{"name":"wp","href":"https:\/\/api.w.org\/{rel}","templated":true}]}}