{"id":17,"date":"2024-11-21T10:22:48","date_gmt":"2024-11-21T02:22:48","guid":{"rendered":"https:\/\/pingheng.globaldeepsea.site\/?post_type=product&#038;p=17"},"modified":"2024-11-21T10:54:30","modified_gmt":"2024-11-21T02:54:30","slug":"flange-bearing-housing-silica-sol-precision-cast-copper-alloy-casting","status":"publish","type":"product","link":"https:\/\/www.thecasting-factory.com\/pl\/product\/flange-bearing-housing-silica-sol-precision-cast-copper-alloy-casting\/","title":{"rendered":"\u0141o\u017cyska ko\u0142nierza obudowa-solica sol precyzyjna odlew miedziany casting miedziany"},"content":{"rendered":"<h3><strong>Opis produktu<\/strong><\/h3>\n<p>Jest to cz\u0119\u015b\u0107 u\u017cywana w tradycyjnych samochodach z silnikiem paliwowym, pompom olejowym, jego nazwa nazywa si\u0119 siedzisko \u0142o\u017cyska ko\u0142nierza; Wymagania techniczne cz\u0119\u015bci:<br \/>\n1. W\u0142a\u015bciwo\u015bci mechaniczne GB\/T 1176, pojedynczy odlewany pr\u0119t testowy, wytrzyma\u0142o\u015b\u0107 na rozci\u0105ganie \u2265220MPa, wytrzyma\u0142o\u015b\u0107 na zginanie \u2265130MPa, wyd\u0142u\u017cenie \u22653%, Brinell Hardness \u226580HBW;<br \/>\n2. Tolerancja odlewania powinna wynosi\u0107 GB\/T 6414-DCTG6-GCTG7, chropowato\u015b\u0107 powierzchni zewn\u0119trznej RA 6.3, resztkowe wypuk\u0142e biegaczy i CAP powinny znajdowa\u0107 si\u0119 w zakresie tolerancji pustej, do\u0142y nie wp\u0142ywaj\u0105 na ocen\u0119 wielko\u015bci maszyny i nie powinna by\u0107 defekt\u00f3w odlewania, kt\u00f3re wp\u0142ywaj\u0105 na funkcj\u0119 stosowania.<br \/>\n3. Wymagania mocy: powierzchnia odlewu nie mo\u017ce mie\u0107 p\u0119kni\u0119\u0107, por\u00f3w, kryszta\u0142\u00f3w pi\u00f3r; \uf0b7 Wtr\u0105cenia powierzchniowe s\u0105 niedozwolone, du\u017ce wtr\u0105cenia powierzchniowe nie s\u0105 dozwolone wi\u0119ksze ni\u017c 0,5 mm\u00b2; \uf0b7 Rozmiar i porowato\u015b\u0107 \u22643 klasa;<br \/>\n4. Po dodaniu maszyny do otworu odniesienia (po ci\u0119ciu oko\u0142o IMM), nie jest dozwolone lu\u017ane otwory ni\u017c IMM '.<br \/>\n5, Zastosowane substancje spe\u0142niaj\u0105 wymagania przepis\u00f3w GB\/T 30512 i CE ROHS2.0.<\/p>\n<h3><strong>T\u0142o rozwojowe<\/strong><\/h3>\n<p>1. To nowy klient i po raz pierwszy opracowali\u015bmy takie cz\u0119\u015bci<br \/>\n2. Po badaniu obu stron podpisali\u015bmy \u201eumow\u0119 o rozwoju ple\u015bni\u201d, \u201eUmowa o produkcji nowej pr\u00f3by produktu\u201d i \u201eUmowa o uczciwo\u015bci dostawcy\u201d przed opracowaniem.<br \/>\n3. Cykl rozwoju tego produktu jest kr\u00f3tki, pierwszy czas dostawy pr\u00f3bki to 40 dni, przetwarzanie produktu jest trudne, tolerancja na otwory monta\u017cowe wynosi \u00b1 0,012 mm, od pocz\u0105tku otrzymania powiadomienia o rozwoju, prowadzono nas przez dzia\u0142 projektu i osobi\u015bcie uczestniczy\u0142 w nim szef. Po kilku rundach oceny spotkania i weryfikacji na miejscu zainwestowali\u015bmy nowy sprz\u0119t do przetwarzania i ostatecznie wype\u0142nili\u015bmy wymagania klienta przy wysy\u0142aniu pr\u00f3bek po raz drugi.<br \/>\nNasza firma ma silny zesp\u00f3\u0142 ds. Rozwoju technicznego, z mo\u017cliwo\u015bci\u0105 opracowywania cz\u0119\u015bci OEM w dziedzinie precyzyjnych odlew\u00f3w i \u015bwiadczenia zintegrowanych us\u0142ug od pustej do obr\u00f3bki; Doskona\u0142o\u015b\u0107, aby zapewni\u0107 klientom wydajne, wysokiej jako\u015bci produkty i us\u0142ugi, by\u0142a nasz\u0105 filozofi\u0105.<\/p>","protected":false},"excerpt":{"rendered":"<p>Jest to element stosowany w pompach olejowych;<\/p>\n<p><strong>Specyfikacje cz\u0119\u015bci d\u0142ugo\u015b\u0107 x szeroko\u015b\u0107 x Wysoko\u015b\u0107<\/strong> :\u03c6128mmx38,5 mm, waga: 1,42 kg;<\/p>\n<p><strong>Tworzywo<\/strong> \uff1a Zcusn10p1<\/p>","protected":false},"featured_media":18,"template":"","meta":[],"product_cat":[16],"product_tag":[26,21,19,24,22,25,23,20],"class_list":{"0":"post-17","1":"product","2":"type-product","3":"status-publish","4":"has-post-thumbnail","6":"product_cat-copper-alloy","7":"product_tag-copper-alloy-casting-foundry","8":"product_tag-copper-alloy-flange-bearing-housing","9":"product_tag-flange-bearing-housing-copper-alloy-casting","10":"product_tag-flange-bearing-housing-manufacturer","11":"product_tag-precision-cast-copper-bearing-housing","12":"product_tag-precision-casting-supplier","13":"product_tag-silica-sol-copper-alloy-casting","14":"product_tag-silica-sol-precision-casting","16":"first","17":"instock","18":"shipping-taxable","19":"product-type-simple"},"_links":{"self":[{"href":"https:\/\/www.thecasting-factory.com\/pl\/wp-json\/wp\/v2\/product\/17","targetHints":{"allow":["GET"]}}],"collection":[{"href":"https:\/\/www.thecasting-factory.com\/pl\/wp-json\/wp\/v2\/product"}],"about":[{"href":"https:\/\/www.thecasting-factory.com\/pl\/wp-json\/wp\/v2\/types\/product"}],"version-history":[{"count":0,"href":"https:\/\/www.thecasting-factory.com\/pl\/wp-json\/wp\/v2\/product\/17\/revisions"}],"wp:featuredmedia":[{"embeddable":true,"href":"https:\/\/www.thecasting-factory.com\/pl\/wp-json\/wp\/v2\/media\/18"}],"wp:attachment":[{"href":"https:\/\/www.thecasting-factory.com\/pl\/wp-json\/wp\/v2\/media?parent=17"}],"wp:term":[{"taxonomy":"product_cat","embeddable":true,"href":"https:\/\/www.thecasting-factory.com\/pl\/wp-json\/wp\/v2\/product_cat?post=17"},{"taxonomy":"product_tag","embeddable":true,"href":"https:\/\/www.thecasting-factory.com\/pl\/wp-json\/wp\/v2\/product_tag?post=17"}],"curies":[{"name":"wp","href":"https:\/\/api.w.org\/{rel}","templated":true}]}}