{"id":88,"date":"2024-11-21T13:41:54","date_gmt":"2024-11-21T05:41:54","guid":{"rendered":"https:\/\/pingheng.globaldeepsea.site\/?post_type=product&#038;p=88"},"modified":"2024-11-21T13:43:26","modified_gmt":"2024-11-21T05:43:26","slug":"stainless-steel-chamber-body-produced-by-precision-casting","status":"publish","type":"product","link":"https:\/\/www.thecasting-factory.com\/fr\/product\/stainless-steel-chamber-body-produced-by-precision-casting\/","title":{"rendered":"Corps de chambre en acier inoxydable produit par casting de pr\u00e9cision"},"content":{"rendered":"<h3><strong>Description du produit<\/strong><\/h3>\n<p>Ceci est une partie utilis\u00e9e dans le refroidisseur de syst\u00e8me d'\u00e9chappement automobile, le nom est appel\u00e9 chambre de sortie.<\/p>\n<p>Il est fait de mat\u00e9riau en acier inoxydable 304, qui pr\u00e9sente les avantages d'une r\u00e9sistance \u00e0 haute temp\u00e9rature, d'une r\u00e9sistance \u00e0 la corrosion, etc. Il est largement utilis\u00e9 dans le domaine des pi\u00e8ces de coul\u00e9e de pr\u00e9cision pour les automobiles, les machines alimentaires, les corps de valve, les pompes et autres pi\u00e8ces de coul\u00e9e de pr\u00e9cision.<\/p>\n<h3><strong>Caract\u00e9ristiques du produit<\/strong><\/h3>\n<p>1. Structure complexe \u00e0 paroithme, facile \u00e0 produire dans le processus de coul\u00e9e<br \/>\n2.Produits avec les exigences d'\u00e9tanch\u00e9it\u00e9, pour les d\u00e9fauts de coul\u00e9e dans le contr\u00f4le des exigences plus \u00e9lev\u00e9es<br \/>\n3.La surface de traitement (surface d'\u00e9tanch\u00e9it\u00e9 externe, trous de montage, surface de soudage plus froide) entre l'existence de besoins de position \u00e9lev\u00e9<br \/>\nDans le processus de d\u00e9veloppement pr\u00e9coce, de temps \u00e0 autre, la taille du traitement n'est pas autoris\u00e9e, la position de l'excentricit\u00e9 est grave, nous gr\u00e2ce \u00e0 l'augmentation de la mise en forme en blanc, des appareils d'inspection auxiliaires, du traitement et de l'ajustement de l'outillage, et finalement, dans le calendrier pour compl\u00e9ter le d\u00e9veloppement des exigences du client de chaque n\u0153ud de d\u00e9veloppement;<br \/>\nLe produit a \u00e9t\u00e9 d\u00e9velopp\u00e9 au milieu de 2020 et la production de masse a \u00e9t\u00e9 r\u00e9alis\u00e9e en 2021, et est maintenant dans un \u00e9tat d'approvisionnement stable, avec une offre annuelle de 100 000 pi\u00e8ces;<br \/>\nNotre entreprise a une solide \u00e9quipe de d\u00e9veloppement technique, avec la capacit\u00e9 de d\u00e9velopper une vari\u00e9t\u00e9 de pi\u00e8ces en forme dans le domaine de la coul\u00e9e de pr\u00e9cision, et de fournir des services int\u00e9gr\u00e9s de la coul\u00e9e \u00e0 l'usinage; L'excellence, pour fournir aux clients des produits et services efficaces et de haute qualit\u00e9, nous a toujours \u00e9t\u00e9 notre adh\u00e9rence au concept.<\/p>\n<h3><strong>Affichages de produits<\/strong><\/h3>\n<p><img fetchpriority=\"high\" decoding=\"async\" class=\"alignnone wp-image-90\" src=\"https:\/\/pingheng.globaldeepsea.site\/wp-content\/uploads\/2024\/11\/Stainless-steel-chamber-body-produced-by-precision-casting1-300x225.webp\" alt=\"\" width=\"300\" height=\"225\" srcset=\"https:\/\/www.thecasting-factory.com\/wp-content\/uploads\/2024\/11\/Stainless-steel-chamber-body-produced-by-precision-casting1-300x225.webp 300w, https:\/\/www.thecasting-factory.com\/wp-content\/uploads\/2024\/11\/Stainless-steel-chamber-body-produced-by-precision-casting1.webp 600w\" sizes=\"(max-width: 300px) 100vw, 300px\" \/>\u00a0<img decoding=\"async\" class=\"alignnone size-medium wp-image-91\" src=\"https:\/\/pingheng.globaldeepsea.site\/wp-content\/uploads\/2024\/11\/Stainless-steel-chamber-body-produced-by-precision-casting2-300x225.webp\" alt=\"\" width=\"300\" height=\"225\" srcset=\"https:\/\/www.thecasting-factory.com\/wp-content\/uploads\/2024\/11\/Stainless-steel-chamber-body-produced-by-precision-casting2-300x225.webp 300w, https:\/\/www.thecasting-factory.com\/wp-content\/uploads\/2024\/11\/Stainless-steel-chamber-body-produced-by-precision-casting2-1024x768.webp 1024w, https:\/\/www.thecasting-factory.com\/wp-content\/uploads\/2024\/11\/Stainless-steel-chamber-body-produced-by-precision-casting2-768x576.webp 768w, https:\/\/www.thecasting-factory.com\/wp-content\/uploads\/2024\/11\/Stainless-steel-chamber-body-produced-by-precision-casting2-1536x1152.webp 1536w, https:\/\/www.thecasting-factory.com\/wp-content\/uploads\/2024\/11\/Stainless-steel-chamber-body-produced-by-precision-casting2-600x450.webp 600w, https:\/\/www.thecasting-factory.com\/wp-content\/uploads\/2024\/11\/Stainless-steel-chamber-body-produced-by-precision-casting2.webp 1706w\" sizes=\"(max-width: 300px) 100vw, 300px\" \/><img decoding=\"async\" class=\"alignnone size-medium wp-image-92\" src=\"https:\/\/pingheng.globaldeepsea.site\/wp-content\/uploads\/2024\/11\/Stainless-steel-chamber-body-produced-by-precision-casting3-300x225.webp\" alt=\"\" width=\"300\" height=\"225\" srcset=\"https:\/\/www.thecasting-factory.com\/wp-content\/uploads\/2024\/11\/Stainless-steel-chamber-body-produced-by-precision-casting3-300x225.webp 300w, https:\/\/www.thecasting-factory.com\/wp-content\/uploads\/2024\/11\/Stainless-steel-chamber-body-produced-by-precision-casting3-1024x768.webp 1024w, https:\/\/www.thecasting-factory.com\/wp-content\/uploads\/2024\/11\/Stainless-steel-chamber-body-produced-by-precision-casting3-768x576.webp 768w, https:\/\/www.thecasting-factory.com\/wp-content\/uploads\/2024\/11\/Stainless-steel-chamber-body-produced-by-precision-casting3-1536x1152.webp 1536w, https:\/\/www.thecasting-factory.com\/wp-content\/uploads\/2024\/11\/Stainless-steel-chamber-body-produced-by-precision-casting3-600x450.webp 600w, https:\/\/www.thecasting-factory.com\/wp-content\/uploads\/2024\/11\/Stainless-steel-chamber-body-produced-by-precision-casting3.webp 1706w\" sizes=\"(max-width: 300px) 100vw, 300px\" \/><img loading=\"lazy\" decoding=\"async\" class=\"alignnone size-medium wp-image-93\" src=\"https:\/\/pingheng.globaldeepsea.site\/wp-content\/uploads\/2024\/11\/Stainless-steel-chamber-body-produced-by-precision-casting4-300x225.webp\" alt=\"\" width=\"300\" height=\"225\" srcset=\"https:\/\/www.thecasting-factory.com\/wp-content\/uploads\/2024\/11\/Stainless-steel-chamber-body-produced-by-precision-casting4-300x225.webp 300w, https:\/\/www.thecasting-factory.com\/wp-content\/uploads\/2024\/11\/Stainless-steel-chamber-body-produced-by-precision-casting4-1024x768.webp 1024w, https:\/\/www.thecasting-factory.com\/wp-content\/uploads\/2024\/11\/Stainless-steel-chamber-body-produced-by-precision-casting4-768x576.webp 768w, https:\/\/www.thecasting-factory.com\/wp-content\/uploads\/2024\/11\/Stainless-steel-chamber-body-produced-by-precision-casting4-1536x1152.webp 1536w, https:\/\/www.thecasting-factory.com\/wp-content\/uploads\/2024\/11\/Stainless-steel-chamber-body-produced-by-precision-casting4-600x450.webp 600w, https:\/\/www.thecasting-factory.com\/wp-content\/uploads\/2024\/11\/Stainless-steel-chamber-body-produced-by-precision-casting4.webp 1706w\" sizes=\"(max-width: 300px) 100vw, 300px\" \/><\/p>","protected":false},"excerpt":{"rendered":"<p>Ceci est une partie utilis\u00e9e dans le syst\u00e8me de traitement des gaz d'\u00e9chappement automobile, EGR Colder.<\/p>\n<p><strong>La sp\u00e9cification de la pi\u00e8ce est LXWXH:<\/strong>132 mmx55mmx85 mm, \u00e9paisseur de paroi: 2,5 mm, poids: 351g.<\/p>\n<p><strong>Mat\u00e9riel:<\/strong>acier inoxydable 304.<\/p>\n<p><strong>Exigences de test de produit:<\/strong> Test de l'\u00e9tanch\u00e9it\u00e9, 500kpa Air comprim\u00e9, pression de maintien pendant 1 min, pas de fuite.<\/p>","protected":false},"featured_media":89,"template":"","meta":[],"product_cat":[17],"product_tag":[48,58,46,28,27,55,59,60],"class_list":{"0":"post-88","1":"product","2":"type-product","3":"status-publish","4":"has-post-thumbnail","6":"product_cat-stainless-steel","7":"product_tag-304-stainless-steel-precision-castings","8":"product_tag-customized-stainless-steel-precision-castings","9":"product_tag-egr-stainless-steel-castings","10":"product_tag-investment-casting","11":"product_tag-precision-casting","12":"product_tag-precision-casting-factory","13":"product_tag-stainless-steel-casting-blanks","14":"product_tag-stainless-steel-casting-with-machined-finished-product","16":"first","17":"instock","18":"shipping-taxable","19":"product-type-simple"},"_links":{"self":[{"href":"https:\/\/www.thecasting-factory.com\/fr\/wp-json\/wp\/v2\/product\/88","targetHints":{"allow":["GET"]}}],"collection":[{"href":"https:\/\/www.thecasting-factory.com\/fr\/wp-json\/wp\/v2\/product"}],"about":[{"href":"https:\/\/www.thecasting-factory.com\/fr\/wp-json\/wp\/v2\/types\/product"}],"version-history":[{"count":1,"href":"https:\/\/www.thecasting-factory.com\/fr\/wp-json\/wp\/v2\/product\/88\/revisions"}],"predecessor-version":[{"id":94,"href":"https:\/\/www.thecasting-factory.com\/fr\/wp-json\/wp\/v2\/product\/88\/revisions\/94"}],"wp:featuredmedia":[{"embeddable":true,"href":"https:\/\/www.thecasting-factory.com\/fr\/wp-json\/wp\/v2\/media\/89"}],"wp:attachment":[{"href":"https:\/\/www.thecasting-factory.com\/fr\/wp-json\/wp\/v2\/media?parent=88"}],"wp:term":[{"taxonomy":"product_cat","embeddable":true,"href":"https:\/\/www.thecasting-factory.com\/fr\/wp-json\/wp\/v2\/product_cat?post=88"},{"taxonomy":"product_tag","embeddable":true,"href":"https:\/\/www.thecasting-factory.com\/fr\/wp-json\/wp\/v2\/product_tag?post=88"}],"curies":[{"name":"wp","href":"https:\/\/api.w.org\/{rel}","templated":true}]}}