{"id":83,"date":"2024-11-21T13:35:53","date_gmt":"2024-11-21T05:35:53","guid":{"rendered":"https:\/\/pingheng.globaldeepsea.site\/?post_type=product&#038;p=83"},"modified":"2024-11-21T13:35:53","modified_gmt":"2024-11-21T05:35:53","slug":"egr-outlet-chamber-stainless-steel-precision-castings","status":"publish","type":"product","link":"https:\/\/www.thecasting-factory.com\/fr\/product\/egr-outlet-chamber-stainless-steel-precision-castings\/","title":{"rendered":"Chambre de sortie EGR - Castings de pr\u00e9cision en acier inoxydable"},"content":{"rendered":"<h3><strong>Description du produit<\/strong><\/h3>\n<p>Ceci fait partie des soci\u00e9t\u00e9s automobiles bien connues en Chine, Syst\u00e8me d'\u00e9chappement automobile - EGR plus refroidisse dans les pi\u00e8ces, le nom s'appelle la chambre de sortie.<br \/>\nLe mat\u00e9riau utilis\u00e9 pour le faire est en acier inoxydable 304, qui pr\u00e9sente des avantages comme une r\u00e9sistance \u00e0 haute temp\u00e9rature et une r\u00e9sistance \u00e0 la corrosion. Il trouve une application approfondie dans l'industrie de la coul\u00e9e de pr\u00e9cision pour les corps de valve, les pompes, les machines alimentaires, les voitures et autres composants de coul\u00e9e de pr\u00e9cision.<\/p>\n<h3><strong>Caract\u00e9ristiques du produit<\/strong><\/h3>\n<p>1. Construction complexe \u00e0 parois minces sujets \u00e0 la distorsion pendant la coul\u00e9e<br \/>\n2. Marchandises qui doivent \u00eatre scell\u00e9es afin d'emp\u00eacher le casting des d\u00e9fauts de d\u00e9passer les sp\u00e9cifications<br \/>\n3.La surface de traitement (surface d'\u00e9tanch\u00e9it\u00e9 externe, trous de montage, surface de soudage plus froide) entre l'existence de besoins de position \u00e9lev\u00e9<br \/>\n\u00c9tant donn\u00e9 que la paroi du produit est mince et longue, ce qui entra\u00eene une \u00e9dition de la d\u00e9formation vierge est grave, ce qui affecte \u00e0 son tour le traitement du taux de qualification, ce qui entra\u00eene le d\u00e9veloppement du stade pr\u00e9coce d'exceptionnellement difficile, gr\u00e2ce aux efforts de notre \u00e9quipe, nous avons finalement surmont\u00e9 ces difficult\u00e9s, comme pr\u00e9vu pour compl\u00e9ter le d\u00e9veloppement des exigences du client du n\u0153ud;<br \/>\nLe produit a \u00e9t\u00e9 d\u00e9velopp\u00e9 en 2022 et la production de masse a \u00e9t\u00e9 r\u00e9alis\u00e9e \u00e0 la fin de 2023 et est actuellement dans un \u00e9tat d'approvisionnement stable, avec une offre annuelle de 150 000 pi\u00e8ces;<br \/>\nNotre entreprise a une solide \u00e9quipe de d\u00e9veloppement technique, avec la capacit\u00e9 de d\u00e9velopper une vari\u00e9t\u00e9 de pi\u00e8ces en forme dans le domaine de la coul\u00e9e de pr\u00e9cision, de rechercher l'excellence, pour fournir aux clients des produits et services efficaces et de haute qualit\u00e9 a \u00e9t\u00e9 notre adh\u00e9rence au concept.<\/p>\n<h3><strong>D\u00e9placements de produit<\/strong><\/h3>\n<p><img fetchpriority=\"high\" decoding=\"async\" class=\"alignnone wp-image-84\" src=\"https:\/\/pingheng.globaldeepsea.site\/wp-content\/uploads\/2024\/11\/EGR-outlet-chamber-Stainless-steel-precision-castings-300x300.webp\" alt=\"\" width=\"225\" height=\"225\" srcset=\"https:\/\/www.thecasting-factory.com\/wp-content\/uploads\/2024\/11\/EGR-outlet-chamber-Stainless-steel-precision-castings-300x300.webp 300w, https:\/\/www.thecasting-factory.com\/wp-content\/uploads\/2024\/11\/EGR-outlet-chamber-Stainless-steel-precision-castings-150x150.webp 150w, https:\/\/www.thecasting-factory.com\/wp-content\/uploads\/2024\/11\/EGR-outlet-chamber-Stainless-steel-precision-castings-768x768.webp 768w, https:\/\/www.thecasting-factory.com\/wp-content\/uploads\/2024\/11\/EGR-outlet-chamber-Stainless-steel-precision-castings-600x600.webp 600w, https:\/\/www.thecasting-factory.com\/wp-content\/uploads\/2024\/11\/EGR-outlet-chamber-Stainless-steel-precision-castings-100x100.webp 100w, https:\/\/www.thecasting-factory.com\/wp-content\/uploads\/2024\/11\/EGR-outlet-chamber-Stainless-steel-precision-castings.webp 1000w\" sizes=\"(max-width: 225px) 100vw, 225px\" \/><img decoding=\"async\" class=\"alignnone wp-image-85\" src=\"https:\/\/pingheng.globaldeepsea.site\/wp-content\/uploads\/2024\/11\/EGR-outlet-chamber-Stainless-steel-precision-castings1-300x300.webp\" alt=\"\" width=\"225\" height=\"225\" srcset=\"https:\/\/www.thecasting-factory.com\/wp-content\/uploads\/2024\/11\/EGR-outlet-chamber-Stainless-steel-precision-castings1-300x300.webp 300w, https:\/\/www.thecasting-factory.com\/wp-content\/uploads\/2024\/11\/EGR-outlet-chamber-Stainless-steel-precision-castings1-150x150.webp 150w, https:\/\/www.thecasting-factory.com\/wp-content\/uploads\/2024\/11\/EGR-outlet-chamber-Stainless-steel-precision-castings1-100x100.webp 100w, https:\/\/www.thecasting-factory.com\/wp-content\/uploads\/2024\/11\/EGR-outlet-chamber-Stainless-steel-precision-castings1.webp 600w\" sizes=\"(max-width: 225px) 100vw, 225px\" \/><img decoding=\"async\" class=\"alignnone wp-image-86\" src=\"https:\/\/pingheng.globaldeepsea.site\/wp-content\/uploads\/2024\/11\/EGR-outlet-chamber-Stainless-steel-precision-castings2-300x300.webp\" alt=\"\" width=\"225\" height=\"225\" srcset=\"https:\/\/www.thecasting-factory.com\/wp-content\/uploads\/2024\/11\/EGR-outlet-chamber-Stainless-steel-precision-castings2-300x300.webp 300w, https:\/\/www.thecasting-factory.com\/wp-content\/uploads\/2024\/11\/EGR-outlet-chamber-Stainless-steel-precision-castings2-150x150.webp 150w, https:\/\/www.thecasting-factory.com\/wp-content\/uploads\/2024\/11\/EGR-outlet-chamber-Stainless-steel-precision-castings2-100x100.webp 100w, https:\/\/www.thecasting-factory.com\/wp-content\/uploads\/2024\/11\/EGR-outlet-chamber-Stainless-steel-precision-castings2.webp 600w\" sizes=\"(max-width: 225px) 100vw, 225px\" \/><img loading=\"lazy\" decoding=\"async\" class=\"alignnone wp-image-87\" src=\"https:\/\/pingheng.globaldeepsea.site\/wp-content\/uploads\/2024\/11\/EGR-outlet-chamber-Stainless-steel-precision-castings3-300x300.webp\" alt=\"\" width=\"200\" height=\"200\" srcset=\"https:\/\/www.thecasting-factory.com\/wp-content\/uploads\/2024\/11\/EGR-outlet-chamber-Stainless-steel-precision-castings3-300x300.webp 300w, https:\/\/www.thecasting-factory.com\/wp-content\/uploads\/2024\/11\/EGR-outlet-chamber-Stainless-steel-precision-castings3-150x150.webp 150w, https:\/\/www.thecasting-factory.com\/wp-content\/uploads\/2024\/11\/EGR-outlet-chamber-Stainless-steel-precision-castings3-100x100.webp 100w, https:\/\/www.thecasting-factory.com\/wp-content\/uploads\/2024\/11\/EGR-outlet-chamber-Stainless-steel-precision-castings3.webp 600w\" sizes=\"(max-width: 200px) 100vw, 200px\" \/><\/p>","protected":false},"excerpt":{"rendered":"<p>Ceci est une partie utilis\u00e9e dans le syst\u00e8me de traitement des gaz d'\u00e9chappement automobile, EGR Colder.<\/p>\n<p><strong>La sp\u00e9cification de la pi\u00e8ce est LXWXH:<\/strong>58 mmx34mmx120 mm, \u00e9paisseur de paroi: 2,5 mm, poids :: 452g.<\/p>\n<p><strong>Mat\u00e9riel:<\/strong>acier inoxydable 304.<\/p>\n<p><strong>Exigences de test de produit:<\/strong> Test de l'\u00e9tanch\u00e9it\u00e9, 500kpa Air comprim\u00e9, pression de maintien pendant 1 min, pas de fuite.<\/p>","protected":false},"featured_media":84,"template":"","meta":[],"product_cat":[17],"product_tag":[48,58,46,28,27,55,59,60],"class_list":{"0":"post-83","1":"product","2":"type-product","3":"status-publish","4":"has-post-thumbnail","6":"product_cat-stainless-steel","7":"product_tag-304-stainless-steel-precision-castings","8":"product_tag-customized-stainless-steel-precision-castings","9":"product_tag-egr-stainless-steel-castings","10":"product_tag-investment-casting","11":"product_tag-precision-casting","12":"product_tag-precision-casting-factory","13":"product_tag-stainless-steel-casting-blanks","14":"product_tag-stainless-steel-casting-with-machined-finished-product","16":"first","17":"instock","18":"shipping-taxable","19":"product-type-simple"},"_links":{"self":[{"href":"https:\/\/www.thecasting-factory.com\/fr\/wp-json\/wp\/v2\/product\/83","targetHints":{"allow":["GET"]}}],"collection":[{"href":"https:\/\/www.thecasting-factory.com\/fr\/wp-json\/wp\/v2\/product"}],"about":[{"href":"https:\/\/www.thecasting-factory.com\/fr\/wp-json\/wp\/v2\/types\/product"}],"version-history":[{"count":0,"href":"https:\/\/www.thecasting-factory.com\/fr\/wp-json\/wp\/v2\/product\/83\/revisions"}],"wp:featuredmedia":[{"embeddable":true,"href":"https:\/\/www.thecasting-factory.com\/fr\/wp-json\/wp\/v2\/media\/84"}],"wp:attachment":[{"href":"https:\/\/www.thecasting-factory.com\/fr\/wp-json\/wp\/v2\/media?parent=83"}],"wp:term":[{"taxonomy":"product_cat","embeddable":true,"href":"https:\/\/www.thecasting-factory.com\/fr\/wp-json\/wp\/v2\/product_cat?post=83"},{"taxonomy":"product_tag","embeddable":true,"href":"https:\/\/www.thecasting-factory.com\/fr\/wp-json\/wp\/v2\/product_tag?post=83"}],"curies":[{"name":"wp","href":"https:\/\/api.w.org\/{rel}","templated":true}]}}