{"id":77,"date":"2024-11-21T13:29:56","date_gmt":"2024-11-21T05:29:56","guid":{"rendered":"https:\/\/pingheng.globaldeepsea.site\/?post_type=product&#038;p=77"},"modified":"2024-11-21T13:29:56","modified_gmt":"2024-11-21T05:29:56","slug":"egr-intake-chamber-stainless-steel-precision-castings","status":"publish","type":"product","link":"https:\/\/www.thecasting-factory.com\/fr\/product\/egr-intake-chamber-stainless-steel-precision-castings\/","title":{"rendered":"Chambre d'admission EGR - Castings de pr\u00e9cision en acier inoxydable"},"content":{"rendered":"<h3><strong>Description du produit<\/strong><\/h3>\n<p>Ceci est une partie utilis\u00e9e dans le refroidisseur d'automobile du syst\u00e8me d'\u00e9chappement, le nom est une chambre d'admission.<br \/>\nIl est fait de mat\u00e9riau en acier inoxydable 304, qui pr\u00e9sente les avantages d'une r\u00e9sistance \u00e0 haute temp\u00e9rature, d'une r\u00e9sistance \u00e0 la corrosion, etc. Il est largement utilis\u00e9 dans le domaine des pi\u00e8ces de coul\u00e9e de pr\u00e9cision pour les automobiles, les machines alimentaires, les corps de valve, les pompes, etc.<\/p>\n<h3><strong>Caract\u00e9ristiques du produit<\/strong><\/h3>\n<p>1. Structure complexe \u00e0 paroithme, facile \u00e0 produire dans le processus de coul\u00e9e<br \/>\n2. Le produit a une exigence d'\u00e9tanch\u00e9it\u00e9, car les exigences de contr\u00f4le des d\u00e9fauts de coul\u00e9e sont \u00e9lev\u00e9es<br \/>\nLa figure 2 montre la surface de la bride des pi\u00e8ces, cette surface est connect\u00e9e \u00e0 la surface de la bride d'admission de l'admission d'air externe, il y a donc des exigences de plan\u00e9it\u00e9 et de rugosit\u00e9; La face de l'encoche doit emp\u00eacher l'installation d'interf\u00e9rence avec le choix d'\u00e9viter l'air.<br \/>\nLa figure 3 montre l'usinage du port carr\u00e9, le r\u00f4le du traitement ici est de r\u00e9pondre aux besoins de la tol\u00e9rance \u00e0 dessin \u00b1 0,05 mm, pour le brasage avec l'ajustement de la coquille EGR, la taille de la conformit\u00e9 d\u00e9termine le taux de r\u00e9ussite du brasage;<br \/>\nLa figure 4 montre les trous de montage en forme de taille, ici le r\u00f4le du refroidisseur EGR et le corps du r\u00f4le de la connexion, les trous en forme de taille ont l'avantage d'am\u00e9liorer l'espace de r\u00e9glage pendant l'installation;<br \/>\nLe produit a \u00e9t\u00e9 d\u00e9velopp\u00e9 au milieu de 2020 et la production de masse a \u00e9t\u00e9 r\u00e9alis\u00e9e en 2021, et est maintenant dans un \u00e9tat d'approvisionnement stable, avec une offre annuelle de 100 000 pi\u00e8ces;<br \/>\nNotre entreprise a une solide \u00e9quipe de d\u00e9veloppement technique, avec la possibilit\u00e9 de d\u00e9velopper une vari\u00e9t\u00e9 de pi\u00e8ces en forme dans le domaine de la coul\u00e9e de pr\u00e9cision, de rechercher l'excellence, pour fournir aux clients des produits et services efficaces et de haute qualit\u00e9 a toujours \u00e9t\u00e9 notre adh\u00e9rence au concept.<\/p>\n<p><img fetchpriority=\"high\" decoding=\"async\" class=\"alignnone wp-image-79\" src=\"https:\/\/pingheng.globaldeepsea.site\/wp-content\/uploads\/2024\/11\/EGR-Intake-Chamber-Stainless-Steel-Precision-Castings1-300x300.webp\" alt=\"\" width=\"225\" height=\"225\" srcset=\"https:\/\/www.thecasting-factory.com\/wp-content\/uploads\/2024\/11\/EGR-Intake-Chamber-Stainless-Steel-Precision-Castings1-300x300.webp 300w, https:\/\/www.thecasting-factory.com\/wp-content\/uploads\/2024\/11\/EGR-Intake-Chamber-Stainless-Steel-Precision-Castings1-150x150.webp 150w, https:\/\/www.thecasting-factory.com\/wp-content\/uploads\/2024\/11\/EGR-Intake-Chamber-Stainless-Steel-Precision-Castings1-100x100.webp 100w, https:\/\/www.thecasting-factory.com\/wp-content\/uploads\/2024\/11\/EGR-Intake-Chamber-Stainless-Steel-Precision-Castings1.webp 600w\" sizes=\"(max-width: 225px) 100vw, 225px\" \/><img decoding=\"async\" class=\"alignnone wp-image-80\" src=\"https:\/\/pingheng.globaldeepsea.site\/wp-content\/uploads\/2024\/11\/EGR-Intake-Chamber-Stainless-Steel-Precision-Castings2-300x300.webp\" alt=\"\" width=\"225\" height=\"225\" srcset=\"https:\/\/www.thecasting-factory.com\/wp-content\/uploads\/2024\/11\/EGR-Intake-Chamber-Stainless-Steel-Precision-Castings2-300x300.webp 300w, https:\/\/www.thecasting-factory.com\/wp-content\/uploads\/2024\/11\/EGR-Intake-Chamber-Stainless-Steel-Precision-Castings2-150x150.webp 150w, https:\/\/www.thecasting-factory.com\/wp-content\/uploads\/2024\/11\/EGR-Intake-Chamber-Stainless-Steel-Precision-Castings2-768x768.webp 768w, https:\/\/www.thecasting-factory.com\/wp-content\/uploads\/2024\/11\/EGR-Intake-Chamber-Stainless-Steel-Precision-Castings2-600x600.webp 600w, https:\/\/www.thecasting-factory.com\/wp-content\/uploads\/2024\/11\/EGR-Intake-Chamber-Stainless-Steel-Precision-Castings2-100x100.webp 100w, https:\/\/www.thecasting-factory.com\/wp-content\/uploads\/2024\/11\/EGR-Intake-Chamber-Stainless-Steel-Precision-Castings2.webp 1000w\" sizes=\"(max-width: 225px) 100vw, 225px\" \/><img decoding=\"async\" class=\"alignnone wp-image-81\" src=\"https:\/\/pingheng.globaldeepsea.site\/wp-content\/uploads\/2024\/11\/EGR-Intake-Chamber-Stainless-Steel-Precision-Castings3-300x300.webp\" alt=\"\" width=\"225\" height=\"225\" srcset=\"https:\/\/www.thecasting-factory.com\/wp-content\/uploads\/2024\/11\/EGR-Intake-Chamber-Stainless-Steel-Precision-Castings3-300x300.webp 300w, https:\/\/www.thecasting-factory.com\/wp-content\/uploads\/2024\/11\/EGR-Intake-Chamber-Stainless-Steel-Precision-Castings3-150x150.webp 150w, https:\/\/www.thecasting-factory.com\/wp-content\/uploads\/2024\/11\/EGR-Intake-Chamber-Stainless-Steel-Precision-Castings3-768x768.webp 768w, https:\/\/www.thecasting-factory.com\/wp-content\/uploads\/2024\/11\/EGR-Intake-Chamber-Stainless-Steel-Precision-Castings3-600x600.webp 600w, https:\/\/www.thecasting-factory.com\/wp-content\/uploads\/2024\/11\/EGR-Intake-Chamber-Stainless-Steel-Precision-Castings3-100x100.webp 100w, https:\/\/www.thecasting-factory.com\/wp-content\/uploads\/2024\/11\/EGR-Intake-Chamber-Stainless-Steel-Precision-Castings3.webp 1000w\" sizes=\"(max-width: 225px) 100vw, 225px\" \/><img loading=\"lazy\" decoding=\"async\" class=\"alignnone wp-image-82\" src=\"https:\/\/pingheng.globaldeepsea.site\/wp-content\/uploads\/2024\/11\/EGR-Intake-Chamber-Stainless-Steel-Precision-Castings4-300x300.webp\" alt=\"\" width=\"200\" height=\"200\" srcset=\"https:\/\/www.thecasting-factory.com\/wp-content\/uploads\/2024\/11\/EGR-Intake-Chamber-Stainless-Steel-Precision-Castings4-300x300.webp 300w, https:\/\/www.thecasting-factory.com\/wp-content\/uploads\/2024\/11\/EGR-Intake-Chamber-Stainless-Steel-Precision-Castings4-150x150.webp 150w, https:\/\/www.thecasting-factory.com\/wp-content\/uploads\/2024\/11\/EGR-Intake-Chamber-Stainless-Steel-Precision-Castings4-768x768.webp 768w, https:\/\/www.thecasting-factory.com\/wp-content\/uploads\/2024\/11\/EGR-Intake-Chamber-Stainless-Steel-Precision-Castings4-600x600.webp 600w, https:\/\/www.thecasting-factory.com\/wp-content\/uploads\/2024\/11\/EGR-Intake-Chamber-Stainless-Steel-Precision-Castings4-100x100.webp 100w, https:\/\/www.thecasting-factory.com\/wp-content\/uploads\/2024\/11\/EGR-Intake-Chamber-Stainless-Steel-Precision-Castings4.webp 1000w\" sizes=\"(max-width: 200px) 100vw, 200px\" \/><\/p>","protected":false},"excerpt":{"rendered":"<p>Ceci est une partie utilis\u00e9e dans le syst\u00e8me de traitement des gaz d'\u00e9chappement automobile, EGR Colder.<\/p>\n<p><strong>La sp\u00e9cification de la pi\u00e8ce est LXWXH:<\/strong>80 mmx70 mmx48 mm, \u00e9paisseur de paroi: 2,5 mm, poids :: 296g.<\/p>\n<p><strong>Mat\u00e9riel:<\/strong>acier inoxydable 304.<\/p>\n<p><strong>Exigences de test de produit:<\/strong> Test de l'\u00e9tanch\u00e9it\u00e9, 500kpa Air comprim\u00e9, pression de maintien pendant 1 min, pas de fuite.<\/p>","protected":false},"featured_media":78,"template":"","meta":[],"product_cat":[17],"product_tag":[53,48,58,46,28,27,55,50],"class_list":{"0":"post-77","1":"product","2":"type-product","3":"status-publish","4":"has-post-thumbnail","6":"product_cat-stainless-steel","7":"product_tag-304-stainless-steel-investment-castings","8":"product_tag-304-stainless-steel-precision-castings","9":"product_tag-customized-stainless-steel-precision-castings","10":"product_tag-egr-stainless-steel-castings","11":"product_tag-investment-casting","12":"product_tag-precision-casting","13":"product_tag-precision-casting-factory","14":"product_tag-stainless-steel-castings","16":"first","17":"instock","18":"shipping-taxable","19":"product-type-simple"},"_links":{"self":[{"href":"https:\/\/www.thecasting-factory.com\/fr\/wp-json\/wp\/v2\/product\/77","targetHints":{"allow":["GET"]}}],"collection":[{"href":"https:\/\/www.thecasting-factory.com\/fr\/wp-json\/wp\/v2\/product"}],"about":[{"href":"https:\/\/www.thecasting-factory.com\/fr\/wp-json\/wp\/v2\/types\/product"}],"version-history":[{"count":0,"href":"https:\/\/www.thecasting-factory.com\/fr\/wp-json\/wp\/v2\/product\/77\/revisions"}],"wp:featuredmedia":[{"embeddable":true,"href":"https:\/\/www.thecasting-factory.com\/fr\/wp-json\/wp\/v2\/media\/78"}],"wp:attachment":[{"href":"https:\/\/www.thecasting-factory.com\/fr\/wp-json\/wp\/v2\/media?parent=77"}],"wp:term":[{"taxonomy":"product_cat","embeddable":true,"href":"https:\/\/www.thecasting-factory.com\/fr\/wp-json\/wp\/v2\/product_cat?post=77"},{"taxonomy":"product_tag","embeddable":true,"href":"https:\/\/www.thecasting-factory.com\/fr\/wp-json\/wp\/v2\/product_tag?post=77"}],"curies":[{"name":"wp","href":"https:\/\/api.w.org\/{rel}","templated":true}]}}