{"id":70,"date":"2024-11-21T13:18:38","date_gmt":"2024-11-21T05:18:38","guid":{"rendered":"https:\/\/pingheng.globaldeepsea.site\/?post_type=product&#038;p=70"},"modified":"2024-11-21T13:19:27","modified_gmt":"2024-11-21T05:19:27","slug":"egr-water-chamber-stainless-steel-precision-castings","status":"publish","type":"product","link":"https:\/\/www.thecasting-factory.com\/fr\/product\/egr-water-chamber-stainless-steel-precision-castings\/","title":{"rendered":"Chambre d'eau EGR - Castings de pr\u00e9cision en acier inoxydable"},"content":{"rendered":"<h3><strong>Description du produit<\/strong><\/h3>\n<p>Ceci est une partie utilis\u00e9e dans le refroidisseur d'automobile du syst\u00e8me d'\u00e9chappement, le nom est Water Chamber.<br \/>\nIl est fait de mat\u00e9riau en acier inoxydable 304, qui pr\u00e9sente les avantages d'une r\u00e9sistance \u00e0 haute temp\u00e9rature, d'une r\u00e9sistance \u00e0 la corrosion, etc. Il est largement utilis\u00e9 dans le domaine des pi\u00e8ces de coul\u00e9e de pr\u00e9cision pour les automobiles, les machines alimentaires, les corps de valve, les pompes, etc.<\/p>\n<h3><strong>Caract\u00e9ristiques du produit<\/strong><\/h3>\n<p>1. Structure complexe \u00e0 paroithme, facile \u00e0 produire dans le processus de coul\u00e9e<br \/>\n2.Le produit a des exigences d'\u00e9tanch\u00e9it\u00e9, pour couler des d\u00e9fauts dans le contr\u00f4le des exigences plus \u00e9lev\u00e9es<br \/>\nFigure 2 Position, pour la position du tuyau d'eau externe, l'utilisation du joint radial du joint torique, donc pour les exigences de pr\u00e9cision de traitement, \u00e9lev\u00e9es.<br \/>\nFigure 3 Position, pour la surface de soudage et le soudage de la coquille EGR, afin de garantir que le taux de r\u00e9ussite du brasage, de sorte que le traitement de la plan\u00e9it\u00e9 a certaines exigences;<br \/>\nFigure 4 Position pour le petit tuyau d'eau externe, en raison de l'utilisation du scellement bras\u00e9 entre les pi\u00e8ces, les exigences de pr\u00e9cision sont plus \u00e9lev\u00e9es.<br \/>\nCe type de structure semble simple, mais dans le processus de d\u00e9veloppement, des articulations chaudes faciles \u00e0 structurer, notre entreprise est dans la communication client, pour obtenir le consentement des clients, optimiser l'apparence du produit et, avec le d\u00e9but de la production de masse en 2018, et jusqu'\u00e0 pr\u00e9sent a continu\u00e9 \u00e0 fournir environ 50 000 pi\u00e8ces par an;<br \/>\nNotre entreprise a une solide \u00e9quipe de d\u00e9veloppement technique, avec la possibilit\u00e9 de d\u00e9velopper une vari\u00e9t\u00e9 de pi\u00e8ces en forme dans le domaine de la coul\u00e9e de pr\u00e9cision, et de fournir des services int\u00e9gr\u00e9s de la coul\u00e9e \u00e0 l'usinage, de rechercher l'excellence, de fournir aux clients des produits et services efficaces et de haute qualit\u00e9 a toujours \u00e9t\u00e9 notre adh\u00e9rence au concept.<\/p>\n<p><img fetchpriority=\"high\" decoding=\"async\" class=\"alignnone wp-image-71\" src=\"https:\/\/pingheng.globaldeepsea.site\/wp-content\/uploads\/2024\/11\/EGR-Water-Chamber-Stainless-Steel-Precision-Castings-300x300.webp\" alt=\"\" width=\"225\" height=\"225\" srcset=\"https:\/\/www.thecasting-factory.com\/wp-content\/uploads\/2024\/11\/EGR-Water-Chamber-Stainless-Steel-Precision-Castings-300x300.webp 300w, https:\/\/www.thecasting-factory.com\/wp-content\/uploads\/2024\/11\/EGR-Water-Chamber-Stainless-Steel-Precision-Castings-150x150.webp 150w, https:\/\/www.thecasting-factory.com\/wp-content\/uploads\/2024\/11\/EGR-Water-Chamber-Stainless-Steel-Precision-Castings-768x768.webp 768w, https:\/\/www.thecasting-factory.com\/wp-content\/uploads\/2024\/11\/EGR-Water-Chamber-Stainless-Steel-Precision-Castings-600x600.webp 600w, https:\/\/www.thecasting-factory.com\/wp-content\/uploads\/2024\/11\/EGR-Water-Chamber-Stainless-Steel-Precision-Castings-100x100.webp 100w, https:\/\/www.thecasting-factory.com\/wp-content\/uploads\/2024\/11\/EGR-Water-Chamber-Stainless-Steel-Precision-Castings.webp 1000w\" sizes=\"(max-width: 225px) 100vw, 225px\" \/><img decoding=\"async\" class=\"alignnone wp-image-72\" src=\"https:\/\/pingheng.globaldeepsea.site\/wp-content\/uploads\/2024\/11\/Stainless-Steel-Precision-Castings-300x300.webp\" alt=\"\" width=\"225\" height=\"225\" srcset=\"https:\/\/www.thecasting-factory.com\/wp-content\/uploads\/2024\/11\/Stainless-Steel-Precision-Castings-300x300.webp 300w, https:\/\/www.thecasting-factory.com\/wp-content\/uploads\/2024\/11\/Stainless-Steel-Precision-Castings-150x150.webp 150w, https:\/\/www.thecasting-factory.com\/wp-content\/uploads\/2024\/11\/Stainless-Steel-Precision-Castings-768x768.webp 768w, https:\/\/www.thecasting-factory.com\/wp-content\/uploads\/2024\/11\/Stainless-Steel-Precision-Castings-600x600.webp 600w, https:\/\/www.thecasting-factory.com\/wp-content\/uploads\/2024\/11\/Stainless-Steel-Precision-Castings-100x100.webp 100w, https:\/\/www.thecasting-factory.com\/wp-content\/uploads\/2024\/11\/Stainless-Steel-Precision-Castings.webp 1000w\" sizes=\"(max-width: 225px) 100vw, 225px\" \/><img decoding=\"async\" class=\"alignnone wp-image-73\" src=\"https:\/\/pingheng.globaldeepsea.site\/wp-content\/uploads\/2024\/11\/Water-Chamber-Stainless-Steel-Precision-Castings-300x300.webp\" alt=\"\" width=\"225\" height=\"225\" srcset=\"https:\/\/www.thecasting-factory.com\/wp-content\/uploads\/2024\/11\/Water-Chamber-Stainless-Steel-Precision-Castings-300x300.webp 300w, https:\/\/www.thecasting-factory.com\/wp-content\/uploads\/2024\/11\/Water-Chamber-Stainless-Steel-Precision-Castings-150x150.webp 150w, https:\/\/www.thecasting-factory.com\/wp-content\/uploads\/2024\/11\/Water-Chamber-Stainless-Steel-Precision-Castings-768x768.webp 768w, https:\/\/www.thecasting-factory.com\/wp-content\/uploads\/2024\/11\/Water-Chamber-Stainless-Steel-Precision-Castings-600x600.webp 600w, https:\/\/www.thecasting-factory.com\/wp-content\/uploads\/2024\/11\/Water-Chamber-Stainless-Steel-Precision-Castings-100x100.webp 100w, https:\/\/www.thecasting-factory.com\/wp-content\/uploads\/2024\/11\/Water-Chamber-Stainless-Steel-Precision-Castings.webp 1000w\" sizes=\"(max-width: 225px) 100vw, 225px\" \/><img loading=\"lazy\" decoding=\"async\" class=\"alignnone wp-image-74\" src=\"https:\/\/pingheng.globaldeepsea.site\/wp-content\/uploads\/2024\/11\/PRECISION-300x300.webp\" alt=\"\" width=\"225\" height=\"225\" srcset=\"https:\/\/www.thecasting-factory.com\/wp-content\/uploads\/2024\/11\/PRECISION-300x300.webp 300w, https:\/\/www.thecasting-factory.com\/wp-content\/uploads\/2024\/11\/PRECISION-150x150.webp 150w, https:\/\/www.thecasting-factory.com\/wp-content\/uploads\/2024\/11\/PRECISION-768x768.webp 768w, https:\/\/www.thecasting-factory.com\/wp-content\/uploads\/2024\/11\/PRECISION-600x600.webp 600w, https:\/\/www.thecasting-factory.com\/wp-content\/uploads\/2024\/11\/PRECISION-100x100.webp 100w, https:\/\/www.thecasting-factory.com\/wp-content\/uploads\/2024\/11\/PRECISION.webp 1000w\" sizes=\"(max-width: 225px) 100vw, 225px\" \/><\/p>","protected":false},"excerpt":{"rendered":"<p>Ceci est une partie utilis\u00e9e dans le syst\u00e8me de traitement des gaz d'\u00e9chappement automobile, EGR Colder.<\/p>\n<p><strong>La sp\u00e9cification de la pi\u00e8ce est LXWXH:<\/strong>62 mmx46mmx37 mm, \u00e9paisseur de paroi: 2,5 mm, poids: 113g.<\/p>\n<p><strong>Mat\u00e9riel:<\/strong>acier inoxydable 304.<\/p>\n<p><strong>Exigences de test de produit:<\/strong> Test d'\u00e9tanch\u00e9it\u00e9 de l'air, passez de l'air comprim\u00e9 de 500kpa, maintenez la pression pendant 1 min, pas de fuite.<\/p>","protected":false},"featured_media":71,"template":"","meta":[],"product_cat":[17],"product_tag":[53,48,46,28,27,55,50],"class_list":{"0":"post-70","1":"product","2":"type-product","3":"status-publish","4":"has-post-thumbnail","6":"product_cat-stainless-steel","7":"product_tag-304-stainless-steel-investment-castings","8":"product_tag-304-stainless-steel-precision-castings","9":"product_tag-egr-stainless-steel-castings","10":"product_tag-investment-casting","11":"product_tag-precision-casting","12":"product_tag-precision-casting-factory","13":"product_tag-stainless-steel-castings","15":"first","16":"instock","17":"shipping-taxable","18":"product-type-simple"},"_links":{"self":[{"href":"https:\/\/www.thecasting-factory.com\/fr\/wp-json\/wp\/v2\/product\/70","targetHints":{"allow":["GET"]}}],"collection":[{"href":"https:\/\/www.thecasting-factory.com\/fr\/wp-json\/wp\/v2\/product"}],"about":[{"href":"https:\/\/www.thecasting-factory.com\/fr\/wp-json\/wp\/v2\/types\/product"}],"version-history":[{"count":0,"href":"https:\/\/www.thecasting-factory.com\/fr\/wp-json\/wp\/v2\/product\/70\/revisions"}],"wp:featuredmedia":[{"embeddable":true,"href":"https:\/\/www.thecasting-factory.com\/fr\/wp-json\/wp\/v2\/media\/71"}],"wp:attachment":[{"href":"https:\/\/www.thecasting-factory.com\/fr\/wp-json\/wp\/v2\/media?parent=70"}],"wp:term":[{"taxonomy":"product_cat","embeddable":true,"href":"https:\/\/www.thecasting-factory.com\/fr\/wp-json\/wp\/v2\/product_cat?post=70"},{"taxonomy":"product_tag","embeddable":true,"href":"https:\/\/www.thecasting-factory.com\/fr\/wp-json\/wp\/v2\/product_tag?post=70"}],"curies":[{"name":"wp","href":"https:\/\/api.w.org\/{rel}","templated":true}]}}