{"id":64,"date":"2024-11-21T13:12:04","date_gmt":"2024-11-21T05:12:04","guid":{"rendered":"https:\/\/pingheng.globaldeepsea.site\/?post_type=product&#038;p=64"},"modified":"2024-11-21T13:12:04","modified_gmt":"2024-11-21T05:12:04","slug":"heat-exchanger-water-tube-stainless-steel-investment-castings-2","status":"publish","type":"product","link":"https:\/\/www.thecasting-factory.com\/fr\/product\/heat-exchanger-water-tube-stainless-steel-investment-castings-2\/","title":{"rendered":"Tube d'eau de l'\u00e9changeur de chaleur - pi\u00e8ces moul\u00e9es d'investissement en acier inoxydable"},"content":{"rendered":"<h3><strong>Description du produit<\/strong><\/h3>\n<p>Ceci est une partie utilis\u00e9e dans le syst\u00e8me d'\u00e9change de chaleur des v\u00e9hicules commerciaux, le nom est un tuyau d'eau.<br \/>\nIl est fait de mat\u00e9riau en acier inoxydable 304, qui pr\u00e9sente les avantages d'une r\u00e9sistance \u00e0 haute temp\u00e9rature, d'une r\u00e9sistance \u00e0 la corrosion, etc. Il est largement utilis\u00e9 dans le domaine des pi\u00e8ces de coul\u00e9e de pr\u00e9cision telles que l'automobile, les machines alimentaires, le corps de la valve et la pompe.<\/p>\n<h3><strong>Caract\u00e9ristiques du produit<\/strong><\/h3>\n<p>1. Merdi, grande taille et l'existence de flexion multidirectionnelle, pour la production de moules \u00e0 cire et de coul\u00e9e a des exigences plus \u00e9lev\u00e9es<br \/>\n2.Le produit a des exigences d'\u00e9tanch\u00e9it\u00e9, pour les d\u00e9fauts de coul\u00e9e dans le contr\u00f4le des exigences \u00e9lev\u00e9es<br \/>\nTels que la figure 2, la figure 3, respectivement, pour l'interface externe, la figure 2 en utilisant le traitement pour garantir la taille de la connexion dure pour garantir le joint; Figure 3 connect\u00e9e \u00e0 la fin du tube en caoutchouc, donc la taille des exigences relativement faibles<br \/>\nLa figure 4, de sorte que la fin de la surface de connexion n'est pas trait\u00e9e, nous utilisons donc la mise en forme pour nous assurer que la rondeur du produit, pour r\u00e9pondre aux exigences de performance.<br \/>\nCe produit est un produit mature de notre entreprise, et est fourni en vrac depuis de nombreuses ann\u00e9es, jusqu'\u00e0 pr\u00e9sent, la quantit\u00e9 annuelle est d'environ 20 000 pi\u00e8ces.<br \/>\nNotre entreprise a une solide \u00e9quipe de d\u00e9veloppement technique, avec la capacit\u00e9 de d\u00e9velopper une vari\u00e9t\u00e9 de pi\u00e8ces en forme dans le domaine de la coul\u00e9e de pr\u00e9cision, de l'excellence, pour fournir aux clients des produits et services efficaces et de haute qualit\u00e9 a toujours \u00e9t\u00e9 notre philosophie.<\/p>\n<p><img fetchpriority=\"high\" decoding=\"async\" class=\"alignnone wp-image-66\" src=\"https:\/\/pingheng.globaldeepsea.site\/wp-content\/uploads\/2024\/11\/Heat-Exchanger-Water-Tube-Stainless-Steel-Investment-Castings1-1-300x300.webp\" alt=\"\" width=\"225\" height=\"225\" srcset=\"https:\/\/www.thecasting-factory.com\/wp-content\/uploads\/2024\/11\/Heat-Exchanger-Water-Tube-Stainless-Steel-Investment-Castings1-1-300x300.webp 300w, https:\/\/www.thecasting-factory.com\/wp-content\/uploads\/2024\/11\/Heat-Exchanger-Water-Tube-Stainless-Steel-Investment-Castings1-1-150x150.webp 150w, https:\/\/www.thecasting-factory.com\/wp-content\/uploads\/2024\/11\/Heat-Exchanger-Water-Tube-Stainless-Steel-Investment-Castings1-1-768x768.webp 768w, https:\/\/www.thecasting-factory.com\/wp-content\/uploads\/2024\/11\/Heat-Exchanger-Water-Tube-Stainless-Steel-Investment-Castings1-1-600x600.webp 600w, https:\/\/www.thecasting-factory.com\/wp-content\/uploads\/2024\/11\/Heat-Exchanger-Water-Tube-Stainless-Steel-Investment-Castings1-1-100x100.webp 100w, https:\/\/www.thecasting-factory.com\/wp-content\/uploads\/2024\/11\/Heat-Exchanger-Water-Tube-Stainless-Steel-Investment-Castings1-1.webp 1000w\" sizes=\"(max-width: 225px) 100vw, 225px\" \/><img decoding=\"async\" class=\"alignnone wp-image-67\" src=\"https:\/\/pingheng.globaldeepsea.site\/wp-content\/uploads\/2024\/11\/Water-Tube-Stainless-Steel-Investment-Castings-300x300.webp\" alt=\"\" width=\"225\" height=\"225\" srcset=\"https:\/\/www.thecasting-factory.com\/wp-content\/uploads\/2024\/11\/Water-Tube-Stainless-Steel-Investment-Castings-300x300.webp 300w, https:\/\/www.thecasting-factory.com\/wp-content\/uploads\/2024\/11\/Water-Tube-Stainless-Steel-Investment-Castings-150x150.webp 150w, https:\/\/www.thecasting-factory.com\/wp-content\/uploads\/2024\/11\/Water-Tube-Stainless-Steel-Investment-Castings-768x768.webp 768w, https:\/\/www.thecasting-factory.com\/wp-content\/uploads\/2024\/11\/Water-Tube-Stainless-Steel-Investment-Castings-600x600.webp 600w, https:\/\/www.thecasting-factory.com\/wp-content\/uploads\/2024\/11\/Water-Tube-Stainless-Steel-Investment-Castings-100x100.webp 100w, https:\/\/www.thecasting-factory.com\/wp-content\/uploads\/2024\/11\/Water-Tube-Stainless-Steel-Investment-Castings.webp 1000w\" sizes=\"(max-width: 225px) 100vw, 225px\" \/><img decoding=\"async\" class=\"alignnone wp-image-68\" src=\"https:\/\/pingheng.globaldeepsea.site\/wp-content\/uploads\/2024\/11\/Stainless-Steel-Investment-Castings-300x300.webp\" alt=\"\" width=\"225\" height=\"225\" srcset=\"https:\/\/www.thecasting-factory.com\/wp-content\/uploads\/2024\/11\/Stainless-Steel-Investment-Castings-300x300.webp 300w, https:\/\/www.thecasting-factory.com\/wp-content\/uploads\/2024\/11\/Stainless-Steel-Investment-Castings-150x150.webp 150w, https:\/\/www.thecasting-factory.com\/wp-content\/uploads\/2024\/11\/Stainless-Steel-Investment-Castings-768x768.webp 768w, https:\/\/www.thecasting-factory.com\/wp-content\/uploads\/2024\/11\/Stainless-Steel-Investment-Castings-600x600.webp 600w, https:\/\/www.thecasting-factory.com\/wp-content\/uploads\/2024\/11\/Stainless-Steel-Investment-Castings-100x100.webp 100w, https:\/\/www.thecasting-factory.com\/wp-content\/uploads\/2024\/11\/Stainless-Steel-Investment-Castings.webp 1000w\" sizes=\"(max-width: 225px) 100vw, 225px\" \/><img loading=\"lazy\" decoding=\"async\" class=\"alignnone wp-image-69\" src=\"https:\/\/pingheng.globaldeepsea.site\/wp-content\/uploads\/2024\/11\/Investment-Castings-300x300.webp\" alt=\"\" width=\"200\" height=\"200\" srcset=\"https:\/\/www.thecasting-factory.com\/wp-content\/uploads\/2024\/11\/Investment-Castings-300x300.webp 300w, https:\/\/www.thecasting-factory.com\/wp-content\/uploads\/2024\/11\/Investment-Castings-150x150.webp 150w, https:\/\/www.thecasting-factory.com\/wp-content\/uploads\/2024\/11\/Investment-Castings-768x768.webp 768w, https:\/\/www.thecasting-factory.com\/wp-content\/uploads\/2024\/11\/Investment-Castings-600x600.webp 600w, https:\/\/www.thecasting-factory.com\/wp-content\/uploads\/2024\/11\/Investment-Castings-100x100.webp 100w, https:\/\/www.thecasting-factory.com\/wp-content\/uploads\/2024\/11\/Investment-Castings.webp 1000w\" sizes=\"(max-width: 200px) 100vw, 200px\" \/><\/p>","protected":false},"excerpt":{"rendered":"<p>Ceci fait partie du syst\u00e8me d'\u00e9change de chaleur des v\u00e9hicules commerciaux.<\/p>\n<p><strong>La sp\u00e9cification de la pi\u00e8ce est LXWXH:<\/strong>262 mmx60mmx164 mm, \u00e9paisseur de paroi: 2,5 mm, poids: 1,3 kg.<\/p>\n<p><strong>Mat\u00e9riel:<\/strong>acier inoxydable 304.<\/p>\n<p><strong>Exigences de test de produit:<\/strong> Test d'\u00e9tanch\u00e9it\u00e9 de l'air, passez de l'air comprim\u00e9 de 500kpa, maintenance de la pression pendant 1 min, pas de fuite.<\/p>","protected":false},"featured_media":65,"template":"","meta":[],"product_cat":[17],"product_tag":[53,48,28,27,55,50,51],"class_list":{"0":"post-64","1":"product","2":"type-product","3":"status-publish","4":"has-post-thumbnail","6":"product_cat-stainless-steel","7":"product_tag-304-stainless-steel-investment-castings","8":"product_tag-304-stainless-steel-precision-castings","9":"product_tag-investment-casting","10":"product_tag-precision-casting","11":"product_tag-precision-casting-factory","12":"product_tag-stainless-steel-castings","13":"product_tag-stainless-steel-precision-castings-for-water-pipes","15":"first","16":"instock","17":"shipping-taxable","18":"product-type-simple"},"_links":{"self":[{"href":"https:\/\/www.thecasting-factory.com\/fr\/wp-json\/wp\/v2\/product\/64","targetHints":{"allow":["GET"]}}],"collection":[{"href":"https:\/\/www.thecasting-factory.com\/fr\/wp-json\/wp\/v2\/product"}],"about":[{"href":"https:\/\/www.thecasting-factory.com\/fr\/wp-json\/wp\/v2\/types\/product"}],"version-history":[{"count":0,"href":"https:\/\/www.thecasting-factory.com\/fr\/wp-json\/wp\/v2\/product\/64\/revisions"}],"wp:featuredmedia":[{"embeddable":true,"href":"https:\/\/www.thecasting-factory.com\/fr\/wp-json\/wp\/v2\/media\/65"}],"wp:attachment":[{"href":"https:\/\/www.thecasting-factory.com\/fr\/wp-json\/wp\/v2\/media?parent=64"}],"wp:term":[{"taxonomy":"product_cat","embeddable":true,"href":"https:\/\/www.thecasting-factory.com\/fr\/wp-json\/wp\/v2\/product_cat?post=64"},{"taxonomy":"product_tag","embeddable":true,"href":"https:\/\/www.thecasting-factory.com\/fr\/wp-json\/wp\/v2\/product_tag?post=64"}],"curies":[{"name":"wp","href":"https:\/\/api.w.org\/{rel}","templated":true}]}}