{"id":53,"date":"2024-11-21T12:15:00","date_gmt":"2024-11-21T04:15:00","guid":{"rendered":"https:\/\/pingheng.globaldeepsea.site\/?post_type=product&#038;p=53"},"modified":"2024-11-21T13:06:11","modified_gmt":"2024-11-21T05:06:11","slug":"welding-equipment-stainless-steel-precision-casting","status":"publish","type":"product","link":"https:\/\/www.thecasting-factory.com\/fr\/product\/welding-equipment-stainless-steel-precision-casting\/","title":{"rendered":"Soudage Equipment-Stain sans pr\u00e9cision en acier"},"content":{"rendered":"<h3><strong>Description du produit<\/strong><\/h3>\n<p>Il s'agit d'un outillage fixe pour le soudage des produits, le nom est appel\u00e9 assemblage de plaque de pression, il est form\u00e9 par la plaque de manche et la plaque de pression par le soudage;<br \/>\nAdoptant un mat\u00e9riau en acier inoxydable 304, le mat\u00e9riau pr\u00e9sente les avantages d'une r\u00e9sistance \u00e0 haute temp\u00e9rature, d'une r\u00e9sistance \u00e0 la corrosion, etc. Il est largement utilis\u00e9 dans le domaine des pi\u00e8ces de coul\u00e9e de pr\u00e9cision telles que l'automobile, les machines alimentaires, le corps de la valve et la pompe;<br \/>\nLe r\u00f4le de la plaque de pression: 1, utilis\u00e9 pour r\u00e9parer le produit \u00e0 souder, pour emp\u00eacher la position des pi\u00e8ces de se d\u00e9placer, affectant la qualit\u00e9 de soudage, 2, \u00e0 travers la synergie de plaque de pression sup\u00e9rieure et inf\u00e9rieure, pour contr\u00f4ler la hauteur globale du produit, pour la hauteur globale des exigences de consistance \u00e9lev\u00e9es, donc pour le plan de plaque de pression doit \u00eatre plat;<\/p>\n<h3><strong>Caract\u00e9ristiques du produit<\/strong><\/h3>\n<p>La figure 1, la figure 2 est la surface de traitement de la plaque de pression; Les dessins n\u00e9cessitent le plan de la plan\u00e9it\u00e9 de la plaque de pression de 0,1 mm, tandis que le blanc ne peut pas r\u00e9pondre aux exigences de taille, doit \u00eatre via le traitement pour garantir;<br \/>\nLa figure 3 est l'inspection avant le stockage, nous testons la plan\u00e9it\u00e9 de la pi\u00e8ce via la r\u00e8gle de fiche, la lib\u00e9ration qualifi\u00e9e, l'isolement non qualifi\u00e9;<br \/>\nNotre entreprise produit non seulement des pi\u00e8ces, mais \u00e9galement selon la demande des clients, par le biais de la production de pr\u00e9cision de divers types d'outillage, et peut fournir un certain degr\u00e9 de services d'assemblage.<br \/>\nL'outillage des produits matures de mon entreprise est fourni depuis de nombreuses ann\u00e9es, l'offre annuelle d'environ 10 000 ensembles;<br \/>\nNotre entreprise a une solide \u00e9quipe de d\u00e9veloppement technique, avec la capacit\u00e9 de d\u00e9velopper une vari\u00e9t\u00e9 de pi\u00e8ces en forme dans le domaine de la coul\u00e9e de pr\u00e9cision, et de fournir des services int\u00e9gr\u00e9s de la coul\u00e9e \u00e0 l'usinage; Efforcez-vous d'excellence, pour fournir aux clients des produits et services efficaces et de haute qualit\u00e9 a toujours \u00e9t\u00e9 notre adh\u00e9rence au concept.<\/p>\n<h3><strong>Affichages de produits<\/strong><\/h3>\n<p><img fetchpriority=\"high\" decoding=\"async\" class=\"alignnone wp-image-59\" src=\"https:\/\/pingheng.globaldeepsea.site\/wp-content\/uploads\/2024\/11\/Welding-equipment-Stainless-steel-precision-casting-300x300.jpg\" alt=\"\" width=\"225\" height=\"225\" srcset=\"https:\/\/www.thecasting-factory.com\/wp-content\/uploads\/2024\/11\/Welding-equipment-Stainless-steel-precision-casting-300x300.jpg 300w, https:\/\/www.thecasting-factory.com\/wp-content\/uploads\/2024\/11\/Welding-equipment-Stainless-steel-precision-casting-150x150.jpg 150w, https:\/\/www.thecasting-factory.com\/wp-content\/uploads\/2024\/11\/Welding-equipment-Stainless-steel-precision-casting-768x768.jpg 768w, https:\/\/www.thecasting-factory.com\/wp-content\/uploads\/2024\/11\/Welding-equipment-Stainless-steel-precision-casting-600x600.jpg 600w, https:\/\/www.thecasting-factory.com\/wp-content\/uploads\/2024\/11\/Welding-equipment-Stainless-steel-precision-casting-100x100.jpg 100w, https:\/\/www.thecasting-factory.com\/wp-content\/uploads\/2024\/11\/Welding-equipment-Stainless-steel-precision-casting.jpg 800w\" sizes=\"(max-width: 225px) 100vw, 225px\" \/><img decoding=\"async\" class=\"alignnone wp-image-60\" src=\"https:\/\/pingheng.globaldeepsea.site\/wp-content\/uploads\/2024\/11\/equipment-Stainless-steel-precision-casting-300x300.jpg\" alt=\"\" width=\"225\" height=\"225\" srcset=\"https:\/\/www.thecasting-factory.com\/wp-content\/uploads\/2024\/11\/equipment-Stainless-steel-precision-casting-300x300.jpg 300w, https:\/\/www.thecasting-factory.com\/wp-content\/uploads\/2024\/11\/equipment-Stainless-steel-precision-casting-150x150.jpg 150w, https:\/\/www.thecasting-factory.com\/wp-content\/uploads\/2024\/11\/equipment-Stainless-steel-precision-casting-768x768.jpg 768w, https:\/\/www.thecasting-factory.com\/wp-content\/uploads\/2024\/11\/equipment-Stainless-steel-precision-casting-600x600.jpg 600w, https:\/\/www.thecasting-factory.com\/wp-content\/uploads\/2024\/11\/equipment-Stainless-steel-precision-casting-100x100.jpg 100w, https:\/\/www.thecasting-factory.com\/wp-content\/uploads\/2024\/11\/equipment-Stainless-steel-precision-casting.jpg 800w\" sizes=\"(max-width: 225px) 100vw, 225px\" \/><img decoding=\"async\" class=\"alignnone wp-image-61\" src=\"https:\/\/pingheng.globaldeepsea.site\/wp-content\/uploads\/2024\/11\/steel-precision-casting-300x300.jpg\" alt=\"\" width=\"225\" height=\"225\" srcset=\"https:\/\/www.thecasting-factory.com\/wp-content\/uploads\/2024\/11\/steel-precision-casting-300x300.jpg 300w, https:\/\/www.thecasting-factory.com\/wp-content\/uploads\/2024\/11\/steel-precision-casting-150x150.jpg 150w, https:\/\/www.thecasting-factory.com\/wp-content\/uploads\/2024\/11\/steel-precision-casting-768x768.jpg 768w, https:\/\/www.thecasting-factory.com\/wp-content\/uploads\/2024\/11\/steel-precision-casting-600x600.jpg 600w, https:\/\/www.thecasting-factory.com\/wp-content\/uploads\/2024\/11\/steel-precision-casting-100x100.jpg 100w, https:\/\/www.thecasting-factory.com\/wp-content\/uploads\/2024\/11\/steel-precision-casting.jpg 800w\" sizes=\"(max-width: 225px) 100vw, 225px\" \/><img loading=\"lazy\" decoding=\"async\" class=\"alignnone wp-image-62\" src=\"https:\/\/pingheng.globaldeepsea.site\/wp-content\/uploads\/2024\/11\/equipment-Stainless-300x300.jpg\" alt=\"\" width=\"200\" height=\"200\" srcset=\"https:\/\/www.thecasting-factory.com\/wp-content\/uploads\/2024\/11\/equipment-Stainless-300x300.jpg 300w, https:\/\/www.thecasting-factory.com\/wp-content\/uploads\/2024\/11\/equipment-Stainless-150x150.jpg 150w, https:\/\/www.thecasting-factory.com\/wp-content\/uploads\/2024\/11\/equipment-Stainless-768x768.jpg 768w, https:\/\/www.thecasting-factory.com\/wp-content\/uploads\/2024\/11\/equipment-Stainless-600x600.jpg 600w, https:\/\/www.thecasting-factory.com\/wp-content\/uploads\/2024\/11\/equipment-Stainless-100x100.jpg 100w, https:\/\/www.thecasting-factory.com\/wp-content\/uploads\/2024\/11\/equipment-Stainless.jpg 800w\" sizes=\"(max-width: 200px) 100vw, 200px\" \/><\/p>","protected":false},"excerpt":{"rendered":"<p>Il s'agit d'un outillage fixe pour le soudage des produits.<\/p>\n<p><strong>La sp\u00e9cification de la pi\u00e8ce LXWXH:<\/strong>188 mmx148 mmx64 mm, \u00e9paisseur de paroi: 4 mm, poids: 1,34 kg;<\/p>\n<p><strong>Mat\u00e9riel:<\/strong>Fabriqu\u00e9 en acier inoxydable 304.<\/p>","protected":false},"featured_media":54,"template":"","meta":[],"product_cat":[17],"product_tag":[47,53,48,28,27,50,52,54],"class_list":{"0":"post-53","1":"product","2":"type-product","3":"status-publish","4":"has-post-thumbnail","6":"product_cat-stainless-steel","7":"product_tag-304-stainless-steel-castings","8":"product_tag-304-stainless-steel-investment-castings","9":"product_tag-304-stainless-steel-precision-castings","10":"product_tag-investment-casting","11":"product_tag-precision-casting","12":"product_tag-stainless-steel-castings","13":"product_tag-stainless-steel-castings-for-tooling","14":"product_tag-stainless-steel-castings-for-welding-fixtures","16":"first","17":"instock","18":"shipping-taxable","19":"product-type-simple"},"_links":{"self":[{"href":"https:\/\/www.thecasting-factory.com\/fr\/wp-json\/wp\/v2\/product\/53","targetHints":{"allow":["GET"]}}],"collection":[{"href":"https:\/\/www.thecasting-factory.com\/fr\/wp-json\/wp\/v2\/product"}],"about":[{"href":"https:\/\/www.thecasting-factory.com\/fr\/wp-json\/wp\/v2\/types\/product"}],"version-history":[{"count":1,"href":"https:\/\/www.thecasting-factory.com\/fr\/wp-json\/wp\/v2\/product\/53\/revisions"}],"predecessor-version":[{"id":63,"href":"https:\/\/www.thecasting-factory.com\/fr\/wp-json\/wp\/v2\/product\/53\/revisions\/63"}],"wp:featuredmedia":[{"embeddable":true,"href":"https:\/\/www.thecasting-factory.com\/fr\/wp-json\/wp\/v2\/media\/54"}],"wp:attachment":[{"href":"https:\/\/www.thecasting-factory.com\/fr\/wp-json\/wp\/v2\/media?parent=53"}],"wp:term":[{"taxonomy":"product_cat","embeddable":true,"href":"https:\/\/www.thecasting-factory.com\/fr\/wp-json\/wp\/v2\/product_cat?post=53"},{"taxonomy":"product_tag","embeddable":true,"href":"https:\/\/www.thecasting-factory.com\/fr\/wp-json\/wp\/v2\/product_tag?post=53"}],"curies":[{"name":"wp","href":"https:\/\/api.w.org\/{rel}","templated":true}]}}