{"id":51,"date":"2024-11-21T11:36:44","date_gmt":"2024-11-21T03:36:44","guid":{"rendered":"https:\/\/pingheng.globaldeepsea.site\/?post_type=product&#038;p=51"},"modified":"2024-11-21T11:37:24","modified_gmt":"2024-11-21T03:37:24","slug":"heat-exchanger-water-tube-stainless-steel-investment-castings","status":"publish","type":"product","link":"https:\/\/www.thecasting-factory.com\/fr\/product\/heat-exchanger-water-tube-stainless-steel-investment-castings\/","title":{"rendered":"Tube d'eau de l'\u00e9changeur de chaleur - pi\u00e8ces moul\u00e9es d'investissement en acier inoxydable"},"content":{"rendered":"<h3><strong>Description du produit<\/strong><\/h3>\n<p>Ce composant, connu sous le nom d'un tuyau d'eau, est utilis\u00e9 dans les syst\u00e8mes d'\u00e9change de chaleur des v\u00e9hicules commerciaux. Le mat\u00e9riau utilis\u00e9 pour le faire est en acier inoxydable 304, qui pr\u00e9sente des avantages comme une r\u00e9sistance \u00e0 haute temp\u00e9rature et une r\u00e9sistance \u00e0 la corrosion. Il est largement utilis\u00e9 dans la production de pi\u00e8ces coul\u00e9es de pr\u00e9cision pour les v\u00e9hicules, les appareils de cuisine, les corps de vanne et les pompes;<\/p>\n<h3><strong>Caract\u00e9ristiques du produit<\/strong><\/h3>\n<p>1, les parois minces, la grande taille et l'existence de flexion multidirectionnelle, pour la production de moules \u00e0 cire et de moulage ont des exigences plus \u00e9lev\u00e9es<br \/>\n2, le produit a une exigence d'\u00e9tanch\u00e9it\u00e9, pour couler des d\u00e9fauts dans le contr\u00f4le des exigences \u00e9lev\u00e9es<br \/>\nLes deux extr\u00e9mit\u00e9s du produit sont une interface externe, une extr\u00e9mit\u00e9 du traitement pour garantir la taille pour garantir que la connexion dure peut \u00eatre scell\u00e9e; L'autre extr\u00e9mit\u00e9 du blanc pour connecter le tube en caoutchouc, de sorte que la taille des exigences relativement faibles, mais en raison de ses exigences d'\u00e9tanch\u00e9it\u00e9, pour la rondeur du blanc doit \u00eatre plus \u00e9lev\u00e9e, doit \u00eatre garanti par la mise en forme.<\/p>\n<h3><strong>Historique des produits<\/strong><\/h3>\n<p>Ce produit est un produit mature de notre entreprise, et est fourni en vrac depuis de nombreuses ann\u00e9es, avec une quantit\u00e9 annuelle d'environ 20 000 pi\u00e8ces jusqu'\u00e0 pr\u00e9sent.<br \/>\nNotre entreprise poss\u00e8de une solide \u00e9quipe de d\u00e9veloppement technique, avec le d\u00e9veloppement d'un champ de coul\u00e9e de pr\u00e9cision de toutes sortes de capacit\u00e9s de pi\u00e8ces en forme et de fournir des services vierges \u00e0 l'usinage int\u00e9gr\u00e9; L'excellence, pour offrir aux clients des produits et services efficaces et de haute qualit\u00e9, a \u00e9t\u00e9 notre philosophie.<\/p>","protected":false},"excerpt":{"rendered":"<p>Ceci fait partie du syst\u00e8me d'\u00e9change de chaleur des v\u00e9hicules commerciaux.<\/p>\n<p><strong>La sp\u00e9cification de la pi\u00e8ce est LXWXH:<\/strong>191mmx60mmx132 mm, \u00e9paisseur de paroi: 2,5 mm, poids: 0,91 kg.<\/p>\n<p><strong>Mat\u00e9riel:<\/strong> acier inoxydable 304.<\/p>\n<p><strong>Exigences de test de produit:<\/strong> Test d'\u00e9tanch\u00e9it\u00e9 de l'air, passez de l'air comprim\u00e9 de 500kpa, de la pression de maintien pendant 1 min, pas de fuite;<\/p>","protected":false},"featured_media":52,"template":"","meta":[],"product_cat":[17],"product_tag":[48,28,27,50,51],"class_list":{"0":"post-51","1":"product","2":"type-product","3":"status-publish","4":"has-post-thumbnail","6":"product_cat-stainless-steel","7":"product_tag-304-stainless-steel-precision-castings","8":"product_tag-investment-casting","9":"product_tag-precision-casting","10":"product_tag-stainless-steel-castings","11":"product_tag-stainless-steel-precision-castings-for-water-pipes","13":"first","14":"instock","15":"shipping-taxable","16":"product-type-simple"},"_links":{"self":[{"href":"https:\/\/www.thecasting-factory.com\/fr\/wp-json\/wp\/v2\/product\/51","targetHints":{"allow":["GET"]}}],"collection":[{"href":"https:\/\/www.thecasting-factory.com\/fr\/wp-json\/wp\/v2\/product"}],"about":[{"href":"https:\/\/www.thecasting-factory.com\/fr\/wp-json\/wp\/v2\/types\/product"}],"version-history":[{"count":0,"href":"https:\/\/www.thecasting-factory.com\/fr\/wp-json\/wp\/v2\/product\/51\/revisions"}],"wp:featuredmedia":[{"embeddable":true,"href":"https:\/\/www.thecasting-factory.com\/fr\/wp-json\/wp\/v2\/media\/52"}],"wp:attachment":[{"href":"https:\/\/www.thecasting-factory.com\/fr\/wp-json\/wp\/v2\/media?parent=51"}],"wp:term":[{"taxonomy":"product_cat","embeddable":true,"href":"https:\/\/www.thecasting-factory.com\/fr\/wp-json\/wp\/v2\/product_cat?post=51"},{"taxonomy":"product_tag","embeddable":true,"href":"https:\/\/www.thecasting-factory.com\/fr\/wp-json\/wp\/v2\/product_tag?post=51"}],"curies":[{"name":"wp","href":"https:\/\/api.w.org\/{rel}","templated":true}]}}