{"id":47,"date":"2024-11-21T11:31:59","date_gmt":"2024-11-21T03:31:59","guid":{"rendered":"https:\/\/pingheng.globaldeepsea.site\/?post_type=product&#038;p=47"},"modified":"2024-11-21T11:32:38","modified_gmt":"2024-11-21T03:32:38","slug":"egr-gas-chamber-stainless-steel-precision-casting","status":"publish","type":"product","link":"https:\/\/www.thecasting-factory.com\/fr\/product\/egr-gas-chamber-stainless-steel-precision-casting\/","title":{"rendered":"EGR Gas Chamber-Stainless Acier Pr\u00e9cision Coulage"},"content":{"rendered":"<h3><strong>Description du produit<\/strong><\/h3>\n<p>Ceci fait partie de la c\u00e9l\u00e8bre usine de moteur diesel en Chine, le syst\u00e8me d'\u00e9chappement du moteur - EGR plus refroidisse dans les pi\u00e8ces, le nom est appel\u00e9 chambre \u00e0 gaz.<br \/>\nIl est fait de mat\u00e9riau en acier inoxydable 304, qui pr\u00e9sente les avantages d'une r\u00e9sistance \u00e0 haute temp\u00e9rature, d'une r\u00e9sistance \u00e0 la corrosion, etc. Il est largement utilis\u00e9 dans le domaine des pi\u00e8ces de coul\u00e9e de pr\u00e9cision pour les automobiles, les machines alimentaires, les corps de valve, les pompes et autres pi\u00e8ces de coul\u00e9e de pr\u00e9cision;<\/p>\n<h3><strong>Caract\u00e9ristiques du produit<\/strong><\/h3>\n<p>1, structure complexe \u00e0 parois minces, facile \u00e0 produire dans le processus de coul\u00e9e<br \/>\n2, le produit a une exigence d'\u00e9tanch\u00e9it\u00e9, pour couler des d\u00e9fauts dans le contr\u00f4le des exigences plus \u00e9lev\u00e9es<br \/>\n3, il existe des exigences de position \u00e9lev\u00e9es entre la surface de traitement, en particulier la surface de montage EGR Valve est tr\u00e8s \u00e9lev\u00e9e, donc le d\u00e9veloppement de besoins \u00e9lev\u00e9s pour le d\u00e9veloppement de l'\u00e9quipement de traitement<br \/>\nLa structure du produit est appel\u00e9e complexe, puis le pr\u00e9-d\u00e9veloppement, le test d'\u00e9tanch\u00e9it\u00e9 ne passe pas, entra\u00eenant un taux \u00e9lev\u00e9 de ferraille, \u00e0 travers les efforts de notre \u00e9quipe, et enfin surmonter les d\u00e9fauts de coul\u00e9e, r\u00e9duire le taux de fuite et atteindre la production de masse;<\/p>\n<h3><strong>Historique des produits<\/strong><\/h3>\n<p>Ce produit est nos produits matures, la production de masse a commenc\u00e9 en 2017, actuellement dans un \u00e9tat d'approvisionnement stable, l'offre annuelle en 2W +;<br \/>\nNotre entreprise a une solide \u00e9quipe de d\u00e9veloppement technologique, avec la capacit\u00e9 de d\u00e9velopper une vari\u00e9t\u00e9 de pi\u00e8ces en forme dans le domaine de la coul\u00e9e de pr\u00e9cision, et de fournir des services int\u00e9gr\u00e9s du blanc \u00e0 l'usinage; Efforcez-vous d'excellence, pour fournir aux clients des produits et services efficaces et de haute qualit\u00e9 a toujours \u00e9t\u00e9 notre adh\u00e9rence au concept.<\/p>","protected":false},"excerpt":{"rendered":"<p>Ceci est une partie utilis\u00e9e dans le syst\u00e8me de traitement des gaz d'\u00e9chappement automobile, EGR Colder.<\/p>\n<p><strong>La sp\u00e9cification de la pi\u00e8ce est LXWXH:<\/strong>60 mmx60 mmx100 mm, \u00e9paisseur de paroi: 2,5 mm, poids: 0,72 kg;<\/p>\n<p><strong>Mat\u00e9riel:<\/strong>acier inoxydable 304<\/p>\n<p><strong>Exigences de test de produit:<\/strong> Test d'\u00e9tanch\u00e9it\u00e9 de l'air, passez de l'air comprim\u00e9 de 500kpa, maintien de la pression pendant 1 min, pas de fuite;<\/p>","protected":false},"featured_media":48,"template":"","meta":[],"product_cat":[17],"product_tag":[47,48,46,28,27,49],"class_list":{"0":"post-47","1":"product","2":"type-product","3":"status-publish","4":"has-post-thumbnail","6":"product_cat-stainless-steel","7":"product_tag-304-stainless-steel-castings","8":"product_tag-304-stainless-steel-precision-castings","9":"product_tag-egr-stainless-steel-castings","10":"product_tag-investment-casting","11":"product_tag-precision-casting","12":"product_tag-silica-sol-process-castings","14":"first","15":"instock","16":"shipping-taxable","17":"product-type-simple"},"_links":{"self":[{"href":"https:\/\/www.thecasting-factory.com\/fr\/wp-json\/wp\/v2\/product\/47","targetHints":{"allow":["GET"]}}],"collection":[{"href":"https:\/\/www.thecasting-factory.com\/fr\/wp-json\/wp\/v2\/product"}],"about":[{"href":"https:\/\/www.thecasting-factory.com\/fr\/wp-json\/wp\/v2\/types\/product"}],"version-history":[{"count":0,"href":"https:\/\/www.thecasting-factory.com\/fr\/wp-json\/wp\/v2\/product\/47\/revisions"}],"wp:featuredmedia":[{"embeddable":true,"href":"https:\/\/www.thecasting-factory.com\/fr\/wp-json\/wp\/v2\/media\/48"}],"wp:attachment":[{"href":"https:\/\/www.thecasting-factory.com\/fr\/wp-json\/wp\/v2\/media?parent=47"}],"wp:term":[{"taxonomy":"product_cat","embeddable":true,"href":"https:\/\/www.thecasting-factory.com\/fr\/wp-json\/wp\/v2\/product_cat?post=47"},{"taxonomy":"product_tag","embeddable":true,"href":"https:\/\/www.thecasting-factory.com\/fr\/wp-json\/wp\/v2\/product_tag?post=47"}],"curies":[{"name":"wp","href":"https:\/\/api.w.org\/{rel}","templated":true}]}}