{"id":43,"date":"2024-11-21T11:25:06","date_gmt":"2024-11-21T03:25:06","guid":{"rendered":"https:\/\/pingheng.globaldeepsea.site\/?post_type=product&#038;p=43"},"modified":"2024-11-21T11:25:53","modified_gmt":"2024-11-21T03:25:53","slug":"inlet-and-outlet-end-caps-brass-precision-castings-2","status":"publish","type":"product","link":"https:\/\/www.thecasting-factory.com\/fr\/product\/inlet-and-outlet-end-caps-brass-precision-castings-2\/","title":{"rendered":"Castings de pr\u00e9cision \u00e0 laiton de cotons-caissines d'entr\u00e9e et de sortie"},"content":{"rendered":"<h3><strong>Description du produit<\/strong><\/h3>\n<p>Ceci fait partie des composants des navires maritimes, du syst\u00e8me d'\u00e9changeur de chaleur d'eau et d'eau douce, le nom est la couverture d'extr\u00e9mit\u00e9 entr\u00e9e et de sortie<br \/>\nLe bronze en \u00e9tain, qui utilise ZCUSN12 comme mati\u00e8re premi\u00e8re, est un alliage m\u00e9tallique non ferreux avec le moins de retrait de coul\u00e9e, ce qui le rend id\u00e9al pour les pi\u00e8ces moul\u00e9es avec des conceptions complexes et des contours distincts. Parce que le bronze en \u00e9tain r\u00e9siste \u00e0 la corrosion de la vapeur, de l'eau douce, de l'atmosph\u00e8re et de l'eau de mer, elle trouve une application approfondie dans les chaudi\u00e8res \u00e0 vapeur et dans certaines parties des navires de mer.<\/p>\n<h3><strong>Caract\u00e9ristiques du produit<\/strong><\/h3>\n<p>1. \u00c9tant donn\u00e9 que le casting d'investissement en silicone est un domaine qui produit d'\u00e9normes produits avec des exigences d'\u00e9tanch\u00e9it\u00e9, il existe des exigences de contr\u00f4le strictes pour le processus de coul\u00e9e.<br \/>\n2. Le cuivre a un point de fusion plus faible que l'acier lorsqu'il est coul\u00e9, et il se liqu\u00e9fie \u00e0 un niveau de fluidit\u00e9 relativement d\u00e9cent. Cependant, cela peut facilement entra\u00eener un d\u00e9bit in\u00e9gal du m\u00e9tal liquide dans le moule.<br \/>\n3. Les probl\u00e8mes d'oxydation sont facilement caus\u00e9s par le cuivre pendant le processus de coul\u00e9e.<br \/>\nLe faible taux de qualification de la coul\u00e9e de pr\u00e9cision en cuivre peut \u00eatre attribu\u00e9 aux traits susmentionn\u00e9s.<br \/>\nDepuis la r\u00e9ception du projet, notre \u00e9quipe technique a travaill\u00e9 nuit et jour pour surmonter les difficult\u00e9s, par l'optimisation continue du syst\u00e8me de coul\u00e9e, le contr\u00f4le de la temp\u00e9rature et du d\u00e9bit de coul\u00e9e, et enfin le projet a \u00e9t\u00e9 d\u00e9velopp\u00e9 avec succ\u00e8s et constitu\u00e9 en production de masse;<br \/>\nCe produit est en production de masse depuis 2012 et est dans un approvisionnement stable depuis 12 ans, ce qui a donn\u00e9 \u00e0 notre entreprise beaucoup d'exp\u00e9rience dans le domaine de la coul\u00e9e de cuivre;<br \/>\nNotre entreprise poss\u00e8de une solide \u00e9quipe de d\u00e9veloppement technique, avec le d\u00e9veloppement de la coul\u00e9e de pr\u00e9cision d'une vari\u00e9t\u00e9 de pi\u00e8ces en forme dans le domaine des capacit\u00e9s et de fournir des services int\u00e9gr\u00e9s de la coul\u00e9e \u00e0 l'usinage; L'excellence, pour fournir aux clients des produits et services efficaces et de haute qualit\u00e9, nous a toujours \u00e9t\u00e9 notre adh\u00e9rence au concept.<\/p>\n<h3><strong>Affichages de produits<\/strong><\/h3>\n<p><img fetchpriority=\"high\" decoding=\"async\" class=\"alignnone size-medium wp-image-44\" src=\"https:\/\/pingheng.globaldeepsea.site\/wp-content\/uploads\/2024\/11\/Inlet-and-outlet-end-caps-Brass-precision-castings-300x300.webp\" alt=\"\" width=\"300\" height=\"300\" srcset=\"https:\/\/www.thecasting-factory.com\/wp-content\/uploads\/2024\/11\/Inlet-and-outlet-end-caps-Brass-precision-castings-300x300.webp 300w, https:\/\/www.thecasting-factory.com\/wp-content\/uploads\/2024\/11\/Inlet-and-outlet-end-caps-Brass-precision-castings-150x150.webp 150w, https:\/\/www.thecasting-factory.com\/wp-content\/uploads\/2024\/11\/Inlet-and-outlet-end-caps-Brass-precision-castings-768x768.webp 768w, https:\/\/www.thecasting-factory.com\/wp-content\/uploads\/2024\/11\/Inlet-and-outlet-end-caps-Brass-precision-castings-600x600.webp 600w, https:\/\/www.thecasting-factory.com\/wp-content\/uploads\/2024\/11\/Inlet-and-outlet-end-caps-Brass-precision-castings-100x100.webp 100w, https:\/\/www.thecasting-factory.com\/wp-content\/uploads\/2024\/11\/Inlet-and-outlet-end-caps-Brass-precision-castings.webp 1000w\" sizes=\"(max-width: 300px) 100vw, 300px\" \/><img decoding=\"async\" class=\"alignnone size-medium wp-image-45\" src=\"https:\/\/pingheng.globaldeepsea.site\/wp-content\/uploads\/2024\/11\/caps-Brass-precision-castings-300x300.webp\" alt=\"\" width=\"300\" height=\"300\" srcset=\"https:\/\/www.thecasting-factory.com\/wp-content\/uploads\/2024\/11\/caps-Brass-precision-castings-300x300.webp 300w, https:\/\/www.thecasting-factory.com\/wp-content\/uploads\/2024\/11\/caps-Brass-precision-castings-150x150.webp 150w, https:\/\/www.thecasting-factory.com\/wp-content\/uploads\/2024\/11\/caps-Brass-precision-castings-100x100.webp 100w, https:\/\/www.thecasting-factory.com\/wp-content\/uploads\/2024\/11\/caps-Brass-precision-castings.webp 600w\" sizes=\"(max-width: 300px) 100vw, 300px\" \/><img decoding=\"async\" class=\"alignnone size-medium wp-image-46\" src=\"https:\/\/pingheng.globaldeepsea.site\/wp-content\/uploads\/2024\/11\/Brass-precision-castings-300x300.webp\" alt=\"\" width=\"300\" height=\"300\" srcset=\"https:\/\/www.thecasting-factory.com\/wp-content\/uploads\/2024\/11\/Brass-precision-castings-300x300.webp 300w, https:\/\/www.thecasting-factory.com\/wp-content\/uploads\/2024\/11\/Brass-precision-castings-150x150.webp 150w, https:\/\/www.thecasting-factory.com\/wp-content\/uploads\/2024\/11\/Brass-precision-castings-768x768.webp 768w, https:\/\/www.thecasting-factory.com\/wp-content\/uploads\/2024\/11\/Brass-precision-castings-600x600.webp 600w, https:\/\/www.thecasting-factory.com\/wp-content\/uploads\/2024\/11\/Brass-precision-castings-100x100.webp 100w, https:\/\/www.thecasting-factory.com\/wp-content\/uploads\/2024\/11\/Brass-precision-castings.webp 1000w\" sizes=\"(max-width: 300px) 100vw, 300px\" \/><\/p>","protected":false},"excerpt":{"rendered":"<p>Ceci fait partie des composants des navires marins, syst\u00e8me d'\u00e9changeur de chaleur d'eau douce en mer<\/p>\n<p><strong>La sp\u00e9cification de la pi\u00e8ce est LXWXH:<\/strong>264mmx268mmx100mm, \u00e9paisseur de paroi: 7 mm, poids: 11,62 kg.<\/p>\n<p><strong>Mat\u00e9riel:<\/strong> ZCuSn12.<\/p>\n<p><strong>Exigences de test du produit:<\/strong> Test d'\u00e9tanch\u00e9it\u00e9 de l'air, passez de l'air comprim\u00e9 de 0,9 MPa, maintenez la pression pendant 30 minutes, pas de fuite.<\/p>","protected":false},"featured_media":44,"template":"","meta":[],"product_cat":[16],"product_tag":[31,32,30,29,43,28,35,27,42],"class_list":{"0":"post-43","1":"product","2":"type-product","3":"status-publish","4":"has-post-thumbnail","6":"product_cat-copper-alloy","7":"product_tag-copper-alloy-castings","8":"product_tag-copper-alloy-investment-castings","9":"product_tag-copper-alloy-precision-castings","10":"product_tag-copper-castings","11":"product_tag-copper-castings-for-fresh-and-sea-water-heat-exchangers","12":"product_tag-investment-casting","13":"product_tag-marine-copper-castings","14":"product_tag-precision-casting","15":"product_tag-zcusn12-material-copper-casting","17":"first","18":"instock","19":"shipping-taxable","20":"product-type-simple"},"_links":{"self":[{"href":"https:\/\/www.thecasting-factory.com\/fr\/wp-json\/wp\/v2\/product\/43","targetHints":{"allow":["GET"]}}],"collection":[{"href":"https:\/\/www.thecasting-factory.com\/fr\/wp-json\/wp\/v2\/product"}],"about":[{"href":"https:\/\/www.thecasting-factory.com\/fr\/wp-json\/wp\/v2\/types\/product"}],"version-history":[{"count":0,"href":"https:\/\/www.thecasting-factory.com\/fr\/wp-json\/wp\/v2\/product\/43\/revisions"}],"wp:featuredmedia":[{"embeddable":true,"href":"https:\/\/www.thecasting-factory.com\/fr\/wp-json\/wp\/v2\/media\/44"}],"wp:attachment":[{"href":"https:\/\/www.thecasting-factory.com\/fr\/wp-json\/wp\/v2\/media?parent=43"}],"wp:term":[{"taxonomy":"product_cat","embeddable":true,"href":"https:\/\/www.thecasting-factory.com\/fr\/wp-json\/wp\/v2\/product_cat?post=43"},{"taxonomy":"product_tag","embeddable":true,"href":"https:\/\/www.thecasting-factory.com\/fr\/wp-json\/wp\/v2\/product_tag?post=43"}],"curies":[{"name":"wp","href":"https:\/\/api.w.org\/{rel}","templated":true}]}}