{"id":41,"date":"2024-11-21T11:18:38","date_gmt":"2024-11-21T03:18:38","guid":{"rendered":"https:\/\/pingheng.globaldeepsea.site\/?post_type=product&#038;p=41"},"modified":"2024-11-21T11:18:38","modified_gmt":"2024-11-21T03:18:38","slug":"pull-ring-brass-precision-casting","status":"publish","type":"product","link":"https:\/\/www.thecasting-factory.com\/fr\/product\/pull-ring-brass-precision-casting\/","title":{"rendered":"Tirer la provision du laiton de l'anneau"},"content":{"rendered":"<h3><strong>Description du produit<\/strong><\/h3>\n<p>Il s'agit d'un accessoire \u00e9lectrique, le nom est un anneau de traction.<br \/>\nLe bronze en silicium est une sorte de cuivre avec de bonnes propri\u00e9t\u00e9s m\u00e9caniques, une r\u00e9sistance \u00e0 la corrosion, des performances de traitement, il est donc largement utilis\u00e9 dans l'industrie de la fabrication de machines, l'industrie de la construction navale, l'industrie de l'\u00e9nergie, l'industrie de la construction.<br \/>\nProcessus de coul\u00e9e de pr\u00e9cision en cuivre Difficult\u00e9s:<br \/>\nContr\u00f4le de la temp\u00e9rature de fusion: Le point de fusion du cuivre est \u00e9lev\u00e9, doit contr\u00f4ler strictement la temp\u00e9rature de fusion, pour \u00e9viter la surchauffe ou le refroidissement excessif, ce qui entra\u00eene une baisse des propri\u00e9t\u00e9s des mat\u00e9riaux.<br \/>\nFluidit\u00e9 du m\u00e9tal liquide: le cuivre dans l'\u00e9tat liquide de l'\u00e9tat liquide de la fluidit\u00e9 est meilleur, mais aussi facile \u00e0 conduire \u00e0 un flux in\u00e9gal de m\u00e9tal liquide dans le moule, la n\u00e9cessit\u00e9 de garantir que le mat\u00e9riau est enti\u00e8rement rempli de d\u00e9tails du moule \u00e0 travers la conception d'un syst\u00e8me de versement raisonnable et de pression pour garantir que les d\u00e9tails du moule.<br \/>\nProbl\u00e8me d'oxydation: le cuivre est sensible \u00e0 l'oxydation, il est n\u00e9cessaire de r\u00e9duire l'impact de l'oxydation sur la qualit\u00e9 des pi\u00e8ces moul\u00e9es gr\u00e2ce \u00e0 une conception raisonnable du syst\u00e8me de versement ainsi qu'au contr\u00f4le de la temp\u00e9rature de versement et de la vitesse de versement.<\/p>\n<h3>\n<strong>Histoire du d\u00e9veloppement<\/strong><\/h3>\n<p>Le produit de l'\u00e9tape de l'\u00e9chantillon d'essai, de temps \u00e0 autre des fissures de coul\u00e9e, r\u00e9sultant en un faible taux de r\u00e9ussite; Notre \u00e9quipe technique \u00e0 travers de nombreuses cycles de v\u00e9rification des \u00e9chantillons d'essai, et a finalement r\u00e9solu le probl\u00e8me, et enfin remplir les conditions de production de masse.<br \/>\nCe produit est un produit mature de notre entreprise et est dans une alimentation par lots stable depuis le d\u00e9but de la production de masse en 2017;<br \/>\nNotre entreprise a une solide \u00e9quipe de d\u00e9veloppement technique, avec la possibilit\u00e9 de d\u00e9velopper une vari\u00e9t\u00e9 de pi\u00e8ces en forme dans le domaine de la coul\u00e9e de pr\u00e9cision, de rechercher l'excellence, pour fournir aux clients des produits et services efficaces et de haute qualit\u00e9 a toujours \u00e9t\u00e9 notre adh\u00e9rence au concept.<\/p>","protected":false},"excerpt":{"rendered":"<p>Ceci est un raccord \u00e9lectrique de puissance<\/p>\n<p><strong>Sp\u00e9cification de la pi\u00e8ce LXWXH:<\/strong>79mmx96mmx18 mm, \u00e9paisseur de paroi: 10 mm, poids: 240g.<\/p>\n<p><strong>Mat\u00e9riel:<\/strong> Silicon Bronze<\/p>","protected":false},"featured_media":42,"template":"","meta":[],"product_cat":[16],"product_tag":[32,30,29,28,39,27,44,45],"class_list":{"0":"post-41","1":"product","2":"type-product","3":"status-publish","4":"has-post-thumbnail","6":"product_cat-copper-alloy","7":"product_tag-copper-alloy-investment-castings","8":"product_tag-copper-alloy-precision-castings","9":"product_tag-copper-castings","10":"product_tag-investment-casting","11":"product_tag-medium-temperature-wax-process-copper-castings","12":"product_tag-precision-casting","13":"product_tag-silicon-bronze-precision-castings","14":"product_tag-silicone-sol-process-copper-castingsgs","16":"first","17":"instock","18":"shipping-taxable","19":"product-type-simple"},"_links":{"self":[{"href":"https:\/\/www.thecasting-factory.com\/fr\/wp-json\/wp\/v2\/product\/41","targetHints":{"allow":["GET"]}}],"collection":[{"href":"https:\/\/www.thecasting-factory.com\/fr\/wp-json\/wp\/v2\/product"}],"about":[{"href":"https:\/\/www.thecasting-factory.com\/fr\/wp-json\/wp\/v2\/types\/product"}],"version-history":[{"count":0,"href":"https:\/\/www.thecasting-factory.com\/fr\/wp-json\/wp\/v2\/product\/41\/revisions"}],"wp:featuredmedia":[{"embeddable":true,"href":"https:\/\/www.thecasting-factory.com\/fr\/wp-json\/wp\/v2\/media\/42"}],"wp:attachment":[{"href":"https:\/\/www.thecasting-factory.com\/fr\/wp-json\/wp\/v2\/media?parent=41"}],"wp:term":[{"taxonomy":"product_cat","embeddable":true,"href":"https:\/\/www.thecasting-factory.com\/fr\/wp-json\/wp\/v2\/product_cat?post=41"},{"taxonomy":"product_tag","embeddable":true,"href":"https:\/\/www.thecasting-factory.com\/fr\/wp-json\/wp\/v2\/product_tag?post=41"}],"curies":[{"name":"wp","href":"https:\/\/api.w.org\/{rel}","templated":true}]}}