{"id":37,"date":"2024-11-21T11:13:49","date_gmt":"2024-11-21T03:13:49","guid":{"rendered":"https:\/\/pingheng.globaldeepsea.site\/?post_type=product&#038;p=37"},"modified":"2024-11-21T11:13:49","modified_gmt":"2024-11-21T03:13:49","slug":"inlet-and-outlet-chambers-copper-precision-castings","status":"publish","type":"product","link":"https:\/\/www.thecasting-factory.com\/fr\/product\/inlet-and-outlet-chambers-copper-precision-castings\/","title":{"rendered":"Castings de pr\u00e9cision-coppper \u00e0 cuivre \u00e0 l'entr\u00e9e et \u00e0 outlet"},"content":{"rendered":"<h3><strong>Description du produit<\/strong><\/h3>\n<p>C'est une partie utilis\u00e9e dans les composants des r\u00e9cipients maritimes, le syst\u00e8me d'\u00e9changeur de chaleur d'eau maritime et d'eau douce, le nom est une chambre d'eau d'entr\u00e9e et de sortie<br \/>\nZCUSN12 est la mati\u00e8re premi\u00e8re utilis\u00e9e pour fabriquer du bronze en \u00e9tain, un alliage m\u00e9tallique non ferreux qui a le moins de degr\u00e9 de retrait pendant la coul\u00e9e, ce qui le rend parfait pour les pi\u00e8ces moul\u00e9es avec des motifs complexes et des caract\u00e9ristiques pointues. Le bronze en \u00e9tain est largement utilis\u00e9 dans les chaudi\u00e8res \u00e0 vapeur et sur des sections de navires marins en raison de sa r\u00e9sistance \u00e0 la corrosion dans la vapeur, l'eau douce, l'environnement et l'eau de mer.<\/p>\n<h3>\n<strong>Caract\u00e9ristiques du produit<\/strong><\/h3>\n<p>1. En raison des exigences d'\u00e9tanch\u00e9it\u00e9 de ce produit, il existe des exigences de contr\u00f4le strictes pour le processus de coul\u00e9e.<br \/>\n2. Lorsqu'il est coul\u00e9, le cuivre fond \u00e0 un point de fusion inf\u00e9rieur \u00e0 l'acier et se liqu\u00e9fie avec un assez bon degr\u00e9 de fluidit\u00e9. Mais cela pourrait facilement provoquer le flux de m\u00e9tal liquide dans le moule de mani\u00e8re in\u00e9gale.<br \/>\n3. Le cuivre pendant le processus de coul\u00e9e pourrait rapidement entra\u00eener des probl\u00e8mes d'oxydation.<br \/>\nCes caract\u00e9ristiques expliquent le faible taux de certification de la coul\u00e9e de pr\u00e9cision en cuivre.<br \/>\nDepuis la r\u00e9ception du projet, notre \u00e9quipe technique a travaill\u00e9 nuit et jour pour surmonter les difficult\u00e9s, et gr\u00e2ce \u00e0 une optimisation continue du syst\u00e8me de coul\u00e9e, \u00e0 un contr\u00f4le de la temp\u00e9rature et du d\u00e9bit, le projet a finalement \u00e9t\u00e9 d\u00e9velopp\u00e9 avec succ\u00e8s et constitu\u00e9 en production de masse.<br \/>\nNotre entreprise poss\u00e8de une grande exp\u00e9rience dans le domaine du coulage en cuivre parce que ce produit est en fourniture stable depuis 11 ans et est en production de masse depuis 2013;<br \/>\nNotre entreprise a une solide \u00e9quipe de d\u00e9veloppement technique, avec le d\u00e9veloppement de la coul\u00e9e de pr\u00e9cision de diverses pi\u00e8ces de forme dans le domaine des capacit\u00e9s, et pour fournir des services int\u00e9gr\u00e9s de la coul\u00e9e \u00e0 l'usinage, en recherchant l'excellence, pour offrir aux clients des produits et services efficaces et de haute qualit\u00e9 a toujours \u00e9t\u00e9 notre adh\u00e9rence au concept.<\/p>\n<p><img fetchpriority=\"high\" decoding=\"async\" class=\"alignnone size-medium wp-image-38\" src=\"https:\/\/pingheng.globaldeepsea.site\/wp-content\/uploads\/2024\/11\/Inlet-and-outlet-chambers-copper-precision-castings-300x300.webp\" alt=\"\" width=\"300\" height=\"300\" srcset=\"https:\/\/www.thecasting-factory.com\/wp-content\/uploads\/2024\/11\/Inlet-and-outlet-chambers-copper-precision-castings-300x300.webp 300w, https:\/\/www.thecasting-factory.com\/wp-content\/uploads\/2024\/11\/Inlet-and-outlet-chambers-copper-precision-castings-150x150.webp 150w, https:\/\/www.thecasting-factory.com\/wp-content\/uploads\/2024\/11\/Inlet-and-outlet-chambers-copper-precision-castings-768x768.webp 768w, https:\/\/www.thecasting-factory.com\/wp-content\/uploads\/2024\/11\/Inlet-and-outlet-chambers-copper-precision-castings-600x600.webp 600w, https:\/\/www.thecasting-factory.com\/wp-content\/uploads\/2024\/11\/Inlet-and-outlet-chambers-copper-precision-castings-100x100.webp 100w, https:\/\/www.thecasting-factory.com\/wp-content\/uploads\/2024\/11\/Inlet-and-outlet-chambers-copper-precision-castings.webp 1000w\" sizes=\"(max-width: 300px) 100vw, 300px\" \/><img decoding=\"async\" class=\"alignnone size-medium wp-image-39\" src=\"https:\/\/pingheng.globaldeepsea.site\/wp-content\/uploads\/2024\/11\/precision-castings-300x300.webp\" alt=\"\" width=\"300\" height=\"300\" srcset=\"https:\/\/www.thecasting-factory.com\/wp-content\/uploads\/2024\/11\/precision-castings-300x300.webp 300w, https:\/\/www.thecasting-factory.com\/wp-content\/uploads\/2024\/11\/precision-castings-150x150.webp 150w, https:\/\/www.thecasting-factory.com\/wp-content\/uploads\/2024\/11\/precision-castings-768x768.webp 768w, https:\/\/www.thecasting-factory.com\/wp-content\/uploads\/2024\/11\/precision-castings-600x600.webp 600w, https:\/\/www.thecasting-factory.com\/wp-content\/uploads\/2024\/11\/precision-castings-100x100.webp 100w, https:\/\/www.thecasting-factory.com\/wp-content\/uploads\/2024\/11\/precision-castings.webp 1000w\" sizes=\"(max-width: 300px) 100vw, 300px\" \/><img decoding=\"async\" class=\"alignnone size-medium wp-image-40\" src=\"https:\/\/pingheng.globaldeepsea.site\/wp-content\/uploads\/2024\/11\/COPPER-precision-castings-300x300.webp\" alt=\"\" width=\"300\" height=\"300\" srcset=\"https:\/\/www.thecasting-factory.com\/wp-content\/uploads\/2024\/11\/COPPER-precision-castings-300x300.webp 300w, https:\/\/www.thecasting-factory.com\/wp-content\/uploads\/2024\/11\/COPPER-precision-castings-150x150.webp 150w, https:\/\/www.thecasting-factory.com\/wp-content\/uploads\/2024\/11\/COPPER-precision-castings-768x768.webp 768w, https:\/\/www.thecasting-factory.com\/wp-content\/uploads\/2024\/11\/COPPER-precision-castings-600x600.webp 600w, https:\/\/www.thecasting-factory.com\/wp-content\/uploads\/2024\/11\/COPPER-precision-castings-100x100.webp 100w, https:\/\/www.thecasting-factory.com\/wp-content\/uploads\/2024\/11\/COPPER-precision-castings.webp 1000w\" sizes=\"(max-width: 300px) 100vw, 300px\" \/><\/p>","protected":false},"excerpt":{"rendered":"<p>Ceci fait partie des composants des navires marins, syst\u00e8me d'\u00e9changeur de chaleur d'eau douce en mer.<\/p>\n<p><strong>La sp\u00e9cification de la pi\u00e8ce est LXWXH:<\/strong>235 mmx232 mmx100mm, \u00e9paisseur de paroi: 6 mm, poids: 6,52 kg.<\/p>\n<p><strong>Mat\u00e9riel:<\/strong>ZCuSn12.<\/p>\n<p><strong>Exigences de test du produit:<\/strong> Test d'\u00e9tanch\u00e9it\u00e9 de l'air, passez de l'air comprim\u00e9 de 0,5 MPa, maintenez la pression pendant 1 min, pas de fuite.<\/p>","protected":false},"featured_media":38,"template":"","meta":[],"product_cat":[16],"product_tag":[31,32,30,29,43,28,35,27,42],"class_list":{"0":"post-37","1":"product","2":"type-product","3":"status-publish","4":"has-post-thumbnail","6":"product_cat-copper-alloy","7":"product_tag-copper-alloy-castings","8":"product_tag-copper-alloy-investment-castings","9":"product_tag-copper-alloy-precision-castings","10":"product_tag-copper-castings","11":"product_tag-copper-castings-for-fresh-and-sea-water-heat-exchangers","12":"product_tag-investment-casting","13":"product_tag-marine-copper-castings","14":"product_tag-precision-casting","15":"product_tag-zcusn12-material-copper-casting","17":"first","18":"instock","19":"shipping-taxable","20":"product-type-simple"},"_links":{"self":[{"href":"https:\/\/www.thecasting-factory.com\/fr\/wp-json\/wp\/v2\/product\/37","targetHints":{"allow":["GET"]}}],"collection":[{"href":"https:\/\/www.thecasting-factory.com\/fr\/wp-json\/wp\/v2\/product"}],"about":[{"href":"https:\/\/www.thecasting-factory.com\/fr\/wp-json\/wp\/v2\/types\/product"}],"version-history":[{"count":0,"href":"https:\/\/www.thecasting-factory.com\/fr\/wp-json\/wp\/v2\/product\/37\/revisions"}],"wp:featuredmedia":[{"embeddable":true,"href":"https:\/\/www.thecasting-factory.com\/fr\/wp-json\/wp\/v2\/media\/38"}],"wp:attachment":[{"href":"https:\/\/www.thecasting-factory.com\/fr\/wp-json\/wp\/v2\/media?parent=37"}],"wp:term":[{"taxonomy":"product_cat","embeddable":true,"href":"https:\/\/www.thecasting-factory.com\/fr\/wp-json\/wp\/v2\/product_cat?post=37"},{"taxonomy":"product_tag","embeddable":true,"href":"https:\/\/www.thecasting-factory.com\/fr\/wp-json\/wp\/v2\/product_tag?post=37"}],"curies":[{"name":"wp","href":"https:\/\/api.w.org\/{rel}","templated":true}]}}