{"id":33,"date":"2024-11-21T11:08:17","date_gmt":"2024-11-21T03:08:17","guid":{"rendered":"https:\/\/pingheng.globaldeepsea.site\/?post_type=product&#038;p=33"},"modified":"2024-11-21T11:08:18","modified_gmt":"2024-11-21T03:08:18","slug":"hingelower-precision-casting-for-elf-fus","status":"publish","type":"product","link":"https:\/\/www.thecasting-factory.com\/fr\/product\/hingelower-precision-casting-for-elf-fus\/","title":{"rendered":"Hinge: coul\u00e9e de pr\u00e9cision inf\u00e9rieure pour Fus elfe"},"content":{"rendered":"<h3><strong>Description du produit<\/strong><\/h3>\n<p>Ceci est un raccord \u00e9lectrique de puissance, le nom est Hinge<br \/>\nRed Brass C83600 est une bonne propri\u00e9t\u00e9 m\u00e9canique, une r\u00e9sistance \u00e0 la corrosion, des performances de traitement, il est donc largement utilis\u00e9 dans la fabrication de raccords \u00e9lectriques \u00e9lectriques, de vannes, de tuyaux, de raccords, de corps de pompe et de pi\u00e8ces d\u00e9coratives.<br \/>\nLes difficult\u00e9s de proc\u00e9d\u00e9 de la coul\u00e9e de pr\u00e9cision en cuivre:<br \/>\nContr\u00f4le de la temp\u00e9rature de fusion: Le point de fusion du cuivre est \u00e9lev\u00e9, la n\u00e9cessit\u00e9 de contr\u00f4ler strictement la temp\u00e9rature de fusion, pour \u00e9viter la surchauffe ou le sur-refroidissement, entra\u00eenant une baisse des propri\u00e9t\u00e9s des mat\u00e9riaux.<br \/>\nMobilit\u00e9 des m\u00e9taux liquides: le cuivre dans l'\u00e9tat de mobilit\u00e9 liquide est meilleur, mais il est \u00e9galement facile de conduire \u00e0 un flux in\u00e9gal de m\u00e9tal liquide dans le moule, vous devez vous assurer que le mat\u00e9riau est enti\u00e8rement rempli de d\u00e9tails de moisissure par la conception raisonnable du syst\u00e8me de versement et la pression pour vous assurer que le mat\u00e9riau.<br \/>\nProbl\u00e8me d'oxydation: le cuivre est sensible \u00e0 l'oxydation, il est n\u00e9cessaire de r\u00e9duire l'impact de l'oxydation sur la qualit\u00e9 des pi\u00e8ces moul\u00e9es gr\u00e2ce \u00e0 une conception raisonnable du syst\u00e8me de versement ainsi qu'au contr\u00f4le de la temp\u00e9rature de versement et de la vitesse de versement.<\/p>\n<h3>\n<strong>Histoire du d\u00e9veloppement\u00a0<\/strong><\/h3>\n<p>Ce projet a commenc\u00e9 \u00e0 partir du point fixe, la demande du client pour le cycle de livraison est tr\u00e8s courte, nos \u00e9chantillons d'essai une fois, peuvent r\u00e9pondre \u00e0 l'heure de livraison du client \u00e0 temps, et dans un court laps de temps pour former une production de masse, actuellement, le produit de notre entreprise commande l'un des produits les plus importants, l'offre annuelle allant jusqu'\u00e0 200 000 pi\u00e8ces;<br \/>\nNotre entreprise a une solide \u00e9quipe de d\u00e9veloppement technique, avec la possibilit\u00e9 de d\u00e9velopper une vari\u00e9t\u00e9 de pi\u00e8ces en forme dans le domaine de la coul\u00e9e de pr\u00e9cision, et poss\u00e8de une vaste exp\u00e9rience dans le casting de pr\u00e9cision en cuivre, pour fournir un service int\u00e9gr\u00e9 de la coul\u00e9e \u00e0 l'usinage; Efforcez-vous d'excellence, pour fournir aux clients des produits et services efficaces et de haute qualit\u00e9 a toujours \u00e9t\u00e9 notre adh\u00e9rence au concept.<\/p>\n<h3>\n<strong>Affichages de produits\u00a0<\/strong><\/h3>\n<p><img fetchpriority=\"high\" decoding=\"async\" class=\"alignnone size-medium wp-image-35\" src=\"https:\/\/pingheng.globaldeepsea.site\/wp-content\/uploads\/2024\/11\/lower-precision-casting-for-elf-fus-1-300x300.webp\" alt=\"\" width=\"300\" height=\"300\" srcset=\"https:\/\/www.thecasting-factory.com\/wp-content\/uploads\/2024\/11\/lower-precision-casting-for-elf-fus-1-300x300.webp 300w, https:\/\/www.thecasting-factory.com\/wp-content\/uploads\/2024\/11\/lower-precision-casting-for-elf-fus-1-150x150.webp 150w, https:\/\/www.thecasting-factory.com\/wp-content\/uploads\/2024\/11\/lower-precision-casting-for-elf-fus-1-768x768.webp 768w, https:\/\/www.thecasting-factory.com\/wp-content\/uploads\/2024\/11\/lower-precision-casting-for-elf-fus-1-600x600.webp 600w, https:\/\/www.thecasting-factory.com\/wp-content\/uploads\/2024\/11\/lower-precision-casting-for-elf-fus-1-100x100.webp 100w, https:\/\/www.thecasting-factory.com\/wp-content\/uploads\/2024\/11\/lower-precision-casting-for-elf-fus-1.webp 1000w\" sizes=\"(max-width: 300px) 100vw, 300px\" \/><img decoding=\"async\" class=\"alignnone size-medium wp-image-36\" src=\"https:\/\/pingheng.globaldeepsea.site\/wp-content\/uploads\/2024\/11\/lower-precision-casting-300x300.webp\" alt=\"\" width=\"300\" height=\"300\" srcset=\"https:\/\/www.thecasting-factory.com\/wp-content\/uploads\/2024\/11\/lower-precision-casting-300x300.webp 300w, https:\/\/www.thecasting-factory.com\/wp-content\/uploads\/2024\/11\/lower-precision-casting-150x150.webp 150w, https:\/\/www.thecasting-factory.com\/wp-content\/uploads\/2024\/11\/lower-precision-casting-768x768.webp 768w, https:\/\/www.thecasting-factory.com\/wp-content\/uploads\/2024\/11\/lower-precision-casting-600x600.webp 600w, https:\/\/www.thecasting-factory.com\/wp-content\/uploads\/2024\/11\/lower-precision-casting-100x100.webp 100w, https:\/\/www.thecasting-factory.com\/wp-content\/uploads\/2024\/11\/lower-precision-casting.webp 1000w\" sizes=\"(max-width: 300px) 100vw, 300px\" \/><\/p>","protected":false},"excerpt":{"rendered":"<p>Ceci est une puissance \u00e9lectrique<\/p>\n<p><strong>Sp\u00e9cification de la pi\u00e8ce LXWXH:<\/strong>76 mmx80 mmx28 mm, \u00e9paisseur de paroi 4 mm: Poids: 250g.<\/p>\n<p><strong>Mat\u00e9riel:<\/strong> Brass rouge C83600<\/p>","protected":false},"featured_media":34,"template":"","meta":[],"product_cat":[16],"product_tag":[31,32,30,29,41,28,27,40],"class_list":{"0":"post-33","1":"product","2":"type-product","3":"status-publish","4":"has-post-thumbnail","6":"product_cat-copper-alloy","7":"product_tag-copper-alloy-castings","8":"product_tag-copper-alloy-investment-castings","9":"product_tag-copper-alloy-precision-castings","10":"product_tag-copper-castings","11":"product_tag-copper-castings-for-electric-power-and-electric-appliances","12":"product_tag-investment-casting","13":"product_tag-precision-casting","14":"product_tag-red-brass-c83600-material-copper-casting","16":"first","17":"instock","18":"shipping-taxable","19":"product-type-simple"},"_links":{"self":[{"href":"https:\/\/www.thecasting-factory.com\/fr\/wp-json\/wp\/v2\/product\/33","targetHints":{"allow":["GET"]}}],"collection":[{"href":"https:\/\/www.thecasting-factory.com\/fr\/wp-json\/wp\/v2\/product"}],"about":[{"href":"https:\/\/www.thecasting-factory.com\/fr\/wp-json\/wp\/v2\/types\/product"}],"version-history":[{"count":0,"href":"https:\/\/www.thecasting-factory.com\/fr\/wp-json\/wp\/v2\/product\/33\/revisions"}],"wp:featuredmedia":[{"embeddable":true,"href":"https:\/\/www.thecasting-factory.com\/fr\/wp-json\/wp\/v2\/media\/34"}],"wp:attachment":[{"href":"https:\/\/www.thecasting-factory.com\/fr\/wp-json\/wp\/v2\/media?parent=33"}],"wp:term":[{"taxonomy":"product_cat","embeddable":true,"href":"https:\/\/www.thecasting-factory.com\/fr\/wp-json\/wp\/v2\/product_cat?post=33"},{"taxonomy":"product_tag","embeddable":true,"href":"https:\/\/www.thecasting-factory.com\/fr\/wp-json\/wp\/v2\/product_tag?post=33"}],"curies":[{"name":"wp","href":"https:\/\/api.w.org\/{rel}","templated":true}]}}