{"id":31,"date":"2024-11-21T11:01:41","date_gmt":"2024-11-21T03:01:41","guid":{"rendered":"https:\/\/pingheng.globaldeepsea.site\/?post_type=product&#038;p=31"},"modified":"2024-11-21T11:01:42","modified_gmt":"2024-11-21T03:01:42","slug":"brake-ringcopper-precision-casting-parts","status":"publish","type":"product","link":"https:\/\/www.thecasting-factory.com\/fr\/product\/brake-ringcopper-precision-casting-parts\/","title":{"rendered":"Bague de frein: pi\u00e8ces de coul\u00e9e de pr\u00e9cision en cuivre"},"content":{"rendered":"<h3><strong>Description du produit<\/strong><\/h3>\n<p>Il s'agit d'un raccord \u00e9lectrique de puissance, utilis\u00e9 dans les produits d'une entreprise de renomm\u00e9e internationale au-dessus des raccords, le nom de freinage du nom<br \/>\nLe bronze a une bonne r\u00e9sistance \u00e0 la corrosion, une forte r\u00e9sistance, une bonne conductivit\u00e9 thermique, de bonnes performances de traitement, il est donc largement utilis\u00e9 dans la fabrication de raccords \u00e9lectriques, de vannes, de pipelines, de raccords de tuyaux, de pompes et de pi\u00e8ces d\u00e9coratives.<br \/>\nProcessus de coul\u00e9e de pr\u00e9cision en cuivre Difficult\u00e9s:<br \/>\nContr\u00f4le de la temp\u00e9rature de fusion: Parce que le cuivre a un point de fusion \u00e9lev\u00e9, il est important de r\u00e9guler soigneusement la temp\u00e9rature de fusion pour emp\u00eacher les qualit\u00e9s du mat\u00e9riau de diminuer en raison de la surchauffe ou du refroidissement excessif.<br \/>\nMobilit\u00e9 des m\u00e9taux liquides: le cuivre est plus mobile lorsqu'il est liquide, mais cela peut \u00e9galement entra\u00eener un d\u00e9bit in\u00e9gal de m\u00e9tal liquide dans le moule.<br \/>\nProbl\u00e8me d'oxydation: Parce que le cuivre est oxydatif, il est important de contr\u00f4ler la temp\u00e9rature de coul\u00e9e et de concevoir le syst\u00e8me de coul\u00e9e d'une mani\u00e8re qui minimise les effets n\u00e9gatifs de l'oxydation sur la qualit\u00e9 de la coul\u00e9e.<\/p>\n<h3>\n<strong>Histoire du d\u00e9veloppement<\/strong><\/h3>\n<p>Ce projet a commenc\u00e9 \u00e0 partir du point fixe, la demande du client pour un cycle de livraison \u00e0 court terme, nos \u00e9chantillons d'essai une fois, peut r\u00e9pondre \u00e0 l'heure de livraison du client \u00e0 temps, et dans un court laps de temps pour former une production de masse, \u00e0 l'heure actuelle, le produit de notre entreprise commande l'un des plus grands produits, l'offre annuelle de 10W +;<br \/>\nNotre entreprise s'efforce d'excellence, de fournir aux clients des produits et services efficaces et de haute qualit\u00e9 a toujours \u00e9t\u00e9 notre adh\u00e9sion au concept. Nous avons une solide \u00e9quipe de d\u00e9veloppement technique qui peut d\u00e9velopper une vari\u00e9t\u00e9 de pi\u00e8ces en forme dans le domaine de la coul\u00e9e de pr\u00e9cision et une richesse d'exp\u00e9rience dans le casting de pr\u00e9cision en cuivre.<\/p>","protected":false},"excerpt":{"rendered":"<p>Ceci est un accessoire \u00e9lectrique \u00e9lectrique<\/p>\n<p><strong>Sp\u00e9cification de la pi\u00e8ce LXWXH:<\/strong>80 mmx80 mmx10 mm, poids: 190g.<\/p>\n<p><strong>Mat\u00e9riel:<\/strong> BRONZE<\/p>","protected":false},"featured_media":32,"template":"","meta":[],"product_cat":[16],"product_tag":[31,32,30,29,28,39,27,38,37],"class_list":{"0":"post-31","1":"product","2":"type-product","3":"status-publish","4":"has-post-thumbnail","6":"product_cat-copper-alloy","7":"product_tag-copper-alloy-castings","8":"product_tag-copper-alloy-investment-castings","9":"product_tag-copper-alloy-precision-castings","10":"product_tag-copper-castings","11":"product_tag-investment-casting","12":"product_tag-medium-temperature-wax-process-copper-castings","13":"product_tag-precision-casting","14":"product_tag-precision-casting-of-bronze-materials","15":"product_tag-silicone-sol-process-copper-castings","17":"first","18":"instock","19":"shipping-taxable","20":"product-type-simple"},"_links":{"self":[{"href":"https:\/\/www.thecasting-factory.com\/fr\/wp-json\/wp\/v2\/product\/31","targetHints":{"allow":["GET"]}}],"collection":[{"href":"https:\/\/www.thecasting-factory.com\/fr\/wp-json\/wp\/v2\/product"}],"about":[{"href":"https:\/\/www.thecasting-factory.com\/fr\/wp-json\/wp\/v2\/types\/product"}],"version-history":[{"count":0,"href":"https:\/\/www.thecasting-factory.com\/fr\/wp-json\/wp\/v2\/product\/31\/revisions"}],"wp:featuredmedia":[{"embeddable":true,"href":"https:\/\/www.thecasting-factory.com\/fr\/wp-json\/wp\/v2\/media\/32"}],"wp:attachment":[{"href":"https:\/\/www.thecasting-factory.com\/fr\/wp-json\/wp\/v2\/media?parent=31"}],"wp:term":[{"taxonomy":"product_cat","embeddable":true,"href":"https:\/\/www.thecasting-factory.com\/fr\/wp-json\/wp\/v2\/product_cat?post=31"},{"taxonomy":"product_tag","embeddable":true,"href":"https:\/\/www.thecasting-factory.com\/fr\/wp-json\/wp\/v2\/product_tag?post=31"}],"curies":[{"name":"wp","href":"https:\/\/api.w.org\/{rel}","templated":true}]}}