{"id":27,"date":"2024-11-21T10:48:18","date_gmt":"2024-11-21T02:48:18","guid":{"rendered":"https:\/\/pingheng.globaldeepsea.site\/?post_type=product&#038;p=27"},"modified":"2024-11-21T10:52:53","modified_gmt":"2024-11-21T02:52:53","slug":"inlet-and-outlet-end-caps-brass-precision-castings","status":"publish","type":"product","link":"https:\/\/www.thecasting-factory.com\/fr\/product\/inlet-and-outlet-end-caps-brass-precision-castings\/","title":{"rendered":"Castings de pr\u00e9cision \u00e0 laiton de cotons-caissines d'entr\u00e9e et de sortie"},"content":{"rendered":"<h3><strong>Description du produit<\/strong><\/h3>\n<p>C'est une partie utilis\u00e9e dans les pi\u00e8ces de l'exp\u00e9dition maritime, le syst\u00e8me d'\u00e9changeur de chaleur d'eau douce de la mer, le nom est appel\u00e9 capot d'entr\u00e9e d'entr\u00e9e et de sortie<br \/>\nZCUZN16SI4 est un mat\u00e9riau en alliage de cuivre coulant avec des propri\u00e9t\u00e9s m\u00e9caniques \u00e9lev\u00e9es et une bonne r\u00e9sistance \u00e0 la corrosion, de bonnes performances de moulage, une mobilit\u00e9 \u00e9lev\u00e9e, largement utilis\u00e9 dans les raccords de tuyaux fonctionnant en contact avec l'eau de mer, ainsi que des pompes, des calculs, des bougies et des moulages fonctionnant dans l'air, de l'eau douce, de l'huile, du carburant, ainsi que de la pression de travail de 4,5mpa et dans la vapeur \u00e0 250 \u2103 ou moins.<\/p>\n<h3><strong>Fonctionnalit\u00e9s de producti<\/strong><\/h3>\n<p>1. Dans le domaine de la coul\u00e9e de pr\u00e9cision en silicone, qui est consid\u00e9r\u00e9 comme un grand produit, et le produit a les exigences d'\u00e9tanch\u00e9<br \/>\n2. Comparti avec la coul\u00e9e de l'acier, le point de fusion en cuivre est relativement faible, liqu\u00e9fi\u00e9 lorsque la mobilit\u00e9 est relativement bonne, mais aussi facile \u00e0 conduire \u00e0 du m\u00e9tal liquide dans le flux in\u00e9gal de la moisissure<br \/>\n3.Copper dans le processus de coul\u00e9e est facile \u00e0 produire des probl\u00e8mes d'oxydation<br \/>\nLes caract\u00e9ristiques ci-dessus conduisent au faible taux de qualification de la coul\u00e9e de pr\u00e9cision en cuivre.<\/p>\n<h3><strong>Historique des produits<\/strong><\/h3>\n<p>Depuis la r\u00e9ception du projet, notre \u00e9quipe technique a travaill\u00e9 nuit et jour pour surmonter les difficult\u00e9s, et gr\u00e2ce \u00e0 une optimisation continue du syst\u00e8me de coul\u00e9e, au contr\u00f4le de la temp\u00e9rature de coul\u00e9e et du d\u00e9bit, le projet a finalement \u00e9t\u00e9 d\u00e9velopp\u00e9 avec succ\u00e8s et form\u00e9 de production de masse;<br \/>\nCe produit est en production de masse depuis 2013 et est dans un approvisionnement stable depuis 11 ans, ce qui nous a donn\u00e9 beaucoup d'exp\u00e9rience dans le domaine de la coul\u00e9e de cuivre;<br \/>\nNotre entreprise a une solide \u00e9quipe de d\u00e9veloppement technique, avec le d\u00e9veloppement de la coul\u00e9e de pr\u00e9cision de diverses pi\u00e8ces de forme dans le domaine des capacit\u00e9s, et pour fournir des services int\u00e9gr\u00e9s de la coul\u00e9e \u00e0 l'usinage, en recherchant l'excellence, pour offrir aux clients des produits et services efficaces et de haute qualit\u00e9 a toujours \u00e9t\u00e9 notre adh\u00e9rence au concept.<\/p>\n<h3><strong>Affichages de produits<\/strong><\/h3>\n<p><img fetchpriority=\"high\" decoding=\"async\" class=\"alignnone size-medium wp-image-29\" src=\"https:\/\/pingheng.globaldeepsea.site\/wp-content\/uploads\/2024\/11\/castings-300x300.webp\" alt=\"\" width=\"300\" height=\"300\" srcset=\"https:\/\/www.thecasting-factory.com\/wp-content\/uploads\/2024\/11\/castings-300x300.webp 300w, https:\/\/www.thecasting-factory.com\/wp-content\/uploads\/2024\/11\/castings-150x150.webp 150w, https:\/\/www.thecasting-factory.com\/wp-content\/uploads\/2024\/11\/castings-768x768.webp 768w, https:\/\/www.thecasting-factory.com\/wp-content\/uploads\/2024\/11\/castings-600x600.webp 600w, https:\/\/www.thecasting-factory.com\/wp-content\/uploads\/2024\/11\/castings-100x100.webp 100w, https:\/\/www.thecasting-factory.com\/wp-content\/uploads\/2024\/11\/castings.webp 1000w\" sizes=\"(max-width: 300px) 100vw, 300px\" \/><img decoding=\"async\" class=\"alignnone size-medium wp-image-28\" src=\"https:\/\/pingheng.globaldeepsea.site\/wp-content\/uploads\/2024\/11\/CAPS-BRASS-300x300.webp\" alt=\"\" width=\"300\" height=\"300\" srcset=\"https:\/\/www.thecasting-factory.com\/wp-content\/uploads\/2024\/11\/CAPS-BRASS-300x300.webp 300w, https:\/\/www.thecasting-factory.com\/wp-content\/uploads\/2024\/11\/CAPS-BRASS-150x150.webp 150w, https:\/\/www.thecasting-factory.com\/wp-content\/uploads\/2024\/11\/CAPS-BRASS-768x768.webp 768w, https:\/\/www.thecasting-factory.com\/wp-content\/uploads\/2024\/11\/CAPS-BRASS-600x600.webp 600w, https:\/\/www.thecasting-factory.com\/wp-content\/uploads\/2024\/11\/CAPS-BRASS-100x100.webp 100w, https:\/\/www.thecasting-factory.com\/wp-content\/uploads\/2024\/11\/CAPS-BRASS.webp 1000w\" sizes=\"(max-width: 300px) 100vw, 300px\" \/><\/p>","protected":false},"excerpt":{"rendered":"<p>Ceci fait partie des composants des navires marins, syst\u00e8me d'\u00e9changeur de chaleur d'eau douce en mer.<\/p>\n<p><strong>La sp\u00e9cification de la pi\u00e8ce est<\/strong> <strong>Lxwxh<\/strong>: 264mmx268mmx90mm, \u00e9paisseur de paroi: 7 mm, poids: 9,81 kg.<\/p>\n<p><strong>Mat\u00e9riel<\/strong>:ZCuZn16Si4.<\/p>\n<p><strong>Exigences de test de produit<\/strong>: test d'\u00e9tanch\u00e9it\u00e9 de l'air, passez de l'air comprim\u00e9 de 0,9 MPa, de la pression de maintien pendant 30 minutes, pas de fuite.<\/p>","protected":false},"featured_media":28,"template":"","meta":[],"product_cat":[16],"product_tag":[31,32,30,29,28,35,27,37,36],"class_list":{"0":"post-27","1":"product","2":"type-product","3":"status-publish","4":"has-post-thumbnail","6":"product_cat-copper-alloy","7":"product_tag-copper-alloy-castings","8":"product_tag-copper-alloy-investment-castings","9":"product_tag-copper-alloy-precision-castings","10":"product_tag-copper-castings","11":"product_tag-investment-casting","12":"product_tag-marine-copper-castings","13":"product_tag-precision-casting","14":"product_tag-silicone-sol-process-copper-castings","15":"product_tag-zcuzn16si4-material-precision-castings","17":"first","18":"instock","19":"shipping-taxable","20":"product-type-simple"},"_links":{"self":[{"href":"https:\/\/www.thecasting-factory.com\/fr\/wp-json\/wp\/v2\/product\/27","targetHints":{"allow":["GET"]}}],"collection":[{"href":"https:\/\/www.thecasting-factory.com\/fr\/wp-json\/wp\/v2\/product"}],"about":[{"href":"https:\/\/www.thecasting-factory.com\/fr\/wp-json\/wp\/v2\/types\/product"}],"version-history":[{"count":1,"href":"https:\/\/www.thecasting-factory.com\/fr\/wp-json\/wp\/v2\/product\/27\/revisions"}],"predecessor-version":[{"id":30,"href":"https:\/\/www.thecasting-factory.com\/fr\/wp-json\/wp\/v2\/product\/27\/revisions\/30"}],"wp:featuredmedia":[{"embeddable":true,"href":"https:\/\/www.thecasting-factory.com\/fr\/wp-json\/wp\/v2\/media\/28"}],"wp:attachment":[{"href":"https:\/\/www.thecasting-factory.com\/fr\/wp-json\/wp\/v2\/media?parent=27"}],"wp:term":[{"taxonomy":"product_cat","embeddable":true,"href":"https:\/\/www.thecasting-factory.com\/fr\/wp-json\/wp\/v2\/product_cat?post=27"},{"taxonomy":"product_tag","embeddable":true,"href":"https:\/\/www.thecasting-factory.com\/fr\/wp-json\/wp\/v2\/product_tag?post=27"}],"curies":[{"name":"wp","href":"https:\/\/api.w.org\/{rel}","templated":true}]}}