{"id":20,"date":"2024-11-21T10:34:40","date_gmt":"2024-11-21T02:34:40","guid":{"rendered":"https:\/\/pingheng.globaldeepsea.site\/?post_type=product&#038;p=20"},"modified":"2024-11-21T10:57:05","modified_gmt":"2024-11-21T02:57:05","slug":"end-caps-copper-precision-castings","status":"publish","type":"product","link":"https:\/\/www.thecasting-factory.com\/fr\/product\/end-caps-copper-precision-castings\/","title":{"rendered":"Coupages de pr\u00e9cision CAPS-COPPER"},"content":{"rendered":"<h3><strong>Description du produit<\/strong><\/h3>\n<p>C'est une partie utilis\u00e9e dans les composants des navires de mer, le syst\u00e8me d'\u00e9changeur de chaleur d'eau et d'eau douce, le nom est un capuchon final<br \/>\nAdoptant ZCUSN12 comme mat\u00e9riau, le bronze en \u00e9tain est un alliage m\u00e9tallique non ferreux avec le plus petit retrait de coul\u00e9e, qui peut \u00eatre utilis\u00e9 pour produire des moulages avec des formes complexes et des contours clairs; Le bronze en \u00e9tain est tr\u00e8s r\u00e9sistant \u00e0 la corrosion dans l'atmosph\u00e8re, l'eau de mer, l'eau douce et la vapeur, il est donc largement utilis\u00e9 dans les chaudi\u00e8res \u00e0 vapeur et les pi\u00e8ces de navire de mer;<\/p>\n<h3><strong>Caract\u00e9ristiques du produit<\/strong><\/h3>\n<p>1, dans le domaine de la coul\u00e9e d'investissement en silicone SOL, qui est consid\u00e9r\u00e9 comme un grand produit, et le produit a les exigences d'\u00e9tanch\u00e9it\u00e9, donc pour les exigences de contr\u00f4le du processus de coul\u00e9e sont \u00e9lev\u00e9es<br \/>\n2, par rapport \u00e0 la coul\u00e9e de l'acier, le point de fusion en cuivre est relativement faible, liqu\u00e9fi\u00e9 lorsque la mobilit\u00e9 est relativement bonne, mais aussi facile \u00e0 conduire \u00e0 du m\u00e9tal liquide dans le flux de moule in\u00e9gal<br \/>\n3, le cuivre dans le processus de coul\u00e9e est facile \u00e0 produire des probl\u00e8mes d'oxydation<br \/>\nLes caract\u00e9ristiques ci-dessus conduisent au faible taux de qualification de la coul\u00e9e de pr\u00e9cision en cuivre.<\/p>\n<h3><strong>Historique des produits<\/strong><\/h3>\n<p>Notre entreprise poss\u00e8de une riche exp\u00e9rience technique dans le d\u00e9veloppement des pi\u00e8ces moul\u00e9es en cuivre, le produit de l'ordre \u00e0 la production de masse est relativement fluide;<br \/>\nD\u00e9velopp\u00e9 et production de masse \u00e0 partir de 2012, approvisionnement continu et stable.<br \/>\nNotre entreprise a une solide \u00e9quipe de d\u00e9veloppement technique, avec la possibilit\u00e9 de d\u00e9velopper une vari\u00e9t\u00e9 de pi\u00e8ces en forme dans le domaine de la coul\u00e9e de pr\u00e9cision, et de fournir des services int\u00e9gr\u00e9s de la coul\u00e9e \u00e0 l'usinage, de rechercher l'excellence, de fournir aux clients des produits et services efficaces et de haute qualit\u00e9 a toujours \u00e9t\u00e9 notre adh\u00e9rence au concept.<\/p>\n<h3><strong>Affichages de produits<\/strong><\/h3>\n<p><img fetchpriority=\"high\" decoding=\"async\" class=\"alignnone size-medium wp-image-22\" src=\"https:\/\/pingheng.globaldeepsea.site\/wp-content\/uploads\/2024\/11\/casting-300x300.webp\" alt=\"\" width=\"300\" height=\"300\" srcset=\"https:\/\/www.thecasting-factory.com\/wp-content\/uploads\/2024\/11\/casting-300x300.webp 300w, https:\/\/www.thecasting-factory.com\/wp-content\/uploads\/2024\/11\/casting-150x150.webp 150w, https:\/\/www.thecasting-factory.com\/wp-content\/uploads\/2024\/11\/casting-768x768.webp 768w, https:\/\/www.thecasting-factory.com\/wp-content\/uploads\/2024\/11\/casting-600x600.webp 600w, https:\/\/www.thecasting-factory.com\/wp-content\/uploads\/2024\/11\/casting-100x100.webp 100w, https:\/\/www.thecasting-factory.com\/wp-content\/uploads\/2024\/11\/casting.webp 1000w\" sizes=\"(max-width: 300px) 100vw, 300px\" \/><img decoding=\"async\" class=\"alignnone size-medium wp-image-21\" src=\"https:\/\/pingheng.globaldeepsea.site\/wp-content\/uploads\/2024\/11\/plixu-300x300.webp\" alt=\"\" width=\"300\" height=\"300\" srcset=\"https:\/\/www.thecasting-factory.com\/wp-content\/uploads\/2024\/11\/plixu-300x300.webp 300w, https:\/\/www.thecasting-factory.com\/wp-content\/uploads\/2024\/11\/plixu-150x150.webp 150w, https:\/\/www.thecasting-factory.com\/wp-content\/uploads\/2024\/11\/plixu-768x768.webp 768w, https:\/\/www.thecasting-factory.com\/wp-content\/uploads\/2024\/11\/plixu-600x600.webp 600w, https:\/\/www.thecasting-factory.com\/wp-content\/uploads\/2024\/11\/plixu-100x100.webp 100w, https:\/\/www.thecasting-factory.com\/wp-content\/uploads\/2024\/11\/plixu.webp 1000w\" sizes=\"(max-width: 300px) 100vw, 300px\" \/><\/p>","protected":false},"excerpt":{"rendered":"<p>Ceci fait partie des composants des navires marins, syst\u00e8me d'\u00e9changeur de chaleur d'eau douce en mer.<\/p>\n<p><strong>The specification of the part is LxWxH<\/strong>:232mmx232mmx68mm, wall thickness:7mm, weight:3.25Kg.<\/p>\n<p><strong>Mat\u00e9riel<\/strong>:ZCuSn12.<\/p>\n<p><strong>Testing requirements of the product<\/strong>: air tightness test, pass 0.5MPa compressed air, hold pressure for 1min, no leakage.<\/p>","protected":false},"featured_media":25,"template":"","meta":[],"product_cat":[16],"product_tag":[31,32,30,29,34,28,35,27,33],"class_list":{"0":"post-20","1":"product","2":"type-product","3":"status-publish","4":"has-post-thumbnail","6":"product_cat-copper-alloy","7":"product_tag-copper-alloy-castings","8":"product_tag-copper-alloy-investment-castings","9":"product_tag-copper-alloy-precision-castings","10":"product_tag-copper-castings","11":"product_tag-copper-castings-for-heat-exchanger-field","12":"product_tag-investment-casting","13":"product_tag-marine-copper-castings","14":"product_tag-precision-casting","15":"product_tag-zcusn12-material-precision-castings","17":"first","18":"instock","19":"shipping-taxable","20":"product-type-simple"},"_links":{"self":[{"href":"https:\/\/www.thecasting-factory.com\/fr\/wp-json\/wp\/v2\/product\/20","targetHints":{"allow":["GET"]}}],"collection":[{"href":"https:\/\/www.thecasting-factory.com\/fr\/wp-json\/wp\/v2\/product"}],"about":[{"href":"https:\/\/www.thecasting-factory.com\/fr\/wp-json\/wp\/v2\/types\/product"}],"version-history":[{"count":1,"href":"https:\/\/www.thecasting-factory.com\/fr\/wp-json\/wp\/v2\/product\/20\/revisions"}],"predecessor-version":[{"id":26,"href":"https:\/\/www.thecasting-factory.com\/fr\/wp-json\/wp\/v2\/product\/20\/revisions\/26"}],"wp:featuredmedia":[{"embeddable":true,"href":"https:\/\/www.thecasting-factory.com\/fr\/wp-json\/wp\/v2\/media\/25"}],"wp:attachment":[{"href":"https:\/\/www.thecasting-factory.com\/fr\/wp-json\/wp\/v2\/media?parent=20"}],"wp:term":[{"taxonomy":"product_cat","embeddable":true,"href":"https:\/\/www.thecasting-factory.com\/fr\/wp-json\/wp\/v2\/product_cat?post=20"},{"taxonomy":"product_tag","embeddable":true,"href":"https:\/\/www.thecasting-factory.com\/fr\/wp-json\/wp\/v2\/product_tag?post=20"}],"curies":[{"name":"wp","href":"https:\/\/api.w.org\/{rel}","templated":true}]}}