{"id":17,"date":"2024-11-21T10:22:48","date_gmt":"2024-11-21T02:22:48","guid":{"rendered":"https:\/\/pingheng.globaldeepsea.site\/?post_type=product&#038;p=17"},"modified":"2024-11-21T10:54:30","modified_gmt":"2024-11-21T02:54:30","slug":"flange-bearing-housing-silica-sol-precision-cast-copper-alloy-casting","status":"publish","type":"product","link":"https:\/\/www.thecasting-factory.com\/fr\/product\/flange-bearing-housing-silica-sol-precision-cast-copper-alloy-casting\/","title":{"rendered":"Boucbe de poule \u00e0 poule"},"content":{"rendered":"<h3><strong>Description du produit<\/strong><\/h3>\n<p>Ceci est une partie utilis\u00e9e dans les voitures de moteur \u00e0 carburant traditionnelles, les pompes \u00e0 huile, son nom est appel\u00e9 si\u00e8ge de roulement de bride; Exigences techniques des pi\u00e8ces:<br \/>\n1. Propri\u00e9t\u00e9s m\u00e9caniques GB \/ T 1176, tige d'essai \u00e0 coul\u00e9e unique, r\u00e9sistance \u00e0 la traction \u2265220 MPa, r\u00e9sistance \u00e0 la flexion \u2265130 MPa, allongement \u22653%, duret\u00e9 Brinell \u226580HBW;<br \/>\n2. La tol\u00e9rance de coul\u00e9e doit \u00eatre GB \/ T 6414-DCTG6-GCTG7, la rugosit\u00e9 de surface externe RA 6.3, le convexe r\u00e9siduel du coureur et du capuchon doit \u00eatre dans la plage de tol\u00e9rance vide, les fosses n'affectent pas la taille de la taille de la machine et il n'y a pas de d\u00e9fauts de coul\u00e9e qui affectent la fonction d'utilisation.<br \/>\n3. Besoin de puissance de l'\u00e9lectricit\u00e9: la surface de la coul\u00e9e n'est pas autoris\u00e9e \u00e0 avoir des fissures, des pores, des cristaux de plumes; \uf0b7 Les inclusions de surface ne sont pas autoris\u00e9es, les grandes inclusions de surface ne sont pas autoris\u00e9es \u00e0 plus de 0,5 mm\u00b2; \uf0b7GRAINS TAILLE ET PORITY \u22643 Grade;<br \/>\n4. Apr\u00e8s la machine du trou de r\u00e9f\u00e9rence est ajout\u00e9e (apr\u00e8s coupure sur IMM), aucun trous l\u00e2che plus grand que l'imm 'n'est autoris\u00e9.<br \/>\n5, les substances utilis\u00e9es r\u00e9pondent aux exigences des r\u00e9glementations GB \/ T 30512 et CE ROHS2.0.<\/p>\n<h3><strong>Contexte de d\u00e9veloppement<\/strong><\/h3>\n<p>1.C'est un nouveau client et la premi\u00e8re fois que nous avons d\u00e9velopp\u00e9 de telles pi\u00e8ces<br \/>\n2.Se apr\u00e8s l'enqu\u00eate de fond des deux parties, nous avons sign\u00e9 \u00abl'accord de d\u00e9veloppement de moisissures\u00bb, \u00abAccord de production de proc\u00e8s pour les nouveaux produits\u00bb et \u00abaccord d'int\u00e9grit\u00e9 des fournisseurs\u00bb avant le d\u00e9veloppement.<br \/>\n3.Le cycle de d\u00e9veloppement de ce produit est court, le premier d\u00e9lai de livraison de l'\u00e9chantillon est de 40 jours, le traitement du produit est difficile, la tol\u00e9rance au trou de montage est de \u00b1 0,012 mm, depuis le d\u00e9but de la r\u00e9ception de l'avis de d\u00e9veloppement, nous avons \u00e9t\u00e9 dirig\u00e9s par le service du projet et particip\u00e9 personnellement par le patron. Apr\u00e8s plusieurs cycles d'\u00e9valuation des r\u00e9unions et de v\u00e9rification sur place, nous avons investi de nouveaux \u00e9quipements de traitement et finalement termin\u00e9 les exigences du client lors de l'envoi d'\u00e9chantillons pour la deuxi\u00e8me fois.<br \/>\nNotre entreprise a une solide \u00e9quipe de d\u00e9veloppement technique, avec la possibilit\u00e9 de d\u00e9velopper des pi\u00e8ces OEM dans le domaine de la coul\u00e9e de pr\u00e9cision, et de fournir des services int\u00e9gr\u00e9s du blanc \u00e0 l'usinage; L'excellence, pour fournir aux clients des produits et services efficaces et de qualit\u00e9, a \u00e9t\u00e9 notre philosophie.<\/p>","protected":false},"excerpt":{"rendered":"<p>Il s'agit d'un composant utilis\u00e9 dans les pompes \u00e0 huile;<\/p>\n<p><strong>Sp\u00e9cifications de partie longueur x largeur x hauteur<\/strong> : \u03c6128mmx38,5 mm, poids: 1,42 kg;<\/p>\n<p><strong>Mat\u00e9riel<\/strong> \uff1a Zcusn10p1<\/p>","protected":false},"featured_media":18,"template":"","meta":[],"product_cat":[16],"product_tag":[26,21,19,24,22,25,23,20],"class_list":{"0":"post-17","1":"product","2":"type-product","3":"status-publish","4":"has-post-thumbnail","6":"product_cat-copper-alloy","7":"product_tag-copper-alloy-casting-foundry","8":"product_tag-copper-alloy-flange-bearing-housing","9":"product_tag-flange-bearing-housing-copper-alloy-casting","10":"product_tag-flange-bearing-housing-manufacturer","11":"product_tag-precision-cast-copper-bearing-housing","12":"product_tag-precision-casting-supplier","13":"product_tag-silica-sol-copper-alloy-casting","14":"product_tag-silica-sol-precision-casting","16":"first","17":"instock","18":"shipping-taxable","19":"product-type-simple"},"_links":{"self":[{"href":"https:\/\/www.thecasting-factory.com\/fr\/wp-json\/wp\/v2\/product\/17","targetHints":{"allow":["GET"]}}],"collection":[{"href":"https:\/\/www.thecasting-factory.com\/fr\/wp-json\/wp\/v2\/product"}],"about":[{"href":"https:\/\/www.thecasting-factory.com\/fr\/wp-json\/wp\/v2\/types\/product"}],"version-history":[{"count":0,"href":"https:\/\/www.thecasting-factory.com\/fr\/wp-json\/wp\/v2\/product\/17\/revisions"}],"wp:featuredmedia":[{"embeddable":true,"href":"https:\/\/www.thecasting-factory.com\/fr\/wp-json\/wp\/v2\/media\/18"}],"wp:attachment":[{"href":"https:\/\/www.thecasting-factory.com\/fr\/wp-json\/wp\/v2\/media?parent=17"}],"wp:term":[{"taxonomy":"product_cat","embeddable":true,"href":"https:\/\/www.thecasting-factory.com\/fr\/wp-json\/wp\/v2\/product_cat?post=17"},{"taxonomy":"product_tag","embeddable":true,"href":"https:\/\/www.thecasting-factory.com\/fr\/wp-json\/wp\/v2\/product_tag?post=17"}],"curies":[{"name":"wp","href":"https:\/\/api.w.org\/{rel}","templated":true}]}}