{"id":17,"date":"2024-11-21T10:22:48","date_gmt":"2024-11-21T02:22:48","guid":{"rendered":"https:\/\/pingheng.globaldeepsea.site\/?post_type=product&#038;p=17"},"modified":"2024-11-21T10:54:30","modified_gmt":"2024-11-21T02:54:30","slug":"flange-bearing-housing-silica-sol-precision-cast-copper-alloy-casting","status":"publish","type":"product","link":"https:\/\/www.thecasting-factory.com\/es\/product\/flange-bearing-housing-silica-sol-precision-cast-copper-alloy-casting\/","title":{"rendered":"Sol de rodamiento de brida Sol Precisi\u00f3n Castizaci\u00f3n de aleaci\u00f3n de cobre fundido"},"content":{"rendered":"<h3><strong>DESCRIPCI\u00d3N DEL PRODUCTO<\/strong><\/h3>\n<p>Esta es una parte utilizada en los autos tradicionales de motor de combustible, bombas de aceite, su nombre se llama asiento de rodamiento de brida; Requisitos t\u00e9cnicos de piezas:<br \/>\n1. Propiedades mec\u00e1nicas GB\/T 1176, varilla de prueba de fundici\u00f3n \u00fanica, resistencia a la tracci\u00f3n \u2265220MPa, resistencia a la flexi\u00f3n \u2265130MPa, alargamiento \u22653%, dureza de Brinell \u226580HBW;<br \/>\n2. La tolerancia a la fundici\u00f3n ser\u00e1 GB\/T 6414-DCTG6-GCTG7, la rugosidad de la superficie externa RA 6.3, la convexa residual del corredor y la tapa deber\u00e1 estar dentro del rango de tolerancia en blanco, los pozos no afectar\u00e1n la evaluaci\u00f3n de tama\u00f1o de la m\u00e1quina, y no habr\u00e1 defectos de fundici\u00f3n que afecten la funci\u00f3n de uso.<br \/>\n3. Requisitos de potencia bajo: la superficie de la fundici\u00f3n no puede tener grietas, poros, cristales de plumas; \uf0b7 No se permiten inclusiones de superficie menores, no se permiten grandes inclusiones de superficie superiores a 0,5 mm\u00b2; \uf0b7 Tama\u00f1o de granos y porosidad \u22643 grado;<br \/>\n4. Despu\u00e9s de que se agrega la m\u00e1quina del orificio de referencia (despu\u00e9s de cortar alrededor de IMM), no se permiten agujeros sueltos m\u00e1s grandes que IMM '.<br \/>\n5, las sustancias utilizadas cumplen con los requisitos de las regulaciones GB\/T 30512 y CE ROHS2.0.<\/p>\n<h3><strong>Antecedentes de desarrollo<\/strong><\/h3>\n<p>1. Esta es un nuevo cliente y la primera vez que hemos desarrollado tales piezas<br \/>\n2. Despu\u00e9s de la investigaci\u00f3n de antecedentes de ambas partes, firmamos el \"Acuerdo de desarrollo de moho\", el \"Acuerdo de producci\u00f3n de ensayos de nuevos productos\" y el \"Acuerdo de integridad de los proveedores\" antes del desarrollo.<br \/>\n3. El ciclo de desarrollo de este producto es corto, el primer tiempo de entrega de muestras es de 40 d\u00edas, el procesamiento del producto es dif\u00edcil, la tolerancia al agujero de montaje es de \u00b1 0.012 mm, desde el comienzo de recibir el aviso de desarrollo, fuimos dirigidos por el departamento de proyectos y participados personalmente por el jefe. Despu\u00e9s de varias rondas de evaluaci\u00f3n de reuniones y verificaci\u00f3n en el sitio, invertimos nuevos equipos de procesamiento y finalmente completamos los requisitos del cliente al enviar muestras por segunda vez.<br \/>\nNuestra compa\u00f1\u00eda tiene un equipo de desarrollo t\u00e9cnico s\u00f3lido, con la capacidad de desarrollar piezas OEM en el campo del casting de precisi\u00f3n, y proporcionar servicios integrados desde en blanco hasta mecanizado; Excelencia, proporcionar a los clientes productos y servicios eficientes y de calidad ha sido nuestra filosof\u00eda.<\/p>","protected":false},"excerpt":{"rendered":"<p>Este es un componente utilizado en bombas de aceite;<\/p>\n<p><strong>Especificaciones de la parte Longitud x ancho x altura<\/strong> :\u03c6128 mmx38.5 mm, peso: 1.42kg;<\/p>\n<p><strong>Material<\/strong> \uff1a ZCUSN10P1<\/p>","protected":false},"featured_media":18,"template":"","meta":[],"product_cat":[16],"product_tag":[26,21,19,24,22,25,23,20],"class_list":{"0":"post-17","1":"product","2":"type-product","3":"status-publish","4":"has-post-thumbnail","6":"product_cat-copper-alloy","7":"product_tag-copper-alloy-casting-foundry","8":"product_tag-copper-alloy-flange-bearing-housing","9":"product_tag-flange-bearing-housing-copper-alloy-casting","10":"product_tag-flange-bearing-housing-manufacturer","11":"product_tag-precision-cast-copper-bearing-housing","12":"product_tag-precision-casting-supplier","13":"product_tag-silica-sol-copper-alloy-casting","14":"product_tag-silica-sol-precision-casting","16":"first","17":"instock","18":"shipping-taxable","19":"product-type-simple"},"_links":{"self":[{"href":"https:\/\/www.thecasting-factory.com\/es\/wp-json\/wp\/v2\/product\/17","targetHints":{"allow":["GET"]}}],"collection":[{"href":"https:\/\/www.thecasting-factory.com\/es\/wp-json\/wp\/v2\/product"}],"about":[{"href":"https:\/\/www.thecasting-factory.com\/es\/wp-json\/wp\/v2\/types\/product"}],"version-history":[{"count":0,"href":"https:\/\/www.thecasting-factory.com\/es\/wp-json\/wp\/v2\/product\/17\/revisions"}],"wp:featuredmedia":[{"embeddable":true,"href":"https:\/\/www.thecasting-factory.com\/es\/wp-json\/wp\/v2\/media\/18"}],"wp:attachment":[{"href":"https:\/\/www.thecasting-factory.com\/es\/wp-json\/wp\/v2\/media?parent=17"}],"wp:term":[{"taxonomy":"product_cat","embeddable":true,"href":"https:\/\/www.thecasting-factory.com\/es\/wp-json\/wp\/v2\/product_cat?post=17"},{"taxonomy":"product_tag","embeddable":true,"href":"https:\/\/www.thecasting-factory.com\/es\/wp-json\/wp\/v2\/product_tag?post=17"}],"curies":[{"name":"wp","href":"https:\/\/api.w.org\/{rel}","templated":true}]}}