{"id":88,"date":"2024-11-21T13:41:54","date_gmt":"2024-11-21T05:41:54","guid":{"rendered":"https:\/\/pingheng.globaldeepsea.site\/?post_type=product&#038;p=88"},"modified":"2024-11-21T13:43:26","modified_gmt":"2024-11-21T05:43:26","slug":"stainless-steel-chamber-body-produced-by-precision-casting","status":"publish","type":"product","link":"https:\/\/www.thecasting-factory.com\/de\/product\/stainless-steel-chamber-body-produced-by-precision-casting\/","title":{"rendered":"Edelstahlkammerk\u00f6rper durch Pr\u00e4zisionsguss erzeugt"},"content":{"rendered":"<h3><strong>Produktbeschreibung<\/strong><\/h3>\n<p>Dies ist ein Teil, der im K\u00fchler des Automobilabgase-Systems verwendet wird.<\/p>\n<p>Es besteht aus material aus rostfreiem Stahl 304, das die Vorteile von Hochtemperaturwiderstand, Korrosionswiderstand usw. hat. Es wird im Bereich der Pr\u00e4zisionsgussteile f\u00fcr Automobile, Lebensmittelmaschinen, Ventilk\u00f6rper, Pumpen und andere Pr\u00e4zisionsgussteile weit verbreitet.<\/p>\n<h3><strong>Produktmerkmale<\/strong><\/h3>\n<p>1. Thines wandte, komplexe Struktur, leicht zu einer Verformung im Gussprozess zu erzeugen<br \/>\n2. Produkte mit Versiegelungsanforderungen f\u00fcr Gussfehler bei der Kontrolle h\u00f6herer Anforderungen<br \/>\n3. Die Verarbeitungsoberfl\u00e4che (externe Versiegelungsfl\u00e4che, Montagel\u00f6cher, K\u00fchlerschwei\u00dfoberfl\u00e4che) zwischen dem Vorhandensein hoher Positionsanforderungen und zur Entwicklung hoher Anforderungen f\u00fcr die Entwicklung von Verarbeitungswerkzeugen<br \/>\nIm fr\u00fchen Entwicklungsprozess von Zeit zu Zeit ist die Verarbeitungsgr\u00f6\u00dfe nicht zul\u00e4ssig, die Position der Exzentrizit\u00e4t ist schwerwiegend. Wir sind durch die Erh\u00f6hung der leeren Gestaltung, der Hilfspflicht, der Verarbeitung und Anpassung der Werkzeuge und letztendlich im Zeitplan, um die Entwicklung der Anforderungen des Kunden anhand jedes Entwicklungsknotens zu vervollst\u00e4ndigen.<br \/>\nDas Produkt wurde Mitte 2020 entwickelt, und die Massenproduktion wurde 2021 realisiert und befindet sich nun in einem stabilen Versorgungszustand mit einer j\u00e4hrlichen Versorgung von 100.000 Teilen.<br \/>\nUnser Unternehmen verf\u00fcgt \u00fcber ein starkes technisches Entwicklungsteam mit der M\u00f6glichkeit, eine Vielzahl von geformten Teilen im Bereich des Pr\u00e4zisions -Castings zu entwickeln und integrierte Dienste von Casting bis zu Bearbeitung zu erbringen. Exzellenz, Kunden effiziente, qualitativ hochwertige Produkte und Dienstleistungen zu bieten, war schon immer unsere Einhaltung des Konzepts.<\/p>\n<h3><strong>Produktanzeigen<\/strong><\/h3>\n<p><img fetchpriority=\"high\" decoding=\"async\" class=\"alignnone wp-image-90\" src=\"https:\/\/pingheng.globaldeepsea.site\/wp-content\/uploads\/2024\/11\/Stainless-steel-chamber-body-produced-by-precision-casting1-300x225.webp\" alt=\"\" width=\"300\" height=\"225\" srcset=\"https:\/\/www.thecasting-factory.com\/wp-content\/uploads\/2024\/11\/Stainless-steel-chamber-body-produced-by-precision-casting1-300x225.webp 300w, https:\/\/www.thecasting-factory.com\/wp-content\/uploads\/2024\/11\/Stainless-steel-chamber-body-produced-by-precision-casting1.webp 600w\" sizes=\"(max-width: 300px) 100vw, 300px\" \/>\u00a0<img decoding=\"async\" class=\"alignnone size-medium wp-image-91\" src=\"https:\/\/pingheng.globaldeepsea.site\/wp-content\/uploads\/2024\/11\/Stainless-steel-chamber-body-produced-by-precision-casting2-300x225.webp\" alt=\"\" width=\"300\" height=\"225\" srcset=\"https:\/\/www.thecasting-factory.com\/wp-content\/uploads\/2024\/11\/Stainless-steel-chamber-body-produced-by-precision-casting2-300x225.webp 300w, https:\/\/www.thecasting-factory.com\/wp-content\/uploads\/2024\/11\/Stainless-steel-chamber-body-produced-by-precision-casting2-1024x768.webp 1024w, https:\/\/www.thecasting-factory.com\/wp-content\/uploads\/2024\/11\/Stainless-steel-chamber-body-produced-by-precision-casting2-768x576.webp 768w, https:\/\/www.thecasting-factory.com\/wp-content\/uploads\/2024\/11\/Stainless-steel-chamber-body-produced-by-precision-casting2-1536x1152.webp 1536w, https:\/\/www.thecasting-factory.com\/wp-content\/uploads\/2024\/11\/Stainless-steel-chamber-body-produced-by-precision-casting2-600x450.webp 600w, https:\/\/www.thecasting-factory.com\/wp-content\/uploads\/2024\/11\/Stainless-steel-chamber-body-produced-by-precision-casting2.webp 1706w\" sizes=\"(max-width: 300px) 100vw, 300px\" \/><img decoding=\"async\" class=\"alignnone size-medium wp-image-92\" src=\"https:\/\/pingheng.globaldeepsea.site\/wp-content\/uploads\/2024\/11\/Stainless-steel-chamber-body-produced-by-precision-casting3-300x225.webp\" alt=\"\" width=\"300\" height=\"225\" srcset=\"https:\/\/www.thecasting-factory.com\/wp-content\/uploads\/2024\/11\/Stainless-steel-chamber-body-produced-by-precision-casting3-300x225.webp 300w, https:\/\/www.thecasting-factory.com\/wp-content\/uploads\/2024\/11\/Stainless-steel-chamber-body-produced-by-precision-casting3-1024x768.webp 1024w, https:\/\/www.thecasting-factory.com\/wp-content\/uploads\/2024\/11\/Stainless-steel-chamber-body-produced-by-precision-casting3-768x576.webp 768w, https:\/\/www.thecasting-factory.com\/wp-content\/uploads\/2024\/11\/Stainless-steel-chamber-body-produced-by-precision-casting3-1536x1152.webp 1536w, https:\/\/www.thecasting-factory.com\/wp-content\/uploads\/2024\/11\/Stainless-steel-chamber-body-produced-by-precision-casting3-600x450.webp 600w, https:\/\/www.thecasting-factory.com\/wp-content\/uploads\/2024\/11\/Stainless-steel-chamber-body-produced-by-precision-casting3.webp 1706w\" sizes=\"(max-width: 300px) 100vw, 300px\" \/><img loading=\"lazy\" decoding=\"async\" class=\"alignnone size-medium wp-image-93\" src=\"https:\/\/pingheng.globaldeepsea.site\/wp-content\/uploads\/2024\/11\/Stainless-steel-chamber-body-produced-by-precision-casting4-300x225.webp\" alt=\"\" width=\"300\" height=\"225\" srcset=\"https:\/\/www.thecasting-factory.com\/wp-content\/uploads\/2024\/11\/Stainless-steel-chamber-body-produced-by-precision-casting4-300x225.webp 300w, https:\/\/www.thecasting-factory.com\/wp-content\/uploads\/2024\/11\/Stainless-steel-chamber-body-produced-by-precision-casting4-1024x768.webp 1024w, https:\/\/www.thecasting-factory.com\/wp-content\/uploads\/2024\/11\/Stainless-steel-chamber-body-produced-by-precision-casting4-768x576.webp 768w, https:\/\/www.thecasting-factory.com\/wp-content\/uploads\/2024\/11\/Stainless-steel-chamber-body-produced-by-precision-casting4-1536x1152.webp 1536w, https:\/\/www.thecasting-factory.com\/wp-content\/uploads\/2024\/11\/Stainless-steel-chamber-body-produced-by-precision-casting4-600x450.webp 600w, https:\/\/www.thecasting-factory.com\/wp-content\/uploads\/2024\/11\/Stainless-steel-chamber-body-produced-by-precision-casting4.webp 1706w\" sizes=\"(max-width: 300px) 100vw, 300px\" \/><\/p>","protected":false},"excerpt":{"rendered":"<p>Dies ist ein Teil, der im Auto -Abgasbehandlungssystem f\u00fcr Automobile, EGR -K\u00fchler, verwendet wird.<\/p>\n<p><strong>Die Spezifikation des Teils lautet LXWXH:<\/strong>132 mmx55mmx85mm, Wandst\u00e4rke: 2,5 mm, Gewicht: 351 g.<\/p>\n<p><strong>Material:<\/strong>Edelstahl 304.<\/p>\n<p><strong>Produkttestanforderungen:<\/strong> Luftdichtheitstest, 500KPa Druckluft, Haltedruck f\u00fcr 1 min, ohne Leckage.<\/p>","protected":false},"featured_media":89,"template":"","meta":[],"product_cat":[17],"product_tag":[48,58,46,28,27,55,59,60],"class_list":{"0":"post-88","1":"product","2":"type-product","3":"status-publish","4":"has-post-thumbnail","6":"product_cat-stainless-steel","7":"product_tag-304-stainless-steel-precision-castings","8":"product_tag-customized-stainless-steel-precision-castings","9":"product_tag-egr-stainless-steel-castings","10":"product_tag-investment-casting","11":"product_tag-precision-casting","12":"product_tag-precision-casting-factory","13":"product_tag-stainless-steel-casting-blanks","14":"product_tag-stainless-steel-casting-with-machined-finished-product","16":"first","17":"instock","18":"shipping-taxable","19":"product-type-simple"},"_links":{"self":[{"href":"https:\/\/www.thecasting-factory.com\/de\/wp-json\/wp\/v2\/product\/88","targetHints":{"allow":["GET"]}}],"collection":[{"href":"https:\/\/www.thecasting-factory.com\/de\/wp-json\/wp\/v2\/product"}],"about":[{"href":"https:\/\/www.thecasting-factory.com\/de\/wp-json\/wp\/v2\/types\/product"}],"version-history":[{"count":1,"href":"https:\/\/www.thecasting-factory.com\/de\/wp-json\/wp\/v2\/product\/88\/revisions"}],"predecessor-version":[{"id":94,"href":"https:\/\/www.thecasting-factory.com\/de\/wp-json\/wp\/v2\/product\/88\/revisions\/94"}],"wp:featuredmedia":[{"embeddable":true,"href":"https:\/\/www.thecasting-factory.com\/de\/wp-json\/wp\/v2\/media\/89"}],"wp:attachment":[{"href":"https:\/\/www.thecasting-factory.com\/de\/wp-json\/wp\/v2\/media?parent=88"}],"wp:term":[{"taxonomy":"product_cat","embeddable":true,"href":"https:\/\/www.thecasting-factory.com\/de\/wp-json\/wp\/v2\/product_cat?post=88"},{"taxonomy":"product_tag","embeddable":true,"href":"https:\/\/www.thecasting-factory.com\/de\/wp-json\/wp\/v2\/product_tag?post=88"}],"curies":[{"name":"wp","href":"https:\/\/api.w.org\/{rel}","templated":true}]}}