{"id":83,"date":"2024-11-21T13:35:53","date_gmt":"2024-11-21T05:35:53","guid":{"rendered":"https:\/\/pingheng.globaldeepsea.site\/?post_type=product&#038;p=83"},"modified":"2024-11-21T13:35:53","modified_gmt":"2024-11-21T05:35:53","slug":"egr-outlet-chamber-stainless-steel-precision-castings","status":"publish","type":"product","link":"https:\/\/www.thecasting-factory.com\/de\/product\/egr-outlet-chamber-stainless-steel-precision-castings\/","title":{"rendered":"EGR -Outlet -Kammer - Pr\u00e4zisionsguss aus Edelstahl"},"content":{"rendered":"<h3><strong>Produktbeschreibung<\/strong><\/h3>\n<p>Dies ist ein Teil, der in den bekannten Automobilunternehmen Chinas, Automobile Auspuff System-EGR-K\u00fchler in den Teilen verwendet wird, der Name wird als Outlet Chamber bezeichnet.<br \/>\nDas Material, das verwendet wird, ist Edelstahl 304, das Vorteile wie Hochtemperaturwiderstand und Korrosionsbest\u00e4ndigkeit aufweist. Es findet eine umfassende Anwendung in der Pr\u00e4zisionsgussindustrie f\u00fcr Ventilk\u00f6rper, Pumpen, Lebensmittelmaschinen, Autos und andere Pr\u00e4zisionsgusskomponenten.<\/p>\n<h3><strong>Produktmerkmale<\/strong><\/h3>\n<p>1. D\u00fcnnwandige, komplizierte Konstruktion, die w\u00e4hrend des Gie\u00dfens f\u00fcr Verzerrungen anf\u00e4llig ist<br \/>\n2. Waren, die versiegelt werden m\u00fcssen, um zu verhindern<br \/>\n3. Die Verarbeitungsoberfl\u00e4che (externe Versiegelungsoberfl\u00e4che, Montagel\u00f6cher, K\u00fchlerschwei\u00dfoberfl\u00e4che) zwischen dem Vorhandensein hoher Positionsanforderungen und der Entwicklung hoher Anforderungen f\u00fcr die Entwicklung der Verarbeitungsger\u00e4te<br \/>\nDa die Produktmauer d\u00fcnn und lang ist, was dazu f\u00fchrt, dass die Leerungsdeformation herausgegriffen wird, was wiederum die Verarbeitung der Qualifikationsrate beeinflusst, was zur Entwicklung der fr\u00fchen Stufe von au\u00dfergew\u00f6hnlich schwierig f\u00fchrt, haben wir durch die Bem\u00fchungen unseres Teams schlie\u00dflich diese Schwierigkeiten \u00fcberlegt, um die Entwicklung der Kundenanforderungen des Knotens zu vervollst\u00e4ndigen.<br \/>\nDas Produkt wurde im Jahr 2022 entwickelt, und die Massenproduktion wurde Ende 2023 realisiert und befindet sich derzeit in einem stabilen Versorgungszustand mit einem j\u00e4hrlichen Angebot von 150.000 Teilen.<br \/>\nUnser Unternehmen verf\u00fcgt \u00fcber ein starkes technisches Entwicklungsteam mit der F\u00e4higkeit, eine Vielzahl von geformten Teilen im Bereich des Pr\u00e4zisions-Casting zu entwickeln und sich nach Spitzenleistungen zu bem\u00fchen, Kunden effiziente, qualitativ hochwertige Produkte und Dienstleistungen zu bieten, war unsere Einhaltung des Konzepts.<\/p>\n<h3><strong>Produktverdr\u00e4ngungen<\/strong><\/h3>\n<p><img fetchpriority=\"high\" decoding=\"async\" class=\"alignnone wp-image-84\" src=\"https:\/\/pingheng.globaldeepsea.site\/wp-content\/uploads\/2024\/11\/EGR-outlet-chamber-Stainless-steel-precision-castings-300x300.webp\" alt=\"\" width=\"225\" height=\"225\" srcset=\"https:\/\/www.thecasting-factory.com\/wp-content\/uploads\/2024\/11\/EGR-outlet-chamber-Stainless-steel-precision-castings-300x300.webp 300w, https:\/\/www.thecasting-factory.com\/wp-content\/uploads\/2024\/11\/EGR-outlet-chamber-Stainless-steel-precision-castings-150x150.webp 150w, https:\/\/www.thecasting-factory.com\/wp-content\/uploads\/2024\/11\/EGR-outlet-chamber-Stainless-steel-precision-castings-768x768.webp 768w, https:\/\/www.thecasting-factory.com\/wp-content\/uploads\/2024\/11\/EGR-outlet-chamber-Stainless-steel-precision-castings-600x600.webp 600w, https:\/\/www.thecasting-factory.com\/wp-content\/uploads\/2024\/11\/EGR-outlet-chamber-Stainless-steel-precision-castings-100x100.webp 100w, https:\/\/www.thecasting-factory.com\/wp-content\/uploads\/2024\/11\/EGR-outlet-chamber-Stainless-steel-precision-castings.webp 1000w\" sizes=\"(max-width: 225px) 100vw, 225px\" \/><img decoding=\"async\" class=\"alignnone wp-image-85\" src=\"https:\/\/pingheng.globaldeepsea.site\/wp-content\/uploads\/2024\/11\/EGR-outlet-chamber-Stainless-steel-precision-castings1-300x300.webp\" alt=\"\" width=\"225\" height=\"225\" srcset=\"https:\/\/www.thecasting-factory.com\/wp-content\/uploads\/2024\/11\/EGR-outlet-chamber-Stainless-steel-precision-castings1-300x300.webp 300w, https:\/\/www.thecasting-factory.com\/wp-content\/uploads\/2024\/11\/EGR-outlet-chamber-Stainless-steel-precision-castings1-150x150.webp 150w, https:\/\/www.thecasting-factory.com\/wp-content\/uploads\/2024\/11\/EGR-outlet-chamber-Stainless-steel-precision-castings1-100x100.webp 100w, https:\/\/www.thecasting-factory.com\/wp-content\/uploads\/2024\/11\/EGR-outlet-chamber-Stainless-steel-precision-castings1.webp 600w\" sizes=\"(max-width: 225px) 100vw, 225px\" \/><img decoding=\"async\" class=\"alignnone wp-image-86\" src=\"https:\/\/pingheng.globaldeepsea.site\/wp-content\/uploads\/2024\/11\/EGR-outlet-chamber-Stainless-steel-precision-castings2-300x300.webp\" alt=\"\" width=\"225\" height=\"225\" srcset=\"https:\/\/www.thecasting-factory.com\/wp-content\/uploads\/2024\/11\/EGR-outlet-chamber-Stainless-steel-precision-castings2-300x300.webp 300w, https:\/\/www.thecasting-factory.com\/wp-content\/uploads\/2024\/11\/EGR-outlet-chamber-Stainless-steel-precision-castings2-150x150.webp 150w, https:\/\/www.thecasting-factory.com\/wp-content\/uploads\/2024\/11\/EGR-outlet-chamber-Stainless-steel-precision-castings2-100x100.webp 100w, https:\/\/www.thecasting-factory.com\/wp-content\/uploads\/2024\/11\/EGR-outlet-chamber-Stainless-steel-precision-castings2.webp 600w\" sizes=\"(max-width: 225px) 100vw, 225px\" \/><img loading=\"lazy\" decoding=\"async\" class=\"alignnone wp-image-87\" src=\"https:\/\/pingheng.globaldeepsea.site\/wp-content\/uploads\/2024\/11\/EGR-outlet-chamber-Stainless-steel-precision-castings3-300x300.webp\" alt=\"\" width=\"200\" height=\"200\" srcset=\"https:\/\/www.thecasting-factory.com\/wp-content\/uploads\/2024\/11\/EGR-outlet-chamber-Stainless-steel-precision-castings3-300x300.webp 300w, https:\/\/www.thecasting-factory.com\/wp-content\/uploads\/2024\/11\/EGR-outlet-chamber-Stainless-steel-precision-castings3-150x150.webp 150w, https:\/\/www.thecasting-factory.com\/wp-content\/uploads\/2024\/11\/EGR-outlet-chamber-Stainless-steel-precision-castings3-100x100.webp 100w, https:\/\/www.thecasting-factory.com\/wp-content\/uploads\/2024\/11\/EGR-outlet-chamber-Stainless-steel-precision-castings3.webp 600w\" sizes=\"(max-width: 200px) 100vw, 200px\" \/><\/p>","protected":false},"excerpt":{"rendered":"<p>Dies ist ein Teil, der im Auto -Abgasbehandlungssystem f\u00fcr Automobile, EGR -K\u00fchler, verwendet wird.<\/p>\n<p><strong>Die Spezifikation des Teils lautet LXWXH:<\/strong>58 mmx34mmx120 mm, Wandst\u00e4rke: 2,5 mm, Gewicht :: 452g.<\/p>\n<p><strong>Material:<\/strong>Edelstahl 304.<\/p>\n<p><strong>Produkttestanforderungen:<\/strong> Luftdichtheitstest, 500KPa Druckluft, Haltedruck f\u00fcr 1 min, ohne Leckage.<\/p>","protected":false},"featured_media":84,"template":"","meta":[],"product_cat":[17],"product_tag":[48,58,46,28,27,55,59,60],"class_list":{"0":"post-83","1":"product","2":"type-product","3":"status-publish","4":"has-post-thumbnail","6":"product_cat-stainless-steel","7":"product_tag-304-stainless-steel-precision-castings","8":"product_tag-customized-stainless-steel-precision-castings","9":"product_tag-egr-stainless-steel-castings","10":"product_tag-investment-casting","11":"product_tag-precision-casting","12":"product_tag-precision-casting-factory","13":"product_tag-stainless-steel-casting-blanks","14":"product_tag-stainless-steel-casting-with-machined-finished-product","16":"first","17":"instock","18":"shipping-taxable","19":"product-type-simple"},"_links":{"self":[{"href":"https:\/\/www.thecasting-factory.com\/de\/wp-json\/wp\/v2\/product\/83","targetHints":{"allow":["GET"]}}],"collection":[{"href":"https:\/\/www.thecasting-factory.com\/de\/wp-json\/wp\/v2\/product"}],"about":[{"href":"https:\/\/www.thecasting-factory.com\/de\/wp-json\/wp\/v2\/types\/product"}],"version-history":[{"count":0,"href":"https:\/\/www.thecasting-factory.com\/de\/wp-json\/wp\/v2\/product\/83\/revisions"}],"wp:featuredmedia":[{"embeddable":true,"href":"https:\/\/www.thecasting-factory.com\/de\/wp-json\/wp\/v2\/media\/84"}],"wp:attachment":[{"href":"https:\/\/www.thecasting-factory.com\/de\/wp-json\/wp\/v2\/media?parent=83"}],"wp:term":[{"taxonomy":"product_cat","embeddable":true,"href":"https:\/\/www.thecasting-factory.com\/de\/wp-json\/wp\/v2\/product_cat?post=83"},{"taxonomy":"product_tag","embeddable":true,"href":"https:\/\/www.thecasting-factory.com\/de\/wp-json\/wp\/v2\/product_tag?post=83"}],"curies":[{"name":"wp","href":"https:\/\/api.w.org\/{rel}","templated":true}]}}