{"id":77,"date":"2024-11-21T13:29:56","date_gmt":"2024-11-21T05:29:56","guid":{"rendered":"https:\/\/pingheng.globaldeepsea.site\/?post_type=product&#038;p=77"},"modified":"2024-11-21T13:29:56","modified_gmt":"2024-11-21T05:29:56","slug":"egr-intake-chamber-stainless-steel-precision-castings","status":"publish","type":"product","link":"https:\/\/www.thecasting-factory.com\/de\/product\/egr-intake-chamber-stainless-steel-precision-castings\/","title":{"rendered":"EGR -Einlasskammer - Pr\u00e4zisionsguss aus rostfreiem Stahl"},"content":{"rendered":"<h3><strong>Produktbeschreibung<\/strong><\/h3>\n<p>Dies ist ein Teil, der im K\u00fchler des Automobilabgase-Systems verwendet wird. Der Name ist die Einlasskammer.<br \/>\nEs besteht aus material aus rostfreiem Stahl 304, das die Vorteile von Hochtemperaturwiderstand, Korrosionswiderstand usw. hat. Es wird im Bereich der Pr\u00e4zisionsguss -Teile f\u00fcr Automobile, Lebensmittelmaschinen, Ventilk\u00f6rper, Pumpen usw. h\u00e4ufig verwendet.<\/p>\n<h3><strong>Produktmerkmale<\/strong><\/h3>\n<p>1. Thines wandte, komplexe Struktur, leicht zu einer Verformung im Gussprozess zu erzeugen<br \/>\n2. Das Produkt hat eine Versiegelungsanforderung, da die Kontrollanforderungen f\u00fcr Gie\u00dffehler hoch sind<br \/>\nAbbildung 2 zeigt die Flanschoberfl\u00e4che der Teile, diese Oberfl\u00e4che ist mit der Au\u00dfenlufteinlaug -Dichtungsflanschoberfl\u00e4che verbunden, sodass die Anforderungen an die Flachheit und Rauheit bestehen. Das Gesicht der Kerbe besteht darin, die Installation von St\u00f6rungen durch die Auswahl der Luft zu verhindern.<br \/>\nAbbildung 3 zeigt die Bearbeitung des quadratischen Anschlusses. Die Aufgabe der Verarbeitung besteht darin, die Bed\u00fcrfnisse der Zeichentoleranz von \u00b1 0,05 mm zu erf\u00fcllen, um mit der EGR -Schale -Anpassung zu l\u00f6tieren. Die Gr\u00f6\u00dfe der Konformit\u00e4t bestimmt die Passrate des L\u00f6tens;<br \/>\nAbbildung 4 zeigt die taillenf\u00f6rmigen Befestigungsl\u00f6cher, hier die Rolle des EGR-K\u00fchlers und der K\u00f6rper der Rolle der Verbindung, die taillenf\u00f6rmigen L\u00f6cher haben den Vorteil, den Anpassungsraum w\u00e4hrend der Installation zu verbessern.<br \/>\nDas Produkt wurde Mitte 2020 entwickelt, und die Massenproduktion wurde 2021 realisiert und befindet sich nun in einem stabilen Versorgungszustand mit einer j\u00e4hrlichen Versorgung von 100.000 Teilen.<br \/>\nUnser Unternehmen verf\u00fcgt \u00fcber ein starkes technisches Entwicklungsteam mit der F\u00e4higkeit, eine Vielzahl von geformten Teilen im Bereich des Pr\u00e4zisions-Casting zu entwickeln und sich nach Exzellenz zu bem\u00fchen und Kunden effiziente, qualitativ hochwertige Produkte und Dienstleistungen zu bieten, war schon immer unsere Einhaltung des Konzepts.<\/p>\n<p><img fetchpriority=\"high\" decoding=\"async\" class=\"alignnone wp-image-79\" src=\"https:\/\/pingheng.globaldeepsea.site\/wp-content\/uploads\/2024\/11\/EGR-Intake-Chamber-Stainless-Steel-Precision-Castings1-300x300.webp\" alt=\"\" width=\"225\" height=\"225\" srcset=\"https:\/\/www.thecasting-factory.com\/wp-content\/uploads\/2024\/11\/EGR-Intake-Chamber-Stainless-Steel-Precision-Castings1-300x300.webp 300w, https:\/\/www.thecasting-factory.com\/wp-content\/uploads\/2024\/11\/EGR-Intake-Chamber-Stainless-Steel-Precision-Castings1-150x150.webp 150w, https:\/\/www.thecasting-factory.com\/wp-content\/uploads\/2024\/11\/EGR-Intake-Chamber-Stainless-Steel-Precision-Castings1-100x100.webp 100w, https:\/\/www.thecasting-factory.com\/wp-content\/uploads\/2024\/11\/EGR-Intake-Chamber-Stainless-Steel-Precision-Castings1.webp 600w\" sizes=\"(max-width: 225px) 100vw, 225px\" \/><img decoding=\"async\" class=\"alignnone wp-image-80\" src=\"https:\/\/pingheng.globaldeepsea.site\/wp-content\/uploads\/2024\/11\/EGR-Intake-Chamber-Stainless-Steel-Precision-Castings2-300x300.webp\" alt=\"\" width=\"225\" height=\"225\" srcset=\"https:\/\/www.thecasting-factory.com\/wp-content\/uploads\/2024\/11\/EGR-Intake-Chamber-Stainless-Steel-Precision-Castings2-300x300.webp 300w, https:\/\/www.thecasting-factory.com\/wp-content\/uploads\/2024\/11\/EGR-Intake-Chamber-Stainless-Steel-Precision-Castings2-150x150.webp 150w, https:\/\/www.thecasting-factory.com\/wp-content\/uploads\/2024\/11\/EGR-Intake-Chamber-Stainless-Steel-Precision-Castings2-768x768.webp 768w, https:\/\/www.thecasting-factory.com\/wp-content\/uploads\/2024\/11\/EGR-Intake-Chamber-Stainless-Steel-Precision-Castings2-600x600.webp 600w, https:\/\/www.thecasting-factory.com\/wp-content\/uploads\/2024\/11\/EGR-Intake-Chamber-Stainless-Steel-Precision-Castings2-100x100.webp 100w, https:\/\/www.thecasting-factory.com\/wp-content\/uploads\/2024\/11\/EGR-Intake-Chamber-Stainless-Steel-Precision-Castings2.webp 1000w\" sizes=\"(max-width: 225px) 100vw, 225px\" \/><img decoding=\"async\" class=\"alignnone wp-image-81\" src=\"https:\/\/pingheng.globaldeepsea.site\/wp-content\/uploads\/2024\/11\/EGR-Intake-Chamber-Stainless-Steel-Precision-Castings3-300x300.webp\" alt=\"\" width=\"225\" height=\"225\" srcset=\"https:\/\/www.thecasting-factory.com\/wp-content\/uploads\/2024\/11\/EGR-Intake-Chamber-Stainless-Steel-Precision-Castings3-300x300.webp 300w, https:\/\/www.thecasting-factory.com\/wp-content\/uploads\/2024\/11\/EGR-Intake-Chamber-Stainless-Steel-Precision-Castings3-150x150.webp 150w, https:\/\/www.thecasting-factory.com\/wp-content\/uploads\/2024\/11\/EGR-Intake-Chamber-Stainless-Steel-Precision-Castings3-768x768.webp 768w, https:\/\/www.thecasting-factory.com\/wp-content\/uploads\/2024\/11\/EGR-Intake-Chamber-Stainless-Steel-Precision-Castings3-600x600.webp 600w, https:\/\/www.thecasting-factory.com\/wp-content\/uploads\/2024\/11\/EGR-Intake-Chamber-Stainless-Steel-Precision-Castings3-100x100.webp 100w, https:\/\/www.thecasting-factory.com\/wp-content\/uploads\/2024\/11\/EGR-Intake-Chamber-Stainless-Steel-Precision-Castings3.webp 1000w\" sizes=\"(max-width: 225px) 100vw, 225px\" \/><img loading=\"lazy\" decoding=\"async\" class=\"alignnone wp-image-82\" src=\"https:\/\/pingheng.globaldeepsea.site\/wp-content\/uploads\/2024\/11\/EGR-Intake-Chamber-Stainless-Steel-Precision-Castings4-300x300.webp\" alt=\"\" width=\"200\" height=\"200\" srcset=\"https:\/\/www.thecasting-factory.com\/wp-content\/uploads\/2024\/11\/EGR-Intake-Chamber-Stainless-Steel-Precision-Castings4-300x300.webp 300w, https:\/\/www.thecasting-factory.com\/wp-content\/uploads\/2024\/11\/EGR-Intake-Chamber-Stainless-Steel-Precision-Castings4-150x150.webp 150w, https:\/\/www.thecasting-factory.com\/wp-content\/uploads\/2024\/11\/EGR-Intake-Chamber-Stainless-Steel-Precision-Castings4-768x768.webp 768w, https:\/\/www.thecasting-factory.com\/wp-content\/uploads\/2024\/11\/EGR-Intake-Chamber-Stainless-Steel-Precision-Castings4-600x600.webp 600w, https:\/\/www.thecasting-factory.com\/wp-content\/uploads\/2024\/11\/EGR-Intake-Chamber-Stainless-Steel-Precision-Castings4-100x100.webp 100w, https:\/\/www.thecasting-factory.com\/wp-content\/uploads\/2024\/11\/EGR-Intake-Chamber-Stainless-Steel-Precision-Castings4.webp 1000w\" sizes=\"(max-width: 200px) 100vw, 200px\" \/><\/p>","protected":false},"excerpt":{"rendered":"<p>Dies ist ein Teil, der im Auto -Abgasbehandlungssystem f\u00fcr Automobile, EGR -K\u00fchler, verwendet wird.<\/p>\n<p><strong>Die Spezifikation des Teils lautet LXWXH:<\/strong>80 mmx70 mmx48mm, Wandst\u00e4rke: 2,5 mm, Gewicht :: 296 g.<\/p>\n<p><strong>Material:<\/strong>Edelstahl 304.<\/p>\n<p><strong>Produkttestanforderungen:<\/strong> Luftdichtheitstest, 500KPa Druckluft, Haltedruck f\u00fcr 1 min, ohne Leckage.<\/p>","protected":false},"featured_media":78,"template":"","meta":[],"product_cat":[17],"product_tag":[53,48,58,46,28,27,55,50],"class_list":{"0":"post-77","1":"product","2":"type-product","3":"status-publish","4":"has-post-thumbnail","6":"product_cat-stainless-steel","7":"product_tag-304-stainless-steel-investment-castings","8":"product_tag-304-stainless-steel-precision-castings","9":"product_tag-customized-stainless-steel-precision-castings","10":"product_tag-egr-stainless-steel-castings","11":"product_tag-investment-casting","12":"product_tag-precision-casting","13":"product_tag-precision-casting-factory","14":"product_tag-stainless-steel-castings","16":"first","17":"instock","18":"shipping-taxable","19":"product-type-simple"},"_links":{"self":[{"href":"https:\/\/www.thecasting-factory.com\/de\/wp-json\/wp\/v2\/product\/77","targetHints":{"allow":["GET"]}}],"collection":[{"href":"https:\/\/www.thecasting-factory.com\/de\/wp-json\/wp\/v2\/product"}],"about":[{"href":"https:\/\/www.thecasting-factory.com\/de\/wp-json\/wp\/v2\/types\/product"}],"version-history":[{"count":0,"href":"https:\/\/www.thecasting-factory.com\/de\/wp-json\/wp\/v2\/product\/77\/revisions"}],"wp:featuredmedia":[{"embeddable":true,"href":"https:\/\/www.thecasting-factory.com\/de\/wp-json\/wp\/v2\/media\/78"}],"wp:attachment":[{"href":"https:\/\/www.thecasting-factory.com\/de\/wp-json\/wp\/v2\/media?parent=77"}],"wp:term":[{"taxonomy":"product_cat","embeddable":true,"href":"https:\/\/www.thecasting-factory.com\/de\/wp-json\/wp\/v2\/product_cat?post=77"},{"taxonomy":"product_tag","embeddable":true,"href":"https:\/\/www.thecasting-factory.com\/de\/wp-json\/wp\/v2\/product_tag?post=77"}],"curies":[{"name":"wp","href":"https:\/\/api.w.org\/{rel}","templated":true}]}}