{"id":70,"date":"2024-11-21T13:18:38","date_gmt":"2024-11-21T05:18:38","guid":{"rendered":"https:\/\/pingheng.globaldeepsea.site\/?post_type=product&#038;p=70"},"modified":"2024-11-21T13:19:27","modified_gmt":"2024-11-21T05:19:27","slug":"egr-water-chamber-stainless-steel-precision-castings","status":"publish","type":"product","link":"https:\/\/www.thecasting-factory.com\/de\/product\/egr-water-chamber-stainless-steel-precision-castings\/","title":{"rendered":"EGR Wasserkammer - Pr\u00e4zisionsguss aus Edelstahl"},"content":{"rendered":"<h3><strong>Produktbeschreibung<\/strong><\/h3>\n<p>Dies ist ein Teil, der im K\u00fchler des Automobilabgase-Systems verwendet wird. Der Name ist Wasserkammer.<br \/>\nEs besteht aus material aus rostfreiem Stahl 304, das die Vorteile von Hochtemperaturwiderstand, Korrosionswiderstand usw. hat. Es wird im Bereich der Pr\u00e4zisionsguss -Teile f\u00fcr Automobile, Lebensmittelmaschinen, Ventilk\u00f6rper, Pumpen usw. h\u00e4ufig verwendet.<\/p>\n<h3><strong>Produktmerkmale<\/strong><\/h3>\n<p>1. Thines wandte, komplexe Struktur, leicht zu einer Verformung im Gussprozess zu erzeugen<br \/>\n2.Das Produkt hat eine Versiegelungsanforderungen f\u00fcr Gussfehlern bei der Kontrolle h\u00f6herer Anforderungen<br \/>\nAbbildung 2 Position f\u00fcr die Position des externen Wasserrohrs die Verwendung von O-Ring-Radialsiegel, so<br \/>\nAbbildung 3 Position f\u00fcr die Schwei\u00dfoberfl\u00e4che und das EGR -Schwei\u00dfschwei\u00dfen, um sicherzustellen, dass die L\u00f6ckel -Pass -Rate f\u00fcr die Verarbeitung der Flachheit bestimmte Anforderungen hat;<br \/>\nAbbildung 4 Position f\u00fcr das externe kleine Wasserrohr aufgrund der Verwendung von versiegelten Versiegeln zwischen den Teilen sind die Genauigkeitsanforderungen h\u00f6her.<br \/>\nDiese Art von Struktur erscheint einfach, aber im Entwicklungsprozess ist unser Unternehmen in der Kundenkommunikation, um die Zustimmung des Kunden zu erhalten, das Erscheinungsbild des Produkts zu optimieren und mit dem Beginn der Massenproduktion im Jahr 2018 zu optimieren und bisher etwa 50.000 Teile pro Jahr zu versorgen.<br \/>\nUnser Unternehmen verf\u00fcgt \u00fcber ein starkes technisches Entwicklungsteam mit der F\u00e4higkeit, eine Vielzahl von geformten Teilen im Bereich des Pr\u00e4zisions-Casting zu entwickeln und integrierte Dienstleistungen von Casting \u00fcber die Bearbeitung und das Streben nach Exzellenz zu erbringen, um Kunden effiziente, qualitativ hochwertige Produkte und Dienstleistungen zu bieten, war schon immer unsere Einhaltung des Konzepts.<\/p>\n<p><img fetchpriority=\"high\" decoding=\"async\" class=\"alignnone wp-image-71\" src=\"https:\/\/pingheng.globaldeepsea.site\/wp-content\/uploads\/2024\/11\/EGR-Water-Chamber-Stainless-Steel-Precision-Castings-300x300.webp\" alt=\"\" width=\"225\" height=\"225\" srcset=\"https:\/\/www.thecasting-factory.com\/wp-content\/uploads\/2024\/11\/EGR-Water-Chamber-Stainless-Steel-Precision-Castings-300x300.webp 300w, https:\/\/www.thecasting-factory.com\/wp-content\/uploads\/2024\/11\/EGR-Water-Chamber-Stainless-Steel-Precision-Castings-150x150.webp 150w, https:\/\/www.thecasting-factory.com\/wp-content\/uploads\/2024\/11\/EGR-Water-Chamber-Stainless-Steel-Precision-Castings-768x768.webp 768w, https:\/\/www.thecasting-factory.com\/wp-content\/uploads\/2024\/11\/EGR-Water-Chamber-Stainless-Steel-Precision-Castings-600x600.webp 600w, https:\/\/www.thecasting-factory.com\/wp-content\/uploads\/2024\/11\/EGR-Water-Chamber-Stainless-Steel-Precision-Castings-100x100.webp 100w, https:\/\/www.thecasting-factory.com\/wp-content\/uploads\/2024\/11\/EGR-Water-Chamber-Stainless-Steel-Precision-Castings.webp 1000w\" sizes=\"(max-width: 225px) 100vw, 225px\" \/><img decoding=\"async\" class=\"alignnone wp-image-72\" src=\"https:\/\/pingheng.globaldeepsea.site\/wp-content\/uploads\/2024\/11\/Stainless-Steel-Precision-Castings-300x300.webp\" alt=\"\" width=\"225\" height=\"225\" srcset=\"https:\/\/www.thecasting-factory.com\/wp-content\/uploads\/2024\/11\/Stainless-Steel-Precision-Castings-300x300.webp 300w, https:\/\/www.thecasting-factory.com\/wp-content\/uploads\/2024\/11\/Stainless-Steel-Precision-Castings-150x150.webp 150w, https:\/\/www.thecasting-factory.com\/wp-content\/uploads\/2024\/11\/Stainless-Steel-Precision-Castings-768x768.webp 768w, https:\/\/www.thecasting-factory.com\/wp-content\/uploads\/2024\/11\/Stainless-Steel-Precision-Castings-600x600.webp 600w, https:\/\/www.thecasting-factory.com\/wp-content\/uploads\/2024\/11\/Stainless-Steel-Precision-Castings-100x100.webp 100w, https:\/\/www.thecasting-factory.com\/wp-content\/uploads\/2024\/11\/Stainless-Steel-Precision-Castings.webp 1000w\" sizes=\"(max-width: 225px) 100vw, 225px\" \/><img decoding=\"async\" class=\"alignnone wp-image-73\" src=\"https:\/\/pingheng.globaldeepsea.site\/wp-content\/uploads\/2024\/11\/Water-Chamber-Stainless-Steel-Precision-Castings-300x300.webp\" alt=\"\" width=\"225\" height=\"225\" srcset=\"https:\/\/www.thecasting-factory.com\/wp-content\/uploads\/2024\/11\/Water-Chamber-Stainless-Steel-Precision-Castings-300x300.webp 300w, https:\/\/www.thecasting-factory.com\/wp-content\/uploads\/2024\/11\/Water-Chamber-Stainless-Steel-Precision-Castings-150x150.webp 150w, https:\/\/www.thecasting-factory.com\/wp-content\/uploads\/2024\/11\/Water-Chamber-Stainless-Steel-Precision-Castings-768x768.webp 768w, https:\/\/www.thecasting-factory.com\/wp-content\/uploads\/2024\/11\/Water-Chamber-Stainless-Steel-Precision-Castings-600x600.webp 600w, https:\/\/www.thecasting-factory.com\/wp-content\/uploads\/2024\/11\/Water-Chamber-Stainless-Steel-Precision-Castings-100x100.webp 100w, https:\/\/www.thecasting-factory.com\/wp-content\/uploads\/2024\/11\/Water-Chamber-Stainless-Steel-Precision-Castings.webp 1000w\" sizes=\"(max-width: 225px) 100vw, 225px\" \/><img loading=\"lazy\" decoding=\"async\" class=\"alignnone wp-image-74\" src=\"https:\/\/pingheng.globaldeepsea.site\/wp-content\/uploads\/2024\/11\/PRECISION-300x300.webp\" alt=\"\" width=\"225\" height=\"225\" srcset=\"https:\/\/www.thecasting-factory.com\/wp-content\/uploads\/2024\/11\/PRECISION-300x300.webp 300w, https:\/\/www.thecasting-factory.com\/wp-content\/uploads\/2024\/11\/PRECISION-150x150.webp 150w, https:\/\/www.thecasting-factory.com\/wp-content\/uploads\/2024\/11\/PRECISION-768x768.webp 768w, https:\/\/www.thecasting-factory.com\/wp-content\/uploads\/2024\/11\/PRECISION-600x600.webp 600w, https:\/\/www.thecasting-factory.com\/wp-content\/uploads\/2024\/11\/PRECISION-100x100.webp 100w, https:\/\/www.thecasting-factory.com\/wp-content\/uploads\/2024\/11\/PRECISION.webp 1000w\" sizes=\"(max-width: 225px) 100vw, 225px\" \/><\/p>","protected":false},"excerpt":{"rendered":"<p>Dies ist ein Teil, der im Auto -Abgasbehandlungssystem f\u00fcr Automobile, EGR -K\u00fchler, verwendet wird.<\/p>\n<p><strong>Die Spezifikation des Teils lautet LXWXH:<\/strong>62 mmx46mmx37mm, Wandst\u00e4rke: 2,5 mm, Gewicht: 113 g.<\/p>\n<p><strong>Material:<\/strong>Edelstahl 304.<\/p>\n<p><strong>Produkttestanforderungen:<\/strong> Luftdichtungstest, 500 kPa Druckluft, 1 min, ohne Leckage.<\/p>","protected":false},"featured_media":71,"template":"","meta":[],"product_cat":[17],"product_tag":[53,48,46,28,27,55,50],"class_list":{"0":"post-70","1":"product","2":"type-product","3":"status-publish","4":"has-post-thumbnail","6":"product_cat-stainless-steel","7":"product_tag-304-stainless-steel-investment-castings","8":"product_tag-304-stainless-steel-precision-castings","9":"product_tag-egr-stainless-steel-castings","10":"product_tag-investment-casting","11":"product_tag-precision-casting","12":"product_tag-precision-casting-factory","13":"product_tag-stainless-steel-castings","15":"first","16":"instock","17":"shipping-taxable","18":"product-type-simple"},"_links":{"self":[{"href":"https:\/\/www.thecasting-factory.com\/de\/wp-json\/wp\/v2\/product\/70","targetHints":{"allow":["GET"]}}],"collection":[{"href":"https:\/\/www.thecasting-factory.com\/de\/wp-json\/wp\/v2\/product"}],"about":[{"href":"https:\/\/www.thecasting-factory.com\/de\/wp-json\/wp\/v2\/types\/product"}],"version-history":[{"count":0,"href":"https:\/\/www.thecasting-factory.com\/de\/wp-json\/wp\/v2\/product\/70\/revisions"}],"wp:featuredmedia":[{"embeddable":true,"href":"https:\/\/www.thecasting-factory.com\/de\/wp-json\/wp\/v2\/media\/71"}],"wp:attachment":[{"href":"https:\/\/www.thecasting-factory.com\/de\/wp-json\/wp\/v2\/media?parent=70"}],"wp:term":[{"taxonomy":"product_cat","embeddable":true,"href":"https:\/\/www.thecasting-factory.com\/de\/wp-json\/wp\/v2\/product_cat?post=70"},{"taxonomy":"product_tag","embeddable":true,"href":"https:\/\/www.thecasting-factory.com\/de\/wp-json\/wp\/v2\/product_tag?post=70"}],"curies":[{"name":"wp","href":"https:\/\/api.w.org\/{rel}","templated":true}]}}