{"id":64,"date":"2024-11-21T13:12:04","date_gmt":"2024-11-21T05:12:04","guid":{"rendered":"https:\/\/pingheng.globaldeepsea.site\/?post_type=product&#038;p=64"},"modified":"2024-11-21T13:12:04","modified_gmt":"2024-11-21T05:12:04","slug":"heat-exchanger-water-tube-stainless-steel-investment-castings-2","status":"publish","type":"product","link":"https:\/\/www.thecasting-factory.com\/de\/product\/heat-exchanger-water-tube-stainless-steel-investment-castings-2\/","title":{"rendered":"W\u00e4rmetauscher Wasserrohr - Edelstahl -Investitionsg\u00fcsse"},"content":{"rendered":"<h3><strong>Produktbeschreibung<\/strong><\/h3>\n<p>Dies ist ein Teil, der im W\u00e4rmeaustauschsystem von Nutzfahrzeugen verwendet wird. Der Name ist Wasserrohr.<br \/>\nEs besteht aus material aus rostfreiem Stahl 304, das die Vorteile von Hochtemperaturwiderstand, Korrosionswiderstand usw. hat. Es wird im Bereich der Pr\u00e4zisionsgussteile wie Automobile, Lebensmittelmaschinen, Ventilk\u00f6rper und Pumpe weit verbreitet.<\/p>\n<h3><strong>Produktmerkmale<\/strong><\/h3>\n<p>1. Thines wandte, gro\u00dfe Gr\u00f6\u00dfe und das Vorhandensein von multidirektionalem Biegen f\u00fcr die Herstellung von Wachsformen und Gie\u00dfen haben h\u00f6here Anforderungen<br \/>\n2.Das Produkt hat eine Versiegelungsanforderungen f\u00fcr Gussfehler bei der Kontrolle der hohen Anforderungen<br \/>\nWie Abbildung 2, Abbildung 3 f\u00fcr die externe Schnittstelle Abbildung 2 unter Verwendung der Verarbeitung, um sicherzustellen, dass die Gr\u00f6\u00dfe der harten Verbindung sichergestellt wird, um sicherzustellen, dass das Siegel sicherstellt; Abbildung 3 mit dem Ende des Gummi -Rohrs verbunden, so die Gr\u00f6\u00dfe der relativ niedrigen Anforderungen<br \/>\nAbbildung 4, so dass das Ende der Verbindungsoberfl\u00e4che nicht verarbeitet wird. Daher verwenden wir die Formung, um sicherzustellen, dass die Produktrundheit die Leistungsanforderungen entspricht.<br \/>\nDieses Produkt ist ein ausgereiftes Produkt unseres Unternehmens und wird seit vielen Jahren in gro\u00dfen Mengen geliefert. Bisher betr\u00e4gt die j\u00e4hrliche Menge etwa 20.000 St\u00fcck.<br \/>\nUnser Unternehmen verf\u00fcgt \u00fcber ein starkes technisches Entwicklungsteam mit der F\u00e4higkeit, eine Vielzahl von geformten Teilen im Bereich des Pr\u00e4zisions-Casting zu entwickeln, um Kunden effiziente, qualitativ hochwertige Produkte und Dienstleistungen zu bieten, war schon immer unsere Philosophie.<\/p>\n<p><img fetchpriority=\"high\" decoding=\"async\" class=\"alignnone wp-image-66\" src=\"https:\/\/pingheng.globaldeepsea.site\/wp-content\/uploads\/2024\/11\/Heat-Exchanger-Water-Tube-Stainless-Steel-Investment-Castings1-1-300x300.webp\" alt=\"\" width=\"225\" height=\"225\" srcset=\"https:\/\/www.thecasting-factory.com\/wp-content\/uploads\/2024\/11\/Heat-Exchanger-Water-Tube-Stainless-Steel-Investment-Castings1-1-300x300.webp 300w, https:\/\/www.thecasting-factory.com\/wp-content\/uploads\/2024\/11\/Heat-Exchanger-Water-Tube-Stainless-Steel-Investment-Castings1-1-150x150.webp 150w, https:\/\/www.thecasting-factory.com\/wp-content\/uploads\/2024\/11\/Heat-Exchanger-Water-Tube-Stainless-Steel-Investment-Castings1-1-768x768.webp 768w, https:\/\/www.thecasting-factory.com\/wp-content\/uploads\/2024\/11\/Heat-Exchanger-Water-Tube-Stainless-Steel-Investment-Castings1-1-600x600.webp 600w, https:\/\/www.thecasting-factory.com\/wp-content\/uploads\/2024\/11\/Heat-Exchanger-Water-Tube-Stainless-Steel-Investment-Castings1-1-100x100.webp 100w, https:\/\/www.thecasting-factory.com\/wp-content\/uploads\/2024\/11\/Heat-Exchanger-Water-Tube-Stainless-Steel-Investment-Castings1-1.webp 1000w\" sizes=\"(max-width: 225px) 100vw, 225px\" \/><img decoding=\"async\" class=\"alignnone wp-image-67\" src=\"https:\/\/pingheng.globaldeepsea.site\/wp-content\/uploads\/2024\/11\/Water-Tube-Stainless-Steel-Investment-Castings-300x300.webp\" alt=\"\" width=\"225\" height=\"225\" srcset=\"https:\/\/www.thecasting-factory.com\/wp-content\/uploads\/2024\/11\/Water-Tube-Stainless-Steel-Investment-Castings-300x300.webp 300w, https:\/\/www.thecasting-factory.com\/wp-content\/uploads\/2024\/11\/Water-Tube-Stainless-Steel-Investment-Castings-150x150.webp 150w, https:\/\/www.thecasting-factory.com\/wp-content\/uploads\/2024\/11\/Water-Tube-Stainless-Steel-Investment-Castings-768x768.webp 768w, https:\/\/www.thecasting-factory.com\/wp-content\/uploads\/2024\/11\/Water-Tube-Stainless-Steel-Investment-Castings-600x600.webp 600w, https:\/\/www.thecasting-factory.com\/wp-content\/uploads\/2024\/11\/Water-Tube-Stainless-Steel-Investment-Castings-100x100.webp 100w, https:\/\/www.thecasting-factory.com\/wp-content\/uploads\/2024\/11\/Water-Tube-Stainless-Steel-Investment-Castings.webp 1000w\" sizes=\"(max-width: 225px) 100vw, 225px\" \/><img decoding=\"async\" class=\"alignnone wp-image-68\" src=\"https:\/\/pingheng.globaldeepsea.site\/wp-content\/uploads\/2024\/11\/Stainless-Steel-Investment-Castings-300x300.webp\" alt=\"\" width=\"225\" height=\"225\" srcset=\"https:\/\/www.thecasting-factory.com\/wp-content\/uploads\/2024\/11\/Stainless-Steel-Investment-Castings-300x300.webp 300w, https:\/\/www.thecasting-factory.com\/wp-content\/uploads\/2024\/11\/Stainless-Steel-Investment-Castings-150x150.webp 150w, https:\/\/www.thecasting-factory.com\/wp-content\/uploads\/2024\/11\/Stainless-Steel-Investment-Castings-768x768.webp 768w, https:\/\/www.thecasting-factory.com\/wp-content\/uploads\/2024\/11\/Stainless-Steel-Investment-Castings-600x600.webp 600w, https:\/\/www.thecasting-factory.com\/wp-content\/uploads\/2024\/11\/Stainless-Steel-Investment-Castings-100x100.webp 100w, https:\/\/www.thecasting-factory.com\/wp-content\/uploads\/2024\/11\/Stainless-Steel-Investment-Castings.webp 1000w\" sizes=\"(max-width: 225px) 100vw, 225px\" \/><img loading=\"lazy\" decoding=\"async\" class=\"alignnone wp-image-69\" src=\"https:\/\/pingheng.globaldeepsea.site\/wp-content\/uploads\/2024\/11\/Investment-Castings-300x300.webp\" alt=\"\" width=\"200\" height=\"200\" srcset=\"https:\/\/www.thecasting-factory.com\/wp-content\/uploads\/2024\/11\/Investment-Castings-300x300.webp 300w, https:\/\/www.thecasting-factory.com\/wp-content\/uploads\/2024\/11\/Investment-Castings-150x150.webp 150w, https:\/\/www.thecasting-factory.com\/wp-content\/uploads\/2024\/11\/Investment-Castings-768x768.webp 768w, https:\/\/www.thecasting-factory.com\/wp-content\/uploads\/2024\/11\/Investment-Castings-600x600.webp 600w, https:\/\/www.thecasting-factory.com\/wp-content\/uploads\/2024\/11\/Investment-Castings-100x100.webp 100w, https:\/\/www.thecasting-factory.com\/wp-content\/uploads\/2024\/11\/Investment-Castings.webp 1000w\" sizes=\"(max-width: 200px) 100vw, 200px\" \/><\/p>","protected":false},"excerpt":{"rendered":"<p>Dies ist ein Teil, der im W\u00e4rmeaustauschsystem von Nutzfahrzeugen verwendet wird.<\/p>\n<p><strong>Die Spezifikation des Teils lautet LXWXH:<\/strong>262 mmx60 mmx164 mm, Wandst\u00e4rke: 2,5 mm, Gewicht: 1,3 kg.<\/p>\n<p><strong>Material:<\/strong>Edelstahl 304.<\/p>\n<p><strong>Produkttestanforderungen:<\/strong> Luftdichtungstest, 500 kPa Druckluft, 2 Minuten lang Druck, ohne Leckage.<\/p>","protected":false},"featured_media":65,"template":"","meta":[],"product_cat":[17],"product_tag":[53,48,28,27,55,50,51],"class_list":{"0":"post-64","1":"product","2":"type-product","3":"status-publish","4":"has-post-thumbnail","6":"product_cat-stainless-steel","7":"product_tag-304-stainless-steel-investment-castings","8":"product_tag-304-stainless-steel-precision-castings","9":"product_tag-investment-casting","10":"product_tag-precision-casting","11":"product_tag-precision-casting-factory","12":"product_tag-stainless-steel-castings","13":"product_tag-stainless-steel-precision-castings-for-water-pipes","15":"first","16":"instock","17":"shipping-taxable","18":"product-type-simple"},"_links":{"self":[{"href":"https:\/\/www.thecasting-factory.com\/de\/wp-json\/wp\/v2\/product\/64","targetHints":{"allow":["GET"]}}],"collection":[{"href":"https:\/\/www.thecasting-factory.com\/de\/wp-json\/wp\/v2\/product"}],"about":[{"href":"https:\/\/www.thecasting-factory.com\/de\/wp-json\/wp\/v2\/types\/product"}],"version-history":[{"count":0,"href":"https:\/\/www.thecasting-factory.com\/de\/wp-json\/wp\/v2\/product\/64\/revisions"}],"wp:featuredmedia":[{"embeddable":true,"href":"https:\/\/www.thecasting-factory.com\/de\/wp-json\/wp\/v2\/media\/65"}],"wp:attachment":[{"href":"https:\/\/www.thecasting-factory.com\/de\/wp-json\/wp\/v2\/media?parent=64"}],"wp:term":[{"taxonomy":"product_cat","embeddable":true,"href":"https:\/\/www.thecasting-factory.com\/de\/wp-json\/wp\/v2\/product_cat?post=64"},{"taxonomy":"product_tag","embeddable":true,"href":"https:\/\/www.thecasting-factory.com\/de\/wp-json\/wp\/v2\/product_tag?post=64"}],"curies":[{"name":"wp","href":"https:\/\/api.w.org\/{rel}","templated":true}]}}