{"id":53,"date":"2024-11-21T12:15:00","date_gmt":"2024-11-21T04:15:00","guid":{"rendered":"https:\/\/pingheng.globaldeepsea.site\/?post_type=product&#038;p=53"},"modified":"2024-11-21T13:06:11","modified_gmt":"2024-11-21T05:06:11","slug":"welding-equipment-stainless-steel-precision-casting","status":"publish","type":"product","link":"https:\/\/www.thecasting-factory.com\/de\/product\/welding-equipment-stainless-steel-precision-casting\/","title":{"rendered":"Schwei\u00dfger\u00e4te-rostfreies Stahl-Pr\u00e4zisionsguss"},"content":{"rendered":"<h3><strong>Produktbeschreibung<\/strong><\/h3>\n<p>Dies ist eine feste Werkzeuge f\u00fcr das Produktschwei\u00dfen, der Name wird als Druckplattenbaugruppe bezeichnet. Sie wird durch die H\u00fclse und die Druckplatte durch Schwei\u00dfen gebildet.<br \/>\nDas Material \u00fcbernimmt Edelstahl 304 und hat die Vorteile von Hochtemperaturwiderstand, Korrosionswiderstand usw. Es wird im Bereich der Pr\u00e4zisionsgussteile wie Automobile, Lebensmittelmaschinen, Ventilk\u00f6rper und Pumpe weit verbreitet.<br \/>\nDie Rolle der Druckplatte: 1, verwendet, um das zu verschwei\u00dfte Produkt zu fixieren, um zu verhindern, dass sich die Position der Teile bewegt und die Schwei\u00dfqualit\u00e4t 2 \u00fcber die Synergie der oberen und unteren Druckplatte beeinflusst, um die Gesamth\u00f6he des Produkts zu steuern, damit die Gesamth\u00f6he der hohen Konsistenzanforderungen flach sein muss.<\/p>\n<h3><strong>Produktmerkmale<\/strong><\/h3>\n<p>Abbildung 1, Abbildung 2 ist die beiden Verarbeitungsfl\u00e4che der Druckplatte; Zeichnungen erfordern die Ebene der Druckplatte Flachheit von 0,1 mm, w\u00e4hrend der Blank die Gr\u00f6\u00dfenanforderungen nicht erf\u00fcllen kann, m\u00fcssen durch die Verarbeitung erfolgen, um sicherzustellen.<br \/>\nAbbildung 3 ist die Inspektion vor der Lagerung. Wir testen die Flachheit des Werkst\u00fccks \u00fcber den Stecker Lineal, die qualifizierte Freisetzung, die unqualifizierte Isolation;<br \/>\nUnser Unternehmen produziert nicht nur Teile, sondern auch nach Kundennachfrage durch die Pr\u00e4zisionsgussproduktion verschiedener Arten von Werkzeugen und kann ein gewisses Ma\u00df an Montagediensten erm\u00f6glichen.<br \/>\nDas Werkzeug f\u00fcr die ausgereiften Produkte meines Unternehmens wird seit vielen Jahren geliefert, die j\u00e4hrliche Lieferung von etwa 10.000 S\u00e4tzen.<br \/>\nUnser Unternehmen verf\u00fcgt \u00fcber ein starkes technisches Entwicklungsteam mit der M\u00f6glichkeit, eine Vielzahl von geformten Teilen im Bereich des Pr\u00e4zisions -Castings zu entwickeln und integrierte Dienste von Casting bis zu Bearbeitung zu erbringen. Streben nach Exzellenz, um Kunden effiziente, qualitativ hochwertige Produkte und Dienstleistungen zu bieten, war immer unsere Einhaltung des Konzepts.<\/p>\n<h3><strong>Produktanzeigen<\/strong><\/h3>\n<p><img fetchpriority=\"high\" decoding=\"async\" class=\"alignnone wp-image-59\" src=\"https:\/\/pingheng.globaldeepsea.site\/wp-content\/uploads\/2024\/11\/Welding-equipment-Stainless-steel-precision-casting-300x300.jpg\" alt=\"\" width=\"225\" height=\"225\" srcset=\"https:\/\/www.thecasting-factory.com\/wp-content\/uploads\/2024\/11\/Welding-equipment-Stainless-steel-precision-casting-300x300.jpg 300w, https:\/\/www.thecasting-factory.com\/wp-content\/uploads\/2024\/11\/Welding-equipment-Stainless-steel-precision-casting-150x150.jpg 150w, https:\/\/www.thecasting-factory.com\/wp-content\/uploads\/2024\/11\/Welding-equipment-Stainless-steel-precision-casting-768x768.jpg 768w, https:\/\/www.thecasting-factory.com\/wp-content\/uploads\/2024\/11\/Welding-equipment-Stainless-steel-precision-casting-600x600.jpg 600w, https:\/\/www.thecasting-factory.com\/wp-content\/uploads\/2024\/11\/Welding-equipment-Stainless-steel-precision-casting-100x100.jpg 100w, https:\/\/www.thecasting-factory.com\/wp-content\/uploads\/2024\/11\/Welding-equipment-Stainless-steel-precision-casting.jpg 800w\" sizes=\"(max-width: 225px) 100vw, 225px\" \/><img decoding=\"async\" class=\"alignnone wp-image-60\" src=\"https:\/\/pingheng.globaldeepsea.site\/wp-content\/uploads\/2024\/11\/equipment-Stainless-steel-precision-casting-300x300.jpg\" alt=\"\" width=\"225\" height=\"225\" srcset=\"https:\/\/www.thecasting-factory.com\/wp-content\/uploads\/2024\/11\/equipment-Stainless-steel-precision-casting-300x300.jpg 300w, https:\/\/www.thecasting-factory.com\/wp-content\/uploads\/2024\/11\/equipment-Stainless-steel-precision-casting-150x150.jpg 150w, https:\/\/www.thecasting-factory.com\/wp-content\/uploads\/2024\/11\/equipment-Stainless-steel-precision-casting-768x768.jpg 768w, https:\/\/www.thecasting-factory.com\/wp-content\/uploads\/2024\/11\/equipment-Stainless-steel-precision-casting-600x600.jpg 600w, https:\/\/www.thecasting-factory.com\/wp-content\/uploads\/2024\/11\/equipment-Stainless-steel-precision-casting-100x100.jpg 100w, https:\/\/www.thecasting-factory.com\/wp-content\/uploads\/2024\/11\/equipment-Stainless-steel-precision-casting.jpg 800w\" sizes=\"(max-width: 225px) 100vw, 225px\" \/><img decoding=\"async\" class=\"alignnone wp-image-61\" src=\"https:\/\/pingheng.globaldeepsea.site\/wp-content\/uploads\/2024\/11\/steel-precision-casting-300x300.jpg\" alt=\"\" width=\"225\" height=\"225\" srcset=\"https:\/\/www.thecasting-factory.com\/wp-content\/uploads\/2024\/11\/steel-precision-casting-300x300.jpg 300w, https:\/\/www.thecasting-factory.com\/wp-content\/uploads\/2024\/11\/steel-precision-casting-150x150.jpg 150w, https:\/\/www.thecasting-factory.com\/wp-content\/uploads\/2024\/11\/steel-precision-casting-768x768.jpg 768w, https:\/\/www.thecasting-factory.com\/wp-content\/uploads\/2024\/11\/steel-precision-casting-600x600.jpg 600w, https:\/\/www.thecasting-factory.com\/wp-content\/uploads\/2024\/11\/steel-precision-casting-100x100.jpg 100w, https:\/\/www.thecasting-factory.com\/wp-content\/uploads\/2024\/11\/steel-precision-casting.jpg 800w\" sizes=\"(max-width: 225px) 100vw, 225px\" \/><img loading=\"lazy\" decoding=\"async\" class=\"alignnone wp-image-62\" src=\"https:\/\/pingheng.globaldeepsea.site\/wp-content\/uploads\/2024\/11\/equipment-Stainless-300x300.jpg\" alt=\"\" width=\"200\" height=\"200\" srcset=\"https:\/\/www.thecasting-factory.com\/wp-content\/uploads\/2024\/11\/equipment-Stainless-300x300.jpg 300w, https:\/\/www.thecasting-factory.com\/wp-content\/uploads\/2024\/11\/equipment-Stainless-150x150.jpg 150w, https:\/\/www.thecasting-factory.com\/wp-content\/uploads\/2024\/11\/equipment-Stainless-768x768.jpg 768w, https:\/\/www.thecasting-factory.com\/wp-content\/uploads\/2024\/11\/equipment-Stainless-600x600.jpg 600w, https:\/\/www.thecasting-factory.com\/wp-content\/uploads\/2024\/11\/equipment-Stainless-100x100.jpg 100w, https:\/\/www.thecasting-factory.com\/wp-content\/uploads\/2024\/11\/equipment-Stainless.jpg 800w\" sizes=\"(max-width: 200px) 100vw, 200px\" \/><\/p>","protected":false},"excerpt":{"rendered":"<p>Dies ist ein festes Werkzeug f\u00fcr Produktschwei\u00dfen.<\/p>\n<p><strong>Die Spezifikation des Teils lxwxh:<\/strong>188 mmx148 mmx64mm, Wandst\u00e4rke: 4 mm, Gewicht: 1,34 kg;<\/p>\n<p><strong>Material:<\/strong>aus Edelstahl 304.<\/p>","protected":false},"featured_media":54,"template":"","meta":[],"product_cat":[17],"product_tag":[47,53,48,28,27,50,52,54],"class_list":{"0":"post-53","1":"product","2":"type-product","3":"status-publish","4":"has-post-thumbnail","6":"product_cat-stainless-steel","7":"product_tag-304-stainless-steel-castings","8":"product_tag-304-stainless-steel-investment-castings","9":"product_tag-304-stainless-steel-precision-castings","10":"product_tag-investment-casting","11":"product_tag-precision-casting","12":"product_tag-stainless-steel-castings","13":"product_tag-stainless-steel-castings-for-tooling","14":"product_tag-stainless-steel-castings-for-welding-fixtures","16":"first","17":"instock","18":"shipping-taxable","19":"product-type-simple"},"_links":{"self":[{"href":"https:\/\/www.thecasting-factory.com\/de\/wp-json\/wp\/v2\/product\/53","targetHints":{"allow":["GET"]}}],"collection":[{"href":"https:\/\/www.thecasting-factory.com\/de\/wp-json\/wp\/v2\/product"}],"about":[{"href":"https:\/\/www.thecasting-factory.com\/de\/wp-json\/wp\/v2\/types\/product"}],"version-history":[{"count":1,"href":"https:\/\/www.thecasting-factory.com\/de\/wp-json\/wp\/v2\/product\/53\/revisions"}],"predecessor-version":[{"id":63,"href":"https:\/\/www.thecasting-factory.com\/de\/wp-json\/wp\/v2\/product\/53\/revisions\/63"}],"wp:featuredmedia":[{"embeddable":true,"href":"https:\/\/www.thecasting-factory.com\/de\/wp-json\/wp\/v2\/media\/54"}],"wp:attachment":[{"href":"https:\/\/www.thecasting-factory.com\/de\/wp-json\/wp\/v2\/media?parent=53"}],"wp:term":[{"taxonomy":"product_cat","embeddable":true,"href":"https:\/\/www.thecasting-factory.com\/de\/wp-json\/wp\/v2\/product_cat?post=53"},{"taxonomy":"product_tag","embeddable":true,"href":"https:\/\/www.thecasting-factory.com\/de\/wp-json\/wp\/v2\/product_tag?post=53"}],"curies":[{"name":"wp","href":"https:\/\/api.w.org\/{rel}","templated":true}]}}